{"id":2364,"date":"2025-04-06T03:57:50","date_gmt":"2025-04-06T03:57:50","guid":{"rendered":"https:\/\/www.santai-ceramics.com\/?post_type=product&#038;p=2364"},"modified":"2025-06-07T16:10:45","modified_gmt":"2025-06-07T16:10:45","slug":"wholesale-classic-vintage-terracotta-plant-pots","status":"publish","type":"product","link":"https:\/\/www.santai-ceramics.com\/fr\/product\/wholesale-classic-vintage-terracotta-plant-pots\/","title":{"rendered":"Vente en gros de pots en terre cuite classiques et anciens, vente de pots en terre cuite en vrac"},"content":{"rendered":"<h3 class=\"wp-block-heading\">Caract\u00e9ristiques du pot en terre cuite <\/h3>\n\n\n\n<p><strong>Design classique : <\/strong>Ce pot en terre cuite perp\u00e9tue la beaut\u00e9 rustique des r\u00e9cipients traditionnels en terre cuite et reste tr\u00e8s d\u00e9coratif lorsqu'il n'est pas plant\u00e9.<\/p>\n\n\n\n<p><strong>Avantages des mat\u00e9riaux naturels :<\/strong> Fabriqu\u00e9 en terre cuite, il poss\u00e8de des pores naturels qui augmentent la perm\u00e9abilit\u00e9 \u00e0 l'air de 60% par rapport aux pots de fleurs en plastique ordinaires, et peut r\u00e9guler plus efficacement le cycle d'humidit\u00e9 du sol.<\/p>\n\n\n\n<p><strong>Adaptabilit\u00e9 \u00e0 plusieurs sc\u00e8nes : <\/strong>Ce pot \u00e0 plantes a une couleur terre cuite mate, qui peut \u00eatre int\u00e9gr\u00e9e dans l'espace minimaliste des maisons de style nordique et convient \u00e9galement tr\u00e8s bien aux cours chinoises.<\/p>\n\n\n\n<p><strong>Services OEM et ODM : <\/strong>Nous proposons des services OEM et ODM personnalis\u00e9s pour les commandes en gros, qui conviennent aux d\u00e9taillants, aux marques de jardinage ou aux fournisseurs d'h\u00f4tels et de sites pittoresques.<\/p>\n\n\n\n<h3 class=\"wp-block-heading\">Service sur mesure<\/h3>\n\n\n\n<p>Nous proposons des services OEM et ODM pour nos produits.<br>Des \u00e9chantillons peuvent \u00eatre livr\u00e9s rapidement.<br>Nous offrons une vari\u00e9t\u00e9 de formes, de couleurs, d'impressions personnalis\u00e9es, d'emballages et d'autres services sur mesure pour r\u00e9pondre \u00e0 vos besoins sp\u00e9cifiques.<br><a href=\"https:\/\/www.santai-ceramics.com\/fr\/custom\/\" data-type=\"page\" data-id=\"13\" target=\"_blank\" rel=\"noreferrer noopener\"><strong><b>En savoir plus sur la personnalisation<\/b> pots de fleurs d\u00e9tail.<\/strong><\/a><\/p>\n\n\n\n<div class=\"wp-block-columns is-layout-flex wp-container-core-columns-is-layout-9d6595d7 wp-block-columns-is-layout-flex\">\n<div class=\"wp-block-column is-layout-flow wp-block-column-is-layout-flow\">\n<figure class=\"wp-block-image size-full\"><img decoding=\"async\" width=\"1500\" height=\"1249\" src=\"https:\/\/www.santai-ceramics.com\/wp-content\/uploads\/2025\/04\/Wholesale-Terracotta-Plant-Pots-4.webp\" alt=\"Pots en terre cuite en gros (4)\" class=\"wp-image-2385\" srcset=\"https:\/\/www.santai-ceramics.com\/wp-content\/uploads\/2025\/04\/Wholesale-Terracotta-Plant-Pots-4.webp 1500w, https:\/\/www.santai-ceramics.com\/wp-content\/uploads\/2025\/04\/Wholesale-Terracotta-Plant-Pots-4-300x250.webp 300w, https:\/\/www.santai-ceramics.com\/wp-content\/uploads\/2025\/04\/Wholesale-Terracotta-Plant-Pots-4-768x639.webp 768w, https:\/\/www.santai-ceramics.com\/wp-content\/uploads\/2025\/04\/Wholesale-Terracotta-Plant-Pots-4-14x12.webp 14w, https:\/\/www.santai-ceramics.com\/wp-content\/uploads\/2025\/04\/Wholesale-Terracotta-Plant-Pots-4-1200x999.webp 1200w, https:\/\/www.santai-ceramics.com\/wp-content\/uploads\/2025\/04\/Wholesale-Terracotta-Plant-Pots-4-600x500.webp 600w\" sizes=\"(max-width: 1500px) 100vw, 1500px\" \/><\/figure>\n<\/div>\n\n\n\n<div class=\"wp-block-column is-layout-flow wp-block-column-is-layout-flow\">\n<figure class=\"wp-block-image size-full\"><img decoding=\"async\" width=\"1500\" height=\"1250\" src=\"https:\/\/www.santai-ceramics.com\/wp-content\/uploads\/2025\/04\/Wholesale-Terracotta-Plant-Pots-5.webp\" alt=\"Pots en terre cuite en gros (5)\" class=\"wp-image-2386\" srcset=\"https:\/\/www.santai-ceramics.com\/wp-content\/uploads\/2025\/04\/Wholesale-Terracotta-Plant-Pots-5.webp 1500w, https:\/\/www.santai-ceramics.com\/wp-content\/uploads\/2025\/04\/Wholesale-Terracotta-Plant-Pots-5-300x250.webp 300w, https:\/\/www.santai-ceramics.com\/wp-content\/uploads\/2025\/04\/Wholesale-Terracotta-Plant-Pots-5-768x640.webp 768w, https:\/\/www.santai-ceramics.com\/wp-content\/uploads\/2025\/04\/Wholesale-Terracotta-Plant-Pots-5-14x12.webp 14w, https:\/\/www.santai-ceramics.com\/wp-content\/uploads\/2025\/04\/Wholesale-Terracotta-Plant-Pots-5-1200x1000.webp 1200w, https:\/\/www.santai-ceramics.com\/wp-content\/uploads\/2025\/04\/Wholesale-Terracotta-Plant-Pots-5-600x500.webp 600w\" sizes=\"(max-width: 1500px) 100vw, 1500px\" \/><\/figure>\n<\/div>\n<\/div>\n\n\n\n<div class=\"wp-block-columns is-layout-flex wp-container-core-columns-is-layout-9d6595d7 wp-block-columns-is-layout-flex\">\n<div class=\"wp-block-column is-layout-flow wp-block-column-is-layout-flow\"><\/div>\n\n\n\n<div class=\"wp-block-column is-layout-flow wp-block-column-is-layout-flow\"><\/div>\n<\/div>","protected":false},"excerpt":{"rendered":"<p data-pm-slice=\"0 0 []\">Les pots \u00e0 plantes en terre cuite sont fabriqu\u00e9s en argile rouge de premi\u00e8re qualit\u00e9, avec une excellente respirabilit\u00e9. La finition classique en terre cuite mate s'int\u00e8gre parfaitement \u00e0 une vari\u00e9t\u00e9 de styles d'int\u00e9rieur. Nous proposons des services OEM et ODM. N'h\u00e9sitez pas \u00e0 nous contacter pour obtenir un devis.<\/p>\n<h2>Sp\u00e9cification des pots en terre cuite Classic Vintage<\/h2>\n<table width=\"855\">\n<tbody>\n<tr>\n<td width=\"285\">Num\u00e9ro de mod\u00e8le<\/td>\n<td width=\"285\">G37592-H912-A01<\/td>\n<td width=\"285\">G37592-H912-A02<\/td>\n<\/tr>\n<tr>\n<td>Nom du produit<\/td>\n<td>Pot de fleurs en terre cuite<\/td>\n<td>Pot de fleurs en terre cuite<\/td>\n<\/tr>\n<tr>\n<td>Couleur<\/td>\n<td>Marron antique et argent<\/td>\n<td>Marron antique et argent<\/td>\n<\/tr>\n<tr>\n<td>Mat\u00e9riau<\/td>\n<td>Terre cuite\u00a0<\/td>\n<td>Terre cuite\u00a0<\/td>\n<\/tr>\n<tr>\n<td>Sc\u00e9narios d'utilisation<\/td>\n<td>D\u00e9coration int\u00e9rieure et jardin<\/td>\n<td>D\u00e9coration int\u00e9rieure et jardin<\/td>\n<\/tr>\n<tr>\n<td>Dimensions<\/td>\n<td>D:21X21cm<\/td>\n<td>D:15.5X15.5cm<\/td>\n<\/tr>\n<tr>\n<td>Poids<\/td>\n<td>2.5kg\/pc<\/td>\n<td>1,4kg\/pc<\/td>\n<\/tr>\n<\/tbody>\n<\/table>","protected":false},"featured_media":2382,"comment_status":"closed","ping_status":"closed","template":"","meta":{"_acf_changed":false},"product_brand":[],"product_cat":[21,42,18,23],"product_tag":[],"class_list":{"0":"post-2364","1":"product","2":"type-product","3":"status-publish","4":"has-post-thumbnail","6":"product_cat-garden-decor","7":"product_cat-wholesale-ceramic-plant-pots","8":"product_cat-home-decor","9":"product_cat-ceramic-pots-planters","11":"first","12":"instock","13":"shipping-taxable","14":"product-type-simple"},"acf":[],"_links":{"self":[{"href":"https:\/\/www.santai-ceramics.com\/fr\/wp-json\/wp\/v2\/product\/2364","targetHints":{"allow":["GET"]}}],"collection":[{"href":"https:\/\/www.santai-ceramics.com\/fr\/wp-json\/wp\/v2\/product"}],"about":[{"href":"https:\/\/www.santai-ceramics.com\/fr\/wp-json\/wp\/v2\/types\/product"}],"replies":[{"embeddable":true,"href":"https:\/\/www.santai-ceramics.com\/fr\/wp-json\/wp\/v2\/comments?post=2364"}],"wp:featuredmedia":[{"embeddable":true,"href":"https:\/\/www.santai-ceramics.com\/fr\/wp-json\/wp\/v2\/media\/2382"}],"wp:attachment":[{"href":"https:\/\/www.santai-ceramics.com\/fr\/wp-json\/wp\/v2\/media?parent=2364"}],"wp:term":[{"taxonomy":"product_brand","embeddable":true,"href":"https:\/\/www.santai-ceramics.com\/fr\/wp-json\/wp\/v2\/product_brand?post=2364"},{"taxonomy":"product_cat","embeddable":true,"href":"https:\/\/www.santai-ceramics.com\/fr\/wp-json\/wp\/v2\/product_cat?post=2364"},{"taxonomy":"product_tag","embeddable":true,"href":"https:\/\/www.santai-ceramics.com\/fr\/wp-json\/wp\/v2\/product_tag?post=2364"}],"curies":[{"name":"wp","href":"https:\/\/api.w.org\/{rel}","templated":true}]}}