{"id":2449,"date":"2025-04-15T03:57:43","date_gmt":"2025-04-15T03:57:43","guid":{"rendered":"https:\/\/www.santai-ceramics.com\/?post_type=product&#038;p=2449"},"modified":"2025-06-07T16:04:55","modified_gmt":"2025-06-07T16:04:55","slug":"wholesale-vintage-flower-pot-for-succulents","status":"publish","type":"product","link":"https:\/\/www.santai-ceramics.com\/fr\/product\/wholesale-vintage-flower-pot-for-succulents\/","title":{"rendered":"Wholesale Vintage Flower Pot for Succulents, Rustic Handmade Clay Planter"},"content":{"rendered":"<h3 class=\"wp-block-heading\">Features of\u00a0Vintage Flower Pot for Succulents<\/h3>\n\n\n\n<p><strong>Ideal for Succulents: <\/strong>Perfectly sized for small plants like succulents and cacti.<\/p>\n\n\n\n<p><strong>Rustic &amp; Vintage Design: <\/strong>With its classic appearance and natural hues, the Vintage Flower Pot creates a reminiscent, country ambience that&#8217;s easy to fit into any outdoor or indoor environment.<\/p>\n\n\n\n<p><strong>Great for Home &amp; Garden Decor: <\/strong>A beautiful decorative piece for windowsills, tabletops, balconies, patios, and garden shelves.<\/p>\n\n\n\n<p><strong>Bulk Purchases with Customization: <\/strong>SANTAI offers a wide variety of shapes, colors, and finishes to B2B customers &#8211; a perfect choice for garden shops, gift stores, and home interior stores.<\/p>\n\n\n\n<h3 class=\"wp-block-heading\">Custom flower pot Service<\/h3>\n\n\n\n<p>Nous proposons des services OEM et ODM pour nos produits.<br>Des \u00e9chantillons peuvent \u00eatre livr\u00e9s rapidement.<br>Nous offrons une vari\u00e9t\u00e9 de formes, de couleurs, d'impressions personnalis\u00e9es, d'emballages et d'autres services sur mesure pour r\u00e9pondre \u00e0 vos besoins sp\u00e9cifiques.<br><a href=\"https:\/\/www.santai-ceramics.com\/fr\/custom\/\" data-type=\"page\" data-id=\"13\" target=\"_blank\" rel=\"noreferrer noopener\"><strong><b>En savoir plus sur <a href=\"https:\/\/www.santai-ceramics.com\/fr\/custom\/\" data-type=\"page\" data-id=\"13\" target=\"_blank\" rel=\"noreferrer noopener\"><strong><b>the custom<\/b>ized flower pot <a href=\"https:\/\/www.santai-ceramics.com\/fr\/custom\/\" data-type=\"page\" data-id=\"13\" target=\"_blank\" rel=\"noreferrer noopener\"><\/a><strong><b><a href=\"https:\/\/www.santai-ceramics.com\/fr\/custom\/\" data-type=\"page\" data-id=\"13\" target=\"_blank\" rel=\"noreferrer noopener\"><strong>detail<\/strong><\/a><\/b>s<\/strong><\/strong><\/a><\/b><a href=\"https:\/\/www.santai-ceramics.com\/fr\/custom\/\" data-type=\"page\" data-id=\"13\" target=\"_blank\" rel=\"noreferrer noopener\"><strong>.<\/strong><\/a><\/strong><\/a><\/p>\n\n\n\n<div class=\"wp-block-columns is-layout-flex wp-container-core-columns-is-layout-9d6595d7 wp-block-columns-is-layout-flex\">\n<div class=\"wp-block-column is-layout-flow wp-block-column-is-layout-flow\">\n<figure class=\"wp-block-image size-full\"><img decoding=\"async\" width=\"1500\" height=\"1249\" src=\"https:\/\/www.santai-ceramics.com\/wp-content\/uploads\/2025\/04\/Vintage-Flower-Pot-Details1.webp\" alt=\"Vintage Flower Pot Details(1)\" class=\"wp-image-2499\" srcset=\"https:\/\/www.santai-ceramics.com\/wp-content\/uploads\/2025\/04\/Vintage-Flower-Pot-Details1.webp 1500w, https:\/\/www.santai-ceramics.com\/wp-content\/uploads\/2025\/04\/Vintage-Flower-Pot-Details1-300x250.webp 300w, https:\/\/www.santai-ceramics.com\/wp-content\/uploads\/2025\/04\/Vintage-Flower-Pot-Details1-768x639.webp 768w, https:\/\/www.santai-ceramics.com\/wp-content\/uploads\/2025\/04\/Vintage-Flower-Pot-Details1-14x12.webp 14w, https:\/\/www.santai-ceramics.com\/wp-content\/uploads\/2025\/04\/Vintage-Flower-Pot-Details1-1200x999.webp 1200w, https:\/\/www.santai-ceramics.com\/wp-content\/uploads\/2025\/04\/Vintage-Flower-Pot-Details1-600x500.webp 600w\" sizes=\"(max-width: 1500px) 100vw, 1500px\" \/><\/figure>\n<\/div>\n\n\n\n<div class=\"wp-block-column is-layout-flow wp-block-column-is-layout-flow\">\n<figure class=\"wp-block-image size-full\"><img decoding=\"async\" width=\"1500\" height=\"1250\" src=\"https:\/\/www.santai-ceramics.com\/wp-content\/uploads\/2025\/04\/Vintage-Flower-Pot-Details2.webp\" alt=\"Vintage Flower Pot Details(2)\" class=\"wp-image-2500\" srcset=\"https:\/\/www.santai-ceramics.com\/wp-content\/uploads\/2025\/04\/Vintage-Flower-Pot-Details2.webp 1500w, https:\/\/www.santai-ceramics.com\/wp-content\/uploads\/2025\/04\/Vintage-Flower-Pot-Details2-300x250.webp 300w, https:\/\/www.santai-ceramics.com\/wp-content\/uploads\/2025\/04\/Vintage-Flower-Pot-Details2-768x640.webp 768w, https:\/\/www.santai-ceramics.com\/wp-content\/uploads\/2025\/04\/Vintage-Flower-Pot-Details2-14x12.webp 14w, https:\/\/www.santai-ceramics.com\/wp-content\/uploads\/2025\/04\/Vintage-Flower-Pot-Details2-1200x1000.webp 1200w, https:\/\/www.santai-ceramics.com\/wp-content\/uploads\/2025\/04\/Vintage-Flower-Pot-Details2-600x500.webp 600w\" sizes=\"(max-width: 1500px) 100vw, 1500px\" \/><\/figure>\n<\/div>\n<\/div>\n\n\n\n<div class=\"wp-block-columns is-layout-flex wp-container-core-columns-is-layout-9d6595d7 wp-block-columns-is-layout-flex\">\n<div class=\"wp-block-column is-layout-flow wp-block-column-is-layout-flow\"><\/div>\n\n\n\n<div class=\"wp-block-column is-layout-flow wp-block-column-is-layout-flow\"><\/div>\n<\/div>","protected":false},"excerpt":{"rendered":"<p data-pm-slice=\"0 0 []\">Pot de fleurs vintage en gros pour succulentes, chaque pot de fleurs est fait \u00e0 la main \u00e0 partir d'argile naturelle avec une finition vintage unique. Un excellent ajout \u00e0 votre magasin de d\u00e9coration d'int\u00e9rieur ou \u00e0 votre boutique de cadeaux. La personnalisation est possible pour les commandes en gros, n'h\u00e9sitez pas \u00e0 nous contacter.<\/p>\n<h2>Sp\u00e9cification du pot de fleurs vintage pour succulentes<\/h2>\n<table width=\"855\">\n<tbody>\n<tr>\n<td width=\"285\">Num\u00e9ro de mod\u00e8le<\/td>\n<td width=\"285\">G37584-H889-A01<\/td>\n<td width=\"285\">G37584-H889-A02<\/td>\n<\/tr>\n<tr>\n<td>Nom du produit<\/td>\n<td>Pot de fleurs en terre cuite<\/td>\n<td>Pot de fleurs en terre cuite<\/td>\n<\/tr>\n<tr>\n<td>Couleur<\/td>\n<td>Vert antique<\/td>\n<td>Vert antique<\/td>\n<\/tr>\n<tr>\n<td>Mat\u00e9riau<\/td>\n<td>Terre cuite<\/td>\n<td>Terre cuite<\/td>\n<\/tr>\n<tr>\n<td>Sc\u00e9narios d'utilisation<\/td>\n<td>d\u00e9coration int\u00e9rieure et jardin<\/td>\n<td>d\u00e9coration int\u00e9rieure et jardin<\/td>\n<\/tr>\n<tr>\n<td>Dimensions<\/td>\n<td>D:26.5X14.5cm<\/td>\n<td>D:21X11cm<\/td>\n<\/tr>\n<tr>\n<td>Poids<\/td>\n<td>2,7kg\/pc<\/td>\n<td>1.5kg\/pc<\/td>\n<\/tr>\n<\/tbody>\n<\/table>","protected":false},"featured_media":2501,"comment_status":"closed","ping_status":"closed","template":"","meta":{"_acf_changed":false},"product_brand":[],"product_cat":[18,42,21,23],"product_tag":[],"class_list":{"0":"post-2449","1":"product","2":"type-product","3":"status-publish","4":"has-post-thumbnail","6":"product_cat-home-decor","7":"product_cat-wholesale-ceramic-plant-pots","8":"product_cat-garden-decor","9":"product_cat-ceramic-pots-planters","11":"first","12":"instock","13":"shipping-taxable","14":"product-type-simple"},"acf":[],"_links":{"self":[{"href":"https:\/\/www.santai-ceramics.com\/fr\/wp-json\/wp\/v2\/product\/2449","targetHints":{"allow":["GET"]}}],"collection":[{"href":"https:\/\/www.santai-ceramics.com\/fr\/wp-json\/wp\/v2\/product"}],"about":[{"href":"https:\/\/www.santai-ceramics.com\/fr\/wp-json\/wp\/v2\/types\/product"}],"replies":[{"embeddable":true,"href":"https:\/\/www.santai-ceramics.com\/fr\/wp-json\/wp\/v2\/comments?post=2449"}],"wp:featuredmedia":[{"embeddable":true,"href":"https:\/\/www.santai-ceramics.com\/fr\/wp-json\/wp\/v2\/media\/2501"}],"wp:attachment":[{"href":"https:\/\/www.santai-ceramics.com\/fr\/wp-json\/wp\/v2\/media?parent=2449"}],"wp:term":[{"taxonomy":"product_brand","embeddable":true,"href":"https:\/\/www.santai-ceramics.com\/fr\/wp-json\/wp\/v2\/product_brand?post=2449"},{"taxonomy":"product_cat","embeddable":true,"href":"https:\/\/www.santai-ceramics.com\/fr\/wp-json\/wp\/v2\/product_cat?post=2449"},{"taxonomy":"product_tag","embeddable":true,"href":"https:\/\/www.santai-ceramics.com\/fr\/wp-json\/wp\/v2\/product_tag?post=2449"}],"curies":[{"name":"wp","href":"https:\/\/api.w.org\/{rel}","templated":true}]}}