{"id":2450,"date":"2025-04-15T03:18:31","date_gmt":"2025-04-15T03:18:31","guid":{"rendered":"https:\/\/www.santai-ceramics.com\/?post_type=product&#038;p=2450"},"modified":"2025-06-07T16:05:18","modified_gmt":"2025-06-07T16:05:18","slug":"wholesale-rustic-terracotta-vintage-plant-pot","status":"publish","type":"product","link":"https:\/\/www.santai-ceramics.com\/fr\/product\/wholesale-rustic-terracotta-vintage-plant-pot\/","title":{"rendered":"Wholesale Terracotta Vintage Plant Pot - Rustic Handmade Clay Flower Planter for Indoor &amp; Outdoor Garden D\u00e9cor"},"content":{"rendered":"<h3 class=\"wp-block-heading\">Caract\u00e9ristiques du pot \u00e0 plantes vintage en terre cuite<\/h3>\n\n\n\n<p><strong>Look vintage :<\/strong> La finition antique r\u00e9alis\u00e9e \u00e0 la main et les tons terreux la rendent plus belle et rehaussent la d\u00e9coration de votre maison ou de votre jardin.<\/p>\n\n\n\n<p><strong>Terre cuite de haute qualit\u00e9 Mat\u00e9riau :<\/strong> Le pot de fleurs vintage est fabriqu\u00e9 en terre cuite naturelle, ce qui permet aux racines des plantes de bien respirer.<\/p>\n\n\n\n<p><strong>Polyvalence \u00e0 l'int\u00e9rieur et \u00e0 l'ext\u00e9rieur :<\/strong>Le pot de fleurs vintage en gros est \u00e0 la fois beau et pratique. Il peut \u00eatre utilis\u00e9 pour faire pousser des plantes ou comme d\u00e9coration autonome, convenant aux jardins, balcons, terrasses, salons ou espaces de bureau.<\/p>\n\n\n\n<p><strong>Convient pour le commerce de gros et de d\u00e9tail :<\/strong>SANTAI propose des services de vente en gros de pots de fleurs, adapt\u00e9s aux jardineries, aux magasins de d\u00e9coration d'int\u00e9rieur ou aux paysagistes.<\/p>\n\n\n\n<h3 class=\"wp-block-heading\">Service de pots de fleurs personnalis\u00e9s<\/h3>\n\n\n\n<p>Nous proposons des services OEM et ODM pour nos produits.<br>Des \u00e9chantillons peuvent \u00eatre livr\u00e9s rapidement.<br>Nous offrons une vari\u00e9t\u00e9 de formes, de couleurs, d'impressions personnalis\u00e9es, d'emballages et d'autres services sur mesure pour r\u00e9pondre \u00e0 vos besoins sp\u00e9cifiques.<br><a href=\"https:\/\/www.santai-ceramics.com\/fr\/custom\/\" data-type=\"page\" data-id=\"13\" target=\"_blank\" rel=\"noreferrer noopener\"><strong><b>En savoir plus sur <a href=\"https:\/\/www.santai-ceramics.com\/fr\/custom\/\" data-type=\"page\" data-id=\"13\" target=\"_blank\" rel=\"noreferrer noopener\"><strong><b>sur mesure<\/b>D\u00e9tail d'un pot de fleurs en bois.<\/strong><\/a><\/b><\/strong><\/a><\/p>\n\n\n\n<div class=\"wp-block-columns is-layout-flex wp-container-core-columns-is-layout-9d6595d7 wp-block-columns-is-layout-flex\">\n<div class=\"wp-block-column is-layout-flow wp-block-column-is-layout-flow\">\n<figure class=\"wp-block-image size-full\"><img decoding=\"async\" width=\"1500\" height=\"1250\" src=\"https:\/\/www.santai-ceramics.com\/wp-content\/uploads\/2025\/04\/Terracotta-Vintage-Plant-Pot-Details-1.webp\" alt=\"Terracotta Vintage Plant Pot D\u00e9tails (1)\" class=\"wp-image-2491\" srcset=\"https:\/\/www.santai-ceramics.com\/wp-content\/uploads\/2025\/04\/Terracotta-Vintage-Plant-Pot-Details-1.webp 1500w, https:\/\/www.santai-ceramics.com\/wp-content\/uploads\/2025\/04\/Terracotta-Vintage-Plant-Pot-Details-1-300x250.webp 300w, https:\/\/www.santai-ceramics.com\/wp-content\/uploads\/2025\/04\/Terracotta-Vintage-Plant-Pot-Details-1-768x640.webp 768w, https:\/\/www.santai-ceramics.com\/wp-content\/uploads\/2025\/04\/Terracotta-Vintage-Plant-Pot-Details-1-14x12.webp 14w, https:\/\/www.santai-ceramics.com\/wp-content\/uploads\/2025\/04\/Terracotta-Vintage-Plant-Pot-Details-1-1200x1000.webp 1200w, https:\/\/www.santai-ceramics.com\/wp-content\/uploads\/2025\/04\/Terracotta-Vintage-Plant-Pot-Details-1-600x500.webp 600w\" sizes=\"(max-width: 1500px) 100vw, 1500px\" \/><\/figure>\n<\/div>\n\n\n\n<div class=\"wp-block-column is-layout-flow wp-block-column-is-layout-flow\">\n<figure class=\"wp-block-image size-full\"><img decoding=\"async\" width=\"1500\" height=\"1250\" src=\"https:\/\/www.santai-ceramics.com\/wp-content\/uploads\/2025\/04\/Terracotta-Vintage-Plant-Pot-Details-2.webp\" alt=\"Terracotta Vintage Plant Pot D\u00e9tails (2)\" class=\"wp-image-2492\" srcset=\"https:\/\/www.santai-ceramics.com\/wp-content\/uploads\/2025\/04\/Terracotta-Vintage-Plant-Pot-Details-2.webp 1500w, https:\/\/www.santai-ceramics.com\/wp-content\/uploads\/2025\/04\/Terracotta-Vintage-Plant-Pot-Details-2-300x250.webp 300w, https:\/\/www.santai-ceramics.com\/wp-content\/uploads\/2025\/04\/Terracotta-Vintage-Plant-Pot-Details-2-768x640.webp 768w, https:\/\/www.santai-ceramics.com\/wp-content\/uploads\/2025\/04\/Terracotta-Vintage-Plant-Pot-Details-2-14x12.webp 14w, https:\/\/www.santai-ceramics.com\/wp-content\/uploads\/2025\/04\/Terracotta-Vintage-Plant-Pot-Details-2-1200x1000.webp 1200w, https:\/\/www.santai-ceramics.com\/wp-content\/uploads\/2025\/04\/Terracotta-Vintage-Plant-Pot-Details-2-600x500.webp 600w\" sizes=\"(max-width: 1500px) 100vw, 1500px\" \/><\/figure>\n<\/div>\n<\/div>","protected":false},"excerpt":{"rendered":"<p data-pm-slice=\"0 0 []\">Le pot \u00e0 plantes vintage en gros en terre cuite, avec une charmante finition vintage, est fabriqu\u00e9 en terre cuite respirante, ce qui favorise la circulation de l'air et de l'humidit\u00e9. Il convient \u00e0 la d\u00e9coration int\u00e9rieure et ext\u00e9rieure et convient aux centres de jardinage, aux magasins de d\u00e9coration int\u00e9rieure, etc. Les commandes en gros sont les bienvenues.<\/p>\n<h2>Sp\u00e9cification du Pot \u00e0 plantes vintage en terre cuite<\/h2>\n<table width=\"855\">\n<tbody>\n<tr>\n<td width=\"285\">Num\u00e9ro de mod\u00e8le<\/td>\n<td width=\"285\">G37583-H889-A01<\/td>\n<td width=\"285\">G37583-H889-A02<\/td>\n<\/tr>\n<tr>\n<td>Nom du produit<\/td>\n<td>Jardini\u00e8re en terre cuite<\/td>\n<td>Jardini\u00e8re en terre cuite<\/td>\n<\/tr>\n<tr>\n<td>Couleur<\/td>\n<td>Vert antique<\/td>\n<td>Vert antique<\/td>\n<\/tr>\n<tr>\n<td>Mat\u00e9riau<\/td>\n<td>Terre cuite<\/td>\n<td>Terre cuite<\/td>\n<\/tr>\n<tr>\n<td>Sc\u00e9narios d'utilisation<\/td>\n<td>d\u00e9coration int\u00e9rieure et jardin<\/td>\n<td>d\u00e9coration int\u00e9rieure et jardin<\/td>\n<\/tr>\n<tr>\n<td>Dimensions<\/td>\n<td>D:21X37cm<\/td>\n<td>D:17.5X31cm<\/td>\n<\/tr>\n<tr>\n<td>Poids<\/td>\n<td>4.5kg\/pc<\/td>\n<td>2,9kg\/pc<\/td>\n<\/tr>\n<\/tbody>\n<\/table>","protected":false},"featured_media":2493,"comment_status":"closed","ping_status":"closed","template":"","meta":{"_acf_changed":false},"product_brand":[],"product_cat":[18,42,21,23],"product_tag":[],"class_list":{"0":"post-2450","1":"product","2":"type-product","3":"status-publish","4":"has-post-thumbnail","6":"product_cat-home-decor","7":"product_cat-wholesale-ceramic-plant-pots","8":"product_cat-garden-decor","9":"product_cat-ceramic-pots-planters","11":"first","12":"instock","13":"shipping-taxable","14":"product-type-simple"},"acf":[],"_links":{"self":[{"href":"https:\/\/www.santai-ceramics.com\/fr\/wp-json\/wp\/v2\/product\/2450","targetHints":{"allow":["GET"]}}],"collection":[{"href":"https:\/\/www.santai-ceramics.com\/fr\/wp-json\/wp\/v2\/product"}],"about":[{"href":"https:\/\/www.santai-ceramics.com\/fr\/wp-json\/wp\/v2\/types\/product"}],"replies":[{"embeddable":true,"href":"https:\/\/www.santai-ceramics.com\/fr\/wp-json\/wp\/v2\/comments?post=2450"}],"wp:featuredmedia":[{"embeddable":true,"href":"https:\/\/www.santai-ceramics.com\/fr\/wp-json\/wp\/v2\/media\/2493"}],"wp:attachment":[{"href":"https:\/\/www.santai-ceramics.com\/fr\/wp-json\/wp\/v2\/media?parent=2450"}],"wp:term":[{"taxonomy":"product_brand","embeddable":true,"href":"https:\/\/www.santai-ceramics.com\/fr\/wp-json\/wp\/v2\/product_brand?post=2450"},{"taxonomy":"product_cat","embeddable":true,"href":"https:\/\/www.santai-ceramics.com\/fr\/wp-json\/wp\/v2\/product_cat?post=2450"},{"taxonomy":"product_tag","embeddable":true,"href":"https:\/\/www.santai-ceramics.com\/fr\/wp-json\/wp\/v2\/product_tag?post=2450"}],"curies":[{"name":"wp","href":"https:\/\/api.w.org\/{rel}","templated":true}]}}