{"id":2451,"date":"2025-04-15T02:50:33","date_gmt":"2025-04-15T02:50:33","guid":{"rendered":"https:\/\/www.santai-ceramics.com\/?post_type=product&#038;p=2451"},"modified":"2025-06-12T15:38:15","modified_gmt":"2025-06-12T15:38:15","slug":"wholesale-flower-shape-vintage-candle-holder","status":"publish","type":"product","link":"https:\/\/www.santai-ceramics.com\/fr\/product\/wholesale-flower-shape-vintage-candle-holder\/","title":{"rendered":"Bougeoir en forme de fleur pour d\u00e9coration artistique"},"content":{"rendered":"<h3 class=\"wp-block-heading\">Caract\u00e9ristiques du bougeoir Vintage <\/h3>\n\n\n\n<p><strong>Design vintage \u00e9l\u00e9gant : <\/strong>Ce bougeoir vintage pr\u00e9sente de magnifiques sculptures en forme de fleur avec des d\u00e9tails vintage exquis, ce qui en fait une \u0153uvre d'art qui rehausse l'atmosph\u00e8re de l'espace.<\/p>\n\n\n\n<p><strong>Mat\u00e9riau en r\u00e9sine durable : <\/strong>Ce bougeoir vintage est fabriqu\u00e9 en r\u00e9sine de haute qualit\u00e9, qui n'est pas susceptible de se fissurer ou de s'\u00e9cailler. Il convient \u00e0 une utilisation \u00e0 long terme dans les maisons, les restaurants ou les h\u00f4tels.<\/p>\n\n\n\n<p><strong>L\u00e9ger et robuste : <\/strong>Ce mat\u00e9riau est l\u00e9ger, facile \u00e0 transporter et \u00e0 ajuster la position selon les besoins, s\u00fbr et pratique pour une utilisation quotidienne.<\/p>\n\n\n\n<p><strong>Utilisation d\u00e9corative polyvalente : <\/strong>Ce bougeoir a un large \u00e9ventail d'utilisations. Il s'int\u00e8gre parfaitement dans divers environnements, notamment les mariages, les caf\u00e9s, les restaurants, etc.<\/p>\n\n\n\n<p><strong>Amical \u00e0 la vente en gros : <\/strong>La vente en gros de bougeoirs est con\u00e7ue pour les acheteurs en gros, qui b\u00e9n\u00e9ficient de prix directs d'usine et d'une cha\u00eene d'approvisionnement efficace.<\/p>\n\n\n\n<h3 class=\"wp-block-heading\">Bougeoir personnalis\u00e9 Service<\/h3>\n\n\n\n<p>Nous proposons des services OEM et ODM pour nos produits.<br>Des \u00e9chantillons peuvent \u00eatre livr\u00e9s rapidement.<br>Nous offrons une vari\u00e9t\u00e9 de formes, de couleurs, d'impressions personnalis\u00e9es, d'emballages et d'autres services sur mesure pour r\u00e9pondre \u00e0 vos besoins sp\u00e9cifiques.<br><a href=\"https:\/\/www.santai-ceramics.com\/fr\/custom\/\" data-type=\"page\" data-id=\"13\" target=\"_blank\" rel=\"noreferrer noopener\"><strong><b>En savoir plus sur la personnalisation<\/b> d\u00e9tail du bougeoir.<\/strong><\/a><\/p>\n\n\n\n<div class=\"wp-block-columns is-layout-flex wp-container-core-columns-is-layout-9d6595d7 wp-block-columns-is-layout-flex\">\n<div class=\"wp-block-column is-layout-flow wp-block-column-is-layout-flow\">\n<figure class=\"wp-block-image size-full\"><img decoding=\"async\" width=\"2000\" height=\"1666\" src=\"https:\/\/www.santai-ceramics.com\/wp-content\/uploads\/2025\/04\/Wholesale-Vintage-Candle-Holder-4.webp\" alt=\"Bougeoir Vintage en gros (4)\" class=\"wp-image-2487\" srcset=\"https:\/\/www.santai-ceramics.com\/wp-content\/uploads\/2025\/04\/Wholesale-Vintage-Candle-Holder-4.webp 2000w, https:\/\/www.santai-ceramics.com\/wp-content\/uploads\/2025\/04\/Wholesale-Vintage-Candle-Holder-4-300x250.webp 300w, https:\/\/www.santai-ceramics.com\/wp-content\/uploads\/2025\/04\/Wholesale-Vintage-Candle-Holder-4-768x640.webp 768w, https:\/\/www.santai-ceramics.com\/wp-content\/uploads\/2025\/04\/Wholesale-Vintage-Candle-Holder-4-14x12.webp 14w, https:\/\/www.santai-ceramics.com\/wp-content\/uploads\/2025\/04\/Wholesale-Vintage-Candle-Holder-4-1200x1000.webp 1200w, https:\/\/www.santai-ceramics.com\/wp-content\/uploads\/2025\/04\/Wholesale-Vintage-Candle-Holder-4-600x500.webp 600w\" sizes=\"(max-width: 2000px) 100vw, 2000px\" \/><\/figure>\n<\/div>\n\n\n\n<div class=\"wp-block-column is-layout-flow wp-block-column-is-layout-flow\">\n<figure class=\"wp-block-image size-full\"><img decoding=\"async\" width=\"2000\" height=\"1666\" src=\"https:\/\/www.santai-ceramics.com\/wp-content\/uploads\/2025\/04\/Wholesale-Vintage-Candle-Holder-5.webp\" alt=\"Bougeoir Vintage en gros (5)\" class=\"wp-image-2488\" srcset=\"https:\/\/www.santai-ceramics.com\/wp-content\/uploads\/2025\/04\/Wholesale-Vintage-Candle-Holder-5.webp 2000w, https:\/\/www.santai-ceramics.com\/wp-content\/uploads\/2025\/04\/Wholesale-Vintage-Candle-Holder-5-300x250.webp 300w, https:\/\/www.santai-ceramics.com\/wp-content\/uploads\/2025\/04\/Wholesale-Vintage-Candle-Holder-5-768x640.webp 768w, https:\/\/www.santai-ceramics.com\/wp-content\/uploads\/2025\/04\/Wholesale-Vintage-Candle-Holder-5-14x12.webp 14w, https:\/\/www.santai-ceramics.com\/wp-content\/uploads\/2025\/04\/Wholesale-Vintage-Candle-Holder-5-1200x1000.webp 1200w, https:\/\/www.santai-ceramics.com\/wp-content\/uploads\/2025\/04\/Wholesale-Vintage-Candle-Holder-5-600x500.webp 600w\" sizes=\"(max-width: 2000px) 100vw, 2000px\" \/><\/figure>\n<\/div>\n<\/div>","protected":false},"excerpt":{"rendered":"<p data-pm-slice=\"0 0 []\">Bougeoir vintage en forme de fleur, fabriqu\u00e9 en r\u00e9sine de haute qualit\u00e9, assurant une longue dur\u00e9e de vie, \u00e0 la fois beau et pratique. Convient pour am\u00e9liorer la d\u00e9coration int\u00e9rieure de la maison, du mariage, du caf\u00e9 ou de l'h\u00f4tel boutique. N'h\u00e9sitez pas \u00e0 nous contacter pour un devis.<\/p>\n<h2>Sp\u00e9cification du Bougeoir Vintage en forme de fleur<\/h2>\n<table width=\"855\">\n<tbody>\n<tr>\n<td width=\"285\">Num\u00e9ro de mod\u00e8le<\/td>\n<td width=\"285\">E37582-H889-A01<\/td>\n<td width=\"285\">E37582-H889-A01<\/td>\n<\/tr>\n<tr>\n<td>Nom du produit<\/td>\n<td>Bougeoir en polyr\u00e9sine<\/td>\n<td>Bougeoir en polyr\u00e9sine<\/td>\n<\/tr>\n<tr>\n<td>Couleur<\/td>\n<td>Vert antique<\/td>\n<td>Vert antique<\/td>\n<\/tr>\n<tr>\n<td>Mat\u00e9riau<\/td>\n<td>Polyr\u00e9sine<\/td>\n<td>Polyr\u00e9sine<\/td>\n<\/tr>\n<tr>\n<td>Sc\u00e9narios d'utilisation<\/td>\n<td>d\u00e9coration int\u00e9rieure<\/td>\n<td>d\u00e9coration int\u00e9rieure<\/td>\n<\/tr>\n<tr>\n<td>Dimensions<\/td>\n<td>11X10X27cm<\/td>\n<td>9X7X20cm<\/td>\n<\/tr>\n<tr>\n<td>Poids<\/td>\n<td>0,5kg\/pc<\/td>\n<td>0,3kg\/pc<\/td>\n<\/tr>\n<\/tbody>\n<\/table>","protected":false},"featured_media":2484,"comment_status":"closed","ping_status":"closed","template":"","meta":{"_acf_changed":false},"product_brand":[],"product_cat":[18,26,45],"product_tag":[],"class_list":{"0":"post-2451","1":"product","2":"type-product","3":"status-publish","4":"has-post-thumbnail","6":"product_cat-home-decor","7":"product_cat-home-accessories","8":"product_cat-wholesale-resin-candle-holders","10":"first","11":"instock","12":"shipping-taxable","13":"product-type-simple"},"acf":[],"_links":{"self":[{"href":"https:\/\/www.santai-ceramics.com\/fr\/wp-json\/wp\/v2\/product\/2451","targetHints":{"allow":["GET"]}}],"collection":[{"href":"https:\/\/www.santai-ceramics.com\/fr\/wp-json\/wp\/v2\/product"}],"about":[{"href":"https:\/\/www.santai-ceramics.com\/fr\/wp-json\/wp\/v2\/types\/product"}],"replies":[{"embeddable":true,"href":"https:\/\/www.santai-ceramics.com\/fr\/wp-json\/wp\/v2\/comments?post=2451"}],"wp:featuredmedia":[{"embeddable":true,"href":"https:\/\/www.santai-ceramics.com\/fr\/wp-json\/wp\/v2\/media\/2484"}],"wp:attachment":[{"href":"https:\/\/www.santai-ceramics.com\/fr\/wp-json\/wp\/v2\/media?parent=2451"}],"wp:term":[{"taxonomy":"product_brand","embeddable":true,"href":"https:\/\/www.santai-ceramics.com\/fr\/wp-json\/wp\/v2\/product_brand?post=2451"},{"taxonomy":"product_cat","embeddable":true,"href":"https:\/\/www.santai-ceramics.com\/fr\/wp-json\/wp\/v2\/product_cat?post=2451"},{"taxonomy":"product_tag","embeddable":true,"href":"https:\/\/www.santai-ceramics.com\/fr\/wp-json\/wp\/v2\/product_tag?post=2451"}],"curies":[{"name":"wp","href":"https:\/\/api.w.org\/{rel}","templated":true}]}}