{"id":2452,"date":"2025-04-15T04:14:36","date_gmt":"2025-04-15T04:14:36","guid":{"rendered":"https:\/\/www.santai-ceramics.com\/?post_type=product&#038;p=2452"},"modified":"2025-06-05T10:12:35","modified_gmt":"2025-06-05T10:12:35","slug":"wholesale-fiber-cement-planter-with-imitation-stone-finish","status":"publish","type":"product","link":"https:\/\/www.santai-ceramics.com\/fr\/product\/wholesale-fiber-cement-planter-with-imitation-stone-finish\/","title":{"rendered":"Jardini\u00e8re en fibre de ciment avec finition imitation pierre - Pot d\u00e9coratif durable pour l'int\u00e9rieur et l'ext\u00e9rieur"},"content":{"rendered":"<h3 class=\"wp-block-heading\">Caract\u00e9ristiques de la jardini\u00e8re en fibre-ciment avec finition imitation pierre<\/h3>\n\n\n\n<p><strong>Texture r\u00e9aliste de la roche : <\/strong>La jardini\u00e8re en fibre-ciment pr\u00e9sente une texture de pierre qui imite la roche naturelle, ce qui lui conf\u00e8re un aspect unique.<\/p>\n\n\n\n<p><strong>Construction durable en fibre-ciment :<\/strong> Fabriqu\u00e9es \u00e0 partir d'une composition de ciment et de fibres tr\u00e8s r\u00e9sistante, ces jardini\u00e8res sont plus durables que les c\u00e9ramiques ordinaires, elles r\u00e9sistent aux intemp\u00e9ries et aux fissures et sont con\u00e7ues pour durer des ann\u00e9es \u00e0 l'int\u00e9rieur comme \u00e0 l'ext\u00e9rieur.<\/p>\n\n\n\n<p><strong>La lumi\u00e8re et la force : <\/strong>Par rapport aux jardini\u00e8res en b\u00e9ton, le fibrociment offre le m\u00eame aspect durable, mais avec un poids nettement plus l\u00e9ger, ce qui facilite le transport.<\/p>\n\n\n\n<p><strong>R\u00e9glable en fonction du volume : <\/strong>En tailles, formes et textures vari\u00e9es pour les acheteurs B2B - convient aux p\u00e9pini\u00e8res, aux entreprises d'am\u00e9nagement paysager et aux centres d'am\u00e9lioration de l'habitat.<\/p>\n\n\n\n<h3 class=\"wp-block-heading\">Service sur mesure<\/h3>\n\n\n\n<p>Nous proposons des services OEM et ODM pour nos produits.<br>Des \u00e9chantillons peuvent \u00eatre livr\u00e9s rapidement.<br>Nous offrons une vari\u00e9t\u00e9 de formes, de couleurs, d'impressions personnalis\u00e9es, d'emballages et d'autres services sur mesure pour r\u00e9pondre \u00e0 vos besoins sp\u00e9cifiques.<br><a href=\"https:\/\/www.santai-ceramics.com\/fr\/custom\/\" data-type=\"page\" data-id=\"13\" target=\"_blank\" rel=\"noreferrer noopener\"><strong><b>En savoir plus sur la personnalisation<\/b>  d\u00e9tail.<\/strong><\/a><\/p>\n\n\n\n<div class=\"wp-block-columns is-layout-flex wp-container-core-columns-is-layout-9d6595d7 wp-block-columns-is-layout-flex\">\n<div class=\"wp-block-column is-layout-flow wp-block-column-is-layout-flow\">\n<figure class=\"wp-block-image size-full\"><img decoding=\"async\" width=\"1500\" height=\"1250\" src=\"https:\/\/www.santai-ceramics.com\/wp-content\/uploads\/2025\/04\/Fiber-Cement-Planter-Details-2.webp\" alt=\"D\u00e9tails des jardini\u00e8res en fibre-ciment (2)\" class=\"wp-image-2516\" srcset=\"https:\/\/www.santai-ceramics.com\/wp-content\/uploads\/2025\/04\/Fiber-Cement-Planter-Details-2.webp 1500w, https:\/\/www.santai-ceramics.com\/wp-content\/uploads\/2025\/04\/Fiber-Cement-Planter-Details-2-300x250.webp 300w, https:\/\/www.santai-ceramics.com\/wp-content\/uploads\/2025\/04\/Fiber-Cement-Planter-Details-2-768x640.webp 768w, https:\/\/www.santai-ceramics.com\/wp-content\/uploads\/2025\/04\/Fiber-Cement-Planter-Details-2-14x12.webp 14w, https:\/\/www.santai-ceramics.com\/wp-content\/uploads\/2025\/04\/Fiber-Cement-Planter-Details-2-1200x1000.webp 1200w, https:\/\/www.santai-ceramics.com\/wp-content\/uploads\/2025\/04\/Fiber-Cement-Planter-Details-2-600x500.webp 600w\" sizes=\"(max-width: 1500px) 100vw, 1500px\" \/><\/figure>\n<\/div>\n\n\n\n<div class=\"wp-block-column is-layout-flow wp-block-column-is-layout-flow\">\n<figure class=\"wp-block-image size-full\"><img decoding=\"async\" width=\"1500\" height=\"1250\" src=\"https:\/\/www.santai-ceramics.com\/wp-content\/uploads\/2025\/04\/Fiber-Cement-Planter-Details-3.webp\" alt=\"D\u00e9tails des jardini\u00e8res en fibre-ciment (3)\" class=\"wp-image-2517\" srcset=\"https:\/\/www.santai-ceramics.com\/wp-content\/uploads\/2025\/04\/Fiber-Cement-Planter-Details-3.webp 1500w, https:\/\/www.santai-ceramics.com\/wp-content\/uploads\/2025\/04\/Fiber-Cement-Planter-Details-3-300x250.webp 300w, https:\/\/www.santai-ceramics.com\/wp-content\/uploads\/2025\/04\/Fiber-Cement-Planter-Details-3-768x640.webp 768w, https:\/\/www.santai-ceramics.com\/wp-content\/uploads\/2025\/04\/Fiber-Cement-Planter-Details-3-14x12.webp 14w, https:\/\/www.santai-ceramics.com\/wp-content\/uploads\/2025\/04\/Fiber-Cement-Planter-Details-3-1200x1000.webp 1200w, https:\/\/www.santai-ceramics.com\/wp-content\/uploads\/2025\/04\/Fiber-Cement-Planter-Details-3-600x500.webp 600w\" sizes=\"(max-width: 1500px) 100vw, 1500px\" \/><\/figure>\n<\/div>\n<\/div>","protected":false},"excerpt":{"rendered":"<p data-pm-slice=\"0 0 []\">Jardini\u00e8re en gros en fibre ciment avec finition imitation pierre, le m\u00e9lange parfait de la force, du style et de la beaut\u00e9 naturelle. Elle pr\u00e9sente un design minimaliste et une texture de pierre r\u00e9aliste. Les achats en gros sont les bienvenus.<\/p>\n<h2>Sp\u00e9cification de la jardini\u00e8re en fibre-ciment<\/h2>\n<table width=\"1140\">\n<tbody>\n<tr>\n<td width=\"285\">Num\u00e9ro de mod\u00e8le<\/td>\n<td width=\"285\">J37585-H889-A01<\/td>\n<td width=\"285\">J37585-H889-A02<\/td>\n<td width=\"285\">J37585-H889-A03<\/td>\n<\/tr>\n<tr>\n<td>Nom du produit<\/td>\n<td>Jardini\u00e8re en fibre-ciment<\/td>\n<td>Jardini\u00e8re en fibre-ciment<\/td>\n<td>Jardini\u00e8re en fibre-ciment<\/td>\n<\/tr>\n<tr>\n<td>Couleur<\/td>\n<td>Vert antique<\/td>\n<td>Vert antique<\/td>\n<td>Vert antique<\/td>\n<\/tr>\n<tr>\n<td>Mat\u00e9riau<\/td>\n<td>Fibre-ciment\u00a0<\/td>\n<td>Fibre-ciment\u00a0<\/td>\n<td>Fibre-ciment\u00a0<\/td>\n<\/tr>\n<tr>\n<td>Sc\u00e9narios d'utilisation<\/td>\n<td>d\u00e9coration&amp;jardin<\/td>\n<td>d\u00e9coration&amp;jardin<\/td>\n<td>d\u00e9coration&amp;jardin<\/td>\n<\/tr>\n<tr>\n<td>Dimensions<\/td>\n<td>D:47.5X46.5cm<\/td>\n<td>D:38X38cm<\/td>\n<td>D:30X30cm<\/td>\n<\/tr>\n<tr>\n<td>Poids<\/td>\n<td>11.3kg\/pc<\/td>\n<td>7,7 kg\/pc<\/td>\n<td>4,1kg\/pc<\/td>\n<\/tr>\n<\/tbody>\n<\/table>","protected":false},"featured_media":2511,"comment_status":"closed","ping_status":"closed","template":"","meta":{"_acf_changed":false},"product_brand":[],"product_cat":[18,41,21,23],"product_tag":[],"class_list":{"0":"post-2452","1":"product","2":"type-product","3":"status-publish","4":"has-post-thumbnail","6":"product_cat-home-decor","7":"product_cat-wholesale-fiber-cement-plant-pots","8":"product_cat-garden-decor","9":"product_cat-ceramic-pots-planters","11":"first","12":"instock","13":"shipping-taxable","14":"product-type-simple"},"acf":[],"_links":{"self":[{"href":"https:\/\/www.santai-ceramics.com\/fr\/wp-json\/wp\/v2\/product\/2452","targetHints":{"allow":["GET"]}}],"collection":[{"href":"https:\/\/www.santai-ceramics.com\/fr\/wp-json\/wp\/v2\/product"}],"about":[{"href":"https:\/\/www.santai-ceramics.com\/fr\/wp-json\/wp\/v2\/types\/product"}],"replies":[{"embeddable":true,"href":"https:\/\/www.santai-ceramics.com\/fr\/wp-json\/wp\/v2\/comments?post=2452"}],"wp:featuredmedia":[{"embeddable":true,"href":"https:\/\/www.santai-ceramics.com\/fr\/wp-json\/wp\/v2\/media\/2511"}],"wp:attachment":[{"href":"https:\/\/www.santai-ceramics.com\/fr\/wp-json\/wp\/v2\/media?parent=2452"}],"wp:term":[{"taxonomy":"product_brand","embeddable":true,"href":"https:\/\/www.santai-ceramics.com\/fr\/wp-json\/wp\/v2\/product_brand?post=2452"},{"taxonomy":"product_cat","embeddable":true,"href":"https:\/\/www.santai-ceramics.com\/fr\/wp-json\/wp\/v2\/product_cat?post=2452"},{"taxonomy":"product_tag","embeddable":true,"href":"https:\/\/www.santai-ceramics.com\/fr\/wp-json\/wp\/v2\/product_tag?post=2452"}],"curies":[{"name":"wp","href":"https:\/\/api.w.org\/{rel}","templated":true}]}}