{"id":2560,"date":"2025-05-06T06:53:37","date_gmt":"2025-05-06T06:53:37","guid":{"rendered":"https:\/\/www.santai-ceramics.com\/?post_type=product&#038;p=2560"},"modified":"2025-05-06T09:15:29","modified_gmt":"2025-05-06T09:15:29","slug":"wholesale-beautiful-glazed-deep-blue-vase","status":"publish","type":"product","link":"https:\/\/www.santai-ceramics.com\/fr\/product\/wholesale-beautiful-glazed-deep-blue-vase\/","title":{"rendered":"Vase bleu profond en gros, Vase bleu glac\u00e9 en vrac"},"content":{"rendered":"<h3 class=\"wp-block-heading\">Caract\u00e9ristiques du vase Deep Blue<\/h3>\n\n\n\n<ul class=\"wp-block-list\">\n<li><strong>Design exquis : <\/strong>La teinte bleue s'harmonise avec une vari\u00e9t\u00e9 de styles d'int\u00e9rieur, et le design simple donne au vase un aspect riche et artistique.<\/li>\n\n\n\n<li><strong>Qualit\u00e9 de l'artisanat : <\/strong>Fabriqu\u00e9 \u00e0 la main par d'excellents artisans, ce qui ajoute \u00e0 son caract\u00e8re unique et \u00e0 son charme.<\/li>\n\n\n\n<li><strong>Une cha\u00eene d'approvisionnement fiable : <\/strong>En tant que fabricant de vases en c\u00e9ramique de premier plan, SANTAI dispose d'importantes capacit\u00e9s de production qui lui permettent de garantir la livraison des produits dans les d\u00e9lais impartis.<\/li>\n<\/ul>\n\n\n\n<h3 class=\"wp-block-heading\">Service de vases en c\u00e9ramique sur mesure<\/h3>\n\n\n\n<p>Nous proposons des services OEM et ODM pour nos produits.<br>Des \u00e9chantillons peuvent \u00eatre livr\u00e9s rapidement.<br>Nous offrons une vari\u00e9t\u00e9 de formes, de couleurs, d'impressions personnalis\u00e9es, d'emballages et d'autres services sur mesure pour r\u00e9pondre \u00e0 vos besoins sp\u00e9cifiques.<br><a href=\"https:\/\/www.santai-ceramics.com\/fr\/custom\/\" data-type=\"page\" data-id=\"13\" target=\"_blank\" rel=\"noreferrer noopener\"><strong>En savoir plus sur les solutions de vases en c\u00e9ramique sur mesure.<\/strong><\/a><\/p>\n\n\n\n<div class=\"wp-block-columns is-layout-flex wp-container-core-columns-is-layout-9d6595d7 wp-block-columns-is-layout-flex\">\n<div class=\"wp-block-column is-layout-flow wp-block-column-is-layout-flow\">\n<figure class=\"wp-block-image size-full\"><img decoding=\"async\" width=\"1500\" height=\"1250\" src=\"https:\/\/www.santai-ceramics.com\/wp-content\/uploads\/2025\/05\/Deep-Blue-Vase-Display-1.webp\" alt=\"Pr\u00e9sentoir de vases bleu profond (1)\" class=\"wp-image-2574\" srcset=\"https:\/\/www.santai-ceramics.com\/wp-content\/uploads\/2025\/05\/Deep-Blue-Vase-Display-1.webp 1500w, https:\/\/www.santai-ceramics.com\/wp-content\/uploads\/2025\/05\/Deep-Blue-Vase-Display-1-300x250.webp 300w, https:\/\/www.santai-ceramics.com\/wp-content\/uploads\/2025\/05\/Deep-Blue-Vase-Display-1-768x640.webp 768w, https:\/\/www.santai-ceramics.com\/wp-content\/uploads\/2025\/05\/Deep-Blue-Vase-Display-1-14x12.webp 14w, https:\/\/www.santai-ceramics.com\/wp-content\/uploads\/2025\/05\/Deep-Blue-Vase-Display-1-1200x1000.webp 1200w, https:\/\/www.santai-ceramics.com\/wp-content\/uploads\/2025\/05\/Deep-Blue-Vase-Display-1-600x500.webp 600w\" sizes=\"(max-width: 1500px) 100vw, 1500px\" \/><\/figure>\n<\/div>\n\n\n\n<div class=\"wp-block-column is-layout-flow wp-block-column-is-layout-flow\">\n<figure class=\"wp-block-image size-full\"><img decoding=\"async\" width=\"1500\" height=\"1250\" src=\"https:\/\/www.santai-ceramics.com\/wp-content\/uploads\/2025\/05\/Deep-Blue-Vase-Display-2.webp\" alt=\"Pr\u00e9sentoir de vases bleu profond (2)\" class=\"wp-image-2575\" srcset=\"https:\/\/www.santai-ceramics.com\/wp-content\/uploads\/2025\/05\/Deep-Blue-Vase-Display-2.webp 1500w, https:\/\/www.santai-ceramics.com\/wp-content\/uploads\/2025\/05\/Deep-Blue-Vase-Display-2-300x250.webp 300w, https:\/\/www.santai-ceramics.com\/wp-content\/uploads\/2025\/05\/Deep-Blue-Vase-Display-2-768x640.webp 768w, https:\/\/www.santai-ceramics.com\/wp-content\/uploads\/2025\/05\/Deep-Blue-Vase-Display-2-14x12.webp 14w, https:\/\/www.santai-ceramics.com\/wp-content\/uploads\/2025\/05\/Deep-Blue-Vase-Display-2-1200x1000.webp 1200w, https:\/\/www.santai-ceramics.com\/wp-content\/uploads\/2025\/05\/Deep-Blue-Vase-Display-2-600x500.webp 600w\" sizes=\"(max-width: 1500px) 100vw, 1500px\" \/><\/figure>\n<\/div>\n<\/div>","protected":false},"excerpt":{"rendered":"<p>Vases en gros en c\u00e9ramique bleu fonc\u00e9, avec un design exquis de gla\u00e7ure bleue, une ouverture \u00e9troite, convenant \u00e0 l'arrangement de fleurs et \u00e0 la d\u00e9coration int\u00e9rieure. Un stock suffisant et une forte capacit\u00e9 de production permettent d'assurer une livraison dans les d\u00e9lais. Contactez-nous pour un devis.<\/p>\n<h2>Sp\u00e9cification du vase bleu profond<\/h2>\n<table width=\"855\">\n<tbody>\n<tr>\n<td width=\"285\">Num\u00e9ro de mod\u00e8le<\/td>\n<td width=\"285\">A34323-L136-A01<\/td>\n<td width=\"285\">A34323-L136-A02<\/td>\n<\/tr>\n<tr>\n<td>Nom du produit<\/td>\n<td>Vase en c\u00e9ramique<\/td>\n<td>Vase en c\u00e9ramique<\/td>\n<\/tr>\n<tr>\n<td>Couleur<\/td>\n<td>Bleu fonc\u00e9<\/td>\n<td>Bleu fonc\u00e9<\/td>\n<\/tr>\n<tr>\n<td>Mat\u00e9riau<\/td>\n<td>C\u00e9ramique\u00a0<\/td>\n<td>C\u00e9ramique\u00a0<\/td>\n<\/tr>\n<tr>\n<td>Sc\u00e9narios d'utilisation<\/td>\n<td>d\u00e9coration int\u00e9rieure<\/td>\n<td>d\u00e9coration int\u00e9rieure<\/td>\n<\/tr>\n<tr>\n<td>Dimensions<\/td>\n<td>D:18X35cm<\/td>\n<td>D:15.5X30cm<\/td>\n<\/tr>\n<tr>\n<td>Poids<\/td>\n<td>2,3kg\/pc<\/td>\n<td>1,8kg\/pc<\/td>\n<\/tr>\n<\/tbody>\n<\/table>","protected":false},"featured_media":2576,"comment_status":"closed","ping_status":"closed","template":"","meta":{"_acf_changed":false},"product_brand":[],"product_cat":[22,18],"product_tag":[],"class_list":{"0":"post-2560","1":"product","2":"type-product","3":"status-publish","4":"has-post-thumbnail","6":"product_cat-vase","7":"product_cat-home-decor","9":"first","10":"instock","11":"shipping-taxable","12":"product-type-simple"},"acf":[],"_links":{"self":[{"href":"https:\/\/www.santai-ceramics.com\/fr\/wp-json\/wp\/v2\/product\/2560","targetHints":{"allow":["GET"]}}],"collection":[{"href":"https:\/\/www.santai-ceramics.com\/fr\/wp-json\/wp\/v2\/product"}],"about":[{"href":"https:\/\/www.santai-ceramics.com\/fr\/wp-json\/wp\/v2\/types\/product"}],"replies":[{"embeddable":true,"href":"https:\/\/www.santai-ceramics.com\/fr\/wp-json\/wp\/v2\/comments?post=2560"}],"wp:featuredmedia":[{"embeddable":true,"href":"https:\/\/www.santai-ceramics.com\/fr\/wp-json\/wp\/v2\/media\/2576"}],"wp:attachment":[{"href":"https:\/\/www.santai-ceramics.com\/fr\/wp-json\/wp\/v2\/media?parent=2560"}],"wp:term":[{"taxonomy":"product_brand","embeddable":true,"href":"https:\/\/www.santai-ceramics.com\/fr\/wp-json\/wp\/v2\/product_brand?post=2560"},{"taxonomy":"product_cat","embeddable":true,"href":"https:\/\/www.santai-ceramics.com\/fr\/wp-json\/wp\/v2\/product_cat?post=2560"},{"taxonomy":"product_tag","embeddable":true,"href":"https:\/\/www.santai-ceramics.com\/fr\/wp-json\/wp\/v2\/product_tag?post=2560"}],"curies":[{"name":"wp","href":"https:\/\/api.w.org\/{rel}","templated":true}]}}