{"id":2563,"date":"2025-05-06T07:28:47","date_gmt":"2025-05-06T07:28:47","guid":{"rendered":"https:\/\/www.santai-ceramics.com\/?post_type=product&#038;p=2563"},"modified":"2025-06-12T16:11:26","modified_gmt":"2025-06-12T16:11:26","slug":"wholesale-deep-blue-glazed-ceramic-candle-holder","status":"publish","type":"product","link":"https:\/\/www.santai-ceramics.com\/fr\/product\/wholesale-deep-blue-glazed-ceramic-candle-holder\/","title":{"rendered":"Bougeoir \u00e0 bougie en c\u00e9ramique \u00e9maill\u00e9e bleu fonc\u00e9 - Accent d\u00e9coratif \u00e9l\u00e9gant pour la maison, les \u00e9v\u00e9nements et les boutiques de cadeaux"},"content":{"rendered":"<h3 class=\"wp-block-heading\">Caract\u00e9ristiques du bougeoir en c\u00e9ramique \u00e9maill\u00e9e bleu fonc\u00e9<\/h3>\n\n\n\n<ul class=\"wp-block-list\">\n<li><strong>Plusieurs tailles disponibles : <\/strong>Nos bougeoirs en c\u00e9ramique sont disponibles dans une vari\u00e9t\u00e9 de tailles pour accueillir des bougies de diff\u00e9rentes tailles, r\u00e9pondant ainsi aux besoins de d\u00e9coration et d'emplacement de diff\u00e9rents espaces.<\/li>\n\n\n\n<li><strong>Haute qualit\u00e9 :<\/strong> Fabriqu\u00e9 \u00e0 partir de mati\u00e8res premi\u00e8res c\u00e9ramiques de haute qualit\u00e9 et cuit \u00e0 haute temp\u00e9rature, le bougeoir en c\u00e9ramique pr\u00e9sente une structure de fond stable, une texture dure et un toucher d\u00e9licat.<\/li>\n\n\n\n<li><strong>Conception unique et exquise : <\/strong>Le bougeoir en c\u00e9ramique adopte un design unique de gla\u00e7ure bleue, \u00e0 la fois simple et sophistiqu\u00e9. Convient \u00e0 la pr\u00e9sentation de divers types de d\u00e9corations.<\/li>\n<\/ul>\n\n\n\n<h3 class=\"wp-block-heading\">Service de bougeoirs personnalis\u00e9s<\/h3>\n\n\n\n<p>Nous proposons des services OEM et ODM pour nos produits.<br>Des \u00e9chantillons peuvent \u00eatre livr\u00e9s rapidement.<br>Nous offrons une vari\u00e9t\u00e9 de formes, de couleurs, d'impressions personnalis\u00e9es, d'emballages et d'autres services sur mesure pour r\u00e9pondre \u00e0 vos besoins sp\u00e9cifiques.<br><a href=\"https:\/\/www.santai-ceramics.com\/fr\/custom\/\" data-type=\"page\" data-id=\"13\" target=\"_blank\" rel=\"noreferrer noopener\"><strong><b>En savoir plus sur la personnalisation<\/b> solutions de supports c\u00e9ramiques.<\/strong><\/a><\/p>\n\n\n\n<div class=\"wp-block-columns is-layout-flex wp-container-core-columns-is-layout-9d6595d7 wp-block-columns-is-layout-flex\">\n<div class=\"wp-block-column is-layout-flow wp-block-column-is-layout-flow\">\n<figure class=\"wp-block-image size-full\"><img decoding=\"async\" width=\"1500\" height=\"1249\" src=\"https:\/\/www.santai-ceramics.com\/wp-content\/uploads\/2025\/05\/Deep-Blue-Candle-Holder-Display-1.webp\" alt=\"Pr\u00e9sentoir de bougeoirs bleu fonc\u00e9 (1)\" class=\"wp-image-2588\" srcset=\"https:\/\/www.santai-ceramics.com\/wp-content\/uploads\/2025\/05\/Deep-Blue-Candle-Holder-Display-1.webp 1500w, https:\/\/www.santai-ceramics.com\/wp-content\/uploads\/2025\/05\/Deep-Blue-Candle-Holder-Display-1-300x250.webp 300w, https:\/\/www.santai-ceramics.com\/wp-content\/uploads\/2025\/05\/Deep-Blue-Candle-Holder-Display-1-768x639.webp 768w, https:\/\/www.santai-ceramics.com\/wp-content\/uploads\/2025\/05\/Deep-Blue-Candle-Holder-Display-1-14x12.webp 14w, https:\/\/www.santai-ceramics.com\/wp-content\/uploads\/2025\/05\/Deep-Blue-Candle-Holder-Display-1-1200x999.webp 1200w, https:\/\/www.santai-ceramics.com\/wp-content\/uploads\/2025\/05\/Deep-Blue-Candle-Holder-Display-1-600x500.webp 600w\" sizes=\"(max-width: 1500px) 100vw, 1500px\" \/><\/figure>\n<\/div>\n\n\n\n<div class=\"wp-block-column is-layout-flow wp-block-column-is-layout-flow\">\n<figure class=\"wp-block-image size-full\"><img decoding=\"async\" width=\"1500\" height=\"1249\" src=\"https:\/\/www.santai-ceramics.com\/wp-content\/uploads\/2025\/05\/Deep-Blue-Candle-Holder-Display-2.webp\" alt=\"Pr\u00e9sentoir de bougeoirs bleu fonc\u00e9 (2)\" class=\"wp-image-2589\" srcset=\"https:\/\/www.santai-ceramics.com\/wp-content\/uploads\/2025\/05\/Deep-Blue-Candle-Holder-Display-2.webp 1500w, https:\/\/www.santai-ceramics.com\/wp-content\/uploads\/2025\/05\/Deep-Blue-Candle-Holder-Display-2-300x250.webp 300w, https:\/\/www.santai-ceramics.com\/wp-content\/uploads\/2025\/05\/Deep-Blue-Candle-Holder-Display-2-768x639.webp 768w, https:\/\/www.santai-ceramics.com\/wp-content\/uploads\/2025\/05\/Deep-Blue-Candle-Holder-Display-2-14x12.webp 14w, https:\/\/www.santai-ceramics.com\/wp-content\/uploads\/2025\/05\/Deep-Blue-Candle-Holder-Display-2-1200x999.webp 1200w, https:\/\/www.santai-ceramics.com\/wp-content\/uploads\/2025\/05\/Deep-Blue-Candle-Holder-Display-2-600x500.webp 600w\" sizes=\"(max-width: 1500px) 100vw, 1500px\" \/><\/figure>\n<\/div>\n<\/div>\n\n\n\n<div class=\"wp-block-columns is-layout-flex wp-container-core-columns-is-layout-9d6595d7 wp-block-columns-is-layout-flex\">\n<div class=\"wp-block-column is-layout-flow wp-block-column-is-layout-flow\"><\/div>\n\n\n\n<div class=\"wp-block-column is-layout-flow wp-block-column-is-layout-flow\"><\/div>\n<\/div>","protected":false},"excerpt":{"rendered":"<p data-pm-slice=\"0 0 []\">Les bougeoirs en gros en c\u00e9ramique bleu fonc\u00e9, avec leur gla\u00e7age bleu fonc\u00e9 lisse, apportent une bonne exp\u00e9rience visuelle, adapt\u00e9e aux produits de vente au d\u00e9tail. Les vases en c\u00e9ramique bleu fonc\u00e9 ont une bonne durabilit\u00e9 et une bonne r\u00e9sistance \u00e0 la chaleur, ils ne se fissurent pas facilement et peuvent contenir des bougies pendant longtemps. Nous prenons en charge la personnalisation et le faible co\u00fbt de production. N'h\u00e9sitez pas \u00e0 nous contacter pour obtenir un devis.<\/p>\n<h2>Sp\u00e9cification du bougeoir en c\u00e9ramique \u00e9maill\u00e9e bleu fonc\u00e9<\/h2>\n<table width=\"855\">\n<tbody>\n<tr>\n<td width=\"285\">Num\u00e9ro de mod\u00e8le<\/td>\n<td width=\"285\">A34848-L136-A01<\/td>\n<td width=\"285\">A34848-L136-A02<\/td>\n<\/tr>\n<tr>\n<td>Nom du produit<\/td>\n<td>Bougeoir en c\u00e9ramique<\/td>\n<td>Bougeoir en c\u00e9ramique<\/td>\n<\/tr>\n<tr>\n<td>Couleur<\/td>\n<td>Bleu fonc\u00e9<\/td>\n<td>Bleu fonc\u00e9<\/td>\n<\/tr>\n<tr>\n<td>Mat\u00e9riau<\/td>\n<td>C\u00e9ramique\u00a0<\/td>\n<td>C\u00e9ramique\u00a0<\/td>\n<\/tr>\n<tr>\n<td>Sc\u00e9narios d'utilisation<\/td>\n<td>d\u00e9coration int\u00e9rieure<\/td>\n<td>d\u00e9coration int\u00e9rieure<\/td>\n<\/tr>\n<tr>\n<td>Dimensions<\/td>\n<td>D:14.5X26cm<\/td>\n<td>D:14.5X19cm<\/td>\n<\/tr>\n<tr>\n<td>Poids<\/td>\n<td>1kg\/pc<\/td>\n<td>0,8kg\/pc<\/td>\n<\/tr>\n<\/tbody>\n<\/table>","protected":false},"featured_media":2583,"comment_status":"closed","ping_status":"closed","template":"","meta":{"_acf_changed":false},"product_brand":[],"product_cat":[18,46,26],"product_tag":[],"class_list":{"0":"post-2563","1":"product","2":"type-product","3":"status-publish","4":"has-post-thumbnail","6":"product_cat-home-decor","7":"product_cat-wholesale-ceramic-candle-holders","8":"product_cat-home-accessories","10":"first","11":"instock","12":"shipping-taxable","13":"product-type-simple"},"acf":[],"_links":{"self":[{"href":"https:\/\/www.santai-ceramics.com\/fr\/wp-json\/wp\/v2\/product\/2563","targetHints":{"allow":["GET"]}}],"collection":[{"href":"https:\/\/www.santai-ceramics.com\/fr\/wp-json\/wp\/v2\/product"}],"about":[{"href":"https:\/\/www.santai-ceramics.com\/fr\/wp-json\/wp\/v2\/types\/product"}],"replies":[{"embeddable":true,"href":"https:\/\/www.santai-ceramics.com\/fr\/wp-json\/wp\/v2\/comments?post=2563"}],"wp:featuredmedia":[{"embeddable":true,"href":"https:\/\/www.santai-ceramics.com\/fr\/wp-json\/wp\/v2\/media\/2583"}],"wp:attachment":[{"href":"https:\/\/www.santai-ceramics.com\/fr\/wp-json\/wp\/v2\/media?parent=2563"}],"wp:term":[{"taxonomy":"product_brand","embeddable":true,"href":"https:\/\/www.santai-ceramics.com\/fr\/wp-json\/wp\/v2\/product_brand?post=2563"},{"taxonomy":"product_cat","embeddable":true,"href":"https:\/\/www.santai-ceramics.com\/fr\/wp-json\/wp\/v2\/product_cat?post=2563"},{"taxonomy":"product_tag","embeddable":true,"href":"https:\/\/www.santai-ceramics.com\/fr\/wp-json\/wp\/v2\/product_tag?post=2563"}],"curies":[{"name":"wp","href":"https:\/\/api.w.org\/{rel}","templated":true}]}}