{"id":2565,"date":"2025-05-06T08:42:41","date_gmt":"2025-05-06T08:42:41","guid":{"rendered":"https:\/\/www.santai-ceramics.com\/?post_type=product&#038;p=2565"},"modified":"2025-05-06T08:43:06","modified_gmt":"2025-05-06T08:43:06","slug":"wholesale-handcrafted-home-decor-vase","status":"publish","type":"product","link":"https:\/\/www.santai-ceramics.com\/fr\/product\/wholesale-handcrafted-home-decor-vase\/","title":{"rendered":"Vase d\u00e9coratif artisanal en gros en \u00e9mail bleu-gris"},"content":{"rendered":"<h3 class=\"wp-block-heading\">Caract\u00e9ristiques du vase d\u00e9coratif artisanal<\/h3>\n\n\n\n<ul class=\"wp-block-list\">\n<li><strong>Un gla\u00e7age \u00e9tonnant :<\/strong> Ce vase pr\u00e9sente une gla\u00e7ure bleu-gris unique qui cr\u00e9e un magnifique effet de gradient naturel, ajoutant profondeur et \u00e9l\u00e9gance.<\/li>\n\n\n\n<li><strong>Mat\u00e9riaux de haute qualit\u00e9 :<\/strong> Ce vase est fabriqu\u00e9 en c\u00e9ramique de premi\u00e8re qualit\u00e9, offrant une excellente durabilit\u00e9 et stabilit\u00e9 pour une utilisation \u00e0 long terme.<\/li>\n\n\n\n<li><strong>Fourniture par l'usine :<\/strong> Directement fournis par l'usine de vases SANTAI, nous vous offrons des prix \u00e9lev\u00e9s et des services OEM et ODM.<\/li>\n<\/ul>\n\n\n\n<h3 class=\"wp-block-heading\">Service de vases en c\u00e9ramique sur mesure<\/h3>\n\n\n\n<p>Nous proposons des services OEM et ODM pour nos produits.<br>Des \u00e9chantillons peuvent \u00eatre livr\u00e9s rapidement.<br>Nous offrons une vari\u00e9t\u00e9 de formes, de couleurs, d'impressions personnalis\u00e9es, d'emballages et d'autres services sur mesure pour r\u00e9pondre \u00e0 vos besoins sp\u00e9cifiques.<br><a href=\"https:\/\/www.santai-ceramics.com\/fr\/custom\/\" data-type=\"page\" data-id=\"13\" target=\"_blank\" rel=\"noreferrer noopener\"><strong><b>En savoir plus sur la personnalisation<\/b> d\u00e9tail d'un vase en c\u00e9ramique.<\/strong><\/a><\/p>\n\n\n\n<div class=\"wp-block-columns is-layout-flex wp-container-core-columns-is-layout-9d6595d7 wp-block-columns-is-layout-flex\">\n<div class=\"wp-block-column is-layout-flow wp-block-column-is-layout-flow\">\n<figure class=\"wp-block-image size-full\"><img decoding=\"async\" width=\"1500\" height=\"1249\" src=\"https:\/\/www.santai-ceramics.com\/wp-content\/uploads\/2025\/05\/Handcrafted-Home-Decor-Vase-Display-1.webp\" alt=\"Pr\u00e9sentoir de vases artisanaux (1)\" class=\"wp-image-2608\" srcset=\"https:\/\/www.santai-ceramics.com\/wp-content\/uploads\/2025\/05\/Handcrafted-Home-Decor-Vase-Display-1.webp 1500w, https:\/\/www.santai-ceramics.com\/wp-content\/uploads\/2025\/05\/Handcrafted-Home-Decor-Vase-Display-1-300x250.webp 300w, https:\/\/www.santai-ceramics.com\/wp-content\/uploads\/2025\/05\/Handcrafted-Home-Decor-Vase-Display-1-768x639.webp 768w, https:\/\/www.santai-ceramics.com\/wp-content\/uploads\/2025\/05\/Handcrafted-Home-Decor-Vase-Display-1-14x12.webp 14w, https:\/\/www.santai-ceramics.com\/wp-content\/uploads\/2025\/05\/Handcrafted-Home-Decor-Vase-Display-1-1200x999.webp 1200w, https:\/\/www.santai-ceramics.com\/wp-content\/uploads\/2025\/05\/Handcrafted-Home-Decor-Vase-Display-1-600x500.webp 600w\" sizes=\"(max-width: 1500px) 100vw, 1500px\" \/><\/figure>\n<\/div>\n\n\n\n<div class=\"wp-block-column is-layout-flow wp-block-column-is-layout-flow\">\n<figure class=\"wp-block-image size-full\"><img decoding=\"async\" width=\"1500\" height=\"1249\" src=\"https:\/\/www.santai-ceramics.com\/wp-content\/uploads\/2025\/05\/Handcrafted-Home-Decor-Vase-Display-2.webp\" alt=\"Pr\u00e9sentoir de vases artisanaux (2)\" class=\"wp-image-2609\" srcset=\"https:\/\/www.santai-ceramics.com\/wp-content\/uploads\/2025\/05\/Handcrafted-Home-Decor-Vase-Display-2.webp 1500w, https:\/\/www.santai-ceramics.com\/wp-content\/uploads\/2025\/05\/Handcrafted-Home-Decor-Vase-Display-2-300x250.webp 300w, https:\/\/www.santai-ceramics.com\/wp-content\/uploads\/2025\/05\/Handcrafted-Home-Decor-Vase-Display-2-768x639.webp 768w, https:\/\/www.santai-ceramics.com\/wp-content\/uploads\/2025\/05\/Handcrafted-Home-Decor-Vase-Display-2-14x12.webp 14w, https:\/\/www.santai-ceramics.com\/wp-content\/uploads\/2025\/05\/Handcrafted-Home-Decor-Vase-Display-2-1200x999.webp 1200w, https:\/\/www.santai-ceramics.com\/wp-content\/uploads\/2025\/05\/Handcrafted-Home-Decor-Vase-Display-2-600x500.webp 600w\" sizes=\"(max-width: 1500px) 100vw, 1500px\" \/><\/figure>\n<\/div>\n<\/div>","protected":false},"excerpt":{"rendered":"<p data-pm-slice=\"0 0 []\">Vase artisanal en gros pour la d\u00e9coration de la maison, avec un design \u00e0 bouche \u00e9troite, avec une gla\u00e7ure lisse, convenant \u00e0 la d\u00e9coration de la maison, aux cadeaux d'affaires. Le fabricant de vases en c\u00e9ramique SANTAI propose des quantit\u00e9s minimales de commande et des services OEM et ODM. Contactez-nous pour un devis.<\/p>\n<h2>Sp\u00e9cification du vase artisanal de d\u00e9coration int\u00e9rieure<\/h2>\n<table width=\"855\">\n<tbody>\n<tr>\n<td width=\"285\">Num\u00e9ro de mod\u00e8le<\/td>\n<td width=\"285\">A35323-L136-A01<\/td>\n<td width=\"285\">A35323-L136-A02<\/td>\n<\/tr>\n<tr>\n<td>Nom du produit<\/td>\n<td>Vase en c\u00e9ramique<\/td>\n<td>Vase en c\u00e9ramique<\/td>\n<\/tr>\n<tr>\n<td>Couleur<\/td>\n<td>Bleu fonc\u00e9<\/td>\n<td>Bleu fonc\u00e9<\/td>\n<\/tr>\n<tr>\n<td>Mat\u00e9riau<\/td>\n<td>C\u00e9ramique\u00a0<\/td>\n<td>C\u00e9ramique\u00a0<\/td>\n<\/tr>\n<tr>\n<td>Sc\u00e9narios d'utilisation<\/td>\n<td>d\u00e9coration int\u00e9rieure<\/td>\n<td>d\u00e9coration int\u00e9rieure<\/td>\n<\/tr>\n<tr>\n<td>Dimensions<\/td>\n<td>D:17X31.5cm<\/td>\n<td>D:14.5X26.5cm<\/td>\n<\/tr>\n<tr>\n<td>Poids<\/td>\n<td>1.5kg\/pc<\/td>\n<td>1,1kg\/pc<\/td>\n<\/tr>\n<\/tbody>\n<\/table>","protected":false},"featured_media":2610,"comment_status":"closed","ping_status":"closed","template":"","meta":{"_acf_changed":false},"product_brand":[],"product_cat":[18,22],"product_tag":[],"class_list":{"0":"post-2565","1":"product","2":"type-product","3":"status-publish","4":"has-post-thumbnail","6":"product_cat-home-decor","7":"product_cat-vase","9":"first","10":"instock","11":"shipping-taxable","12":"product-type-simple"},"acf":[],"_links":{"self":[{"href":"https:\/\/www.santai-ceramics.com\/fr\/wp-json\/wp\/v2\/product\/2565","targetHints":{"allow":["GET"]}}],"collection":[{"href":"https:\/\/www.santai-ceramics.com\/fr\/wp-json\/wp\/v2\/product"}],"about":[{"href":"https:\/\/www.santai-ceramics.com\/fr\/wp-json\/wp\/v2\/types\/product"}],"replies":[{"embeddable":true,"href":"https:\/\/www.santai-ceramics.com\/fr\/wp-json\/wp\/v2\/comments?post=2565"}],"wp:featuredmedia":[{"embeddable":true,"href":"https:\/\/www.santai-ceramics.com\/fr\/wp-json\/wp\/v2\/media\/2610"}],"wp:attachment":[{"href":"https:\/\/www.santai-ceramics.com\/fr\/wp-json\/wp\/v2\/media?parent=2565"}],"wp:term":[{"taxonomy":"product_brand","embeddable":true,"href":"https:\/\/www.santai-ceramics.com\/fr\/wp-json\/wp\/v2\/product_brand?post=2565"},{"taxonomy":"product_cat","embeddable":true,"href":"https:\/\/www.santai-ceramics.com\/fr\/wp-json\/wp\/v2\/product_cat?post=2565"},{"taxonomy":"product_tag","embeddable":true,"href":"https:\/\/www.santai-ceramics.com\/fr\/wp-json\/wp\/v2\/product_tag?post=2565"}],"curies":[{"name":"wp","href":"https:\/\/api.w.org\/{rel}","templated":true}]}}