{"id":2566,"date":"2025-05-06T09:14:37","date_gmt":"2025-05-06T09:14:37","guid":{"rendered":"https:\/\/www.santai-ceramics.com\/?post_type=product&#038;p=2566"},"modified":"2025-06-12T16:11:15","modified_gmt":"2025-06-12T16:11:15","slug":"wholesale-vintage-ceramic-unique-candle-holder","status":"publish","type":"product","link":"https:\/\/www.santai-ceramics.com\/fr\/product\/wholesale-vintage-ceramic-unique-candle-holder\/","title":{"rendered":"Wholesale Vintage Ceramic Unique Candle Holder (Bougeoir unique en c\u00e9ramique)"},"content":{"rendered":"<h3 class=\"wp-block-heading\">Caract\u00e9ristiques du bougeoir en c\u00e9ramique<\/h3>\n\n\n\n<ul class=\"wp-block-list\">\n<li><strong>Conception stable et pratique : <\/strong>Con\u00e7u avec une large base ou une structure solide pour la stabilit\u00e9, il peut tenir les bougies en toute s\u00e9curit\u00e9 et \u00e9viter de basculer.<\/li>\n\n\n\n<li><strong>Largement utilis\u00e9 :<\/strong> Le bougeoir en c\u00e9ramique convient \u00e0 diverses occasions, notamment pour la d\u00e9coration int\u00e9rieure, les mariages, les restaurants, les caf\u00e9s et les festivals.<\/li>\n\n\n\n<li><strong>Des prix adapt\u00e9s aux grossistes : <\/strong>Le fabricant de poteries SANATI propose des prix comp\u00e9titifs pour les acheteurs en gros tels que les d\u00e9taillants, les organisateurs d'\u00e9v\u00e9nements ou les boutiques de cadeaux.<\/li>\n<\/ul>\n\n\n\n<h3 class=\"wp-block-heading\">Service de bougeoirs personnalis\u00e9s<\/h3>\n\n\n\n<p>Nous proposons des services OEM et ODM pour nos produits.<br>Des \u00e9chantillons peuvent \u00eatre livr\u00e9s rapidement.<br>Nous offrons une vari\u00e9t\u00e9 de formes, de couleurs, d'impressions personnalis\u00e9es, d'emballages et d'autres services sur mesure pour r\u00e9pondre \u00e0 vos besoins sp\u00e9cifiques.<br><a href=\"https:\/\/www.santai-ceramics.com\/fr\/custom\/\" data-type=\"page\" data-id=\"13\" target=\"_blank\" rel=\"noreferrer noopener\"><strong><b>En savoir plus sur la personnalisation<\/b> solutions pour les bougeoirs en c\u00e9ramique.<\/strong><\/a><\/p>\n\n\n\n<div class=\"wp-block-columns is-layout-flex wp-container-core-columns-is-layout-9d6595d7 wp-block-columns-is-layout-flex\">\n<div class=\"wp-block-column is-layout-flow wp-block-column-is-layout-flow\">\n<figure class=\"wp-block-image size-full\"><img decoding=\"async\" width=\"2814\" height=\"2344\" src=\"https:\/\/www.santai-ceramics.com\/wp-content\/uploads\/2025\/05\/ceramic-candle-holder-display-1.webp\" alt=\"pr\u00e9sentoir de bougeoir en c\u00e9ramique (1)\" class=\"wp-image-2616\" srcset=\"https:\/\/www.santai-ceramics.com\/wp-content\/uploads\/2025\/05\/ceramic-candle-holder-display-1.webp 2814w, https:\/\/www.santai-ceramics.com\/wp-content\/uploads\/2025\/05\/ceramic-candle-holder-display-1-300x250.webp 300w, https:\/\/www.santai-ceramics.com\/wp-content\/uploads\/2025\/05\/ceramic-candle-holder-display-1-768x640.webp 768w, https:\/\/www.santai-ceramics.com\/wp-content\/uploads\/2025\/05\/ceramic-candle-holder-display-1-14x12.webp 14w, https:\/\/www.santai-ceramics.com\/wp-content\/uploads\/2025\/05\/ceramic-candle-holder-display-1-1200x1000.webp 1200w, https:\/\/www.santai-ceramics.com\/wp-content\/uploads\/2025\/05\/ceramic-candle-holder-display-1-600x500.webp 600w\" sizes=\"(max-width: 2814px) 100vw, 2814px\" \/><\/figure>\n<\/div>\n\n\n\n<div class=\"wp-block-column is-layout-flow wp-block-column-is-layout-flow\">\n<figure class=\"wp-block-image size-full\"><img decoding=\"async\" width=\"3141\" height=\"2617\" src=\"https:\/\/www.santai-ceramics.com\/wp-content\/uploads\/2025\/05\/ceramic-candle-holder-display-2.webp\" alt=\"pr\u00e9sentoir de bougeoirs en c\u00e9ramique (2)\" class=\"wp-image-2617\" srcset=\"https:\/\/www.santai-ceramics.com\/wp-content\/uploads\/2025\/05\/ceramic-candle-holder-display-2.webp 3141w, https:\/\/www.santai-ceramics.com\/wp-content\/uploads\/2025\/05\/ceramic-candle-holder-display-2-300x250.webp 300w, https:\/\/www.santai-ceramics.com\/wp-content\/uploads\/2025\/05\/ceramic-candle-holder-display-2-768x640.webp 768w, https:\/\/www.santai-ceramics.com\/wp-content\/uploads\/2025\/05\/ceramic-candle-holder-display-2-14x12.webp 14w, https:\/\/www.santai-ceramics.com\/wp-content\/uploads\/2025\/05\/ceramic-candle-holder-display-2-1200x1000.webp 1200w, https:\/\/www.santai-ceramics.com\/wp-content\/uploads\/2025\/05\/ceramic-candle-holder-display-2-600x500.webp 600w\" sizes=\"(max-width: 3141px) 100vw, 3141px\" \/><\/figure>\n<\/div>\n<\/div>","protected":false},"excerpt":{"rendered":"<p data-pm-slice=\"0 0 []\">Bougeoir en c\u00e9ramique vintage en gros, adapt\u00e9 \u00e0 la d\u00e9coration int\u00e9rieure, aux mariages, aux restaurants et aux boutiques. Le fabricant de poterie SANTAI fournit des tailles et des styles vari\u00e9s, et accepte les demandes OEM et ODM, contactez-nous pour obtenir un devis.<\/p>\n<h2>Sp\u00e9cification du Bougeoir Vintage en C\u00e9ramique<\/h2>\n<table width=\"855\">\n<tbody>\n<tr>\n<td width=\"285\">Num\u00e9ro de mod\u00e8le<\/td>\n<td width=\"285\">A35351-L136-A01<\/td>\n<td width=\"285\">A35351-L136-A02<\/td>\n<\/tr>\n<tr>\n<td>Nom du produit<\/td>\n<td>Bougeoir en c\u00e9ramique<\/td>\n<td>Bougeoir en c\u00e9ramique<\/td>\n<\/tr>\n<tr>\n<td>Couleur<\/td>\n<td>Bleu fonc\u00e9<\/td>\n<td>Bleu fonc\u00e9<\/td>\n<\/tr>\n<tr>\n<td>Mat\u00e9riau<\/td>\n<td>C\u00e9ramique\u00a0<\/td>\n<td>C\u00e9ramique\u00a0<\/td>\n<\/tr>\n<tr>\n<td>Sc\u00e9narios d'utilisation<\/td>\n<td>d\u00e9coration int\u00e9rieure<\/td>\n<td>d\u00e9coration int\u00e9rieure<\/td>\n<\/tr>\n<tr>\n<td>Dimensions<\/td>\n<td>D:14.5X21.5cm<\/td>\n<td>D:14.5X16.5cm<\/td>\n<\/tr>\n<tr>\n<td>Poids<\/td>\n<td>0,9kg\/pc<\/td>\n<td>0,6kg\/pc<\/td>\n<\/tr>\n<\/tbody>\n<\/table>","protected":false},"featured_media":2618,"comment_status":"closed","ping_status":"closed","template":"","meta":{"_acf_changed":false},"product_brand":[],"product_cat":[18,46,26],"product_tag":[],"class_list":{"0":"post-2566","1":"product","2":"type-product","3":"status-publish","4":"has-post-thumbnail","6":"product_cat-home-decor","7":"product_cat-wholesale-ceramic-candle-holders","8":"product_cat-home-accessories","10":"first","11":"instock","12":"shipping-taxable","13":"product-type-simple"},"acf":[],"_links":{"self":[{"href":"https:\/\/www.santai-ceramics.com\/fr\/wp-json\/wp\/v2\/product\/2566","targetHints":{"allow":["GET"]}}],"collection":[{"href":"https:\/\/www.santai-ceramics.com\/fr\/wp-json\/wp\/v2\/product"}],"about":[{"href":"https:\/\/www.santai-ceramics.com\/fr\/wp-json\/wp\/v2\/types\/product"}],"replies":[{"embeddable":true,"href":"https:\/\/www.santai-ceramics.com\/fr\/wp-json\/wp\/v2\/comments?post=2566"}],"wp:featuredmedia":[{"embeddable":true,"href":"https:\/\/www.santai-ceramics.com\/fr\/wp-json\/wp\/v2\/media\/2618"}],"wp:attachment":[{"href":"https:\/\/www.santai-ceramics.com\/fr\/wp-json\/wp\/v2\/media?parent=2566"}],"wp:term":[{"taxonomy":"product_brand","embeddable":true,"href":"https:\/\/www.santai-ceramics.com\/fr\/wp-json\/wp\/v2\/product_brand?post=2566"},{"taxonomy":"product_cat","embeddable":true,"href":"https:\/\/www.santai-ceramics.com\/fr\/wp-json\/wp\/v2\/product_cat?post=2566"},{"taxonomy":"product_tag","embeddable":true,"href":"https:\/\/www.santai-ceramics.com\/fr\/wp-json\/wp\/v2\/product_tag?post=2566"}],"curies":[{"name":"wp","href":"https:\/\/api.w.org\/{rel}","templated":true}]}}