{"id":2683,"date":"2025-05-29T02:31:23","date_gmt":"2025-05-29T02:31:23","guid":{"rendered":"https:\/\/www.santai-ceramics.com\/?post_type=product&#038;p=2683"},"modified":"2025-06-10T01:53:37","modified_gmt":"2025-06-10T01:53:37","slug":"wholesale-decorative-ceramic-jugs","status":"publish","type":"product","link":"https:\/\/www.santai-ceramics.com\/fr\/product\/wholesale-decorative-ceramic-jugs\/","title":{"rendered":"Grossiste cruches en c\u00e9ramique vintage vert fonc\u00e9 pour la d\u00e9coration d'int\u00e9rieur"},"content":{"rendered":"<h3 class=\"wp-block-heading\">Caract\u00e9ristiques des cruches en c\u00e9ramique<\/h3>\n\n\n\n<ul class=\"wp-block-list\">\n<li><strong>Design \u00e9l\u00e9gant : <\/strong>La cruche en c\u00e9ramique n'est pas seulement un ustensile pratique, mais aussi une d\u00e9coration artistique qui rehausse le style de votre maison.<\/li>\n\n\n\n<li><strong>Qualit\u00e9 de l'artisanat : <\/strong>Nos cruches en c\u00e9ramique en gros sont fabriqu\u00e9es \u00e0 l'aide d'une technologie de cuisson de la c\u00e9ramique \u00e0 haute temp\u00e9rature, et leurs couleurs restent \u00e9clatantes apr\u00e8s une utilisation prolong\u00e9e.<\/li>\n\n\n\n<li><strong>Application multi-sc\u00e9narios : <\/strong>La cruche en c\u00e9ramique convient \u00e0 la d\u00e9coration int\u00e9rieure, \u00e0 la pr\u00e9sentation des repas et \u00e0 l'assortiment de cadeaux.<\/li>\n<\/ul>\n\n\n\n<h3 class=\"wp-block-heading\">Service de poterie sur mesure<\/h3>\n\n\n\n<p>Nous proposons des services OEM et ODM pour nos produits.<br>Des \u00e9chantillons peuvent \u00eatre livr\u00e9s rapidement.<br>Nous offrons une vari\u00e9t\u00e9 de formes, de couleurs, d'impressions personnalis\u00e9es, d'emballages et d'autres services sur mesure pour r\u00e9pondre \u00e0 vos besoins sp\u00e9cifiques.<br><a href=\"https:\/\/www.santai-ceramics.com\/fr\/custom\/\" data-type=\"page\" data-id=\"13\" target=\"_blank\" rel=\"noreferrer noopener\"><strong><b>En savoir plus sur la personnalisation<\/b> d\u00e9tail de la poterie.<\/strong><\/a><\/p>\n\n\n\n<div class=\"wp-block-columns is-layout-flex wp-container-core-columns-is-layout-9d6595d7 wp-block-columns-is-layout-flex\">\n<div class=\"wp-block-column is-layout-flow wp-block-column-is-layout-flow\">\n<figure class=\"wp-block-image size-full\"><img decoding=\"async\" width=\"2835\" height=\"2362\" src=\"https:\/\/www.santai-ceramics.com\/wp-content\/uploads\/2025\/05\/Wholesale-Vintage-Ceramic-Jug-5.webp\" alt=\"Vente en gros de cruches en c\u00e9ramique (5)\" class=\"wp-image-2722\" srcset=\"https:\/\/www.santai-ceramics.com\/wp-content\/uploads\/2025\/05\/Wholesale-Vintage-Ceramic-Jug-5.webp 2835w, https:\/\/www.santai-ceramics.com\/wp-content\/uploads\/2025\/05\/Wholesale-Vintage-Ceramic-Jug-5-300x250.webp 300w, https:\/\/www.santai-ceramics.com\/wp-content\/uploads\/2025\/05\/Wholesale-Vintage-Ceramic-Jug-5-768x640.webp 768w, https:\/\/www.santai-ceramics.com\/wp-content\/uploads\/2025\/05\/Wholesale-Vintage-Ceramic-Jug-5-14x12.webp 14w, https:\/\/www.santai-ceramics.com\/wp-content\/uploads\/2025\/05\/Wholesale-Vintage-Ceramic-Jug-5-1200x1000.webp 1200w, https:\/\/www.santai-ceramics.com\/wp-content\/uploads\/2025\/05\/Wholesale-Vintage-Ceramic-Jug-5-600x500.webp 600w\" sizes=\"(max-width: 2835px) 100vw, 2835px\" \/><\/figure>\n<\/div>\n\n\n\n<div class=\"wp-block-column is-layout-flow wp-block-column-is-layout-flow\">\n<figure class=\"wp-block-image size-full\"><img decoding=\"async\" width=\"2328\" height=\"2328\" src=\"https:\/\/www.santai-ceramics.com\/wp-content\/uploads\/2025\/05\/Wholesale-Vintage-Ceramic-Jug-6.webp\" alt=\"Vente en gros de cruches en c\u00e9ramique (6)\" class=\"wp-image-2723\" srcset=\"https:\/\/www.santai-ceramics.com\/wp-content\/uploads\/2025\/05\/Wholesale-Vintage-Ceramic-Jug-6.webp 2328w, https:\/\/www.santai-ceramics.com\/wp-content\/uploads\/2025\/05\/Wholesale-Vintage-Ceramic-Jug-6-300x300.webp 300w, https:\/\/www.santai-ceramics.com\/wp-content\/uploads\/2025\/05\/Wholesale-Vintage-Ceramic-Jug-6-150x150.webp 150w, https:\/\/www.santai-ceramics.com\/wp-content\/uploads\/2025\/05\/Wholesale-Vintage-Ceramic-Jug-6-768x768.webp 768w, https:\/\/www.santai-ceramics.com\/wp-content\/uploads\/2025\/05\/Wholesale-Vintage-Ceramic-Jug-6-12x12.webp 12w, https:\/\/www.santai-ceramics.com\/wp-content\/uploads\/2025\/05\/Wholesale-Vintage-Ceramic-Jug-6-1200x1200.webp 1200w, https:\/\/www.santai-ceramics.com\/wp-content\/uploads\/2025\/05\/Wholesale-Vintage-Ceramic-Jug-6-600x600.webp 600w, https:\/\/www.santai-ceramics.com\/wp-content\/uploads\/2025\/05\/Wholesale-Vintage-Ceramic-Jug-6-100x100.webp 100w\" sizes=\"(max-width: 2328px) 100vw, 2328px\" \/><\/figure>\n<\/div>\n<\/div>\n\n\n\n<div class=\"wp-block-columns is-layout-flex wp-container-core-columns-is-layout-9d6595d7 wp-block-columns-is-layout-flex\">\n<div class=\"wp-block-column is-layout-flow wp-block-column-is-layout-flow\"><\/div>\n\n\n\n<div class=\"wp-block-column is-layout-flow wp-block-column-is-layout-flow\"><\/div>\n<\/div>","protected":false},"excerpt":{"rendered":"<p data-pm-slice=\"0 0 []\">Grossiste cruche r\u00e9tro en c\u00e9ramique, gla\u00e7ure vert fonc\u00e9, esth\u00e9tique classique et nostalgique. Convient pour la maison, le caf\u00e9, l'\u00e9tude et d'autres sc\u00e8nes, la s\u00e9rie compl\u00e8te comprend 3 tailles, un stock suffisant, un prix d'usine comp\u00e9titif, bienvenue \u00e0 nous contacter.<\/p>\n<h2>Sp\u00e9cification des cruches en c\u00e9ramique d'\u00e9poque<\/h2>\n<table width=\"1140\">\n<tbody>\n<tr>\n<td width=\"285\">Num\u00e9ro de mod\u00e8le<\/td>\n<td width=\"285\">A36724-LE35-A01<\/td>\n<td width=\"285\">A36724-LE35-A02<\/td>\n<td width=\"285\">A36724-LE35-A03<\/td>\n<\/tr>\n<tr>\n<td>Nom du produit<\/td>\n<td>Pichet en c\u00e9ramique<\/td>\n<td>Pichet en c\u00e9ramique<\/td>\n<td>Pichet en c\u00e9ramique<\/td>\n<\/tr>\n<tr>\n<td>Couleur<\/td>\n<td>Vert royal<\/td>\n<td>Vert royal<\/td>\n<td>Vert royal<\/td>\n<\/tr>\n<tr>\n<td>Mat\u00e9riau<\/td>\n<td>C\u00e9ramique\u00a0<\/td>\n<td>C\u00e9ramique\u00a0<\/td>\n<td>C\u00e9ramique\u00a0<\/td>\n<\/tr>\n<tr>\n<td>Sc\u00e9narios d'utilisation<\/td>\n<td>d\u00e9coration int\u00e9rieure<\/td>\n<td>d\u00e9coration int\u00e9rieure<\/td>\n<td>d\u00e9coration int\u00e9rieure<\/td>\n<\/tr>\n<tr>\n<td>Dimensions<\/td>\n<td>15X15X28.5cm<\/td>\n<td>13.5X13.5X22.5cm<\/td>\n<td>11.5X11.5X18cm<\/td>\n<\/tr>\n<tr>\n<td>Poids<\/td>\n<td>1,6kg\/pc<\/td>\n<td>1,4kg\/pc<\/td>\n<td>0,6kg\/pc<\/td>\n<\/tr>\n<\/tbody>\n<\/table>","protected":false},"featured_media":2718,"comment_status":"closed","ping_status":"closed","template":"","meta":{"_acf_changed":false},"product_brand":[],"product_cat":[18,44,22],"product_tag":[],"class_list":{"0":"post-2683","1":"product","2":"type-product","3":"status-publish","4":"has-post-thumbnail","6":"product_cat-home-decor","7":"product_cat-wholesale-ceramic-jugs","8":"product_cat-vase","10":"first","11":"instock","12":"shipping-taxable","13":"product-type-simple"},"acf":[],"_links":{"self":[{"href":"https:\/\/www.santai-ceramics.com\/fr\/wp-json\/wp\/v2\/product\/2683","targetHints":{"allow":["GET"]}}],"collection":[{"href":"https:\/\/www.santai-ceramics.com\/fr\/wp-json\/wp\/v2\/product"}],"about":[{"href":"https:\/\/www.santai-ceramics.com\/fr\/wp-json\/wp\/v2\/types\/product"}],"replies":[{"embeddable":true,"href":"https:\/\/www.santai-ceramics.com\/fr\/wp-json\/wp\/v2\/comments?post=2683"}],"wp:featuredmedia":[{"embeddable":true,"href":"https:\/\/www.santai-ceramics.com\/fr\/wp-json\/wp\/v2\/media\/2718"}],"wp:attachment":[{"href":"https:\/\/www.santai-ceramics.com\/fr\/wp-json\/wp\/v2\/media?parent=2683"}],"wp:term":[{"taxonomy":"product_brand","embeddable":true,"href":"https:\/\/www.santai-ceramics.com\/fr\/wp-json\/wp\/v2\/product_brand?post=2683"},{"taxonomy":"product_cat","embeddable":true,"href":"https:\/\/www.santai-ceramics.com\/fr\/wp-json\/wp\/v2\/product_cat?post=2683"},{"taxonomy":"product_tag","embeddable":true,"href":"https:\/\/www.santai-ceramics.com\/fr\/wp-json\/wp\/v2\/product_tag?post=2683"}],"curies":[{"name":"wp","href":"https:\/\/api.w.org\/{rel}","templated":true}]}}