{"id":2684,"date":"2025-05-29T06:54:30","date_gmt":"2025-05-29T06:54:30","guid":{"rendered":"https:\/\/www.santai-ceramics.com\/?post_type=product&#038;p=2684"},"modified":"2025-06-08T03:01:30","modified_gmt":"2025-06-08T03:01:30","slug":"wholesale-classic-elegance-ceramic-vase","status":"publish","type":"product","link":"https:\/\/www.santai-ceramics.com\/fr\/product\/wholesale-classic-elegance-ceramic-vase\/","title":{"rendered":"Vase en c\u00e9ramique Classic Elegance Wholesale, couleur naturelle Olive, trois tailles disponibles"},"content":{"rendered":"<h3 class=\"wp-block-heading\">Caract\u00e9ristiques du vase en c\u00e9ramique Classic Elegance<\/h3>\n\n\n\n<ul class=\"wp-block-list\">\n<li>Un design unique : Le design a\u00e9rodynamique et ray\u00e9 le rend tr\u00e8s attrayant visuellement, ce qui ajoute \u00e0 l'effet d\u00e9coratif.<\/li>\n\n\n\n<li>Couleur \u00e9l\u00e9gante : la teinte vert royal est plus noble et plus \u00e9l\u00e9gante, et s'accorde facilement avec diff\u00e9rents styles de maison.<\/li>\n\n\n\n<li>Plusieurs tailles possibles : Trois tailles de vases sont disponibles, qui peuvent \u00eatre utilis\u00e9es pour placer diff\u00e9rents types de fleurs et s'adapter \u00e0 divers sc\u00e9narios d'utilisation.<\/li>\n<\/ul>\n\n\n\n<h3 class=\"wp-block-heading\">Service de vases en c\u00e9ramique sur mesure<\/h3>\n\n\n\n<p>Nous proposons des services OEM et ODM pour nos produits.<br>Des \u00e9chantillons peuvent \u00eatre livr\u00e9s rapidement.<br>Nous offrons une vari\u00e9t\u00e9 de formes, de couleurs, d'impressions personnalis\u00e9es, d'emballages et d'autres services sur mesure pour r\u00e9pondre \u00e0 vos besoins sp\u00e9cifiques.<br><a href=\"https:\/\/www.santai-ceramics.com\/fr\/custom\/\" data-type=\"page\" data-id=\"13\" target=\"_blank\" rel=\"noreferrer noopener\"><strong><b>En savoir plus sur la personnalisation<\/b> d\u00e9tail d'un vase en c\u00e9ramique.<\/strong><\/a><\/p>\n\n\n\n<div class=\"wp-block-columns is-layout-flex wp-container-core-columns-is-layout-9d6595d7 wp-block-columns-is-layout-flex\">\n<div class=\"wp-block-column is-layout-flow wp-block-column-is-layout-flow\">\n<figure class=\"wp-block-image size-full\"><img decoding=\"async\" width=\"2835\" height=\"2362\" src=\"https:\/\/www.santai-ceramics.com\/wp-content\/uploads\/2025\/05\/Classic-Elegance-Ceramic-Vase-Series-1.webp\" alt=\"S\u00e9rie de vases en c\u00e9ramique \u00c9l\u00e9gance classique (1)\" class=\"wp-image-2743\" srcset=\"https:\/\/www.santai-ceramics.com\/wp-content\/uploads\/2025\/05\/Classic-Elegance-Ceramic-Vase-Series-1.webp 2835w, https:\/\/www.santai-ceramics.com\/wp-content\/uploads\/2025\/05\/Classic-Elegance-Ceramic-Vase-Series-1-300x250.webp 300w, https:\/\/www.santai-ceramics.com\/wp-content\/uploads\/2025\/05\/Classic-Elegance-Ceramic-Vase-Series-1-768x640.webp 768w, https:\/\/www.santai-ceramics.com\/wp-content\/uploads\/2025\/05\/Classic-Elegance-Ceramic-Vase-Series-1-14x12.webp 14w, https:\/\/www.santai-ceramics.com\/wp-content\/uploads\/2025\/05\/Classic-Elegance-Ceramic-Vase-Series-1-1200x1000.webp 1200w, https:\/\/www.santai-ceramics.com\/wp-content\/uploads\/2025\/05\/Classic-Elegance-Ceramic-Vase-Series-1-600x500.webp 600w\" sizes=\"(max-width: 2835px) 100vw, 2835px\" \/><\/figure>\n<\/div>\n\n\n\n<div class=\"wp-block-column is-layout-flow wp-block-column-is-layout-flow\">\n<figure class=\"wp-block-image size-full\"><img decoding=\"async\" width=\"2835\" height=\"2362\" src=\"https:\/\/www.santai-ceramics.com\/wp-content\/uploads\/2025\/05\/Classic-Elegance-Ceramic-Vase-Series-2.webp\" alt=\"S\u00e9rie de vases en c\u00e9ramique \u00c9l\u00e9gance classique (2)\" class=\"wp-image-2744\" srcset=\"https:\/\/www.santai-ceramics.com\/wp-content\/uploads\/2025\/05\/Classic-Elegance-Ceramic-Vase-Series-2.webp 2835w, https:\/\/www.santai-ceramics.com\/wp-content\/uploads\/2025\/05\/Classic-Elegance-Ceramic-Vase-Series-2-300x250.webp 300w, https:\/\/www.santai-ceramics.com\/wp-content\/uploads\/2025\/05\/Classic-Elegance-Ceramic-Vase-Series-2-768x640.webp 768w, https:\/\/www.santai-ceramics.com\/wp-content\/uploads\/2025\/05\/Classic-Elegance-Ceramic-Vase-Series-2-14x12.webp 14w, https:\/\/www.santai-ceramics.com\/wp-content\/uploads\/2025\/05\/Classic-Elegance-Ceramic-Vase-Series-2-1200x1000.webp 1200w, https:\/\/www.santai-ceramics.com\/wp-content\/uploads\/2025\/05\/Classic-Elegance-Ceramic-Vase-Series-2-600x500.webp 600w\" sizes=\"(max-width: 2835px) 100vw, 2835px\" \/><\/figure>\n<\/div>\n<\/div>\n\n\n\n<div class=\"wp-block-columns is-layout-flex wp-container-core-columns-is-layout-9d6595d7 wp-block-columns-is-layout-flex\">\n<div class=\"wp-block-column is-layout-flow wp-block-column-is-layout-flow\"><\/div>\n\n\n\n<div class=\"wp-block-column is-layout-flow wp-block-column-is-layout-flow\"><\/div>\n<\/div>","protected":false},"excerpt":{"rendered":"<p data-pm-slice=\"0 0 []\">Vase en c\u00e9ramique \u00e0 l'\u00e9l\u00e9gance classique, ce vase combine l'esth\u00e9tique traditionnelle et moderne, a un temp\u00e9rament noble et \u00e9l\u00e9gant, et convient \u00e0 une vari\u00e9t\u00e9 de styles d'int\u00e9rieur. Il peut \u00eatre utilis\u00e9 pour d\u00e9corer le salon, le bureau et d'autres endroits. Possibilit\u00e9 de personnalisation OEM\/ODM, possibilit\u00e9 d'achat en gros.<\/p>\n<h2>Sp\u00e9cification du vase en c\u00e9ramique Classic Elegance<\/h2>\n<table width=\"1140\">\n<tbody>\n<tr>\n<td width=\"285\">Num\u00e9ro de mod\u00e8le<\/td>\n<td width=\"285\">A37943-LE35-A01<\/td>\n<td width=\"285\">A37943-LE35-A02<\/td>\n<td width=\"285\">A37943-LE35-A03<\/td>\n<\/tr>\n<tr>\n<td>Nom du produit<\/td>\n<td>Vase en c\u00e9ramique<\/td>\n<td>Vase en c\u00e9ramique<\/td>\n<td>Vase en c\u00e9ramique<\/td>\n<\/tr>\n<tr>\n<td>Couleur<\/td>\n<td>Vert royal<\/td>\n<td>Vert royal<\/td>\n<td>Vert royal<\/td>\n<\/tr>\n<tr>\n<td>Mat\u00e9riau<\/td>\n<td>C\u00e9ramique\u00a0<\/td>\n<td>C\u00e9ramique\u00a0<\/td>\n<td>C\u00e9ramique\u00a0<\/td>\n<\/tr>\n<tr>\n<td>Sc\u00e9narios d'utilisation<\/td>\n<td>d\u00e9coration int\u00e9rieure<\/td>\n<td>d\u00e9coration int\u00e9rieure<\/td>\n<td>d\u00e9coration int\u00e9rieure<\/td>\n<\/tr>\n<tr>\n<td>Dimensions<\/td>\n<td>D:17.5X31cm<\/td>\n<td>D:13.5X22.5cm<\/td>\n<td>D:10X18cm<\/td>\n<\/tr>\n<tr>\n<td>Poids<\/td>\n<td>1,6kg\/pc<\/td>\n<td>0,9kg\/pc<\/td>\n<td>0,5kg\/pc<\/td>\n<\/tr>\n<\/tbody>\n<\/table>","protected":false},"featured_media":2745,"comment_status":"closed","ping_status":"closed","template":"","meta":{"_acf_changed":false},"product_brand":[],"product_cat":[18],"product_tag":[],"class_list":{"0":"post-2684","1":"product","2":"type-product","3":"status-publish","4":"has-post-thumbnail","6":"product_cat-home-decor","8":"first","9":"instock","10":"shipping-taxable","11":"product-type-simple"},"acf":[],"_links":{"self":[{"href":"https:\/\/www.santai-ceramics.com\/fr\/wp-json\/wp\/v2\/product\/2684","targetHints":{"allow":["GET"]}}],"collection":[{"href":"https:\/\/www.santai-ceramics.com\/fr\/wp-json\/wp\/v2\/product"}],"about":[{"href":"https:\/\/www.santai-ceramics.com\/fr\/wp-json\/wp\/v2\/types\/product"}],"replies":[{"embeddable":true,"href":"https:\/\/www.santai-ceramics.com\/fr\/wp-json\/wp\/v2\/comments?post=2684"}],"wp:featuredmedia":[{"embeddable":true,"href":"https:\/\/www.santai-ceramics.com\/fr\/wp-json\/wp\/v2\/media\/2745"}],"wp:attachment":[{"href":"https:\/\/www.santai-ceramics.com\/fr\/wp-json\/wp\/v2\/media?parent=2684"}],"wp:term":[{"taxonomy":"product_brand","embeddable":true,"href":"https:\/\/www.santai-ceramics.com\/fr\/wp-json\/wp\/v2\/product_brand?post=2684"},{"taxonomy":"product_cat","embeddable":true,"href":"https:\/\/www.santai-ceramics.com\/fr\/wp-json\/wp\/v2\/product_cat?post=2684"},{"taxonomy":"product_tag","embeddable":true,"href":"https:\/\/www.santai-ceramics.com\/fr\/wp-json\/wp\/v2\/product_tag?post=2684"}],"curies":[{"name":"wp","href":"https:\/\/api.w.org\/{rel}","templated":true}]}}