{"id":2685,"date":"2025-05-29T07:22:25","date_gmt":"2025-05-29T07:22:25","guid":{"rendered":"https:\/\/www.santai-ceramics.com\/?post_type=product&#038;p=2685"},"modified":"2025-05-29T07:23:56","modified_gmt":"2025-05-29T07:23:56","slug":"wholesale-modern-style-ceramic-vase","status":"publish","type":"product","link":"https:\/\/www.santai-ceramics.com\/fr\/product\/wholesale-modern-style-ceramic-vase\/","title":{"rendered":"Vase en c\u00e9ramique de style moderne Wholesale, deux tailles disponibles"},"content":{"rendered":"<h3 class=\"wp-block-heading\">Caract\u00e9ristiques du vase en c\u00e9ramique de style moderne<\/h3>\n\n\n\n<ul class=\"wp-block-list\">\n<li><strong>Belle forme : <\/strong>La texture \u00e0 rayures verticales ajoute une dimension et une beaut\u00e9 \u00e0 la ligne, simple mais exquise.<\/li>\n\n\n\n<li><strong>Couleurs vari\u00e9es : <\/strong>Le flacon vert fonc\u00e9 est assorti \u00e0 des fleurs de diff\u00e9rentes couleurs, fra\u00eeches et naturelles, adapt\u00e9es aux styles d'int\u00e9rieur modernes, nordiques et autres.<\/li>\n\n\n\n<li><strong>Une grande praticit\u00e9 : <\/strong>La combinaison d'un grand et d'un petit peut \u00eatre utilis\u00e9e seule ou plac\u00e9e ensemble pour r\u00e9pondre \u00e0 diff\u00e9rents besoins de composition florale.<\/li>\n<\/ul>\n\n\n\n<h3 class=\"wp-block-heading\">Service de vases en c\u00e9ramique sur mesure<\/h3>\n\n\n\n<p>Nous proposons des services OEM et ODM pour nos produits.<br>Des \u00e9chantillons peuvent \u00eatre livr\u00e9s rapidement.<br>Nous offrons une vari\u00e9t\u00e9 de formes, de couleurs, d'impressions personnalis\u00e9es, d'emballages et d'autres services sur mesure pour r\u00e9pondre \u00e0 vos besoins sp\u00e9cifiques.<br><a href=\"https:\/\/www.santai-ceramics.com\/fr\/custom\/\" data-type=\"page\" data-id=\"13\" target=\"_blank\" rel=\"noreferrer noopener\"><strong><b>En savoir plus sur la personnalisation<\/b> d\u00e9tail d'un vase en c\u00e9ramique.<\/strong><\/a><\/p>\n\n\n\n<div class=\"wp-block-columns is-layout-flex wp-container-core-columns-is-layout-9d6595d7 wp-block-columns-is-layout-flex\">\n<div class=\"wp-block-column is-layout-flow wp-block-column-is-layout-flow\">\n<figure class=\"wp-block-image size-full\"><img decoding=\"async\" width=\"3118\" height=\"2598\" src=\"https:\/\/www.santai-ceramics.com\/wp-content\/uploads\/2025\/05\/Modern-Style-Ceramic-Vase-4-1.webp\" alt=\"Vase en c\u00e9ramique de style moderne (4)\" class=\"wp-image-2757\" srcset=\"https:\/\/www.santai-ceramics.com\/wp-content\/uploads\/2025\/05\/Modern-Style-Ceramic-Vase-4-1.webp 3118w, https:\/\/www.santai-ceramics.com\/wp-content\/uploads\/2025\/05\/Modern-Style-Ceramic-Vase-4-1-300x250.webp 300w, https:\/\/www.santai-ceramics.com\/wp-content\/uploads\/2025\/05\/Modern-Style-Ceramic-Vase-4-1-768x640.webp 768w, https:\/\/www.santai-ceramics.com\/wp-content\/uploads\/2025\/05\/Modern-Style-Ceramic-Vase-4-1-14x12.webp 14w, https:\/\/www.santai-ceramics.com\/wp-content\/uploads\/2025\/05\/Modern-Style-Ceramic-Vase-4-1-1200x1000.webp 1200w, https:\/\/www.santai-ceramics.com\/wp-content\/uploads\/2025\/05\/Modern-Style-Ceramic-Vase-4-1-600x500.webp 600w\" sizes=\"(max-width: 3118px) 100vw, 3118px\" \/><\/figure>\n<\/div>\n\n\n\n<div class=\"wp-block-column is-layout-flow wp-block-column-is-layout-flow\">\n<figure class=\"wp-block-image size-full\"><img decoding=\"async\" width=\"2268\" height=\"1890\" src=\"https:\/\/www.santai-ceramics.com\/wp-content\/uploads\/2025\/05\/Modern-Style-Ceramic-Vase-6.webp\" alt=\"Vase en c\u00e9ramique de style moderne (6)\" class=\"wp-image-2758\" srcset=\"https:\/\/www.santai-ceramics.com\/wp-content\/uploads\/2025\/05\/Modern-Style-Ceramic-Vase-6.webp 2268w, https:\/\/www.santai-ceramics.com\/wp-content\/uploads\/2025\/05\/Modern-Style-Ceramic-Vase-6-300x250.webp 300w, https:\/\/www.santai-ceramics.com\/wp-content\/uploads\/2025\/05\/Modern-Style-Ceramic-Vase-6-768x640.webp 768w, https:\/\/www.santai-ceramics.com\/wp-content\/uploads\/2025\/05\/Modern-Style-Ceramic-Vase-6-14x12.webp 14w, https:\/\/www.santai-ceramics.com\/wp-content\/uploads\/2025\/05\/Modern-Style-Ceramic-Vase-6-1200x1000.webp 1200w, https:\/\/www.santai-ceramics.com\/wp-content\/uploads\/2025\/05\/Modern-Style-Ceramic-Vase-6-600x500.webp 600w\" sizes=\"(max-width: 2268px) 100vw, 2268px\" \/><\/figure>\n<\/div>\n<\/div>\n\n\n\n<div class=\"wp-block-columns is-layout-flex wp-container-core-columns-is-layout-9d6595d7 wp-block-columns-is-layout-flex\">\n<div class=\"wp-block-column is-layout-flow wp-block-column-is-layout-flow\"><\/div>\n\n\n\n<div class=\"wp-block-column is-layout-flow wp-block-column-is-layout-flow\"><\/div>\n<\/div>","protected":false},"excerpt":{"rendered":"<p data-pm-slice=\"0 0 []\">Vase en c\u00e9ramique de style moderne en gros, la forme simple peut mettre en valeur la couleur et la posture de l'art floral, et peut \u00eatre facilement int\u00e9gr\u00e9 dans divers styles d'int\u00e9rieur tels que moderne et nordique. Convient pour le salon, la chambre \u00e0 coucher, la table \u00e0 manger et d'autres espaces pour cr\u00e9er une atmosph\u00e8re naturelle et \u00e9l\u00e9gante. Les achats en gros sont les bienvenus.<\/p>\n<h2>Sp\u00e9cification du vase en c\u00e9ramique de style moderne<\/h2>\n<table width=\"855\">\n<tbody>\n<tr>\n<td width=\"285\">Num\u00e9ro de mod\u00e8le<\/td>\n<td width=\"285\">A37944-LE35-A01<\/td>\n<td width=\"285\">A37944-LE35-A02<\/td>\n<\/tr>\n<tr>\n<td>Nom du produit<\/td>\n<td>Vase en c\u00e9ramique<\/td>\n<td>Vase en c\u00e9ramique<\/td>\n<\/tr>\n<tr>\n<td>Couleur<\/td>\n<td>Vert royal<\/td>\n<td>Vert royal<\/td>\n<\/tr>\n<tr>\n<td>Mat\u00e9riau<\/td>\n<td>C\u00e9ramique\u00a0<\/td>\n<td>C\u00e9ramique\u00a0<\/td>\n<\/tr>\n<tr>\n<td>Sc\u00e9narios d'utilisation<\/td>\n<td>d\u00e9coration int\u00e9rieure<\/td>\n<td>d\u00e9coration int\u00e9rieure<\/td>\n<\/tr>\n<tr>\n<td>Dimensions<\/td>\n<td>D:15.5\u00d736.5cm<\/td>\n<td>D:14\u00d731.5cm<\/td>\n<\/tr>\n<tr>\n<td>Poids<\/td>\n<td>1,7kg\/pc<\/td>\n<td>1,3kg\/pc<\/td>\n<\/tr>\n<\/tbody>\n<\/table>","protected":false},"featured_media":2754,"comment_status":"closed","ping_status":"closed","template":"","meta":{"_acf_changed":false},"product_brand":[],"product_cat":[18,22],"product_tag":[],"class_list":{"0":"post-2685","1":"product","2":"type-product","3":"status-publish","4":"has-post-thumbnail","6":"product_cat-home-decor","7":"product_cat-vase","9":"first","10":"instock","11":"shipping-taxable","12":"product-type-simple"},"acf":[],"_links":{"self":[{"href":"https:\/\/www.santai-ceramics.com\/fr\/wp-json\/wp\/v2\/product\/2685","targetHints":{"allow":["GET"]}}],"collection":[{"href":"https:\/\/www.santai-ceramics.com\/fr\/wp-json\/wp\/v2\/product"}],"about":[{"href":"https:\/\/www.santai-ceramics.com\/fr\/wp-json\/wp\/v2\/types\/product"}],"replies":[{"embeddable":true,"href":"https:\/\/www.santai-ceramics.com\/fr\/wp-json\/wp\/v2\/comments?post=2685"}],"wp:featuredmedia":[{"embeddable":true,"href":"https:\/\/www.santai-ceramics.com\/fr\/wp-json\/wp\/v2\/media\/2754"}],"wp:attachment":[{"href":"https:\/\/www.santai-ceramics.com\/fr\/wp-json\/wp\/v2\/media?parent=2685"}],"wp:term":[{"taxonomy":"product_brand","embeddable":true,"href":"https:\/\/www.santai-ceramics.com\/fr\/wp-json\/wp\/v2\/product_brand?post=2685"},{"taxonomy":"product_cat","embeddable":true,"href":"https:\/\/www.santai-ceramics.com\/fr\/wp-json\/wp\/v2\/product_cat?post=2685"},{"taxonomy":"product_tag","embeddable":true,"href":"https:\/\/www.santai-ceramics.com\/fr\/wp-json\/wp\/v2\/product_tag?post=2685"}],"curies":[{"name":"wp","href":"https:\/\/api.w.org\/{rel}","templated":true}]}}