{"id":2686,"date":"2025-05-29T04:14:41","date_gmt":"2025-05-29T04:14:41","guid":{"rendered":"https:\/\/www.santai-ceramics.com\/?post_type=product&#038;p=2686"},"modified":"2025-06-10T01:06:34","modified_gmt":"2025-06-10T01:06:34","slug":"wholesale-dark-green-ripple-ceramic-jar","status":"publish","type":"product","link":"https:\/\/www.santai-ceramics.com\/fr\/product\/wholesale-dark-green-ripple-ceramic-jar\/","title":{"rendered":"Grossiste Pot en C\u00e9ramique Vert Fonc\u00e9 Ondul\u00e9 pour D\u00e9coration d'Int\u00e9rieur"},"content":{"rendered":"<h3 class=\"wp-block-heading\">Caract\u00e9ristiques du pot en c\u00e9ramique Ripple<\/h3>\n\n\n\n<ul class=\"wp-block-list\">\n<li><strong>Forme stable : <\/strong>Le design arrondi et plein du pot pr\u00e9sente des lignes douces, ce qui est \u00e0 la fois beau et pratique.<\/li>\n\n\n\n<li><strong>Texture unique : <\/strong>La d\u00e9coration ondul\u00e9e autour de la surface ajoute une impression de superposition et est pleine d'atmosph\u00e8re artistique.<\/li>\n\n\n\n<li><strong>Large \u00e9ventail d'utilisations : <\/strong>Il peut \u00eatre utilis\u00e9 pour la composition florale, la d\u00e9coration ou le stockage, et convient \u00e0 la maison, au caf\u00e9, \u00e0 l'h\u00f4tel et \u00e0 d'autres lieux.<\/li>\n<\/ul>\n\n\n\n<h3 class=\"wp-block-heading\">Service de poterie sur mesure<\/h3>\n\n\n\n<p>Nous proposons des services OEM et ODM pour nos produits.<br>Des \u00e9chantillons peuvent \u00eatre livr\u00e9s rapidement.<br>Nous offrons une vari\u00e9t\u00e9 de formes, de couleurs, d'impressions personnalis\u00e9es, d'emballages et d'autres services sur mesure pour r\u00e9pondre \u00e0 vos besoins sp\u00e9cifiques.<br><a href=\"https:\/\/www.santai-ceramics.com\/fr\/custom\/\" data-type=\"page\" data-id=\"13\" target=\"_blank\" rel=\"noreferrer noopener\"><strong><b>En savoir plus sur la personnalisation<\/b> d\u00e9tail de la poterie.<\/strong><\/a><\/p>\n\n\n\n<div class=\"wp-block-columns is-layout-flex wp-container-core-columns-is-layout-9d6595d7 wp-block-columns-is-layout-flex\">\n<div class=\"wp-block-column is-layout-flow wp-block-column-is-layout-flow\">\n<figure class=\"wp-block-image size-full\"><img decoding=\"async\" width=\"2551\" height=\"2126\" src=\"https:\/\/www.santai-ceramics.com\/wp-content\/uploads\/2025\/05\/Ripple-Ceramic-Jar-4.webp\" alt=\"Jarre c\u00e9ramique ondul\u00e9e (4)\" class=\"wp-image-2740\" srcset=\"https:\/\/www.santai-ceramics.com\/wp-content\/uploads\/2025\/05\/Ripple-Ceramic-Jar-4.webp 2551w, https:\/\/www.santai-ceramics.com\/wp-content\/uploads\/2025\/05\/Ripple-Ceramic-Jar-4-300x250.webp 300w, https:\/\/www.santai-ceramics.com\/wp-content\/uploads\/2025\/05\/Ripple-Ceramic-Jar-4-768x640.webp 768w, https:\/\/www.santai-ceramics.com\/wp-content\/uploads\/2025\/05\/Ripple-Ceramic-Jar-4-14x12.webp 14w, https:\/\/www.santai-ceramics.com\/wp-content\/uploads\/2025\/05\/Ripple-Ceramic-Jar-4-1200x1000.webp 1200w, https:\/\/www.santai-ceramics.com\/wp-content\/uploads\/2025\/05\/Ripple-Ceramic-Jar-4-600x500.webp 600w\" sizes=\"(max-width: 2551px) 100vw, 2551px\" \/><\/figure>\n<\/div>\n\n\n\n<div class=\"wp-block-column is-layout-flow wp-block-column-is-layout-flow\">\n<figure class=\"wp-block-image size-full\"><img decoding=\"async\" width=\"2268\" height=\"1890\" src=\"https:\/\/www.santai-ceramics.com\/wp-content\/uploads\/2025\/05\/Ripple-Ceramic-Jar-5.webp\" alt=\"Jarre c\u00e9ramique ondul\u00e9e (5)\" class=\"wp-image-2741\" srcset=\"https:\/\/www.santai-ceramics.com\/wp-content\/uploads\/2025\/05\/Ripple-Ceramic-Jar-5.webp 2268w, https:\/\/www.santai-ceramics.com\/wp-content\/uploads\/2025\/05\/Ripple-Ceramic-Jar-5-300x250.webp 300w, https:\/\/www.santai-ceramics.com\/wp-content\/uploads\/2025\/05\/Ripple-Ceramic-Jar-5-768x640.webp 768w, https:\/\/www.santai-ceramics.com\/wp-content\/uploads\/2025\/05\/Ripple-Ceramic-Jar-5-14x12.webp 14w, https:\/\/www.santai-ceramics.com\/wp-content\/uploads\/2025\/05\/Ripple-Ceramic-Jar-5-1200x1000.webp 1200w, https:\/\/www.santai-ceramics.com\/wp-content\/uploads\/2025\/05\/Ripple-Ceramic-Jar-5-600x500.webp 600w\" sizes=\"(max-width: 2268px) 100vw, 2268px\" \/><\/figure>\n<\/div>\n<\/div>","protected":false},"excerpt":{"rendered":"<p data-pm-slice=\"0 0 []\">Jarre en c\u00e9ramique ondul\u00e9e vert fonc\u00e9 en gros, la surface \u00e9maill\u00e9e est calme et atmosph\u00e9rique, avec une texture ondul\u00e9e naturelle, convenant aux compositions florales, \u00e0 la d\u00e9coration d'int\u00e9rieur ou comme jarre de stockage. Nous offrons un service personnalis\u00e9 et nous vous invitons \u00e0 commander en gros.<\/p>\n<h2>Sp\u00e9cification du pot en c\u00e9ramique vert fonc\u00e9 ondul\u00e9<\/h2>\n<table width=\"855\">\n<tbody>\n<tr>\n<td width=\"285\">Num\u00e9ro de mod\u00e8le<\/td>\n<td width=\"285\">A37715-LE35-A01<\/td>\n<td width=\"285\">A37715-LE35-A02<\/td>\n<\/tr>\n<tr>\n<td>Nom du produit<\/td>\n<td>Bocal en c\u00e9ramique<\/td>\n<td>Bocal en c\u00e9ramique<\/td>\n<\/tr>\n<tr>\n<td>Couleur<\/td>\n<td>Vert royal<\/td>\n<td>Vert royal<\/td>\n<\/tr>\n<tr>\n<td>Mat\u00e9riau<\/td>\n<td>C\u00e9ramique\u00a0<\/td>\n<td>C\u00e9ramique\u00a0<\/td>\n<\/tr>\n<tr>\n<td>Sc\u00e9narios d'utilisation<\/td>\n<td>d\u00e9coration int\u00e9rieure<\/td>\n<td>d\u00e9coration int\u00e9rieure<\/td>\n<\/tr>\n<tr>\n<td>Dimensions<\/td>\n<td>D:21.5X23cm<\/td>\n<td>D:17X18cm<\/td>\n<\/tr>\n<tr>\n<td>Poids<\/td>\n<td>1,9kg\/pc<\/td>\n<td>1,1kg\/pc<\/td>\n<\/tr>\n<\/tbody>\n<\/table>","protected":false},"featured_media":2737,"comment_status":"closed","ping_status":"closed","template":"","meta":{"_acf_changed":false},"product_brand":[],"product_cat":[18,43,22],"product_tag":[],"class_list":{"0":"post-2686","1":"product","2":"type-product","3":"status-publish","4":"has-post-thumbnail","6":"product_cat-home-decor","7":"product_cat-wholesale-ceramic-jar","8":"product_cat-vase","10":"first","11":"instock","12":"shipping-taxable","13":"product-type-simple"},"acf":[],"_links":{"self":[{"href":"https:\/\/www.santai-ceramics.com\/fr\/wp-json\/wp\/v2\/product\/2686","targetHints":{"allow":["GET"]}}],"collection":[{"href":"https:\/\/www.santai-ceramics.com\/fr\/wp-json\/wp\/v2\/product"}],"about":[{"href":"https:\/\/www.santai-ceramics.com\/fr\/wp-json\/wp\/v2\/types\/product"}],"replies":[{"embeddable":true,"href":"https:\/\/www.santai-ceramics.com\/fr\/wp-json\/wp\/v2\/comments?post=2686"}],"wp:featuredmedia":[{"embeddable":true,"href":"https:\/\/www.santai-ceramics.com\/fr\/wp-json\/wp\/v2\/media\/2737"}],"wp:attachment":[{"href":"https:\/\/www.santai-ceramics.com\/fr\/wp-json\/wp\/v2\/media?parent=2686"}],"wp:term":[{"taxonomy":"product_brand","embeddable":true,"href":"https:\/\/www.santai-ceramics.com\/fr\/wp-json\/wp\/v2\/product_brand?post=2686"},{"taxonomy":"product_cat","embeddable":true,"href":"https:\/\/www.santai-ceramics.com\/fr\/wp-json\/wp\/v2\/product_cat?post=2686"},{"taxonomy":"product_tag","embeddable":true,"href":"https:\/\/www.santai-ceramics.com\/fr\/wp-json\/wp\/v2\/product_tag?post=2686"}],"curies":[{"name":"wp","href":"https:\/\/api.w.org\/{rel}","templated":true}]}}