{"id":2689,"date":"2025-05-28T10:33:17","date_gmt":"2025-05-28T10:33:17","guid":{"rendered":"https:\/\/www.santai-ceramics.com\/?post_type=product&#038;p=2689"},"modified":"2025-06-07T16:03:14","modified_gmt":"2025-06-07T16:03:14","slug":"modern-textured-bowl-ceramic-plant-pots-wholesale","status":"publish","type":"product","link":"https:\/\/www.santai-ceramics.com\/fr\/product\/modern-textured-bowl-ceramic-plant-pots-wholesale\/","title":{"rendered":"Pots \u00e0 plantes modernes en c\u00e9ramique textur\u00e9e Wholesale : Vert fonc\u00e9, taille moyenne"},"content":{"rendered":"<h3 class=\"wp-block-heading\">Caract\u00e9ristiques des pots de fleurs en c\u00e9ramique<\/h3>\n\n\n\n<ul class=\"wp-block-list\">\n<li>Striped bowl shape, simple and elegant<\/li>\n\n\n\n<li>Our wholesale ceramic plant pots are available in two compact sizes (19\u00d716cm \/ 15.5\u00d712.5cm), suitable for desktop or windowsill placement<\/li>\n\n\n\n<li>Suitable for planting succulents, green plants, small potted plants, etc.<\/li>\n\n\n\n<li>Smooth surface, easy to clean and maintain<\/li>\n\n\n\n<li>The ceramic plant pot has a smooth dark green glaze, making the home decoration more elegant and chic.<\/li>\n<\/ul>\n\n\n\n<h3 class=\"wp-block-heading\">Custom Ceramic Plant PotService<\/h3>\n\n\n\n<p>Nous proposons des services OEM et ODM pour nos produits.<br>Des \u00e9chantillons peuvent \u00eatre livr\u00e9s rapidement.<br>Nous offrons une vari\u00e9t\u00e9 de formes, de couleurs, d'impressions personnalis\u00e9es, d'emballages et d'autres services sur mesure pour r\u00e9pondre \u00e0 vos besoins sp\u00e9cifiques.<br><a href=\"https:\/\/www.santai-ceramics.com\/fr\/custom\/\" data-type=\"page\" data-id=\"13\" target=\"_blank\" rel=\"noreferrer noopener\"><strong><b>En savoir plus sur la personnalisation<\/b> ceramic plant pots detail.<\/strong><\/a><\/p>\n\n\n\n<div class=\"wp-block-columns is-layout-flex wp-container-core-columns-is-layout-9d6595d7 wp-block-columns-is-layout-flex\">\n<div class=\"wp-block-column is-layout-flow wp-block-column-is-layout-flow\">\n<figure class=\"wp-block-image size-full\"><img decoding=\"async\" width=\"1692\" height=\"1692\" src=\"https:\/\/www.santai-ceramics.com\/wp-content\/uploads\/2025\/05\/Wholesale-bowl-shaped-ceramic-plant-pots-4.webp\" alt=\"Wholesale bowl-shaped ceramic plant pots (4)\" class=\"wp-image-2702\" srcset=\"https:\/\/www.santai-ceramics.com\/wp-content\/uploads\/2025\/05\/Wholesale-bowl-shaped-ceramic-plant-pots-4.webp 1692w, https:\/\/www.santai-ceramics.com\/wp-content\/uploads\/2025\/05\/Wholesale-bowl-shaped-ceramic-plant-pots-4-300x300.webp 300w, https:\/\/www.santai-ceramics.com\/wp-content\/uploads\/2025\/05\/Wholesale-bowl-shaped-ceramic-plant-pots-4-150x150.webp 150w, https:\/\/www.santai-ceramics.com\/wp-content\/uploads\/2025\/05\/Wholesale-bowl-shaped-ceramic-plant-pots-4-768x768.webp 768w, https:\/\/www.santai-ceramics.com\/wp-content\/uploads\/2025\/05\/Wholesale-bowl-shaped-ceramic-plant-pots-4-12x12.webp 12w, https:\/\/www.santai-ceramics.com\/wp-content\/uploads\/2025\/05\/Wholesale-bowl-shaped-ceramic-plant-pots-4-1200x1200.webp 1200w, https:\/\/www.santai-ceramics.com\/wp-content\/uploads\/2025\/05\/Wholesale-bowl-shaped-ceramic-plant-pots-4-600x600.webp 600w, https:\/\/www.santai-ceramics.com\/wp-content\/uploads\/2025\/05\/Wholesale-bowl-shaped-ceramic-plant-pots-4-100x100.webp 100w\" sizes=\"(max-width: 1692px) 100vw, 1692px\" \/><\/figure>\n<\/div>\n\n\n\n<div class=\"wp-block-column is-layout-flow wp-block-column-is-layout-flow\">\n<figure class=\"wp-block-image size-full\"><img decoding=\"async\" width=\"2551\" height=\"2126\" src=\"https:\/\/www.santai-ceramics.com\/wp-content\/uploads\/2025\/05\/Wholesale-bowl-shaped-ceramic-plant-pots-5.webp\" alt=\"Wholesale bowl-shaped ceramic plant pots (5)\" class=\"wp-image-2703\" srcset=\"https:\/\/www.santai-ceramics.com\/wp-content\/uploads\/2025\/05\/Wholesale-bowl-shaped-ceramic-plant-pots-5.webp 2551w, https:\/\/www.santai-ceramics.com\/wp-content\/uploads\/2025\/05\/Wholesale-bowl-shaped-ceramic-plant-pots-5-300x250.webp 300w, https:\/\/www.santai-ceramics.com\/wp-content\/uploads\/2025\/05\/Wholesale-bowl-shaped-ceramic-plant-pots-5-768x640.webp 768w, https:\/\/www.santai-ceramics.com\/wp-content\/uploads\/2025\/05\/Wholesale-bowl-shaped-ceramic-plant-pots-5-14x12.webp 14w, https:\/\/www.santai-ceramics.com\/wp-content\/uploads\/2025\/05\/Wholesale-bowl-shaped-ceramic-plant-pots-5-1200x1000.webp 1200w, https:\/\/www.santai-ceramics.com\/wp-content\/uploads\/2025\/05\/Wholesale-bowl-shaped-ceramic-plant-pots-5-600x500.webp 600w\" sizes=\"(max-width: 2551px) 100vw, 2551px\" \/><\/figure>\n<\/div>\n<\/div>","protected":false},"excerpt":{"rendered":"<p data-pm-slice=\"0 0 []\">Vente en gros de pots de fleurs en c\u00e9ramique \u00e9maill\u00e9e vert fonc\u00e9, en forme de bol avec des rayures verticales tridimensionnelles et une rainure circulaire sur la base, pr\u00e9sentant un aspect simple et moderne. Convient pour \u00eatre plac\u00e9 dans le coin vert du salon, ou pour embellir le comptoir d'un caf\u00e9.<\/p>\n<h2>Sp\u00e9cification des pots de fleurs en c\u00e9ramique<\/h2>\n<table width=\"855\">\n<tbody>\n<tr>\n<td width=\"285\">Num\u00e9ro de mod\u00e8le<\/td>\n<td width=\"285\">A35553-LE35-A01<\/td>\n<td width=\"285\">A35553-LE35-A02<\/td>\n<\/tr>\n<tr>\n<td>Nom du produit<\/td>\n<td>Pot \u00e0 plantes en c\u00e9ramique<\/td>\n<td>Pot \u00e0 plantes en c\u00e9ramique<\/td>\n<\/tr>\n<tr>\n<td>Couleur<\/td>\n<td>Vert royal<\/td>\n<td>Vert royal<\/td>\n<\/tr>\n<tr>\n<td>Mat\u00e9riau<\/td>\n<td>C\u00e9ramique\u00a0<\/td>\n<td>C\u00e9ramique\u00a0<\/td>\n<\/tr>\n<tr>\n<td>Sc\u00e9narios d'utilisation<\/td>\n<td>d\u00e9coration int\u00e9rieure<\/td>\n<td>d\u00e9coration int\u00e9rieure<\/td>\n<\/tr>\n<tr>\n<td>Dimensions<\/td>\n<td>D:19X16cm<\/td>\n<td>D:15.5X12.5cm<\/td>\n<\/tr>\n<tr>\n<td>Poids<\/td>\n<td>1,1kg\/pc<\/td>\n<td>0,6kg\/pc<\/td>\n<\/tr>\n<\/tbody>\n<\/table>","protected":false},"featured_media":2699,"comment_status":"closed","ping_status":"closed","template":"","meta":{"_acf_changed":false},"product_brand":[],"product_cat":[18,42,23],"product_tag":[],"class_list":{"0":"post-2689","1":"product","2":"type-product","3":"status-publish","4":"has-post-thumbnail","6":"product_cat-home-decor","7":"product_cat-wholesale-ceramic-plant-pots","8":"product_cat-ceramic-pots-planters","10":"first","11":"instock","12":"shipping-taxable","13":"product-type-simple"},"acf":[],"_links":{"self":[{"href":"https:\/\/www.santai-ceramics.com\/fr\/wp-json\/wp\/v2\/product\/2689","targetHints":{"allow":["GET"]}}],"collection":[{"href":"https:\/\/www.santai-ceramics.com\/fr\/wp-json\/wp\/v2\/product"}],"about":[{"href":"https:\/\/www.santai-ceramics.com\/fr\/wp-json\/wp\/v2\/types\/product"}],"replies":[{"embeddable":true,"href":"https:\/\/www.santai-ceramics.com\/fr\/wp-json\/wp\/v2\/comments?post=2689"}],"wp:featuredmedia":[{"embeddable":true,"href":"https:\/\/www.santai-ceramics.com\/fr\/wp-json\/wp\/v2\/media\/2699"}],"wp:attachment":[{"href":"https:\/\/www.santai-ceramics.com\/fr\/wp-json\/wp\/v2\/media?parent=2689"}],"wp:term":[{"taxonomy":"product_brand","embeddable":true,"href":"https:\/\/www.santai-ceramics.com\/fr\/wp-json\/wp\/v2\/product_brand?post=2689"},{"taxonomy":"product_cat","embeddable":true,"href":"https:\/\/www.santai-ceramics.com\/fr\/wp-json\/wp\/v2\/product_cat?post=2689"},{"taxonomy":"product_tag","embeddable":true,"href":"https:\/\/www.santai-ceramics.com\/fr\/wp-json\/wp\/v2\/product_tag?post=2689"}],"curies":[{"name":"wp","href":"https:\/\/api.w.org\/{rel}","templated":true}]}}