{"id":2690,"date":"2025-05-29T07:44:48","date_gmt":"2025-05-29T07:44:48","guid":{"rendered":"https:\/\/www.santai-ceramics.com\/?post_type=product&#038;p=2690"},"modified":"2025-06-12T08:55:45","modified_gmt":"2025-06-12T08:55:45","slug":"wholesale-natural-green-flower-vase","status":"publish","type":"product","link":"https:\/\/www.santai-ceramics.com\/fr\/product\/wholesale-natural-green-flower-vase\/","title":{"rendered":"Wholesale Natural Green Flower Vase, Net-shaped Glaze, Straight Design Planter"},"content":{"rendered":"<h3 class=\"wp-block-heading\">Caract\u00e9ristiques des vases \u00e0 fleurs vertes naturelles<\/h3>\n\n\n\n<ul class=\"wp-block-list\">\n<li><strong>Motif de diamant tridimensionnel : <\/strong>Le corps du vase est recouvert d'un motif de diamant aux formes concaves et convexes, qui rehausse le toucher et l'aspect visuel, et pr\u00e9sente des saveurs \u00e0 la fois modernes et r\u00e9tro.<\/li>\n\n\n\n<li><strong>Style naturel : <\/strong>L'ensemble des couleurs est discret et harmonieux, ce qui convient \u00e0 l'embellissement d'un espace simple, de style nordique ou japonais.<\/li>\n\n\n\n<li><strong>Corps de bouteille \u00e0 large ouverture : <\/strong>L'ouverture de la bouteille est large, ce qui permet d'ins\u00e9rer librement une vari\u00e9t\u00e9 de fleurs.<\/li>\n<\/ul>\n\n\n\n<h3 class=\"wp-block-heading\">Service de vases \u00e0 fleurs sur mesure<\/h3>\n\n\n\n<p>Nous proposons des services OEM et ODM pour nos produits.<br>Des \u00e9chantillons peuvent \u00eatre livr\u00e9s rapidement.<br>Nous offrons une vari\u00e9t\u00e9 de formes, de couleurs, d'impressions personnalis\u00e9es, d'emballages et d'autres services sur mesure pour r\u00e9pondre \u00e0 vos besoins sp\u00e9cifiques.<br><a href=\"https:\/\/www.santai-ceramics.com\/fr\/custom\/\" data-type=\"page\" data-id=\"13\" target=\"_blank\" rel=\"noreferrer noopener\"><strong><b>En savoir plus sur la personnalisation<\/b> d\u00e9tail du vase \u00e0 fleurs.<\/strong><\/a><\/p>\n\n\n\n<div class=\"wp-block-columns is-layout-flex wp-container-core-columns-is-layout-9d6595d7 wp-block-columns-is-layout-flex\">\n<div class=\"wp-block-column is-layout-flow wp-block-column-is-layout-flow\">\n<figure class=\"wp-block-image size-full\"><img decoding=\"async\" width=\"1984\" height=\"1654\" src=\"https:\/\/www.santai-ceramics.com\/wp-content\/uploads\/2025\/05\/Wholesale-Natural-Green-Flower-Vase-4-1.webp\" alt=\"Vase \u00e0 fleurs vertes en gros (4)\" class=\"wp-image-2770\" srcset=\"https:\/\/www.santai-ceramics.com\/wp-content\/uploads\/2025\/05\/Wholesale-Natural-Green-Flower-Vase-4-1.webp 1984w, https:\/\/www.santai-ceramics.com\/wp-content\/uploads\/2025\/05\/Wholesale-Natural-Green-Flower-Vase-4-1-300x250.webp 300w, https:\/\/www.santai-ceramics.com\/wp-content\/uploads\/2025\/05\/Wholesale-Natural-Green-Flower-Vase-4-1-768x640.webp 768w, https:\/\/www.santai-ceramics.com\/wp-content\/uploads\/2025\/05\/Wholesale-Natural-Green-Flower-Vase-4-1-14x12.webp 14w, https:\/\/www.santai-ceramics.com\/wp-content\/uploads\/2025\/05\/Wholesale-Natural-Green-Flower-Vase-4-1-1200x1000.webp 1200w, https:\/\/www.santai-ceramics.com\/wp-content\/uploads\/2025\/05\/Wholesale-Natural-Green-Flower-Vase-4-1-600x500.webp 600w\" sizes=\"(max-width: 1984px) 100vw, 1984px\" \/><\/figure>\n<\/div>\n\n\n\n<div class=\"wp-block-column is-layout-flow wp-block-column-is-layout-flow\">\n<figure class=\"wp-block-image size-full\"><img decoding=\"async\" width=\"2835\" height=\"2362\" src=\"https:\/\/www.santai-ceramics.com\/wp-content\/uploads\/2025\/05\/Wholesale-Natural-Green-Flower-Vase-5-1.webp\" alt=\"Vase \u00e0 fleurs vertes en gros (5)\" class=\"wp-image-2771\" srcset=\"https:\/\/www.santai-ceramics.com\/wp-content\/uploads\/2025\/05\/Wholesale-Natural-Green-Flower-Vase-5-1.webp 2835w, https:\/\/www.santai-ceramics.com\/wp-content\/uploads\/2025\/05\/Wholesale-Natural-Green-Flower-Vase-5-1-300x250.webp 300w, https:\/\/www.santai-ceramics.com\/wp-content\/uploads\/2025\/05\/Wholesale-Natural-Green-Flower-Vase-5-1-768x640.webp 768w, https:\/\/www.santai-ceramics.com\/wp-content\/uploads\/2025\/05\/Wholesale-Natural-Green-Flower-Vase-5-1-14x12.webp 14w, https:\/\/www.santai-ceramics.com\/wp-content\/uploads\/2025\/05\/Wholesale-Natural-Green-Flower-Vase-5-1-1200x1000.webp 1200w, https:\/\/www.santai-ceramics.com\/wp-content\/uploads\/2025\/05\/Wholesale-Natural-Green-Flower-Vase-5-1-600x500.webp 600w\" sizes=\"(max-width: 2835px) 100vw, 2835px\" \/><\/figure>\n<\/div>\n<\/div>","protected":false},"excerpt":{"rendered":"<p data-pm-slice=\"0 0 []\">Les vases en gros de couleur vert naturel, alliant modernit\u00e9 et vintage, sont parfaits pour les int\u00e9rieurs minimalistes de style nordique. Le design cylindrique haut permet une disposition flexible d'une vari\u00e9t\u00e9 de styles floraux. Des services de personnalisation OEM\/ODM sont disponibles et les achats en gros sont les bienvenus.<\/p>\n<h2>Sp\u00e9cification du vase \u00e0 fleurs vertes naturelles<\/h2>\n<table width=\"855\">\n<tbody>\n<tr>\n<td width=\"285\">Num\u00e9ro de mod\u00e8le<\/td>\n<td width=\"285\">A37946-LE35-A01<\/td>\n<td width=\"285\">A37946-LE35-A02<\/td>\n<\/tr>\n<tr>\n<td>Nom du produit<\/td>\n<td>Vase en c\u00e9ramique<\/td>\n<td>Vase en c\u00e9ramique<\/td>\n<\/tr>\n<tr>\n<td>Couleur<\/td>\n<td>Vert royal<\/td>\n<td>Vert royal<\/td>\n<\/tr>\n<tr>\n<td>Mat\u00e9riau<\/td>\n<td>C\u00e9ramique\u00a0<\/td>\n<td>C\u00e9ramique\u00a0<\/td>\n<\/tr>\n<tr>\n<td>Sc\u00e9narios d'utilisation<\/td>\n<td>d\u00e9coration int\u00e9rieure<\/td>\n<td>d\u00e9coration int\u00e9rieure<\/td>\n<\/tr>\n<tr>\n<td>Dimensions<\/td>\n<td>D:20X20cm<\/td>\n<td>D:15X14cm<\/td>\n<\/tr>\n<tr>\n<td>Poids<\/td>\n<td>1,7kg\/pc<\/td>\n<td>0,8kg\/pc<\/td>\n<\/tr>\n<\/tbody>\n<\/table>","protected":false},"featured_media":2767,"comment_status":"closed","ping_status":"closed","template":"","meta":{"_acf_changed":false},"product_brand":[],"product_cat":[18,42,23,22],"product_tag":[],"class_list":{"0":"post-2690","1":"product","2":"type-product","3":"status-publish","4":"has-post-thumbnail","6":"product_cat-home-decor","7":"product_cat-wholesale-ceramic-plant-pots","8":"product_cat-ceramic-pots-planters","9":"product_cat-vase","11":"first","12":"instock","13":"shipping-taxable","14":"product-type-simple"},"acf":[],"_links":{"self":[{"href":"https:\/\/www.santai-ceramics.com\/fr\/wp-json\/wp\/v2\/product\/2690","targetHints":{"allow":["GET"]}}],"collection":[{"href":"https:\/\/www.santai-ceramics.com\/fr\/wp-json\/wp\/v2\/product"}],"about":[{"href":"https:\/\/www.santai-ceramics.com\/fr\/wp-json\/wp\/v2\/types\/product"}],"replies":[{"embeddable":true,"href":"https:\/\/www.santai-ceramics.com\/fr\/wp-json\/wp\/v2\/comments?post=2690"}],"wp:featuredmedia":[{"embeddable":true,"href":"https:\/\/www.santai-ceramics.com\/fr\/wp-json\/wp\/v2\/media\/2767"}],"wp:attachment":[{"href":"https:\/\/www.santai-ceramics.com\/fr\/wp-json\/wp\/v2\/media?parent=2690"}],"wp:term":[{"taxonomy":"product_brand","embeddable":true,"href":"https:\/\/www.santai-ceramics.com\/fr\/wp-json\/wp\/v2\/product_brand?post=2690"},{"taxonomy":"product_cat","embeddable":true,"href":"https:\/\/www.santai-ceramics.com\/fr\/wp-json\/wp\/v2\/product_cat?post=2690"},{"taxonomy":"product_tag","embeddable":true,"href":"https:\/\/www.santai-ceramics.com\/fr\/wp-json\/wp\/v2\/product_tag?post=2690"}],"curies":[{"name":"wp","href":"https:\/\/api.w.org\/{rel}","templated":true}]}}