{"id":2691,"date":"2025-05-28T15:41:57","date_gmt":"2025-05-28T15:41:57","guid":{"rendered":"https:\/\/www.santai-ceramics.com\/?post_type=product&#038;p=2691"},"modified":"2025-06-05T14:23:42","modified_gmt":"2025-06-05T14:23:42","slug":"wholesale-classic-decorative-plant-pots","status":"publish","type":"product","link":"https:\/\/www.santai-ceramics.com\/fr\/product\/wholesale-classic-decorative-plant-pots\/","title":{"rendered":"Vente en gros de pots \u00e0 plantes d\u00e9coratifs, Bulk Classic Chinese Style Plant Pots"},"content":{"rendered":"<h3 class=\"wp-block-heading\">Features of\u00a0Decorative Plant Pots<\/h3>\n\n\n\n<ul class=\"wp-block-list\">\n<li><strong>Artistic design: <\/strong>The surface of the ceramic plant pot is decorated with geometric relief texture, which combines modern and classical decorative beauty.<\/li>\n\n\n\n<li><strong>Plusieurs tailles :<\/strong> Available in three sizes: large, medium and small, suitable for different plant needs.<\/li>\n\n\n\n<li><strong>\u200b\u200bCeramic process upgrade: <\/strong>High-temperature firing with high density, better waterproof and moisture-proof than ordinary pottery, the outer wall has a smooth glaze, which is easier to clean.<\/li>\n<\/ul>\n\n\n\n<h3 class=\"wp-block-heading\">Service de pots de fleurs sur mesure<\/h3>\n\n\n\n<p>Nous proposons des services OEM et ODM pour nos produits.<br>Des \u00e9chantillons peuvent \u00eatre livr\u00e9s rapidement.<br>Nous offrons une vari\u00e9t\u00e9 de formes, de couleurs, d'impressions personnalis\u00e9es, d'emballages et d'autres services sur mesure pour r\u00e9pondre \u00e0 vos besoins sp\u00e9cifiques.<br><a href=\"https:\/\/www.santai-ceramics.com\/fr\/custom\/\" data-type=\"page\" data-id=\"13\" target=\"_blank\" rel=\"noreferrer noopener\"><strong><b>En savoir plus sur la personnalisation<\/b> plant pot details.<\/strong><\/a><\/p>\n\n\n\n<div class=\"wp-block-columns is-layout-flex wp-container-core-columns-is-layout-9d6595d7 wp-block-columns-is-layout-flex\">\n<div class=\"wp-block-column is-layout-flow wp-block-column-is-layout-flow\">\n<figure class=\"wp-block-image size-full\"><img decoding=\"async\" width=\"2551\" height=\"2126\" src=\"https:\/\/www.santai-ceramics.com\/wp-content\/uploads\/2025\/05\/Wholesale-Decorative-Plant-Pots-5.webp\" alt=\"Wholesale Decorative Plant Pots (5)\" class=\"wp-image-2715\" srcset=\"https:\/\/www.santai-ceramics.com\/wp-content\/uploads\/2025\/05\/Wholesale-Decorative-Plant-Pots-5.webp 2551w, https:\/\/www.santai-ceramics.com\/wp-content\/uploads\/2025\/05\/Wholesale-Decorative-Plant-Pots-5-300x250.webp 300w, https:\/\/www.santai-ceramics.com\/wp-content\/uploads\/2025\/05\/Wholesale-Decorative-Plant-Pots-5-768x640.webp 768w, https:\/\/www.santai-ceramics.com\/wp-content\/uploads\/2025\/05\/Wholesale-Decorative-Plant-Pots-5-14x12.webp 14w, https:\/\/www.santai-ceramics.com\/wp-content\/uploads\/2025\/05\/Wholesale-Decorative-Plant-Pots-5-1200x1000.webp 1200w, https:\/\/www.santai-ceramics.com\/wp-content\/uploads\/2025\/05\/Wholesale-Decorative-Plant-Pots-5-600x500.webp 600w\" sizes=\"(max-width: 2551px) 100vw, 2551px\" \/><\/figure>\n<\/div>\n\n\n\n<div class=\"wp-block-column is-layout-flow wp-block-column-is-layout-flow\">\n<figure class=\"wp-block-image size-full\"><img decoding=\"async\" width=\"1590\" height=\"1590\" src=\"https:\/\/www.santai-ceramics.com\/wp-content\/uploads\/2025\/05\/Wholesale-Decorative-Plant-Pots-6.webp\" alt=\"Wholesale Decorative Plant Pots (6)\" class=\"wp-image-2716\" srcset=\"https:\/\/www.santai-ceramics.com\/wp-content\/uploads\/2025\/05\/Wholesale-Decorative-Plant-Pots-6.webp 1590w, https:\/\/www.santai-ceramics.com\/wp-content\/uploads\/2025\/05\/Wholesale-Decorative-Plant-Pots-6-300x300.webp 300w, https:\/\/www.santai-ceramics.com\/wp-content\/uploads\/2025\/05\/Wholesale-Decorative-Plant-Pots-6-150x150.webp 150w, https:\/\/www.santai-ceramics.com\/wp-content\/uploads\/2025\/05\/Wholesale-Decorative-Plant-Pots-6-768x768.webp 768w, https:\/\/www.santai-ceramics.com\/wp-content\/uploads\/2025\/05\/Wholesale-Decorative-Plant-Pots-6-12x12.webp 12w, https:\/\/www.santai-ceramics.com\/wp-content\/uploads\/2025\/05\/Wholesale-Decorative-Plant-Pots-6-1200x1200.webp 1200w, https:\/\/www.santai-ceramics.com\/wp-content\/uploads\/2025\/05\/Wholesale-Decorative-Plant-Pots-6-600x600.webp 600w, https:\/\/www.santai-ceramics.com\/wp-content\/uploads\/2025\/05\/Wholesale-Decorative-Plant-Pots-6-100x100.webp 100w\" sizes=\"(max-width: 1590px) 100vw, 1590px\" \/><\/figure>\n<\/div>\n<\/div>\n\n\n\n<div class=\"wp-block-columns is-layout-flex wp-container-core-columns-is-layout-9d6595d7 wp-block-columns-is-layout-flex\">\n<div class=\"wp-block-column is-layout-flow wp-block-column-is-layout-flow\"><\/div>\n\n\n\n<div class=\"wp-block-column is-layout-flow wp-block-column-is-layout-flow\"><\/div>\n<\/div>","protected":false},"excerpt":{"rendered":"<p data-pm-slice=\"0 0 []\">Les pots de plantes d\u00e9coratifs Wholesale, dont l'esth\u00e9tique minimaliste moderne est combin\u00e9e \u00e0 des d\u00e9tails d\u00e9coratifs classiques, ont une esth\u00e9tique unique et peuvent \u00eatre utilis\u00e9s pour d\u00e9corer des espaces int\u00e9rieurs et ext\u00e9rieurs. Cette s\u00e9rie est disponible en trois tailles : grand (D18cm), moyen (D14.5cm), et petit (D11.5cm), qui peuvent \u00eatre utilis\u00e9s pour faire pousser des plantes succulentes, des petites fleurs et des plantes hydroponiques. Les achats en gros sont les bienvenus.<\/p>\n<h2>Sp\u00e9cification des pots de fleurs d\u00e9coratifs<\/h2>\n<table width=\"1140\">\n<tbody>\n<tr>\n<td width=\"285\">Num\u00e9ro de mod\u00e8le<\/td>\n<td width=\"285\">A36211-LE35-A01<\/td>\n<td width=\"285\">A36211-LE35-A02<\/td>\n<td width=\"285\">A36211-LE35-A03<\/td>\n<\/tr>\n<tr>\n<td>Nom du produit<\/td>\n<td>Vase en c\u00e9ramique<\/td>\n<td>Vase en c\u00e9ramique<\/td>\n<td>Vase en c\u00e9ramique<\/td>\n<\/tr>\n<tr>\n<td>Couleur<\/td>\n<td>Vert royal<\/td>\n<td>Vert royal<\/td>\n<td>Vert royal<\/td>\n<\/tr>\n<tr>\n<td>Mat\u00e9riau<\/td>\n<td>C\u00e9ramique\u00a0<\/td>\n<td>C\u00e9ramique\u00a0<\/td>\n<td>C\u00e9ramique\u00a0<\/td>\n<\/tr>\n<tr>\n<td>Sc\u00e9narios d'utilisation<\/td>\n<td>d\u00e9coration int\u00e9rieure \/ d\u00e9coration de jardin<\/td>\n<td>d\u00e9coration int\u00e9rieure \/ d\u00e9coration de jardin<\/td>\n<td>d\u00e9coration int\u00e9rieure \/ d\u00e9coration de jardin<\/td>\n<\/tr>\n<tr>\n<td>Dimensions<\/td>\n<td>D:18X17cm<\/td>\n<td>D:14.5X13.5cm<\/td>\n<td>D:11.5X10.5cm<\/td>\n<\/tr>\n<tr>\n<td>Poids<\/td>\n<td>1,4kg\/pc<\/td>\n<td>0,9kg\/pc<\/td>\n<td>0,6kg\/pc<\/td>\n<\/tr>\n<\/tbody>\n<\/table>","protected":false},"featured_media":2711,"comment_status":"closed","ping_status":"closed","template":"","meta":{"_acf_changed":false},"product_brand":[],"product_cat":[18,42,21,23],"product_tag":[],"class_list":{"0":"post-2691","1":"product","2":"type-product","3":"status-publish","4":"has-post-thumbnail","6":"product_cat-home-decor","7":"product_cat-wholesale-ceramic-plant-pots","8":"product_cat-garden-decor","9":"product_cat-ceramic-pots-planters","11":"first","12":"instock","13":"shipping-taxable","14":"product-type-simple"},"acf":[],"_links":{"self":[{"href":"https:\/\/www.santai-ceramics.com\/fr\/wp-json\/wp\/v2\/product\/2691","targetHints":{"allow":["GET"]}}],"collection":[{"href":"https:\/\/www.santai-ceramics.com\/fr\/wp-json\/wp\/v2\/product"}],"about":[{"href":"https:\/\/www.santai-ceramics.com\/fr\/wp-json\/wp\/v2\/types\/product"}],"replies":[{"embeddable":true,"href":"https:\/\/www.santai-ceramics.com\/fr\/wp-json\/wp\/v2\/comments?post=2691"}],"wp:featuredmedia":[{"embeddable":true,"href":"https:\/\/www.santai-ceramics.com\/fr\/wp-json\/wp\/v2\/media\/2711"}],"wp:attachment":[{"href":"https:\/\/www.santai-ceramics.com\/fr\/wp-json\/wp\/v2\/media?parent=2691"}],"wp:term":[{"taxonomy":"product_brand","embeddable":true,"href":"https:\/\/www.santai-ceramics.com\/fr\/wp-json\/wp\/v2\/product_brand?post=2691"},{"taxonomy":"product_cat","embeddable":true,"href":"https:\/\/www.santai-ceramics.com\/fr\/wp-json\/wp\/v2\/product_cat?post=2691"},{"taxonomy":"product_tag","embeddable":true,"href":"https:\/\/www.santai-ceramics.com\/fr\/wp-json\/wp\/v2\/product_tag?post=2691"}],"curies":[{"name":"wp","href":"https:\/\/api.w.org\/{rel}","templated":true}]}}