{"id":2692,"date":"2025-05-29T08:13:47","date_gmt":"2025-05-29T08:13:47","guid":{"rendered":"https:\/\/www.santai-ceramics.com\/?post_type=product&#038;p=2692"},"modified":"2025-05-29T08:14:37","modified_gmt":"2025-05-29T08:14:37","slug":"wholesale-double-handled-wide-mouth-ceramic-vase","status":"publish","type":"product","link":"https:\/\/www.santai-ceramics.com\/fr\/product\/wholesale-double-handled-wide-mouth-ceramic-vase\/","title":{"rendered":"Vase en c\u00e9ramique \u00e0 double anse et \u00e0 large ouverture pour la d\u00e9coration int\u00e9rieure"},"content":{"rendered":"<h3 class=\"wp-block-heading\">Caract\u00e9ristiques du vase \u00e0 double poign\u00e9e<\/h3>\n\n\n\n<ul class=\"wp-block-list\">\n<li><strong>Glacis vert royal : <\/strong>Le vase \u00e0 fleurs vert naturel a une couleur verte profonde et lustr\u00e9e, ce qui rend le vase plus \u00e9l\u00e9gant.<\/li>\n\n\n\n<li><strong>Poign\u00e9e sym\u00e9trique : <\/strong>Les poign\u00e9es courbes et douces des deux c\u00f4t\u00e9s ne font pas que rehausser la beaut\u00e9, elles facilitent aussi le mouvement, alliant le sens artistique \u00e0 l'aspect pratique.<\/li>\n\n\n\n<li><strong>Mat\u00e9riau c\u00e9ramique durable : <\/strong>Cuisson \u00e0 haute temp\u00e9rature, duret\u00e9 \u00e9lev\u00e9e, r\u00e9sistance \u00e0 l'usure, l'utilisation \u00e0 long terme n'est pas facile \u00e0 fissurer ou \u00e0 d\u00e9colorer.<\/li>\n<\/ul>\n\n\n\n<h3 class=\"wp-block-heading\">Service de vases \u00e0 fleurs sur mesure<\/h3>\n\n\n\n<p>Nous proposons des services OEM et ODM pour nos produits.<br>Des \u00e9chantillons peuvent \u00eatre livr\u00e9s rapidement.<br>Nous offrons une vari\u00e9t\u00e9 de formes, de couleurs, d'impressions personnalis\u00e9es, d'emballages et d'autres services sur mesure pour r\u00e9pondre \u00e0 vos besoins sp\u00e9cifiques.<br><a href=\"https:\/\/www.santai-ceramics.com\/fr\/custom\/\" data-type=\"page\" data-id=\"13\" target=\"_blank\" rel=\"noreferrer noopener\"><strong>En savoir plus sur les d\u00e9tails des vases en c\u00e9ramique personnalis\u00e9s.<\/strong><\/a><\/p>\n\n\n\n<div class=\"wp-block-columns is-layout-flex wp-container-core-columns-is-layout-9d6595d7 wp-block-columns-is-layout-flex\">\n<div class=\"wp-block-column is-layout-flow wp-block-column-is-layout-flow\">\n<figure class=\"wp-block-image size-full\"><img decoding=\"async\" width=\"3118\" height=\"2598\" src=\"https:\/\/www.santai-ceramics.com\/wp-content\/uploads\/2025\/05\/Double-Handled-Width-Mouth-Ceramic-Vase-Series-1.webp\" alt=\"S\u00e9rie de vases en c\u00e9ramique \u00e0 double poign\u00e9e et \u00e0 large ouverture (1)\" class=\"wp-image-2779\" srcset=\"https:\/\/www.santai-ceramics.com\/wp-content\/uploads\/2025\/05\/Double-Handled-Width-Mouth-Ceramic-Vase-Series-1.webp 3118w, https:\/\/www.santai-ceramics.com\/wp-content\/uploads\/2025\/05\/Double-Handled-Width-Mouth-Ceramic-Vase-Series-1-300x250.webp 300w, https:\/\/www.santai-ceramics.com\/wp-content\/uploads\/2025\/05\/Double-Handled-Width-Mouth-Ceramic-Vase-Series-1-768x640.webp 768w, https:\/\/www.santai-ceramics.com\/wp-content\/uploads\/2025\/05\/Double-Handled-Width-Mouth-Ceramic-Vase-Series-1-14x12.webp 14w, https:\/\/www.santai-ceramics.com\/wp-content\/uploads\/2025\/05\/Double-Handled-Width-Mouth-Ceramic-Vase-Series-1-1200x1000.webp 1200w, https:\/\/www.santai-ceramics.com\/wp-content\/uploads\/2025\/05\/Double-Handled-Width-Mouth-Ceramic-Vase-Series-1-600x500.webp 600w\" sizes=\"(max-width: 3118px) 100vw, 3118px\" \/><\/figure>\n<\/div>\n\n\n\n<div class=\"wp-block-column is-layout-flow wp-block-column-is-layout-flow\">\n<figure class=\"wp-block-image size-full\"><img decoding=\"async\" width=\"2835\" height=\"2362\" src=\"https:\/\/www.santai-ceramics.com\/wp-content\/uploads\/2025\/05\/Double-Handled-Width-Mouth-Ceramic-Vase-Series-2.webp\" alt=\"S\u00e9rie de vases en c\u00e9ramique \u00e0 double poign\u00e9e et \u00e0 large ouverture (2)\" class=\"wp-image-2780\" srcset=\"https:\/\/www.santai-ceramics.com\/wp-content\/uploads\/2025\/05\/Double-Handled-Width-Mouth-Ceramic-Vase-Series-2.webp 2835w, https:\/\/www.santai-ceramics.com\/wp-content\/uploads\/2025\/05\/Double-Handled-Width-Mouth-Ceramic-Vase-Series-2-300x250.webp 300w, https:\/\/www.santai-ceramics.com\/wp-content\/uploads\/2025\/05\/Double-Handled-Width-Mouth-Ceramic-Vase-Series-2-768x640.webp 768w, https:\/\/www.santai-ceramics.com\/wp-content\/uploads\/2025\/05\/Double-Handled-Width-Mouth-Ceramic-Vase-Series-2-14x12.webp 14w, https:\/\/www.santai-ceramics.com\/wp-content\/uploads\/2025\/05\/Double-Handled-Width-Mouth-Ceramic-Vase-Series-2-1200x1000.webp 1200w, https:\/\/www.santai-ceramics.com\/wp-content\/uploads\/2025\/05\/Double-Handled-Width-Mouth-Ceramic-Vase-Series-2-600x500.webp 600w\" sizes=\"(max-width: 2835px) 100vw, 2835px\" \/><\/figure>\n<\/div>\n<\/div>","protected":false},"excerpt":{"rendered":"<p data-pm-slice=\"0 0 []\">Vase en c\u00e9ramique \u00e0 double poign\u00e9e et \u00e0 large ouverture, la conception \u00e0 double poign\u00e9e am\u00e9liore non seulement l'attrait visuel, mais le rend \u00e9galement facile \u00e0 transporter et \u00e0 placer. Le design \u00e0 large ouverture peut accueillir une riche composition florale et est id\u00e9al pour les fleurs fra\u00eeches ou s\u00e9ch\u00e9es. Cette s\u00e9rie est parfaite pour la d\u00e9coration de la maison, l'organisation d'\u00e9v\u00e9nements ou la pr\u00e9sentation au d\u00e9tail. Les achats en gros sont les bienvenus.<\/p>\n<h2>Sp\u00e9cification du vase \u00e0 double poign\u00e9e en c\u00e9ramique\u00a0<\/h2>\n<table width=\"1140\">\n<tbody>\n<tr>\n<td width=\"285\">Num\u00e9ro de mod\u00e8le<\/td>\n<td width=\"285\">A37945-LE35-A01<\/td>\n<td width=\"285\">A37947-LE35-A01<\/td>\n<td width=\"285\">A37949-LE35-A01<\/td>\n<\/tr>\n<tr>\n<td>Nom du produit<\/td>\n<td>Vase en c\u00e9ramique<\/td>\n<td>Vase en c\u00e9ramique<\/td>\n<td>Vase en c\u00e9ramique<\/td>\n<\/tr>\n<tr>\n<td>Couleur<\/td>\n<td>Vert royal<\/td>\n<td>Vert royal<\/td>\n<td>Vert royal<\/td>\n<\/tr>\n<tr>\n<td>Mat\u00e9riau<\/td>\n<td>C\u00e9ramique\u00a0<\/td>\n<td>C\u00e9ramique\u00a0<\/td>\n<td>C\u00e9ramique\u00a0<\/td>\n<\/tr>\n<tr>\n<td>Sc\u00e9narios d'utilisation<\/td>\n<td>d\u00e9coration int\u00e9rieure<\/td>\n<td>d\u00e9coration int\u00e9rieure<\/td>\n<td>d\u00e9coration int\u00e9rieure<\/td>\n<\/tr>\n<tr>\n<td>Dimensions<\/td>\n<td>D:15X17.5cm<\/td>\n<td>D:17X23cm<\/td>\n<td>15X14X15.5cm<\/td>\n<\/tr>\n<tr>\n<td>Poids<\/td>\n<td>1kg\/pc<\/td>\n<td>1.5kg\/pc<\/td>\n<td>0,9kg\/pc<\/td>\n<\/tr>\n<\/tbody>\n<\/table>","protected":false},"featured_media":2773,"comment_status":"closed","ping_status":"closed","template":"","meta":{"_acf_changed":false},"product_brand":[],"product_cat":[18,22],"product_tag":[],"class_list":{"0":"post-2692","1":"product","2":"type-product","3":"status-publish","4":"has-post-thumbnail","6":"product_cat-home-decor","7":"product_cat-vase","9":"first","10":"instock","11":"shipping-taxable","12":"product-type-simple"},"acf":[],"_links":{"self":[{"href":"https:\/\/www.santai-ceramics.com\/fr\/wp-json\/wp\/v2\/product\/2692","targetHints":{"allow":["GET"]}}],"collection":[{"href":"https:\/\/www.santai-ceramics.com\/fr\/wp-json\/wp\/v2\/product"}],"about":[{"href":"https:\/\/www.santai-ceramics.com\/fr\/wp-json\/wp\/v2\/types\/product"}],"replies":[{"embeddable":true,"href":"https:\/\/www.santai-ceramics.com\/fr\/wp-json\/wp\/v2\/comments?post=2692"}],"wp:featuredmedia":[{"embeddable":true,"href":"https:\/\/www.santai-ceramics.com\/fr\/wp-json\/wp\/v2\/media\/2773"}],"wp:attachment":[{"href":"https:\/\/www.santai-ceramics.com\/fr\/wp-json\/wp\/v2\/media?parent=2692"}],"wp:term":[{"taxonomy":"product_brand","embeddable":true,"href":"https:\/\/www.santai-ceramics.com\/fr\/wp-json\/wp\/v2\/product_brand?post=2692"},{"taxonomy":"product_cat","embeddable":true,"href":"https:\/\/www.santai-ceramics.com\/fr\/wp-json\/wp\/v2\/product_cat?post=2692"},{"taxonomy":"product_tag","embeddable":true,"href":"https:\/\/www.santai-ceramics.com\/fr\/wp-json\/wp\/v2\/product_tag?post=2692"}],"curies":[{"name":"wp","href":"https:\/\/api.w.org\/{rel}","templated":true}]}}