{"id":2693,"date":"2025-05-29T08:47:16","date_gmt":"2025-05-29T08:47:16","guid":{"rendered":"https:\/\/www.santai-ceramics.com\/?post_type=product&#038;p=2693"},"modified":"2025-06-10T01:53:25","modified_gmt":"2025-06-10T01:53:25","slug":"wholesale-pitcher-flower-vases","status":"publish","type":"product","link":"https:\/\/www.santai-ceramics.com\/fr\/product\/wholesale-pitcher-flower-vases\/","title":{"rendered":"Grossiste Pichet Vases \u00e0 fleurs avec poign\u00e9e, \u00e9l\u00e9gante cruche en c\u00e9ramique D\u00e9coration de meubles"},"content":{"rendered":"<h3 class=\"wp-block-heading\">Caract\u00e9ristiques du pichet Vase \u00e0 fleurs<\/h3>\n\n\n\n<ul class=\"wp-block-list\">\n<li>\u200b\u200b<strong>Forme unique \u00e0 poign\u00e9e unique : <\/strong>Le corps arrondi de la bouteille est assorti d'une poign\u00e9e incurv\u00e9e d'un seul c\u00f4t\u00e9, \u00e0 la fois pratique et artistique, et facile \u00e0 transporter.<\/li>\n\n\n\n<li>\u200b\u200b<strong>Mettre en valeur la beaut\u00e9 de l'art floral :<\/strong> Le fond vert fonc\u00e9 met parfaitement en valeur les fleurs et devient facilement le centre visuel de l'espace.<\/li>\n\n\n\n<li>\u200b\u200b<strong>Taille mod\u00e9r\u00e9e : <\/strong>Le vase \u00e0 fleurs en forme de pichet pr\u00e9sente une proportion harmonieuse de hauteur et de largeur, ce qui permet d'accueillir les branches qui s'\u00e9tirent sans \u00eatre encombrant.<\/li>\n<\/ul>\n\n\n\n<h3 class=\"wp-block-heading\">Service de vases en c\u00e9ramique sur mesure<\/h3>\n\n\n\n<p>Nous proposons des services OEM et ODM pour nos produits.<br>Des \u00e9chantillons peuvent \u00eatre livr\u00e9s rapidement.<br>Nous offrons une vari\u00e9t\u00e9 de formes, de couleurs, d'impressions personnalis\u00e9es, d'emballages et d'autres services sur mesure pour r\u00e9pondre \u00e0 vos besoins sp\u00e9cifiques.<br><a href=\"https:\/\/www.santai-ceramics.com\/fr\/custom\/\" data-type=\"page\" data-id=\"13\" target=\"_blank\" rel=\"noreferrer noopener\"><strong>En savoir plus sur les d\u00e9tails des vases en c\u00e9ramique personnalis\u00e9s.<\/strong><\/a><\/p>\n\n\n\n<div class=\"wp-block-columns is-layout-flex wp-container-core-columns-is-layout-9d6595d7 wp-block-columns-is-layout-flex\">\n<div class=\"wp-block-column is-layout-flow wp-block-column-is-layout-flow\">\n<figure class=\"wp-block-image size-full\"><img decoding=\"async\" width=\"2835\" height=\"2362\" src=\"https:\/\/www.santai-ceramics.com\/wp-content\/uploads\/2025\/05\/pitcher-flower-vase-series-1.webp\" alt=\"s\u00e9rie de vases \u00e0 fleurs (1)\" class=\"wp-image-2784\" srcset=\"https:\/\/www.santai-ceramics.com\/wp-content\/uploads\/2025\/05\/pitcher-flower-vase-series-1.webp 2835w, https:\/\/www.santai-ceramics.com\/wp-content\/uploads\/2025\/05\/pitcher-flower-vase-series-1-300x250.webp 300w, https:\/\/www.santai-ceramics.com\/wp-content\/uploads\/2025\/05\/pitcher-flower-vase-series-1-768x640.webp 768w, https:\/\/www.santai-ceramics.com\/wp-content\/uploads\/2025\/05\/pitcher-flower-vase-series-1-14x12.webp 14w, https:\/\/www.santai-ceramics.com\/wp-content\/uploads\/2025\/05\/pitcher-flower-vase-series-1-1200x1000.webp 1200w, https:\/\/www.santai-ceramics.com\/wp-content\/uploads\/2025\/05\/pitcher-flower-vase-series-1-600x500.webp 600w\" sizes=\"(max-width: 2835px) 100vw, 2835px\" \/><\/figure>\n<\/div>\n\n\n\n<div class=\"wp-block-column is-layout-flow wp-block-column-is-layout-flow\">\n<figure class=\"wp-block-image size-full\"><img decoding=\"async\" width=\"1984\" height=\"1654\" src=\"https:\/\/www.santai-ceramics.com\/wp-content\/uploads\/2025\/05\/pitcher-flower-vase-series-2.webp\" alt=\"s\u00e9rie de vases \u00e0 fleurs (2)\" class=\"wp-image-2785\" srcset=\"https:\/\/www.santai-ceramics.com\/wp-content\/uploads\/2025\/05\/pitcher-flower-vase-series-2.webp 1984w, https:\/\/www.santai-ceramics.com\/wp-content\/uploads\/2025\/05\/pitcher-flower-vase-series-2-300x250.webp 300w, https:\/\/www.santai-ceramics.com\/wp-content\/uploads\/2025\/05\/pitcher-flower-vase-series-2-768x640.webp 768w, https:\/\/www.santai-ceramics.com\/wp-content\/uploads\/2025\/05\/pitcher-flower-vase-series-2-14x12.webp 14w, https:\/\/www.santai-ceramics.com\/wp-content\/uploads\/2025\/05\/pitcher-flower-vase-series-2-1200x1000.webp 1200w, https:\/\/www.santai-ceramics.com\/wp-content\/uploads\/2025\/05\/pitcher-flower-vase-series-2-600x500.webp 600w\" sizes=\"(max-width: 1984px) 100vw, 1984px\" \/><\/figure>\n<\/div>\n<\/div>","protected":false},"excerpt":{"rendered":"<p data-pm-slice=\"0 0 []\">Vente en gros de vases \u00e0 fleurs, ces \u00e9l\u00e9gants vases \u00e0 fleurs sont \u00e0 la fois pratiques et beaux, avec une forme classique, un bec \u00e9l\u00e9gant et une poign\u00e9e confortable, cette s\u00e9rie a 2 tailles au choix. Les acheteurs B2B sont les bienvenus.<\/p>\n<h2>Sp\u00e9cification du vase \u00e0 fleurs en forme de pichet<\/h2>\n<table width=\"855\">\n<tbody>\n<tr>\n<td width=\"285\">Num\u00e9ro de mod\u00e8le<\/td>\n<td width=\"285\">A37948-LE35-A01<\/td>\n<td width=\"285\">A37948-LE35-A02<\/td>\n<\/tr>\n<tr>\n<td>Nom du produit<\/td>\n<td>Vase en c\u00e9ramique<\/td>\n<td>Vase en c\u00e9ramique<\/td>\n<\/tr>\n<tr>\n<td>Couleur<\/td>\n<td>Vert royal<\/td>\n<td>Vert royal<\/td>\n<\/tr>\n<tr>\n<td>Mat\u00e9riau<\/td>\n<td>C\u00e9ramique\u00a0<\/td>\n<td>C\u00e9ramique\u00a0<\/td>\n<\/tr>\n<tr>\n<td>Sc\u00e9narios d'utilisation<\/td>\n<td>d\u00e9coration int\u00e9rieure<\/td>\n<td>d\u00e9coration int\u00e9rieure<\/td>\n<\/tr>\n<tr>\n<td>Dimensions<\/td>\n<td>17X15.5X23cm<\/td>\n<td>13.5X13X19.5cm<\/td>\n<\/tr>\n<tr>\n<td>Poids<\/td>\n<td>1kg\/pc<\/td>\n<td>0,8kg\/pc<\/td>\n<\/tr>\n<\/tbody>\n<\/table>","protected":false},"featured_media":2786,"comment_status":"closed","ping_status":"closed","template":"","meta":{"_acf_changed":false},"product_brand":[],"product_cat":[18,44,22],"product_tag":[],"class_list":{"0":"post-2693","1":"product","2":"type-product","3":"status-publish","4":"has-post-thumbnail","6":"product_cat-home-decor","7":"product_cat-wholesale-ceramic-jugs","8":"product_cat-vase","10":"first","11":"instock","12":"shipping-taxable","13":"product-type-simple"},"acf":[],"_links":{"self":[{"href":"https:\/\/www.santai-ceramics.com\/fr\/wp-json\/wp\/v2\/product\/2693","targetHints":{"allow":["GET"]}}],"collection":[{"href":"https:\/\/www.santai-ceramics.com\/fr\/wp-json\/wp\/v2\/product"}],"about":[{"href":"https:\/\/www.santai-ceramics.com\/fr\/wp-json\/wp\/v2\/types\/product"}],"replies":[{"embeddable":true,"href":"https:\/\/www.santai-ceramics.com\/fr\/wp-json\/wp\/v2\/comments?post=2693"}],"wp:featuredmedia":[{"embeddable":true,"href":"https:\/\/www.santai-ceramics.com\/fr\/wp-json\/wp\/v2\/media\/2786"}],"wp:attachment":[{"href":"https:\/\/www.santai-ceramics.com\/fr\/wp-json\/wp\/v2\/media?parent=2693"}],"wp:term":[{"taxonomy":"product_brand","embeddable":true,"href":"https:\/\/www.santai-ceramics.com\/fr\/wp-json\/wp\/v2\/product_brand?post=2693"},{"taxonomy":"product_cat","embeddable":true,"href":"https:\/\/www.santai-ceramics.com\/fr\/wp-json\/wp\/v2\/product_cat?post=2693"},{"taxonomy":"product_tag","embeddable":true,"href":"https:\/\/www.santai-ceramics.com\/fr\/wp-json\/wp\/v2\/product_tag?post=2693"}],"curies":[{"name":"wp","href":"https:\/\/api.w.org\/{rel}","templated":true}]}}