{"id":2694,"date":"2025-05-29T03:17:50","date_gmt":"2025-05-29T03:17:50","guid":{"rendered":"https:\/\/www.santai-ceramics.com\/?post_type=product&#038;p=2694"},"modified":"2025-06-10T01:05:34","modified_gmt":"2025-06-10T01:05:34","slug":"wholesale-dark-green-ceramic-jar","status":"publish","type":"product","link":"https:\/\/www.santai-ceramics.com\/fr\/product\/wholesale-dark-green-ceramic-jar\/","title":{"rendered":"Vente en gros d'une jarre en c\u00e9ramique vert fonc\u00e9 pour la d\u00e9coration int\u00e9rieure, vente directe \u00e0 l'usine"},"content":{"rendered":"<h3 class=\"wp-block-heading\">Caract\u00e9ristiques du pot en c\u00e9ramique vert fonc\u00e9<\/h3>\n\n\n\n<ul class=\"wp-block-list\">\n<li><strong>Utilisations polyvalentes : <\/strong> Parfait pour tenir des fleurs, d\u00e9corer des branches ou \u00eatre plac\u00e9 seul en tant que pi\u00e8ce d\u00e9corative.<\/li>\n\n\n\n<li><strong>Breloque artisanale :<\/strong> Les subtiles variations de gla\u00e7ure et de forme conf\u00e8rent \u00e0 chaque pi\u00e8ce une touche artisanale unique.<\/li>\n\n\n\n<li><strong>Diff\u00e9rentes tailles :<\/strong> Disponible en diff\u00e9rentes tailles pour une utilisation d\u00e9corative et fonctionnelle flexible.<\/li>\n<\/ul>\n\n\n\n<h3 class=\"wp-block-heading\">Service de bocaux en c\u00e9ramique personnalis\u00e9s<\/h3>\n\n\n\n<p>Nous proposons des services OEM et ODM pour nos produits.<br>Des \u00e9chantillons peuvent \u00eatre livr\u00e9s rapidement.<br>Nous offrons une vari\u00e9t\u00e9 de formes, de couleurs, d'impressions personnalis\u00e9es, d'emballages et d'autres services sur mesure pour r\u00e9pondre \u00e0 vos besoins sp\u00e9cifiques.<br><a href=\"https:\/\/www.santai-ceramics.com\/fr\/custom\/\" data-type=\"page\" data-id=\"13\" target=\"_blank\" rel=\"noreferrer noopener\"><strong><b>En savoir plus sur la personnalisation<\/b> d\u00e9tail de la poterie.<\/strong><\/a><\/p>\n\n\n\n<div class=\"wp-block-columns is-layout-flex wp-container-core-columns-is-layout-9d6595d7 wp-block-columns-is-layout-flex\">\n<div class=\"wp-block-column is-layout-flow wp-block-column-is-layout-flow\">\n<figure class=\"wp-block-image size-full\"><img decoding=\"async\" width=\"2835\" height=\"2362\" src=\"https:\/\/www.santai-ceramics.com\/wp-content\/uploads\/2025\/05\/Wholesale-Dark-Green-Ceramic-Jar-2.webp\" alt=\"Grossiste Pot en c\u00e9ramique vert fonc\u00e9 (2)\" class=\"wp-image-2726\" srcset=\"https:\/\/www.santai-ceramics.com\/wp-content\/uploads\/2025\/05\/Wholesale-Dark-Green-Ceramic-Jar-2.webp 2835w, https:\/\/www.santai-ceramics.com\/wp-content\/uploads\/2025\/05\/Wholesale-Dark-Green-Ceramic-Jar-2-300x250.webp 300w, https:\/\/www.santai-ceramics.com\/wp-content\/uploads\/2025\/05\/Wholesale-Dark-Green-Ceramic-Jar-2-768x640.webp 768w, https:\/\/www.santai-ceramics.com\/wp-content\/uploads\/2025\/05\/Wholesale-Dark-Green-Ceramic-Jar-2-14x12.webp 14w, https:\/\/www.santai-ceramics.com\/wp-content\/uploads\/2025\/05\/Wholesale-Dark-Green-Ceramic-Jar-2-1200x1000.webp 1200w, https:\/\/www.santai-ceramics.com\/wp-content\/uploads\/2025\/05\/Wholesale-Dark-Green-Ceramic-Jar-2-600x500.webp 600w\" sizes=\"(max-width: 2835px) 100vw, 2835px\" \/><\/figure>\n<\/div>\n\n\n\n<div class=\"wp-block-column is-layout-flow wp-block-column-is-layout-flow\">\n<figure class=\"wp-block-image size-full\"><img decoding=\"async\" width=\"3118\" height=\"2598\" src=\"https:\/\/www.santai-ceramics.com\/wp-content\/uploads\/2025\/05\/Wholesale-Dark-Green-Ceramic-Jar-4.webp\" alt=\"Grossiste Pot en c\u00e9ramique vert fonc\u00e9 (4)\" class=\"wp-image-2728\" srcset=\"https:\/\/www.santai-ceramics.com\/wp-content\/uploads\/2025\/05\/Wholesale-Dark-Green-Ceramic-Jar-4.webp 3118w, https:\/\/www.santai-ceramics.com\/wp-content\/uploads\/2025\/05\/Wholesale-Dark-Green-Ceramic-Jar-4-300x250.webp 300w, https:\/\/www.santai-ceramics.com\/wp-content\/uploads\/2025\/05\/Wholesale-Dark-Green-Ceramic-Jar-4-768x640.webp 768w, https:\/\/www.santai-ceramics.com\/wp-content\/uploads\/2025\/05\/Wholesale-Dark-Green-Ceramic-Jar-4-14x12.webp 14w, https:\/\/www.santai-ceramics.com\/wp-content\/uploads\/2025\/05\/Wholesale-Dark-Green-Ceramic-Jar-4-1200x1000.webp 1200w, https:\/\/www.santai-ceramics.com\/wp-content\/uploads\/2025\/05\/Wholesale-Dark-Green-Ceramic-Jar-4-600x500.webp 600w\" sizes=\"(max-width: 3118px) 100vw, 3118px\" \/><\/figure>\n<\/div>\n<\/div>\n\n\n\n<div class=\"wp-block-columns is-layout-flex wp-container-core-columns-is-layout-9d6595d7 wp-block-columns-is-layout-flex\">\n<div class=\"wp-block-column is-layout-flow wp-block-column-is-layout-flow\"><\/div>\n\n\n\n<div class=\"wp-block-column is-layout-flow wp-block-column-is-layout-flow\"><\/div>\n<\/div>","protected":false},"excerpt":{"rendered":"<p data-pm-slice=\"0 0 []\">Jarre en c\u00e9ramique vert fonc\u00e9 en gros, de l'usine SANTAI, b\u00e9n\u00e9ficiez des prix pr\u00e9f\u00e9rentiels de l'usine, cette s\u00e9rie convient \u00e0 la d\u00e9coration de la maison, \u00e0 l'exposition de fleurs, \u00e0 l'emballage de cadeaux et \u00e0 d'autres sc\u00e8nes. Une vari\u00e9t\u00e9 de tailles sont disponibles, qui peuvent \u00eatre plac\u00e9es seules ou en combinaison. Nous pouvons r\u00e9aliser des personnalisations OEM\/ODM, n'h\u00e9sitez pas \u00e0 nous contacter.<\/p>\n<h2>Sp\u00e9cification du pot en c\u00e9ramique vert fonc\u00e9<\/h2>\n<table width=\"1140\">\n<tbody>\n<tr>\n<td width=\"285\">Num\u00e9ro de mod\u00e8le<\/td>\n<td width=\"285\">A37045-LE35-A01<\/td>\n<td width=\"285\">A37045-LE35-A02<\/td>\n<td width=\"285\">A37045-LE35-A03<\/td>\n<\/tr>\n<tr>\n<td>Nom du produit<\/td>\n<td>Bocal en c\u00e9ramique<\/td>\n<td>Bocal en c\u00e9ramique<\/td>\n<td>Bocal en c\u00e9ramique<\/td>\n<\/tr>\n<tr>\n<td>Couleur<\/td>\n<td>Vert royal<\/td>\n<td>Vert royal<\/td>\n<td>Vert royal<\/td>\n<\/tr>\n<tr>\n<td>Mat\u00e9riau<\/td>\n<td>C\u00e9ramique\u00a0<\/td>\n<td>C\u00e9ramique\u00a0<\/td>\n<td>C\u00e9ramique\u00a0<\/td>\n<\/tr>\n<tr>\n<td>Sc\u00e9narios d'utilisation<\/td>\n<td>d\u00e9coration int\u00e9rieure<\/td>\n<td>d\u00e9coration int\u00e9rieure<\/td>\n<td>d\u00e9coration int\u00e9rieure<\/td>\n<\/tr>\n<tr>\n<td>Dimensions<\/td>\n<td>D:23X21cm<\/td>\n<td>D:17.5X15.5cm<\/td>\n<td>D:12.5X11.5cm<\/td>\n<\/tr>\n<tr>\n<td>Poids<\/td>\n<td>1,7kg\/pc<\/td>\n<td>0,9kg\/pc<\/td>\n<td>0,5kg\/pc<\/td>\n<\/tr>\n<\/tbody>\n<\/table>","protected":false},"featured_media":2725,"comment_status":"closed","ping_status":"closed","template":"","meta":{"_acf_changed":false},"product_brand":[],"product_cat":[18,43,22],"product_tag":[],"class_list":{"0":"post-2694","1":"product","2":"type-product","3":"status-publish","4":"has-post-thumbnail","6":"product_cat-home-decor","7":"product_cat-wholesale-ceramic-jar","8":"product_cat-vase","10":"first","11":"instock","12":"shipping-taxable","13":"product-type-simple"},"acf":[],"_links":{"self":[{"href":"https:\/\/www.santai-ceramics.com\/fr\/wp-json\/wp\/v2\/product\/2694","targetHints":{"allow":["GET"]}}],"collection":[{"href":"https:\/\/www.santai-ceramics.com\/fr\/wp-json\/wp\/v2\/product"}],"about":[{"href":"https:\/\/www.santai-ceramics.com\/fr\/wp-json\/wp\/v2\/types\/product"}],"replies":[{"embeddable":true,"href":"https:\/\/www.santai-ceramics.com\/fr\/wp-json\/wp\/v2\/comments?post=2694"}],"wp:featuredmedia":[{"embeddable":true,"href":"https:\/\/www.santai-ceramics.com\/fr\/wp-json\/wp\/v2\/media\/2725"}],"wp:attachment":[{"href":"https:\/\/www.santai-ceramics.com\/fr\/wp-json\/wp\/v2\/media?parent=2694"}],"wp:term":[{"taxonomy":"product_brand","embeddable":true,"href":"https:\/\/www.santai-ceramics.com\/fr\/wp-json\/wp\/v2\/product_brand?post=2694"},{"taxonomy":"product_cat","embeddable":true,"href":"https:\/\/www.santai-ceramics.com\/fr\/wp-json\/wp\/v2\/product_cat?post=2694"},{"taxonomy":"product_tag","embeddable":true,"href":"https:\/\/www.santai-ceramics.com\/fr\/wp-json\/wp\/v2\/product_tag?post=2694"}],"curies":[{"name":"wp","href":"https:\/\/api.w.org\/{rel}","templated":true}]}}