{"id":2864,"date":"2025-06-20T07:15:56","date_gmt":"2025-06-20T07:15:56","guid":{"rendered":"https:\/\/www.santai-ceramics.com\/?post_type=product&#038;p=2864"},"modified":"2025-06-20T07:15:58","modified_gmt":"2025-06-20T07:15:58","slug":"wholesale-simple-ceramic-vase-with-texture","status":"publish","type":"product","link":"https:\/\/www.santai-ceramics.com\/fr\/product\/wholesale-simple-ceramic-vase-with-texture\/","title":{"rendered":"S\u00e9rie de vases en c\u00e9ramique faits \u00e0 la main, avec des textures terreuses et des motifs organiques, disponibles en trois tailles"},"content":{"rendered":"<h3 class=\"wp-block-heading\">Caract\u00e9ristiques de la s\u00e9rie des vases en c\u00e9ramique faits \u00e0 la main<\/h3>\n\n\n\n<ul class=\"wp-block-list\">\n<li><strong>Texture faite \u00e0 la main : <\/strong>Ce vase en c\u00e9ramique est d\u00e9cor\u00e9 d'un fond en gla\u00e7ure blanc cass\u00e9 et de lignes d\u00e9coratives brunes tiss\u00e9es, et chaque pi\u00e8ce est un motif naturel unique.<\/li>\n\n\n\n<li><strong>Syst\u00e8me de couleurs de la terre : <\/strong>Ce vase en c\u00e9ramique combine les couleurs classiques blanc cass\u00e9 et marron, avec des tons doux et proches de la nature. Il s'int\u00e8gre parfaitement aux mat\u00e9riaux naturels de la maison, tels que les rondins, le rotin et le lin, et pr\u00e9sente un haut degr\u00e9 d'adaptabilit\u00e9 stylistique.<\/li>\n\n\n\n<li><strong>Diversit\u00e9 de la structure des capacit\u00e9s :<\/strong> La version courte et \u00e9paisse convient pour \u00eatre plac\u00e9e au centre de la table \u00e0 manger afin de cr\u00e9er une atmosph\u00e8re chaleureuse ; la version haute et fine convient pour \u00eatre plac\u00e9e dans l'entr\u00e9e ou dans un coin afin de mettre en valeur la beaut\u00e9 verticale ; la combinaison de trois pi\u00e8ces peut cr\u00e9er une composition florale en couches, adapt\u00e9e \u00e0 des espaces de diff\u00e9rentes tailles.<\/li>\n\n\n\n<li><strong>Partenaire id\u00e9al pour les fleurs :<\/strong> L'embouchure de la bouteille est l\u00e9g\u00e8rement plus \u00e9troite, ce qui permet non seulement de fixer fermement les tiges des fleurs, mais aussi de pr\u00e9senter naturellement la position des fleurs, ce qui convient particuli\u00e8rement aux plantes vertes quotidiennes, aux fleurs s\u00e9ch\u00e9es, aux petites branches de fleurs, etc.<\/li>\n\n\n\n<li><strong>Service de vente en gros de vases : <\/strong>En tant que fabricant professionnel de vases en c\u00e9ramique, SANTAI soutient les clients du monde entier dans la vente en gros et l'achat de vases en c\u00e9ramique. Nous fournissons des services de personnalisation OEM\/ODM flexibles et pouvons personnaliser la taille, la couleur, le motif et les solutions d'emballage en fonction des besoins des clients.<\/li>\n<\/ul>\n\n\n\n<h3 class=\"wp-block-heading\">Service de vases en c\u00e9ramique sur mesure<\/h3>\n\n\n\n<p>Nous proposons des services OEM et ODM pour nos produits.<br>Des \u00e9chantillons peuvent \u00eatre livr\u00e9s rapidement.<br>Nous offrons une vari\u00e9t\u00e9 de formes, de couleurs, d'impressions personnalis\u00e9es, d'emballages et d'autres services sur mesure pour r\u00e9pondre \u00e0 vos besoins sp\u00e9cifiques.<br><a href=\"https:\/\/www.santai-ceramics.com\/fr\/custom\/\" data-type=\"page\" data-id=\"13\" target=\"_blank\" rel=\"noreferrer noopener\"><strong><b>En savoir plus sur la personnalisation<\/b> vase en c\u00e9ramique d\u00e9tails.<\/strong><\/a><\/p>\n\n\n\n<div class=\"wp-block-columns is-layout-flex wp-container-core-columns-is-layout-9d6595d7 wp-block-columns-is-layout-flex\">\n<div class=\"wp-block-column is-layout-flow wp-block-column-is-layout-flow\">\n<figure class=\"wp-block-image size-full\"><img decoding=\"async\" width=\"3118\" height=\"2598\" src=\"https:\/\/www.santai-ceramics.com\/wp-content\/uploads\/2025\/06\/Simple-ceramic-vase-with-texture-6.webp\" alt=\"Vase simple en c\u00e9ramique avec texture (6)\" class=\"wp-image-2898\" srcset=\"https:\/\/www.santai-ceramics.com\/wp-content\/uploads\/2025\/06\/Simple-ceramic-vase-with-texture-6.webp 3118w, https:\/\/www.santai-ceramics.com\/wp-content\/uploads\/2025\/06\/Simple-ceramic-vase-with-texture-6-300x250.webp 300w, https:\/\/www.santai-ceramics.com\/wp-content\/uploads\/2025\/06\/Simple-ceramic-vase-with-texture-6-768x640.webp 768w, https:\/\/www.santai-ceramics.com\/wp-content\/uploads\/2025\/06\/Simple-ceramic-vase-with-texture-6-14x12.webp 14w, https:\/\/www.santai-ceramics.com\/wp-content\/uploads\/2025\/06\/Simple-ceramic-vase-with-texture-6-1200x1000.webp 1200w, https:\/\/www.santai-ceramics.com\/wp-content\/uploads\/2025\/06\/Simple-ceramic-vase-with-texture-6-600x500.webp 600w\" sizes=\"(max-width: 3118px) 100vw, 3118px\" \/><\/figure>\n<\/div>\n\n\n\n<div class=\"wp-block-column is-layout-flow wp-block-column-is-layout-flow\">\n<figure class=\"wp-block-image size-full\"><img decoding=\"async\" width=\"3118\" height=\"2598\" src=\"https:\/\/www.santai-ceramics.com\/wp-content\/uploads\/2025\/06\/Simple-ceramic-vase-with-texture-7.webp\" alt=\"Vase simple en c\u00e9ramique avec texture (7)\" class=\"wp-image-2899\" srcset=\"https:\/\/www.santai-ceramics.com\/wp-content\/uploads\/2025\/06\/Simple-ceramic-vase-with-texture-7.webp 3118w, https:\/\/www.santai-ceramics.com\/wp-content\/uploads\/2025\/06\/Simple-ceramic-vase-with-texture-7-300x250.webp 300w, https:\/\/www.santai-ceramics.com\/wp-content\/uploads\/2025\/06\/Simple-ceramic-vase-with-texture-7-768x640.webp 768w, https:\/\/www.santai-ceramics.com\/wp-content\/uploads\/2025\/06\/Simple-ceramic-vase-with-texture-7-14x12.webp 14w, https:\/\/www.santai-ceramics.com\/wp-content\/uploads\/2025\/06\/Simple-ceramic-vase-with-texture-7-1200x1000.webp 1200w, https:\/\/www.santai-ceramics.com\/wp-content\/uploads\/2025\/06\/Simple-ceramic-vase-with-texture-7-600x500.webp 600w\" sizes=\"(max-width: 3118px) 100vw, 3118px\" \/><\/figure>\n<\/div>\n<\/div>\n\n\n\n<div class=\"wp-block-columns is-layout-flex wp-container-core-columns-is-layout-9d6595d7 wp-block-columns-is-layout-flex\">\n<div class=\"wp-block-column is-layout-flow wp-block-column-is-layout-flow\"><\/div>\n\n\n\n<div class=\"wp-block-column is-layout-flow wp-block-column-is-layout-flow\"><\/div>\n<\/div>","protected":false},"excerpt":{"rendered":"<p data-pm-slice=\"0 0 []\">Cette collection de vases en c\u00e9ramique est magnifique avec ses textures naturelles, ses tons de terre et ses d\u00e9tails faits \u00e0 la main. Disponibles dans des tons chauds et neutres, ces vases ont une silhouette sculpturale et une surface textur\u00e9e qui s\u00e9duit m\u00eame lorsqu'ils sont vides. Contactez-nous pour obtenir le meilleur devis d'un fabricant professionnel de vases en c\u00e9ramique.<\/p>\n<h2>Sp\u00e9cification de la s\u00e9rie de vases en c\u00e9ramique faits \u00e0 la main<\/h2>\n<table width=\"1140\">\n<tbody>\n<tr>\n<td width=\"285\">Num\u00e9ro de mod\u00e8le<\/td>\n<td width=\"285\">A35555-LE16-A01<\/td>\n<td width=\"285\">A35555-LE16-A02<\/td>\n<td width=\"285\">A35556-LE16-A01<\/td>\n<\/tr>\n<tr>\n<td>Nom du produit<\/td>\n<td>Vase en c\u00e9ramique<\/td>\n<td>Vase en c\u00e9ramique<\/td>\n<td>Vase en c\u00e9ramique<\/td>\n<\/tr>\n<tr>\n<td>Couleur<\/td>\n<td>Caramel<\/td>\n<td>Caramel<\/td>\n<td>Caramel<\/td>\n<\/tr>\n<tr>\n<td>Mat\u00e9riau<\/td>\n<td>C\u00e9ramique\u00a0<\/td>\n<td>C\u00e9ramique\u00a0<\/td>\n<td>C\u00e9ramique\u00a0<\/td>\n<\/tr>\n<tr>\n<td>Sc\u00e9narios d'utilisation<\/td>\n<td>d\u00e9coration int\u00e9rieure<\/td>\n<td>d\u00e9coration int\u00e9rieure<\/td>\n<td>d\u00e9coration int\u00e9rieure<\/td>\n<\/tr>\n<tr>\n<td>Dimensions<\/td>\n<td>D:17.5X21cm<\/td>\n<td>D:16X17.5cm<\/td>\n<td>D:16.5X12cm<\/td>\n<\/tr>\n<tr>\n<td>Poids<\/td>\n<td>1,4kg\/pc<\/td>\n<td>1,1kg\/pc<\/td>\n<td>0,8kg\/pc<\/td>\n<\/tr>\n<\/tbody>\n<\/table>","protected":false},"featured_media":2893,"comment_status":"closed","ping_status":"closed","template":"","meta":{"_acf_changed":false},"product_brand":[],"product_cat":[18,22],"product_tag":[],"class_list":{"0":"post-2864","1":"product","2":"type-product","3":"status-publish","4":"has-post-thumbnail","6":"product_cat-home-decor","7":"product_cat-vase","9":"first","10":"instock","11":"shipping-taxable","12":"product-type-simple"},"acf":[],"_links":{"self":[{"href":"https:\/\/www.santai-ceramics.com\/fr\/wp-json\/wp\/v2\/product\/2864","targetHints":{"allow":["GET"]}}],"collection":[{"href":"https:\/\/www.santai-ceramics.com\/fr\/wp-json\/wp\/v2\/product"}],"about":[{"href":"https:\/\/www.santai-ceramics.com\/fr\/wp-json\/wp\/v2\/types\/product"}],"replies":[{"embeddable":true,"href":"https:\/\/www.santai-ceramics.com\/fr\/wp-json\/wp\/v2\/comments?post=2864"}],"wp:featuredmedia":[{"embeddable":true,"href":"https:\/\/www.santai-ceramics.com\/fr\/wp-json\/wp\/v2\/media\/2893"}],"wp:attachment":[{"href":"https:\/\/www.santai-ceramics.com\/fr\/wp-json\/wp\/v2\/media?parent=2864"}],"wp:term":[{"taxonomy":"product_brand","embeddable":true,"href":"https:\/\/www.santai-ceramics.com\/fr\/wp-json\/wp\/v2\/product_brand?post=2864"},{"taxonomy":"product_cat","embeddable":true,"href":"https:\/\/www.santai-ceramics.com\/fr\/wp-json\/wp\/v2\/product_cat?post=2864"},{"taxonomy":"product_tag","embeddable":true,"href":"https:\/\/www.santai-ceramics.com\/fr\/wp-json\/wp\/v2\/product_tag?post=2864"}],"curies":[{"name":"wp","href":"https:\/\/api.w.org\/{rel}","templated":true}]}}