{"id":2865,"date":"2025-06-20T06:18:45","date_gmt":"2025-06-20T06:18:45","guid":{"rendered":"https:\/\/www.santai-ceramics.com\/?post_type=product&#038;p=2865"},"modified":"2025-06-20T06:18:46","modified_gmt":"2025-06-20T06:18:46","slug":"wholesale-modern-geometric-ceramic-vases","status":"publish","type":"product","link":"https:\/\/www.santai-ceramics.com\/fr\/product\/wholesale-modern-geometric-ceramic-vases\/","title":{"rendered":"Vases g\u00e9om\u00e9triques en c\u00e9ramique fabriqu\u00e9s \u00e0 la main pour les int\u00e9rieurs modernes - Fabricant de vases en c\u00e9ramique SANTAI"},"content":{"rendered":"<h3 class=\"wp-block-heading\">Caract\u00e9ristiques du vase g\u00e9om\u00e9trique en c\u00e9ramique fabriqu\u00e9 \u00e0 la main<\/h3>\n\n\n\n<ul class=\"wp-block-list\">\n<li><strong>Esth\u00e9tique des lignes en trois dimensions :<\/strong> Chaque vase utilise des lignes brunes pour tracer des motifs g\u00e9om\u00e9triques, notamment des grilles, des lignes radiales, des asym\u00e9tries et d'autres \u00e9l\u00e9ments de conception, produisant un effet visuel semblable \u00e0 celui d'une toile d'art moderne.<\/li>\n\n\n\n<li><strong>Langage de mod\u00e9lisation architecturale : <\/strong>Combinant le nombre d'or d'un goulot d'\u00e9tranglement mince et d'un ventre plein, la forme est droite et rythm\u00e9e, int\u00e9grant le style minimaliste nordique et l'esth\u00e9tique des ustensiles orientaux, pr\u00e9sentant une silhouette calme et tendue.<\/li>\n\n\n\n<li><strong>Syst\u00e8me de couleurs unifi\u00e9 : <\/strong>En utilisant le beige neutre comme ton principal, compl\u00e9t\u00e9 par des lignes d\u00e9coratives brunes, la couleur est sobre et harmonieuse, et peut \u00eatre facilement int\u00e9gr\u00e9e dans diff\u00e9rents mat\u00e9riaux de construction tels que les rondins, le marbre, le ciment, etc.<\/li>\n\n\n\n<li><strong>La diversification : <\/strong>Cette s\u00e9rie comprend trois vases qui utilisent uniform\u00e9ment des lignes g\u00e9om\u00e9triques et des couleurs beige-brun. Les formes couvrent diff\u00e9rentes proportions telles que mince, haute et bomb\u00e9e, qui ont \u00e0 la fois un sens de la s\u00e9rie et des caract\u00e9ristiques propres.<\/li>\n\n\n\n<li><strong>Conception stable de la base : <\/strong>Le fond du vase est con\u00e7u avec un diam\u00e8tre progressif en fonction de la hauteur et de la proportion pour garantir que le corps de la bouteille reste stable lorsque les fleurs sont ins\u00e9r\u00e9es, ce qui est particuli\u00e8rement adapt\u00e9 pour \u00eatre plac\u00e9 sur les tables \u00e0 manger, les porches ou les comptoirs.<\/li>\n\n\n\n<li><strong>service de vases en gros :<\/strong> SANTAI propose une grande vari\u00e9t\u00e9 de vases de tailles et de styles diff\u00e9rents. Les achats en gros sont les bienvenus<\/li>\n<\/ul>\n\n\n\n<h3 class=\"wp-block-heading\">Service de vases en c\u00e9ramique sur mesure<\/h3>\n\n\n\n<p>Nous proposons des services OEM et ODM pour nos produits.<br>Des \u00e9chantillons peuvent \u00eatre livr\u00e9s rapidement.<br>Nous offrons une vari\u00e9t\u00e9 de formes, de couleurs, d'impressions personnalis\u00e9es, d'emballages et d'autres services sur mesure pour r\u00e9pondre \u00e0 vos besoins sp\u00e9cifiques.<br><a href=\"https:\/\/www.santai-ceramics.com\/fr\/custom\/\" data-type=\"page\" data-id=\"13\" target=\"_blank\" rel=\"noreferrer noopener\"><strong><b>En savoir plus sur la personnalisation<\/b> d\u00e9tail d\u00e9coratif en c\u00e9ramique.<\/strong><\/a><\/p>\n\n\n\n<div class=\"wp-block-columns is-layout-flex wp-container-core-columns-is-layout-9d6595d7 wp-block-columns-is-layout-flex\">\n<div class=\"wp-block-column is-layout-flow wp-block-column-is-layout-flow\">\n<figure class=\"wp-block-image size-full\"><img decoding=\"async\" width=\"2835\" height=\"2362\" src=\"https:\/\/www.santai-ceramics.com\/wp-content\/uploads\/2025\/06\/wholesale-geometric-ceramic-vases-8.webp\" alt=\"vente en gros de vases g\u00e9om\u00e9triques en c\u00e9ramique (8)\" class=\"wp-image-2884\" srcset=\"https:\/\/www.santai-ceramics.com\/wp-content\/uploads\/2025\/06\/wholesale-geometric-ceramic-vases-8.webp 2835w, https:\/\/www.santai-ceramics.com\/wp-content\/uploads\/2025\/06\/wholesale-geometric-ceramic-vases-8-300x250.webp 300w, https:\/\/www.santai-ceramics.com\/wp-content\/uploads\/2025\/06\/wholesale-geometric-ceramic-vases-8-768x640.webp 768w, https:\/\/www.santai-ceramics.com\/wp-content\/uploads\/2025\/06\/wholesale-geometric-ceramic-vases-8-14x12.webp 14w, https:\/\/www.santai-ceramics.com\/wp-content\/uploads\/2025\/06\/wholesale-geometric-ceramic-vases-8-1200x1000.webp 1200w, https:\/\/www.santai-ceramics.com\/wp-content\/uploads\/2025\/06\/wholesale-geometric-ceramic-vases-8-600x500.webp 600w\" sizes=\"(max-width: 2835px) 100vw, 2835px\" \/><\/figure>\n<\/div>\n\n\n\n<div class=\"wp-block-column is-layout-flow wp-block-column-is-layout-flow\">\n<figure class=\"wp-block-image size-full\"><img decoding=\"async\" width=\"3118\" height=\"2598\" src=\"https:\/\/www.santai-ceramics.com\/wp-content\/uploads\/2025\/06\/wholesale-geometric-ceramic-vases-9.webp\" alt=\"Vases g\u00e9om\u00e9triques en c\u00e9ramique (9)\" class=\"wp-image-2885\" srcset=\"https:\/\/www.santai-ceramics.com\/wp-content\/uploads\/2025\/06\/wholesale-geometric-ceramic-vases-9.webp 3118w, https:\/\/www.santai-ceramics.com\/wp-content\/uploads\/2025\/06\/wholesale-geometric-ceramic-vases-9-300x250.webp 300w, https:\/\/www.santai-ceramics.com\/wp-content\/uploads\/2025\/06\/wholesale-geometric-ceramic-vases-9-768x640.webp 768w, https:\/\/www.santai-ceramics.com\/wp-content\/uploads\/2025\/06\/wholesale-geometric-ceramic-vases-9-14x12.webp 14w, https:\/\/www.santai-ceramics.com\/wp-content\/uploads\/2025\/06\/wholesale-geometric-ceramic-vases-9-1200x1000.webp 1200w, https:\/\/www.santai-ceramics.com\/wp-content\/uploads\/2025\/06\/wholesale-geometric-ceramic-vases-9-600x500.webp 600w\" sizes=\"(max-width: 3118px) 100vw, 3118px\" \/><\/figure>\n<\/div>\n<\/div>\n\n\n\n<div class=\"wp-block-columns is-layout-flex wp-container-core-columns-is-layout-9d6595d7 wp-block-columns-is-layout-flex\">\n<div class=\"wp-block-column is-layout-flow wp-block-column-is-layout-flow\"><\/div>\n\n\n\n<div class=\"wp-block-column is-layout-flow wp-block-column-is-layout-flow\"><\/div>\n<\/div>","protected":false},"excerpt":{"rendered":"<p data-pm-slice=\"0 0 []\">Cette s\u00e9rie de vases en c\u00e9ramique combine astucieusement des formes g\u00e9om\u00e9triques modernes et le charme de l'artisanat. Chaque vase est orn\u00e9 d'un motif de lignes brunes soigneusement peintes, alliant parfaitement le minimalisme nordique \u00e0 l'esth\u00e9tique subtile de l'Orient. La s\u00e9rie propose trois designs coordonn\u00e9s que vous pouvez associer \u00e0 des fleurs ou utiliser comme sculpture d\u00e9corative autonome. Apportez une touche de modernit\u00e9 \u00e0 votre d\u00e9coration int\u00e9rieure. Contactez-nous pour obtenir le meilleur devis d'un fabricant professionnel de vases en c\u00e9ramique.<\/p>\n<h2>Sp\u00e9cification du vase g\u00e9om\u00e9trique en c\u00e9ramique fabriqu\u00e9 \u00e0 la main\u00a0\u00a0<\/h2>\n<table width=\"1140\">\n<tbody>\n<tr>\n<td width=\"285\">Num\u00e9ro de mod\u00e8le<\/td>\n<td width=\"285\">A35303-LE16-A01<\/td>\n<td width=\"285\">A35302-LE16-A01<\/td>\n<td width=\"285\">A35304-LE16-A01<\/td>\n<\/tr>\n<tr>\n<td>Nom du produit<\/td>\n<td>Vase en c\u00e9ramique<\/td>\n<td>Vase en c\u00e9ramique<\/td>\n<td>Vase en c\u00e9ramique<\/td>\n<\/tr>\n<tr>\n<td>Couleur<\/td>\n<td>Caramel<\/td>\n<td>Caramel<\/td>\n<td>Caramel<\/td>\n<\/tr>\n<tr>\n<td>Mat\u00e9riau<\/td>\n<td>C\u00e9ramique\u00a0<\/td>\n<td>C\u00e9ramique\u00a0<\/td>\n<td>C\u00e9ramique\u00a0<\/td>\n<\/tr>\n<tr>\n<td>Sc\u00e9narios d'utilisation<\/td>\n<td>d\u00e9coration int\u00e9rieure<\/td>\n<td>d\u00e9coration int\u00e9rieure<\/td>\n<td>d\u00e9coration int\u00e9rieure<\/td>\n<\/tr>\n<tr>\n<td>Dimensions<\/td>\n<td>D:18.5X22cm<\/td>\n<td>D:16.5X34.5cm<\/td>\n<td>D:17X26cm<\/td>\n<\/tr>\n<tr>\n<td>Poids<\/td>\n<td>1,1kg\/pc<\/td>\n<td>1.5kg\/pc<\/td>\n<td>0,8kg\/pc<\/td>\n<\/tr>\n<\/tbody>\n<\/table>","protected":false},"featured_media":2877,"comment_status":"closed","ping_status":"closed","template":"","meta":{"_acf_changed":false},"product_brand":[],"product_cat":[18,22],"product_tag":[],"class_list":{"0":"post-2865","1":"product","2":"type-product","3":"status-publish","4":"has-post-thumbnail","6":"product_cat-home-decor","7":"product_cat-vase","9":"first","10":"instock","11":"shipping-taxable","12":"product-type-simple"},"acf":[],"_links":{"self":[{"href":"https:\/\/www.santai-ceramics.com\/fr\/wp-json\/wp\/v2\/product\/2865","targetHints":{"allow":["GET"]}}],"collection":[{"href":"https:\/\/www.santai-ceramics.com\/fr\/wp-json\/wp\/v2\/product"}],"about":[{"href":"https:\/\/www.santai-ceramics.com\/fr\/wp-json\/wp\/v2\/types\/product"}],"replies":[{"embeddable":true,"href":"https:\/\/www.santai-ceramics.com\/fr\/wp-json\/wp\/v2\/comments?post=2865"}],"wp:featuredmedia":[{"embeddable":true,"href":"https:\/\/www.santai-ceramics.com\/fr\/wp-json\/wp\/v2\/media\/2877"}],"wp:attachment":[{"href":"https:\/\/www.santai-ceramics.com\/fr\/wp-json\/wp\/v2\/media?parent=2865"}],"wp:term":[{"taxonomy":"product_brand","embeddable":true,"href":"https:\/\/www.santai-ceramics.com\/fr\/wp-json\/wp\/v2\/product_brand?post=2865"},{"taxonomy":"product_cat","embeddable":true,"href":"https:\/\/www.santai-ceramics.com\/fr\/wp-json\/wp\/v2\/product_cat?post=2865"},{"taxonomy":"product_tag","embeddable":true,"href":"https:\/\/www.santai-ceramics.com\/fr\/wp-json\/wp\/v2\/product_tag?post=2865"}],"curies":[{"name":"wp","href":"https:\/\/api.w.org\/{rel}","templated":true}]}}