{"id":2866,"date":"2025-06-30T04:00:13","date_gmt":"2025-06-30T04:00:13","guid":{"rendered":"https:\/\/www.santai-ceramics.com\/?post_type=product&#038;p=2866"},"modified":"2025-06-30T04:01:06","modified_gmt":"2025-06-30T04:01:06","slug":"wholesale-striped-ceramic-vases","status":"publish","type":"product","link":"https:\/\/www.santai-ceramics.com\/fr\/product\/wholesale-striped-ceramic-vases\/","title":{"rendered":"Vases en c\u00e9ramique ray\u00e9s faits \u00e0 la main Wholesale, Vases en c\u00e9ramique en vrac pour la vente"},"content":{"rendered":"<h3 class=\"wp-block-heading\">Caract\u00e9ristiques des vases en c\u00e9ramique \u00e0 rayures<\/h3>\n\n\n\n<ul class=\"wp-block-list\">\n<li><strong>Ray\u00e9 \u00e0 la main Texture : <\/strong>Chaque vase est sculpt\u00e9 \u00e0 la main avec des rayures verticales de mani\u00e8re naturelle pour cr\u00e9er un effet visuel unique.<\/li>\n\n\n\n<li><strong>Parfait pour la d\u00e9coration artistique : <\/strong>Avec sa forme naturelle et sa surface tactile, ce vase en c\u00e9ramique peut servir de d\u00e9coration sculpturale pour rehausser l'effet esth\u00e9tique des maisons modernes.<\/li>\n\n\n\n<li><strong>Parfait pour les compositions florales : <\/strong>Qu'il s'agisse de fleurs fra\u00eeches ou de plantes vertes luxuriantes. Les rayures aux tons chauds peuvent rehausser les couleurs des fleurs et cr\u00e9er un beau contraste.<\/li>\n<\/ul>\n\n\n\n<h3 class=\"wp-block-heading\">Service de vases en c\u00e9ramique sur mesure<\/h3>\n\n\n\n<p>Nous proposons des services OEM et ODM pour nos produits.<br>Des \u00e9chantillons peuvent \u00eatre livr\u00e9s rapidement.<br>Nous offrons une vari\u00e9t\u00e9 de formes, de couleurs, d'impressions personnalis\u00e9es, d'emballages et d'autres services sur mesure pour r\u00e9pondre \u00e0 vos besoins sp\u00e9cifiques.<br><a href=\"https:\/\/www.santai-ceramics.com\/fr\/custom\/\" data-type=\"page\" data-id=\"13\" target=\"_blank\" rel=\"noreferrer noopener\"><strong>En savoir plus sur les d\u00e9tails des vases en c\u00e9ramique personnalis\u00e9s.<\/strong><\/a><\/p>\n\n\n\n<div class=\"wp-block-columns is-layout-flex wp-container-core-columns-is-layout-9d6595d7 wp-block-columns-is-layout-flex\">\n<div class=\"wp-block-column is-layout-flow wp-block-column-is-layout-flow\">\n<figure class=\"wp-block-image size-full\"><img decoding=\"async\" width=\"2409\" height=\"2008\" src=\"https:\/\/www.santai-ceramics.com\/wp-content\/uploads\/2025\/06\/wholesale-handmade-striped-ceramic-vases-5.webp\" alt=\"Vases en c\u00e9ramique ray\u00e9e faits main en gros (5)\" class=\"wp-image-2938\" srcset=\"https:\/\/www.santai-ceramics.com\/wp-content\/uploads\/2025\/06\/wholesale-handmade-striped-ceramic-vases-5.webp 2409w, https:\/\/www.santai-ceramics.com\/wp-content\/uploads\/2025\/06\/wholesale-handmade-striped-ceramic-vases-5-300x250.webp 300w, https:\/\/www.santai-ceramics.com\/wp-content\/uploads\/2025\/06\/wholesale-handmade-striped-ceramic-vases-5-768x640.webp 768w, https:\/\/www.santai-ceramics.com\/wp-content\/uploads\/2025\/06\/wholesale-handmade-striped-ceramic-vases-5-14x12.webp 14w, https:\/\/www.santai-ceramics.com\/wp-content\/uploads\/2025\/06\/wholesale-handmade-striped-ceramic-vases-5-1200x1000.webp 1200w, https:\/\/www.santai-ceramics.com\/wp-content\/uploads\/2025\/06\/wholesale-handmade-striped-ceramic-vases-5-600x500.webp 600w\" sizes=\"(max-width: 2409px) 100vw, 2409px\" \/><\/figure>\n<\/div>\n\n\n\n<div class=\"wp-block-column is-layout-flow wp-block-column-is-layout-flow\">\n<figure class=\"wp-block-image size-full\"><img decoding=\"async\" width=\"2551\" height=\"2126\" src=\"https:\/\/www.santai-ceramics.com\/wp-content\/uploads\/2025\/06\/wholesale-handmade-striped-ceramic-vases-6.webp\" alt=\"Vases en c\u00e9ramique ray\u00e9e faits main en gros (6)\" class=\"wp-image-2939\" srcset=\"https:\/\/www.santai-ceramics.com\/wp-content\/uploads\/2025\/06\/wholesale-handmade-striped-ceramic-vases-6.webp 2551w, https:\/\/www.santai-ceramics.com\/wp-content\/uploads\/2025\/06\/wholesale-handmade-striped-ceramic-vases-6-300x250.webp 300w, https:\/\/www.santai-ceramics.com\/wp-content\/uploads\/2025\/06\/wholesale-handmade-striped-ceramic-vases-6-768x640.webp 768w, https:\/\/www.santai-ceramics.com\/wp-content\/uploads\/2025\/06\/wholesale-handmade-striped-ceramic-vases-6-14x12.webp 14w, https:\/\/www.santai-ceramics.com\/wp-content\/uploads\/2025\/06\/wholesale-handmade-striped-ceramic-vases-6-1200x1000.webp 1200w, https:\/\/www.santai-ceramics.com\/wp-content\/uploads\/2025\/06\/wholesale-handmade-striped-ceramic-vases-6-600x500.webp 600w\" sizes=\"(max-width: 2551px) 100vw, 2551px\" \/><\/figure>\n<\/div>\n<\/div>\n\n\n\n<div class=\"wp-block-columns is-layout-flex wp-container-core-columns-is-layout-9d6595d7 wp-block-columns-is-layout-flex\">\n<div class=\"wp-block-column is-layout-flow wp-block-column-is-layout-flow\"><\/div>\n\n\n\n<div class=\"wp-block-column is-layout-flow wp-block-column-is-layout-flow\"><\/div>\n<\/div>","protected":false},"excerpt":{"rendered":"<p data-pm-slice=\"0 0 []\">Vente en gros de vases en c\u00e9ramique. Avec leurs formes organiques, leurs tons terreux et leurs motifs textur\u00e9s \u00e0 la main, ces vases ray\u00e9s sont parfaits pour les arrangements d\u00e9coratifs et floraux. Contactez-nous pour un devis.<\/p>\n<h2>Sp\u00e9cification des vases en c\u00e9ramique \u00e0 rayures<\/h2>\n<table width=\"1140\">\n<tbody>\n<tr>\n<td width=\"285\">Num\u00e9ro de mod\u00e8le<\/td>\n<td width=\"285\">A37650-LE16-A01<\/td>\n<td width=\"285\">A37650-LE16-A02<\/td>\n<td width=\"285\">A37650-LE16-A03<\/td>\n<\/tr>\n<tr>\n<td>Nom du produit<\/td>\n<td>Vase en c\u00e9ramique<\/td>\n<td>Vase en c\u00e9ramique<\/td>\n<td>Vase en c\u00e9ramique<\/td>\n<\/tr>\n<tr>\n<td>Couleur<\/td>\n<td>Caramel<\/td>\n<td>Caramel<\/td>\n<td>Caramel<\/td>\n<\/tr>\n<tr>\n<td>Mat\u00e9riau<\/td>\n<td>C\u00e9ramique\u00a0<\/td>\n<td>C\u00e9ramique\u00a0<\/td>\n<td>C\u00e9ramique\u00a0<\/td>\n<\/tr>\n<tr>\n<td>Sc\u00e9narios d'utilisation<\/td>\n<td>d\u00e9coration int\u00e9rieure<\/td>\n<td>d\u00e9coration int\u00e9rieure<\/td>\n<td>d\u00e9coration int\u00e9rieure<\/td>\n<\/tr>\n<tr>\n<td>Dimensions<\/td>\n<td>D:11X20cm<\/td>\n<td>D:13X13.5cm<\/td>\n<td>D:10.5X10cm<\/td>\n<\/tr>\n<tr>\n<td>Poids<\/td>\n<td>0,7kg\/pc<\/td>\n<td>0,7kg\/pc<\/td>\n<td>0,4kg\/pc<\/td>\n<\/tr>\n<\/tbody>\n<\/table>","protected":false},"featured_media":2934,"comment_status":"closed","ping_status":"closed","template":"","meta":{"_acf_changed":false},"product_brand":[],"product_cat":[18,22],"product_tag":[],"class_list":{"0":"post-2866","1":"product","2":"type-product","3":"status-publish","4":"has-post-thumbnail","6":"product_cat-home-decor","7":"product_cat-vase","9":"first","10":"instock","11":"shipping-taxable","12":"product-type-simple"},"acf":[],"_links":{"self":[{"href":"https:\/\/www.santai-ceramics.com\/fr\/wp-json\/wp\/v2\/product\/2866","targetHints":{"allow":["GET"]}}],"collection":[{"href":"https:\/\/www.santai-ceramics.com\/fr\/wp-json\/wp\/v2\/product"}],"about":[{"href":"https:\/\/www.santai-ceramics.com\/fr\/wp-json\/wp\/v2\/types\/product"}],"replies":[{"embeddable":true,"href":"https:\/\/www.santai-ceramics.com\/fr\/wp-json\/wp\/v2\/comments?post=2866"}],"wp:featuredmedia":[{"embeddable":true,"href":"https:\/\/www.santai-ceramics.com\/fr\/wp-json\/wp\/v2\/media\/2934"}],"wp:attachment":[{"href":"https:\/\/www.santai-ceramics.com\/fr\/wp-json\/wp\/v2\/media?parent=2866"}],"wp:term":[{"taxonomy":"product_brand","embeddable":true,"href":"https:\/\/www.santai-ceramics.com\/fr\/wp-json\/wp\/v2\/product_brand?post=2866"},{"taxonomy":"product_cat","embeddable":true,"href":"https:\/\/www.santai-ceramics.com\/fr\/wp-json\/wp\/v2\/product_cat?post=2866"},{"taxonomy":"product_tag","embeddable":true,"href":"https:\/\/www.santai-ceramics.com\/fr\/wp-json\/wp\/v2\/product_tag?post=2866"}],"curies":[{"name":"wp","href":"https:\/\/api.w.org\/{rel}","templated":true}]}}