{"id":2954,"date":"2025-06-15T02:52:53","date_gmt":"2025-06-15T02:52:53","guid":{"rendered":"https:\/\/www.santai-ceramics.com\/?post_type=product&#038;p=2954"},"modified":"2025-07-02T03:50:49","modified_gmt":"2025-07-02T03:50:49","slug":"wholesale-vintage-celadon-vase-set","status":"publish","type":"product","link":"https:\/\/www.santai-ceramics.com\/fr\/product\/wholesale-vintage-celadon-vase-set\/","title":{"rendered":"Bulk Ceramic Vases Wholesale - Set de vases Vintage Celadon avec motif de feuilles et de baies"},"content":{"rendered":"<h3 class=\"wp-block-heading\">Caract\u00e9ristiques de l'ensemble de vases Vintage Celadon<\/h3>\n\n\n\n<ul class=\"wp-block-list\">\n<li><strong>Esth\u00e9tique orientale moderne : <\/strong>Inspir\u00e9 des anciens vases chinois en c\u00e9ramique, cet ensemble de vases pr\u00e9sente de belles courbes, caract\u00e9ris\u00e9es par une panse pleine et arrondie et un col \u00e9troit et l\u00e9g\u00e8rement \u00e9vas\u00e9.<\/li>\n\n\n\n<li><strong>Gla\u00e7age craquel\u00e9 vivant :<\/strong> Au cours du processus de cuisson \u00e0 haute temp\u00e9rature, ces vases d\u00e9veloppent une couche de fines fissures, appel\u00e9e \"ice crackle\", qui a un bel effet visuel.<\/li>\n\n\n\n<li><strong>Trois tailles : <\/strong>Cet ensemble comprend trois tailles, ce qui offre une grande vari\u00e9t\u00e9 d'options de placement. Vous pouvez les placer individuellement ou en combinaison sur une console, une table de salle \u00e0 manger ou un rebord de fen\u00eatre.<\/li>\n\n\n\n<li><strong>Approvisionnement en vases en c\u00e9ramique en vrac : <\/strong>L'usine de vases en c\u00e9ramique SANTAI fournit un grand nombre de vases, cet ensemble de vases en c\u00e9ramique fait \u00e0 la main est disponible pour les achats en gros et en vrac.<\/li>\n<\/ul>\n\n\n\n<h3 class=\"wp-block-heading\">Service de vases en c\u00e9ramique sur mesure<\/h3>\n\n\n\n<p>Nous proposons des services OEM et ODM pour nos produits.<br>Des \u00e9chantillons peuvent \u00eatre livr\u00e9s rapidement.<br>Nous offrons une vari\u00e9t\u00e9 de formes, de couleurs, d'impressions personnalis\u00e9es, d'emballages et d'autres services sur mesure pour r\u00e9pondre \u00e0 vos besoins sp\u00e9cifiques.<br><a href=\"https:\/\/www.santai-ceramics.com\/fr\/custom\/\" data-type=\"page\" data-id=\"13\" target=\"_blank\" rel=\"noreferrer noopener\"><strong>En savoir plus sur les d\u00e9tails des vases en c\u00e9ramique personnalis\u00e9s.<\/strong><\/a><\/p>\n\n\n\n<div class=\"wp-block-columns is-layout-flex wp-container-core-columns-is-layout-9d6595d7 wp-block-columns-is-layout-flex\">\n<div class=\"wp-block-column is-layout-flow wp-block-column-is-layout-flow\">\n<figure class=\"wp-block-image size-full\"><img decoding=\"async\" width=\"1600\" height=\"1333\" src=\"https:\/\/www.santai-ceramics.com\/wp-content\/uploads\/2025\/06\/wholesale-vintage-celadon-vase\u200b-set-5.webp\" alt=\"vase vintage c\u00e9ladon en gros (5)\" class=\"wp-image-3011\" srcset=\"https:\/\/www.santai-ceramics.com\/wp-content\/uploads\/2025\/06\/wholesale-vintage-celadon-vase\u200b-set-5.webp 1600w, https:\/\/www.santai-ceramics.com\/wp-content\/uploads\/2025\/06\/wholesale-vintage-celadon-vase\u200b-set-5-300x250.webp 300w, https:\/\/www.santai-ceramics.com\/wp-content\/uploads\/2025\/06\/wholesale-vintage-celadon-vase\u200b-set-5-768x640.webp 768w, https:\/\/www.santai-ceramics.com\/wp-content\/uploads\/2025\/06\/wholesale-vintage-celadon-vase\u200b-set-5-14x12.webp 14w, https:\/\/www.santai-ceramics.com\/wp-content\/uploads\/2025\/06\/wholesale-vintage-celadon-vase\u200b-set-5-1200x1000.webp 1200w, https:\/\/www.santai-ceramics.com\/wp-content\/uploads\/2025\/06\/wholesale-vintage-celadon-vase\u200b-set-5-600x500.webp 600w\" sizes=\"(max-width: 1600px) 100vw, 1600px\" \/><\/figure>\n<\/div>\n\n\n\n<div class=\"wp-block-column is-layout-flow wp-block-column-is-layout-flow\">\n<figure class=\"wp-block-image size-full\"><img decoding=\"async\" width=\"1600\" height=\"1333\" src=\"https:\/\/www.santai-ceramics.com\/wp-content\/uploads\/2025\/06\/wholesale-vintage-celadon-vase\u200b-set-6.webp\" alt=\"vase celadon vintage en gros (6)\" class=\"wp-image-3012\" srcset=\"https:\/\/www.santai-ceramics.com\/wp-content\/uploads\/2025\/06\/wholesale-vintage-celadon-vase\u200b-set-6.webp 1600w, https:\/\/www.santai-ceramics.com\/wp-content\/uploads\/2025\/06\/wholesale-vintage-celadon-vase\u200b-set-6-300x250.webp 300w, https:\/\/www.santai-ceramics.com\/wp-content\/uploads\/2025\/06\/wholesale-vintage-celadon-vase\u200b-set-6-768x640.webp 768w, https:\/\/www.santai-ceramics.com\/wp-content\/uploads\/2025\/06\/wholesale-vintage-celadon-vase\u200b-set-6-14x12.webp 14w, https:\/\/www.santai-ceramics.com\/wp-content\/uploads\/2025\/06\/wholesale-vintage-celadon-vase\u200b-set-6-1200x1000.webp 1200w, https:\/\/www.santai-ceramics.com\/wp-content\/uploads\/2025\/06\/wholesale-vintage-celadon-vase\u200b-set-6-600x500.webp 600w\" sizes=\"(max-width: 1600px) 100vw, 1600px\" \/><\/figure>\n<\/div>\n<\/div>\n\n\n\n<div class=\"wp-block-columns is-layout-flex wp-container-core-columns-is-layout-9d6595d7 wp-block-columns-is-layout-flex\">\n<div class=\"wp-block-column is-layout-flow wp-block-column-is-layout-flow\"><\/div>\n\n\n\n<div class=\"wp-block-column is-layout-flow wp-block-column-is-layout-flow\"><\/div>\n<\/div>","protected":false},"excerpt":{"rendered":"<p data-pm-slice=\"0 0 []\">Cet \u00e9l\u00e9gant ensemble de trois vases en c\u00e9ladon, d\u00e9cor\u00e9s de motifs floraux botaniques, avec une gla\u00e7ure craquel\u00e9e naturelle, adopte la forme courb\u00e9e classique du style chinois, convenant \u00e0 une d\u00e9coration d'espace simple et classique. Contactez-nous pour un devis.<\/p>\n<h2>Sp\u00e9cification de l'ensemble de vases en c\u00e9ladon vintage\u00a0<\/h2>\n<table width=\"1140\">\n<tbody>\n<tr>\n<td width=\"285\">Num\u00e9ro de mod\u00e8le<\/td>\n<td width=\"285\">A35923-LE25-A01<\/td>\n<td width=\"285\">A35924-LE25-A01<\/td>\n<td width=\"285\">A35924-LE25-A02<\/td>\n<\/tr>\n<tr>\n<td>Nom du produit<\/td>\n<td>Vase en c\u00e9ramique<\/td>\n<td>Vase en c\u00e9ramique<\/td>\n<td>Vase en c\u00e9ramique<\/td>\n<\/tr>\n<tr>\n<td>Couleur<\/td>\n<td>Bleu<\/td>\n<td>Bleu<\/td>\n<td>Bleu<\/td>\n<\/tr>\n<tr>\n<td>Mat\u00e9riau<\/td>\n<td>C\u00e9ramique\u00a0<\/td>\n<td>C\u00e9ramique\u00a0<\/td>\n<td>C\u00e9ramique\u00a0<\/td>\n<\/tr>\n<tr>\n<td>Sc\u00e9narios d'utilisation<\/td>\n<td>d\u00e9coration int\u00e9rieure<\/td>\n<td>d\u00e9coration int\u00e9rieure<\/td>\n<td>d\u00e9coration int\u00e9rieure<\/td>\n<\/tr>\n<tr>\n<td>Dimensions<\/td>\n<td>D:17.5X26.5cm<\/td>\n<td>D:18.5X18.5cm<\/td>\n<td>D:14.5X14.5cm<\/td>\n<\/tr>\n<tr>\n<td>Poids<\/td>\n<td>1,1kg\/pc<\/td>\n<td>1kg\/pc<\/td>\n<td>0,7kg\/pc<\/td>\n<\/tr>\n<\/tbody>\n<\/table>","protected":false},"featured_media":3007,"comment_status":"closed","ping_status":"closed","template":"","meta":{"_acf_changed":false},"product_brand":[],"product_cat":[18,22],"product_tag":[],"class_list":{"0":"post-2954","1":"product","2":"type-product","3":"status-publish","4":"has-post-thumbnail","6":"product_cat-home-decor","7":"product_cat-vase","9":"first","10":"instock","11":"shipping-taxable","12":"product-type-simple"},"acf":[],"_links":{"self":[{"href":"https:\/\/www.santai-ceramics.com\/fr\/wp-json\/wp\/v2\/product\/2954","targetHints":{"allow":["GET"]}}],"collection":[{"href":"https:\/\/www.santai-ceramics.com\/fr\/wp-json\/wp\/v2\/product"}],"about":[{"href":"https:\/\/www.santai-ceramics.com\/fr\/wp-json\/wp\/v2\/types\/product"}],"replies":[{"embeddable":true,"href":"https:\/\/www.santai-ceramics.com\/fr\/wp-json\/wp\/v2\/comments?post=2954"}],"wp:featuredmedia":[{"embeddable":true,"href":"https:\/\/www.santai-ceramics.com\/fr\/wp-json\/wp\/v2\/media\/3007"}],"wp:attachment":[{"href":"https:\/\/www.santai-ceramics.com\/fr\/wp-json\/wp\/v2\/media?parent=2954"}],"wp:term":[{"taxonomy":"product_brand","embeddable":true,"href":"https:\/\/www.santai-ceramics.com\/fr\/wp-json\/wp\/v2\/product_brand?post=2954"},{"taxonomy":"product_cat","embeddable":true,"href":"https:\/\/www.santai-ceramics.com\/fr\/wp-json\/wp\/v2\/product_cat?post=2954"},{"taxonomy":"product_tag","embeddable":true,"href":"https:\/\/www.santai-ceramics.com\/fr\/wp-json\/wp\/v2\/product_tag?post=2954"}],"curies":[{"name":"wp","href":"https:\/\/api.w.org\/{rel}","templated":true}]}}