{"id":2961,"date":"2025-06-15T02:00:58","date_gmt":"2025-06-15T02:00:58","guid":{"rendered":"https:\/\/www.santai-ceramics.com\/?post_type=product&#038;p=2961"},"modified":"2025-07-02T03:50:34","modified_gmt":"2025-07-02T03:50:34","slug":"wholesale-crackle-glaze-ceramic-vases","status":"publish","type":"product","link":"https:\/\/www.santai-ceramics.com\/fr\/product\/wholesale-crackle-glaze-ceramic-vases\/","title":{"rendered":"Wholesale Crackle Glaze Ceramic Vases - Set de vases Celadon peints \u00e0 la main"},"content":{"rendered":"<h3 class=\"wp-block-heading\">Caract\u00e9ristiques du vase en c\u00e9ramique \u00e0 gla\u00e7ure craquel\u00e9e<\/h3>\n\n\n\n<ul class=\"wp-block-list\">\n<li><strong>Mat\u00e9riau c\u00e9ramique kaolin de haute qualit\u00e9 : <\/strong>Chaque vase est soigneusement fabriqu\u00e9 en kaolin de haute qualit\u00e9, une argile fine et durable. Apr\u00e8s une cuisson \u00e0 haute temp\u00e9rature, la surface de la c\u00e9ramique est aussi lisse que du jade.<\/li>\n\n\n\n<li><strong>\u00c9l\u00e9gante gla\u00e7ure naturelle : <\/strong>Faite \u00e0 la main, la surface pr\u00e9sente des craquelures naturellement changeantes, et ces subtils d\u00e9grad\u00e9s de tons r\u00e9v\u00e8lent une beaut\u00e9 stratifi\u00e9e sous l'effet des changements de lumi\u00e8re.<\/li>\n\n\n\n<li><strong>Motifs de plantes peints \u00e0 la main par des artisans : <\/strong>Chaque vase est peint \u00e0 la main, repr\u00e9sentant des motifs v\u00e9g\u00e9taux exquis - feuilles, fleurs et fruits.<\/li>\n\n\n\n<li><strong>Plusieurs tailles : <\/strong>Les vases de cette s\u00e9rie sont disponibles en trois tailles, petite, moyenne et grande, et peuvent \u00eatre plac\u00e9s seuls ou en combinaison.<\/li>\n\n\n\n<li><strong>Design fonctionnel et d\u00e9coratif :<\/strong> L'ouverture du vase convient parfaitement \u00e0 l'insertion de fleurs fra\u00eeches et de fleurs s\u00e9ch\u00e9es, int\u00e9grant des formes artistiques aux fonctions quotidiennes, et peut rehausser le style de l'espace de vie.<\/li>\n\n\n\n<li><strong>Service de vente en gros de vases en c\u00e9ramique :<\/strong> Nous proposons des solutions flexibles de vente en gros de vases en c\u00e9ramique, y compris la personnalisation des commandes en vrac, un emballage cadeau respectueux de l'environnement et un service de livraison international.<\/li>\n<\/ul>\n\n\n\n<h3 class=\"wp-block-heading\">Service de vases en c\u00e9ramique sur mesure<\/h3>\n\n\n\n<p>Nous proposons des services OEM et ODM pour nos produits.<br>Des \u00e9chantillons peuvent \u00eatre livr\u00e9s rapidement.<br>Nous offrons une vari\u00e9t\u00e9 de formes, de couleurs, d'impressions personnalis\u00e9es, d'emballages et d'autres services sur mesure pour r\u00e9pondre \u00e0 vos besoins sp\u00e9cifiques.<br><a href=\"https:\/\/www.santai-ceramics.com\/fr\/custom\/\" data-type=\"page\" data-id=\"13\" target=\"_blank\" rel=\"noreferrer noopener\"><strong>En savoir plus sur les d\u00e9tails des vases en c\u00e9ramique personnalis\u00e9s.<\/strong><\/a><\/p>\n\n\n\n<div class=\"wp-block-columns is-layout-flex wp-container-core-columns-is-layout-9d6595d7 wp-block-columns-is-layout-flex\">\n<div class=\"wp-block-column is-layout-flow wp-block-column-is-layout-flow\">\n<figure class=\"wp-block-image size-full\"><img decoding=\"async\" width=\"1600\" height=\"1333\" src=\"https:\/\/www.santai-ceramics.com\/wp-content\/uploads\/2025\/06\/wholesale-crackle-glaze-ceramic-vases-6.webp\" alt=\"grossiste vases en c\u00e9ramique \u00e9maill\u00e9e (6)\" class=\"wp-image-2998\" srcset=\"https:\/\/www.santai-ceramics.com\/wp-content\/uploads\/2025\/06\/wholesale-crackle-glaze-ceramic-vases-6.webp 1600w, https:\/\/www.santai-ceramics.com\/wp-content\/uploads\/2025\/06\/wholesale-crackle-glaze-ceramic-vases-6-300x250.webp 300w, https:\/\/www.santai-ceramics.com\/wp-content\/uploads\/2025\/06\/wholesale-crackle-glaze-ceramic-vases-6-768x640.webp 768w, https:\/\/www.santai-ceramics.com\/wp-content\/uploads\/2025\/06\/wholesale-crackle-glaze-ceramic-vases-6-14x12.webp 14w, https:\/\/www.santai-ceramics.com\/wp-content\/uploads\/2025\/06\/wholesale-crackle-glaze-ceramic-vases-6-1200x1000.webp 1200w, https:\/\/www.santai-ceramics.com\/wp-content\/uploads\/2025\/06\/wholesale-crackle-glaze-ceramic-vases-6-600x500.webp 600w\" sizes=\"(max-width: 1600px) 100vw, 1600px\" \/><\/figure>\n<\/div>\n\n\n\n<div class=\"wp-block-column is-layout-flow wp-block-column-is-layout-flow\">\n<figure class=\"wp-block-image size-full\"><img decoding=\"async\" width=\"1600\" height=\"1333\" src=\"https:\/\/www.santai-ceramics.com\/wp-content\/uploads\/2025\/06\/wholesale-crackle-glaze-ceramic-vases-7.webp\" alt=\"grossiste vases en c\u00e9ramique \u00e0 l&#039;\u00e9mail craquel\u00e9 (7)\" class=\"wp-image-2999\" srcset=\"https:\/\/www.santai-ceramics.com\/wp-content\/uploads\/2025\/06\/wholesale-crackle-glaze-ceramic-vases-7.webp 1600w, https:\/\/www.santai-ceramics.com\/wp-content\/uploads\/2025\/06\/wholesale-crackle-glaze-ceramic-vases-7-300x250.webp 300w, https:\/\/www.santai-ceramics.com\/wp-content\/uploads\/2025\/06\/wholesale-crackle-glaze-ceramic-vases-7-768x640.webp 768w, https:\/\/www.santai-ceramics.com\/wp-content\/uploads\/2025\/06\/wholesale-crackle-glaze-ceramic-vases-7-14x12.webp 14w, https:\/\/www.santai-ceramics.com\/wp-content\/uploads\/2025\/06\/wholesale-crackle-glaze-ceramic-vases-7-1200x1000.webp 1200w, https:\/\/www.santai-ceramics.com\/wp-content\/uploads\/2025\/06\/wholesale-crackle-glaze-ceramic-vases-7-600x500.webp 600w\" sizes=\"(max-width: 1600px) 100vw, 1600px\" \/><\/figure>\n<\/div>\n<\/div>\n\n\n\n<div class=\"wp-block-columns is-layout-flex wp-container-core-columns-is-layout-9d6595d7 wp-block-columns-is-layout-flex\">\n<div class=\"wp-block-column is-layout-flow wp-block-column-is-layout-flow\"><\/div>\n\n\n\n<div class=\"wp-block-column is-layout-flow wp-block-column-is-layout-flow\"><\/div>\n<\/div>","protected":false},"excerpt":{"rendered":"<p data-pm-slice=\"0 0 []\">Les vases en c\u00e9ramique sont fabriqu\u00e9s \u00e0 partir de c\u00e9ramique bleu-vert craquel\u00e9e et d\u00e9cor\u00e9s de motifs botaniques peints \u00e0 la main. Ils ont un aspect classique et \u00e9l\u00e9gant et conviennent aux compositions florales ou \u00e0 la d\u00e9coration d'int\u00e9rieur. Il y a 3 tailles au choix : 16.5X24cm, 18X16.5cm, 14X13.5cm. Les acheteurs B2B sont invit\u00e9s \u00e0 nous contacter pour obtenir un devis.<\/p>\n<h2>Sp\u00e9cification du vase en c\u00e9ramique \u00e0 gla\u00e7ure craquel\u00e9e\u00a0<\/h2>\n<table width=\"1140\">\n<tbody>\n<tr>\n<td width=\"285\">Num\u00e9ro de mod\u00e8le<\/td>\n<td width=\"285\">A35584-LE25-A01<\/td>\n<td width=\"285\">A35585-LE25-A01<\/td>\n<td width=\"285\">A35585-LE25-A02<\/td>\n<\/tr>\n<tr>\n<td>Nom du produit<\/td>\n<td>Vase en c\u00e9ramique<\/td>\n<td>Vase en c\u00e9ramique<\/td>\n<td>Vase en c\u00e9ramique<\/td>\n<\/tr>\n<tr>\n<td>Couleur<\/td>\n<td>Bleu<\/td>\n<td>Bleu<\/td>\n<td>Bleu<\/td>\n<\/tr>\n<tr>\n<td>Mat\u00e9riau<\/td>\n<td>C\u00e9ramique\u00a0<\/td>\n<td>C\u00e9ramique\u00a0<\/td>\n<td>C\u00e9ramique\u00a0<\/td>\n<\/tr>\n<tr>\n<td>Sc\u00e9narios d'utilisation<\/td>\n<td>d\u00e9coration int\u00e9rieure<\/td>\n<td>d\u00e9coration int\u00e9rieure<\/td>\n<td>d\u00e9coration int\u00e9rieure<\/td>\n<\/tr>\n<tr>\n<td>Dimensions<\/td>\n<td>D:16.5X24cm<\/td>\n<td>D:18X16.5cm<\/td>\n<td>D:14X13.5cm<\/td>\n<\/tr>\n<tr>\n<td>Poids<\/td>\n<td>1,1kg\/pc<\/td>\n<td>1,1kg\/pc<\/td>\n<td>0,7kg\/pc<\/td>\n<\/tr>\n<\/tbody>\n<\/table>","protected":false},"featured_media":2993,"comment_status":"closed","ping_status":"closed","template":"","meta":{"_acf_changed":false},"product_brand":[],"product_cat":[18,22],"product_tag":[],"class_list":{"0":"post-2961","1":"product","2":"type-product","3":"status-publish","4":"has-post-thumbnail","6":"product_cat-home-decor","7":"product_cat-vase","9":"first","10":"instock","11":"shipping-taxable","12":"product-type-simple"},"acf":[],"_links":{"self":[{"href":"https:\/\/www.santai-ceramics.com\/fr\/wp-json\/wp\/v2\/product\/2961","targetHints":{"allow":["GET"]}}],"collection":[{"href":"https:\/\/www.santai-ceramics.com\/fr\/wp-json\/wp\/v2\/product"}],"about":[{"href":"https:\/\/www.santai-ceramics.com\/fr\/wp-json\/wp\/v2\/types\/product"}],"replies":[{"embeddable":true,"href":"https:\/\/www.santai-ceramics.com\/fr\/wp-json\/wp\/v2\/comments?post=2961"}],"wp:featuredmedia":[{"embeddable":true,"href":"https:\/\/www.santai-ceramics.com\/fr\/wp-json\/wp\/v2\/media\/2993"}],"wp:attachment":[{"href":"https:\/\/www.santai-ceramics.com\/fr\/wp-json\/wp\/v2\/media?parent=2961"}],"wp:term":[{"taxonomy":"product_brand","embeddable":true,"href":"https:\/\/www.santai-ceramics.com\/fr\/wp-json\/wp\/v2\/product_brand?post=2961"},{"taxonomy":"product_cat","embeddable":true,"href":"https:\/\/www.santai-ceramics.com\/fr\/wp-json\/wp\/v2\/product_cat?post=2961"},{"taxonomy":"product_tag","embeddable":true,"href":"https:\/\/www.santai-ceramics.com\/fr\/wp-json\/wp\/v2\/product_tag?post=2961"}],"curies":[{"name":"wp","href":"https:\/\/api.w.org\/{rel}","templated":true}]}}