{"id":2963,"date":"2025-06-15T06:41:00","date_gmt":"2025-06-15T06:41:00","guid":{"rendered":"https:\/\/www.santai-ceramics.com\/?post_type=product&#038;p=2963"},"modified":"2025-07-01T14:40:55","modified_gmt":"2025-07-01T14:40:55","slug":"wholesale-chinese-green-flower-vases","status":"publish","type":"product","link":"https:\/\/www.santai-ceramics.com\/fr\/product\/wholesale-chinese-green-flower-vases\/","title":{"rendered":"Grossiste Vases \u00e0 fleurs classiques, Vases verts chinois en vrac avec motif"},"content":{"rendered":"<h3 class=\"wp-block-heading\">Caract\u00e9ristiques du vase chinois classique vert<\/h3>\n\n\n\n<ul class=\"wp-block-list\">\n<li><strong>Design esth\u00e9tique oriental : <\/strong>Le design de ce vase s'inspire de l'artisanat traditionnel du c\u00e9ladon, combinant une silhouette en forme de goutte avec des motifs floraux et de vigne en relief.<\/li>\n\n\n\n<li><strong>Glace c\u00e9ladon exclusive : <\/strong>Le corps du vase est recouvert d'une gla\u00e7ure c\u00e9ladon sp\u00e9cialement m\u00e9lang\u00e9e, qui est douce, cristalline et brillante, comme le jade.<\/li>\n\n\n\n<li><strong>Motifs floraux exquis :<\/strong> Chaque vase pr\u00e9sente un motif floral peint \u00e0 la main, et les textures d\u00e9licates prennent vie sous l'effet de l'ombre et de la lumi\u00e8re.<\/li>\n\n\n\n<li><strong>Plusieurs tailles : <\/strong>Les vases \u00e0 fleurs en gros sont disponibles en petites, moyennes et grandes tailles, et peuvent \u00eatre pr\u00e9sent\u00e9s individuellement ou en ensemble, convenant pour \u00eatre plac\u00e9s sur les tables, les entr\u00e9es et les salles d'\u00e9tude.<\/li>\n\n\n\n<li><strong>Service de vente en gros : <\/strong>SANTAI fournit des vases \u00e0 fleurs en gros, y compris des styles riches, des couleurs multiples et des options de taille, et prend en charge les services de personnalisation OEM\/ODM.<\/li>\n<\/ul>\n\n\n\n<h3 class=\"wp-block-heading\">Service de vases en c\u00e9ramique sur mesure<\/h3>\n\n\n\n<p>Nous proposons des services OEM et ODM pour nos produits.<br>Des \u00e9chantillons peuvent \u00eatre livr\u00e9s rapidement.<br>Nous offrons une vari\u00e9t\u00e9 de formes, de couleurs, d'impressions personnalis\u00e9es, d'emballages et d'autres services sur mesure pour r\u00e9pondre \u00e0 vos besoins sp\u00e9cifiques.<br><a href=\"https:\/\/www.santai-ceramics.com\/fr\/custom\/\" data-type=\"page\" data-id=\"13\" target=\"_blank\" rel=\"noreferrer noopener\"><strong>En savoir plus sur les d\u00e9tails des vases en c\u00e9ramique personnalis\u00e9s.<\/strong><\/a><\/p>\n\n\n\n<div class=\"wp-block-columns is-layout-flex wp-container-core-columns-is-layout-9d6595d7 wp-block-columns-is-layout-flex\">\n<div class=\"wp-block-column is-layout-flow wp-block-column-is-layout-flow\">\n<figure class=\"wp-block-image size-full\"><img decoding=\"async\" width=\"2835\" height=\"2362\" src=\"https:\/\/www.santai-ceramics.com\/wp-content\/uploads\/2025\/06\/wholesale-classical-Chinese-vase-5.webp\" alt=\"Vase chinois classique en gros (5)\" class=\"wp-image-2975\" srcset=\"https:\/\/www.santai-ceramics.com\/wp-content\/uploads\/2025\/06\/wholesale-classical-Chinese-vase-5.webp 2835w, https:\/\/www.santai-ceramics.com\/wp-content\/uploads\/2025\/06\/wholesale-classical-Chinese-vase-5-300x250.webp 300w, https:\/\/www.santai-ceramics.com\/wp-content\/uploads\/2025\/06\/wholesale-classical-Chinese-vase-5-768x640.webp 768w, https:\/\/www.santai-ceramics.com\/wp-content\/uploads\/2025\/06\/wholesale-classical-Chinese-vase-5-14x12.webp 14w, https:\/\/www.santai-ceramics.com\/wp-content\/uploads\/2025\/06\/wholesale-classical-Chinese-vase-5-1200x1000.webp 1200w, https:\/\/www.santai-ceramics.com\/wp-content\/uploads\/2025\/06\/wholesale-classical-Chinese-vase-5-600x500.webp 600w\" sizes=\"(max-width: 2835px) 100vw, 2835px\" \/><\/figure>\n<\/div>\n\n\n\n<div class=\"wp-block-column is-layout-flow wp-block-column-is-layout-flow\">\n<figure class=\"wp-block-image size-full\"><img decoding=\"async\" width=\"1600\" height=\"1333\" src=\"https:\/\/www.santai-ceramics.com\/wp-content\/uploads\/2025\/06\/wholesale-classical-Chinese-vase-6.webp\" alt=\"Vase chinois classique en gros (6)\" class=\"wp-image-2976\" srcset=\"https:\/\/www.santai-ceramics.com\/wp-content\/uploads\/2025\/06\/wholesale-classical-Chinese-vase-6.webp 1600w, https:\/\/www.santai-ceramics.com\/wp-content\/uploads\/2025\/06\/wholesale-classical-Chinese-vase-6-300x250.webp 300w, https:\/\/www.santai-ceramics.com\/wp-content\/uploads\/2025\/06\/wholesale-classical-Chinese-vase-6-768x640.webp 768w, https:\/\/www.santai-ceramics.com\/wp-content\/uploads\/2025\/06\/wholesale-classical-Chinese-vase-6-14x12.webp 14w, https:\/\/www.santai-ceramics.com\/wp-content\/uploads\/2025\/06\/wholesale-classical-Chinese-vase-6-1200x1000.webp 1200w, https:\/\/www.santai-ceramics.com\/wp-content\/uploads\/2025\/06\/wholesale-classical-Chinese-vase-6-600x500.webp 600w\" sizes=\"(max-width: 1600px) 100vw, 1600px\" \/><\/figure>\n<\/div>\n<\/div>\n\n\n\n<div class=\"wp-block-columns is-layout-flex wp-container-core-columns-is-layout-9d6595d7 wp-block-columns-is-layout-flex\">\n<div class=\"wp-block-column is-layout-flow wp-block-column-is-layout-flow\"><\/div>\n\n\n\n<div class=\"wp-block-column is-layout-flow wp-block-column-is-layout-flow\"><\/div>\n<\/div>","protected":false},"excerpt":{"rendered":"<p data-pm-slice=\"0 0 []\">Vente en gros de vases classiques en c\u00e9ramique. Inspir\u00e9e par l'artisanat traditionnel du c\u00e9ladon, cette s\u00e9rie de vases \u00e0 fleurs est fabriqu\u00e9e \u00e0 la main avec des motifs floraux, alliant parfaitement l'\u00e9l\u00e9gance orientale \u00e0 la simplicit\u00e9 moderne. Ces vases sont disponibles en trois tailles. Parfait pour les d\u00e9taillants, les fournisseurs de cadeaux, les d\u00e9corateurs d'int\u00e9rieur qui recherchent des objets d'art en c\u00e9ramique en vrac. Contactez-nous pour un devis.<\/p>\n<h2>Sp\u00e9cification du vase vert chinois classique<\/h2>\n<table width=\"1140\">\n<tbody>\n<tr>\n<td width=\"285\">Num\u00e9ro de mod\u00e8le<\/td>\n<td width=\"285\">A33200-LE25-A02<\/td>\n<td width=\"285\">A33200-LE25-A03<\/td>\n<td width=\"285\">A33200-LE25-A01<\/td>\n<\/tr>\n<tr>\n<td>Nom du produit<\/td>\n<td>Vase en c\u00e9ramique<\/td>\n<td>Vase en c\u00e9ramique<\/td>\n<td>Vase en c\u00e9ramique<\/td>\n<\/tr>\n<tr>\n<td>Couleur<\/td>\n<td>Bleu<\/td>\n<td>Bleu<\/td>\n<td>Bleu<\/td>\n<\/tr>\n<tr>\n<td>Mat\u00e9riau<\/td>\n<td>C\u00e9ramique\u00a0<\/td>\n<td>C\u00e9ramique\u00a0<\/td>\n<td>C\u00e9ramique\u00a0<\/td>\n<\/tr>\n<tr>\n<td>Sc\u00e9narios d'utilisation<\/td>\n<td>d\u00e9coration int\u00e9rieure<\/td>\n<td>d\u00e9coration int\u00e9rieure<\/td>\n<td>d\u00e9coration int\u00e9rieure<\/td>\n<\/tr>\n<tr>\n<td>Dimensions<\/td>\n<td>D:19.5X26cm<\/td>\n<td>D:15X20cm<\/td>\n<td>D:10X14.5cm<\/td>\n<\/tr>\n<tr>\n<td>Poids<\/td>\n<td>2.5kg\/pc<\/td>\n<td>1,3kg\/pc<\/td>\n<td>0,5kg\/pc<\/td>\n<\/tr>\n<\/tbody>\n<\/table>","protected":false},"featured_media":2971,"comment_status":"closed","ping_status":"closed","template":"","meta":{"_acf_changed":false},"product_brand":[],"product_cat":[18,22],"product_tag":[],"class_list":{"0":"post-2963","1":"product","2":"type-product","3":"status-publish","4":"has-post-thumbnail","6":"product_cat-home-decor","7":"product_cat-vase","9":"first","10":"instock","11":"shipping-taxable","12":"product-type-simple"},"acf":[],"_links":{"self":[{"href":"https:\/\/www.santai-ceramics.com\/fr\/wp-json\/wp\/v2\/product\/2963","targetHints":{"allow":["GET"]}}],"collection":[{"href":"https:\/\/www.santai-ceramics.com\/fr\/wp-json\/wp\/v2\/product"}],"about":[{"href":"https:\/\/www.santai-ceramics.com\/fr\/wp-json\/wp\/v2\/types\/product"}],"replies":[{"embeddable":true,"href":"https:\/\/www.santai-ceramics.com\/fr\/wp-json\/wp\/v2\/comments?post=2963"}],"wp:featuredmedia":[{"embeddable":true,"href":"https:\/\/www.santai-ceramics.com\/fr\/wp-json\/wp\/v2\/media\/2971"}],"wp:attachment":[{"href":"https:\/\/www.santai-ceramics.com\/fr\/wp-json\/wp\/v2\/media?parent=2963"}],"wp:term":[{"taxonomy":"product_brand","embeddable":true,"href":"https:\/\/www.santai-ceramics.com\/fr\/wp-json\/wp\/v2\/product_brand?post=2963"},{"taxonomy":"product_cat","embeddable":true,"href":"https:\/\/www.santai-ceramics.com\/fr\/wp-json\/wp\/v2\/product_cat?post=2963"},{"taxonomy":"product_tag","embeddable":true,"href":"https:\/\/www.santai-ceramics.com\/fr\/wp-json\/wp\/v2\/product_tag?post=2963"}],"curies":[{"name":"wp","href":"https:\/\/api.w.org\/{rel}","templated":true}]}}