{"id":2964,"date":"2025-06-15T03:25:06","date_gmt":"2025-06-15T03:25:06","guid":{"rendered":"https:\/\/www.santai-ceramics.com\/?post_type=product&#038;p=2964"},"modified":"2025-08-11T09:57:34","modified_gmt":"2025-08-11T09:57:34","slug":"wholesale-tall-celadon-ceramic-vases","status":"publish","type":"product","link":"https:\/\/www.santai-ceramics.com\/fr\/product\/wholesale-tall-celadon-ceramic-vases\/","title":{"rendered":"Grossiste Vases hauts en c\u00e9ramique en vrac - Vases hauts en c\u00e9ramique c\u00e9ladon"},"content":{"rendered":"<h3 class=\"wp-block-heading\">Features of\u00a0Tall Celadon Ceramic Vases<\/h3>\n\n\n\n<ul class=\"wp-block-list\">\n<li><strong>Elegant, Slender Shape: <\/strong>This set of vases has a delicate, slender shape, with a slender neck and slightly flared mouth, featuring smooth, elegant curves.<\/li>\n\n\n\n<li><strong>Celadon Crackle Glaze:<\/strong> These delicate &#8220;ice crackle&#8221; textures subtly change over time, creating a unique &#8220;sun pattern&#8221; pattern. The green hue appears darker or lighter in different light.<\/li>\n\n\n\n<li><strong>Designed for Slender Floral Stems:<\/strong> With its tall, narrow neck, this vase is perfect for inserting long-stemmed flowers, allowing each stem to stand gracefully.<\/li>\n\n\n\n<li><strong>Wholesale Ceramic Vase Service: <\/strong>We offer flexible bulk vase ordering services and exportable packaging solutions, perfect for interior design projects, home decor retailers and floral suppliers.<\/li>\n<\/ul>\n\n\n\n<h3 class=\"wp-block-heading\">Service de vases en c\u00e9ramique sur mesure<\/h3>\n\n\n\n<p>Nous proposons des services OEM et ODM pour nos produits.<br>Des \u00e9chantillons peuvent \u00eatre livr\u00e9s rapidement.<br>Nous offrons une vari\u00e9t\u00e9 de formes, de couleurs, d'impressions personnalis\u00e9es, d'emballages et d'autres services sur mesure pour r\u00e9pondre \u00e0 vos besoins sp\u00e9cifiques.<br><a href=\"https:\/\/www.santai-ceramics.com\/fr\/custom\/\" data-type=\"page\" data-id=\"13\" target=\"_blank\" rel=\"noreferrer noopener\"><strong>En savoir plus sur les d\u00e9tails des vases en c\u00e9ramique personnalis\u00e9s.<\/strong><\/a><\/p>\n\n\n\n<div class=\"wp-block-columns is-layout-flex wp-container-core-columns-is-layout-9d6595d7 wp-block-columns-is-layout-flex\">\n<div class=\"wp-block-column is-layout-flow wp-block-column-is-layout-flow\">\n<figure class=\"wp-block-image size-full\"><img decoding=\"async\" width=\"1600\" height=\"1333\" src=\"https:\/\/www.santai-ceramics.com\/wp-content\/uploads\/2025\/06\/wholesale-tall-celadon-ceramic-vases-4.webp\" alt=\"wholesale tall celadon ceramic vases (4)\" class=\"wp-image-3023\" srcset=\"https:\/\/www.santai-ceramics.com\/wp-content\/uploads\/2025\/06\/wholesale-tall-celadon-ceramic-vases-4.webp 1600w, https:\/\/www.santai-ceramics.com\/wp-content\/uploads\/2025\/06\/wholesale-tall-celadon-ceramic-vases-4-300x250.webp 300w, https:\/\/www.santai-ceramics.com\/wp-content\/uploads\/2025\/06\/wholesale-tall-celadon-ceramic-vases-4-768x640.webp 768w, https:\/\/www.santai-ceramics.com\/wp-content\/uploads\/2025\/06\/wholesale-tall-celadon-ceramic-vases-4-14x12.webp 14w, https:\/\/www.santai-ceramics.com\/wp-content\/uploads\/2025\/06\/wholesale-tall-celadon-ceramic-vases-4-1200x1000.webp 1200w, https:\/\/www.santai-ceramics.com\/wp-content\/uploads\/2025\/06\/wholesale-tall-celadon-ceramic-vases-4-600x500.webp 600w\" sizes=\"(max-width: 1600px) 100vw, 1600px\" \/><\/figure>\n<\/div>\n\n\n\n<div class=\"wp-block-column is-layout-flow wp-block-column-is-layout-flow\">\n<figure class=\"wp-block-image size-full\"><img decoding=\"async\" width=\"1600\" height=\"1333\" src=\"https:\/\/www.santai-ceramics.com\/wp-content\/uploads\/2025\/06\/wholesale-tall-celadon-ceramic-vases-5.webp\" alt=\"wholesale tall celadon ceramic vases (5)\" class=\"wp-image-3024\" srcset=\"https:\/\/www.santai-ceramics.com\/wp-content\/uploads\/2025\/06\/wholesale-tall-celadon-ceramic-vases-5.webp 1600w, https:\/\/www.santai-ceramics.com\/wp-content\/uploads\/2025\/06\/wholesale-tall-celadon-ceramic-vases-5-300x250.webp 300w, https:\/\/www.santai-ceramics.com\/wp-content\/uploads\/2025\/06\/wholesale-tall-celadon-ceramic-vases-5-768x640.webp 768w, https:\/\/www.santai-ceramics.com\/wp-content\/uploads\/2025\/06\/wholesale-tall-celadon-ceramic-vases-5-14x12.webp 14w, https:\/\/www.santai-ceramics.com\/wp-content\/uploads\/2025\/06\/wholesale-tall-celadon-ceramic-vases-5-1200x1000.webp 1200w, https:\/\/www.santai-ceramics.com\/wp-content\/uploads\/2025\/06\/wholesale-tall-celadon-ceramic-vases-5-600x500.webp 600w\" sizes=\"(max-width: 1600px) 100vw, 1600px\" \/><\/figure>\n<\/div>\n<\/div>","protected":false},"excerpt":{"rendered":"<p data-pm-slice=\"0 0 []\">Vente en gros de grands vases en c\u00e9ramique. Les grands vases en c\u00e9ramique c\u00e9ladon sont magnifiquement proportionn\u00e9s et se terminent par un col en forme de trompette, s'harmonisant avec les fines tiges de fleurs et les int\u00e9rieurs minimalistes. Convient aux d\u00e9taillants de d\u00e9coration d'int\u00e9rieur, aux d\u00e9taillants de cadeaux et aux achats en gros. Contactez-nous pour un devis.<\/p>\n<h2>Sp\u00e9cification des grands vases en c\u00e9ramique<\/h2>\n<table width=\"855\">\n<tbody>\n<tr>\n<td width=\"285\">Num\u00e9ro de mod\u00e8le<\/td>\n<td width=\"285\">A37694-LE25-A01<\/td>\n<td width=\"285\">A37694-LE25-A02<\/td>\n<\/tr>\n<tr>\n<td>Nom du produit<\/td>\n<td>Pot en c\u00e9ramique<\/td>\n<td>Pot en c\u00e9ramique<\/td>\n<\/tr>\n<tr>\n<td>Couleur<\/td>\n<td>Bleu<\/td>\n<td>Bleu<\/td>\n<\/tr>\n<tr>\n<td>Mat\u00e9riau<\/td>\n<td>C\u00e9ramique\u00a0<\/td>\n<td>C\u00e9ramique\u00a0<\/td>\n<\/tr>\n<tr>\n<td>Sc\u00e9narios d'utilisation<\/td>\n<td>d\u00e9coration int\u00e9rieure<\/td>\n<td>d\u00e9coration int\u00e9rieure<\/td>\n<\/tr>\n<tr>\n<td>Dimensions<\/td>\n<td>D:16X42.5cm<\/td>\n<td>D:13.5X37cm<\/td>\n<\/tr>\n<tr>\n<td>Poids<\/td>\n<td>2.2kg\/pc<\/td>\n<td>1,7kg\/pc<\/td>\n<\/tr>\n<\/tbody>\n<\/table>","protected":false},"featured_media":3020,"comment_status":"closed","ping_status":"closed","template":"","meta":{"_acf_changed":false},"product_brand":[],"product_cat":[18,22],"product_tag":[],"class_list":{"0":"post-2964","1":"product","2":"type-product","3":"status-publish","4":"has-post-thumbnail","6":"product_cat-home-decor","7":"product_cat-vase","9":"first","10":"instock","11":"shipping-taxable","12":"product-type-simple"},"acf":[],"_links":{"self":[{"href":"https:\/\/www.santai-ceramics.com\/fr\/wp-json\/wp\/v2\/product\/2964","targetHints":{"allow":["GET"]}}],"collection":[{"href":"https:\/\/www.santai-ceramics.com\/fr\/wp-json\/wp\/v2\/product"}],"about":[{"href":"https:\/\/www.santai-ceramics.com\/fr\/wp-json\/wp\/v2\/types\/product"}],"replies":[{"embeddable":true,"href":"https:\/\/www.santai-ceramics.com\/fr\/wp-json\/wp\/v2\/comments?post=2964"}],"wp:featuredmedia":[{"embeddable":true,"href":"https:\/\/www.santai-ceramics.com\/fr\/wp-json\/wp\/v2\/media\/3020"}],"wp:attachment":[{"href":"https:\/\/www.santai-ceramics.com\/fr\/wp-json\/wp\/v2\/media?parent=2964"}],"wp:term":[{"taxonomy":"product_brand","embeddable":true,"href":"https:\/\/www.santai-ceramics.com\/fr\/wp-json\/wp\/v2\/product_brand?post=2964"},{"taxonomy":"product_cat","embeddable":true,"href":"https:\/\/www.santai-ceramics.com\/fr\/wp-json\/wp\/v2\/product_cat?post=2964"},{"taxonomy":"product_tag","embeddable":true,"href":"https:\/\/www.santai-ceramics.com\/fr\/wp-json\/wp\/v2\/product_tag?post=2964"}],"curies":[{"name":"wp","href":"https:\/\/api.w.org\/{rel}","templated":true}]}}