{"id":2965,"date":"2025-06-15T15:12:00","date_gmt":"2025-06-15T15:12:00","guid":{"rendered":"https:\/\/www.santai-ceramics.com\/?post_type=product&#038;p=2965"},"modified":"2025-07-01T15:14:38","modified_gmt":"2025-07-01T15:14:38","slug":"wholesale-double-handled-celadon-vases","status":"publish","type":"product","link":"https:\/\/www.santai-ceramics.com\/fr\/product\/wholesale-double-handled-celadon-vases\/","title":{"rendered":"Grossiste Vases en c\u00e9ramique en vrac - Vases \u00e0 double poign\u00e9e en c\u00e9ladon"},"content":{"rendered":"<h3 class=\"wp-block-heading\">Caract\u00e9ristiques des vases \u00e0 double poign\u00e9e en c\u00e9ladon<\/h3>\n\n\n\n<ul class=\"wp-block-list\">\n<li><strong>Forme classique \u00e0 double manche :<\/strong> Inspir\u00e9 des anciens bronzes chinois et du c\u00e9ladon de la dynastie Song, ce vase pr\u00e9sente une embouchure l\u00e9g\u00e8rement tourn\u00e9e vers l'ext\u00e9rieur et des anses courbes sym\u00e9triques.<\/li>\n\n\n\n<li><strong>Texture de la fleur : <\/strong>Le vase pr\u00e9sente des couches de motifs floraux, de feuilles et de baies, tr\u00e8s expressifs dans l'ensemble.<\/li>\n\n\n\n<li><strong>Compatibilit\u00e9 multi-sc\u00e8ne : <\/strong>Cette s\u00e9rie de vases convient \u00e0 la d\u00e9coration d'une vari\u00e9t\u00e9 de sc\u00e8nes, telles que les maisons de th\u00e9 de style oriental et les restaurants de style occidental.<\/li>\n<\/ul>\n\n\n\n<h3 class=\"wp-block-heading\">Service de vases en c\u00e9ramique sur mesure<\/h3>\n\n\n\n<p>Nous proposons des services OEM et ODM pour nos produits.<br>Des \u00e9chantillons peuvent \u00eatre livr\u00e9s rapidement.<br>Nous offrons une vari\u00e9t\u00e9 de formes, de couleurs, d'impressions personnalis\u00e9es, d'emballages et d'autres services sur mesure pour r\u00e9pondre \u00e0 vos besoins sp\u00e9cifiques.<br><a href=\"https:\/\/www.santai-ceramics.com\/fr\/custom\/\" data-type=\"page\" data-id=\"13\" target=\"_blank\" rel=\"noreferrer noopener\"><strong>En savoir plus sur les d\u00e9tails des vases en c\u00e9ramique personnalis\u00e9s.<\/strong><\/a><\/p>\n\n\n\n<div class=\"wp-block-columns is-layout-flex wp-container-core-columns-is-layout-9d6595d7 wp-block-columns-is-layout-flex\">\n<div class=\"wp-block-column is-layout-flow wp-block-column-is-layout-flow\">\n<figure class=\"wp-block-image size-full\"><img decoding=\"async\" width=\"1600\" height=\"1333\" src=\"https:\/\/www.santai-ceramics.com\/wp-content\/uploads\/2025\/06\/wholesale-double-handled-celadon-vases-4.webp\" alt=\"vases en gros \u00e0 double poign\u00e9e en c\u00e9ladon (4)\" class=\"wp-image-2981\" srcset=\"https:\/\/www.santai-ceramics.com\/wp-content\/uploads\/2025\/06\/wholesale-double-handled-celadon-vases-4.webp 1600w, https:\/\/www.santai-ceramics.com\/wp-content\/uploads\/2025\/06\/wholesale-double-handled-celadon-vases-4-300x250.webp 300w, https:\/\/www.santai-ceramics.com\/wp-content\/uploads\/2025\/06\/wholesale-double-handled-celadon-vases-4-768x640.webp 768w, https:\/\/www.santai-ceramics.com\/wp-content\/uploads\/2025\/06\/wholesale-double-handled-celadon-vases-4-14x12.webp 14w, https:\/\/www.santai-ceramics.com\/wp-content\/uploads\/2025\/06\/wholesale-double-handled-celadon-vases-4-1200x1000.webp 1200w, https:\/\/www.santai-ceramics.com\/wp-content\/uploads\/2025\/06\/wholesale-double-handled-celadon-vases-4-600x500.webp 600w\" sizes=\"(max-width: 1600px) 100vw, 1600px\" \/><\/figure>\n<\/div>\n\n\n\n<div class=\"wp-block-column is-layout-flow wp-block-column-is-layout-flow\">\n<figure class=\"wp-block-image size-full\"><img decoding=\"async\" width=\"1600\" height=\"1333\" src=\"https:\/\/www.santai-ceramics.com\/wp-content\/uploads\/2025\/06\/wholesale-double-handled-celadon-vases-5.webp\" alt=\"Vases en gros \u00e0 double poign\u00e9e en c\u00e9ladon (5)\" class=\"wp-image-2982\" srcset=\"https:\/\/www.santai-ceramics.com\/wp-content\/uploads\/2025\/06\/wholesale-double-handled-celadon-vases-5.webp 1600w, https:\/\/www.santai-ceramics.com\/wp-content\/uploads\/2025\/06\/wholesale-double-handled-celadon-vases-5-300x250.webp 300w, https:\/\/www.santai-ceramics.com\/wp-content\/uploads\/2025\/06\/wholesale-double-handled-celadon-vases-5-768x640.webp 768w, https:\/\/www.santai-ceramics.com\/wp-content\/uploads\/2025\/06\/wholesale-double-handled-celadon-vases-5-14x12.webp 14w, https:\/\/www.santai-ceramics.com\/wp-content\/uploads\/2025\/06\/wholesale-double-handled-celadon-vases-5-1200x1000.webp 1200w, https:\/\/www.santai-ceramics.com\/wp-content\/uploads\/2025\/06\/wholesale-double-handled-celadon-vases-5-600x500.webp 600w\" sizes=\"(max-width: 1600px) 100vw, 1600px\" \/><\/figure>\n<\/div>\n<\/div>","protected":false},"excerpt":{"rendered":"<p data-pm-slice=\"0 0 []\">Inspir\u00e9s des anciens bronzes chinois et des c\u00e9ladons de la dynastie Song, nos vases \u00e0 double anse en gros sont dot\u00e9s d'une double anse fabriqu\u00e9e \u00e0 la main, d\u00e9cor\u00e9e de d\u00e9licats motifs floraux et d'une gla\u00e7ure craquel\u00e9e caract\u00e9ristique. Ce vase a une grande valeur esth\u00e9tique et peut \u00eatre expos\u00e9 dans divers contextes. Les acheteurs B2B sont invit\u00e9s \u00e0 nous contacter pour obtenir un devis.<\/p>\n<h2>Sp\u00e9cification des vases \u00e0 double poign\u00e9e en c\u00e9ladon<\/h2>\n<table width=\"855\">\n<tbody>\n<tr>\n<td width=\"285\">Num\u00e9ro de mod\u00e8le<\/td>\n<td width=\"285\">A35373-LE25-A01<\/td>\n<td width=\"285\">A35373-LE25-A02<\/td>\n<\/tr>\n<tr>\n<td>Nom du produit<\/td>\n<td>Vase en c\u00e9ramique<\/td>\n<td>Vase en c\u00e9ramique<\/td>\n<\/tr>\n<tr>\n<td>Couleur<\/td>\n<td>Bleu<\/td>\n<td>Bleu<\/td>\n<\/tr>\n<tr>\n<td>Mat\u00e9riau<\/td>\n<td>C\u00e9ramique\u00a0<\/td>\n<td>C\u00e9ramique\u00a0<\/td>\n<\/tr>\n<tr>\n<td>Sc\u00e9narios d'utilisation<\/td>\n<td>d\u00e9coration int\u00e9rieure<\/td>\n<td>d\u00e9coration int\u00e9rieure<\/td>\n<\/tr>\n<tr>\n<td>Dimensions<\/td>\n<td>19.5X18.5X29cm<\/td>\n<td>16.5X15.5X24cm<\/td>\n<\/tr>\n<tr>\n<td>Poids<\/td>\n<td>1,7kg\/pc<\/td>\n<td>1,2kg\/pc<\/td>\n<\/tr>\n<\/tbody>\n<\/table>","protected":false},"featured_media":2978,"comment_status":"closed","ping_status":"closed","template":"","meta":{"_acf_changed":false},"product_brand":[],"product_cat":[18,22],"product_tag":[],"class_list":{"0":"post-2965","1":"product","2":"type-product","3":"status-publish","4":"has-post-thumbnail","6":"product_cat-home-decor","7":"product_cat-vase","9":"first","10":"instock","11":"shipping-taxable","12":"product-type-simple"},"acf":[],"_links":{"self":[{"href":"https:\/\/www.santai-ceramics.com\/fr\/wp-json\/wp\/v2\/product\/2965","targetHints":{"allow":["GET"]}}],"collection":[{"href":"https:\/\/www.santai-ceramics.com\/fr\/wp-json\/wp\/v2\/product"}],"about":[{"href":"https:\/\/www.santai-ceramics.com\/fr\/wp-json\/wp\/v2\/types\/product"}],"replies":[{"embeddable":true,"href":"https:\/\/www.santai-ceramics.com\/fr\/wp-json\/wp\/v2\/comments?post=2965"}],"wp:featuredmedia":[{"embeddable":true,"href":"https:\/\/www.santai-ceramics.com\/fr\/wp-json\/wp\/v2\/media\/2978"}],"wp:attachment":[{"href":"https:\/\/www.santai-ceramics.com\/fr\/wp-json\/wp\/v2\/media?parent=2965"}],"wp:term":[{"taxonomy":"product_brand","embeddable":true,"href":"https:\/\/www.santai-ceramics.com\/fr\/wp-json\/wp\/v2\/product_brand?post=2965"},{"taxonomy":"product_cat","embeddable":true,"href":"https:\/\/www.santai-ceramics.com\/fr\/wp-json\/wp\/v2\/product_cat?post=2965"},{"taxonomy":"product_tag","embeddable":true,"href":"https:\/\/www.santai-ceramics.com\/fr\/wp-json\/wp\/v2\/product_tag?post=2965"}],"curies":[{"name":"wp","href":"https:\/\/api.w.org\/{rel}","templated":true}]}}