{"id":3085,"date":"2025-07-22T15:02:30","date_gmt":"2025-07-22T15:02:30","guid":{"rendered":"https:\/\/www.santai-ceramics.com\/?post_type=product&#038;p=3085"},"modified":"2025-07-22T15:14:16","modified_gmt":"2025-07-22T15:14:16","slug":"wholesale-cracked-glaze-ceramic-vases-with-dual-handles","status":"publish","type":"product","link":"https:\/\/www.santai-ceramics.com\/fr\/product\/wholesale-cracked-glaze-ceramic-vases-with-dual-handles\/","title":{"rendered":"Vase en c\u00e9ramique avec deux poign\u00e9es - Vases en c\u00e9ramique \u00e0 gla\u00e7ure craquel\u00e9e"},"content":{"rendered":"<h3 class=\"wp-block-heading\">Caract\u00e9ristiques des vases en c\u00e9ramique \u00e0 double poign\u00e9e<\/h3>\n\n\n\n<ul class=\"wp-block-list\">\n<li><strong>Double poign\u00e9e :<\/strong> La double poign\u00e9e rend le vase non seulement pratique, mais aussi beau. Il est facile \u00e0 d\u00e9placer et \u00e0 placer, et donne au vase une forme plus unique.<br><\/li>\n\n\n\n<li><strong>Mat\u00e9riau c\u00e9ramique de haute qualit\u00e9 : <\/strong>Les vases en c\u00e9ramique en gros sont fabriqu\u00e9s en c\u00e9ramique de haute qualit\u00e9, ce qui garantit la solidit\u00e9 et la durabilit\u00e9 du vase et lui permet de r\u00e9sister \u00e0 l'usure et \u00e0 la d\u00e9t\u00e9rioration dues \u00e0 un usage quotidien. <br>Le processus de cuisson \u00e0 haute temp\u00e9rature garantit l'unicit\u00e9 et la stabilit\u00e9 de l'effet de gla\u00e7ure craquel\u00e9e.<br><\/li>\n\n\n\n<li><strong>Avantages de l'achat en gros :<\/strong> En tant que fournisseur de vases en c\u00e9ramique en vrac, nous fournissons des services flexibles de personnalisation en gros, adapt\u00e9s aux magasins de d\u00e9coration int\u00e9rieure, aux boutiques de cadeaux et \u00e0 d'autres besoins d'achat en vrac.<\/li>\n<\/ul>\n\n\n\n<h3 class=\"wp-block-heading\">Service de vases en c\u00e9ramique sur mesure<\/h3>\n\n\n\n<p>Nous proposons des services OEM et ODM pour nos produits.<br>Des \u00e9chantillons peuvent \u00eatre livr\u00e9s rapidement.<br>Nous offrons une vari\u00e9t\u00e9 de formes, de couleurs, d'impressions personnalis\u00e9es, d'emballages et d'autres services sur mesure pour r\u00e9pondre \u00e0 vos besoins sp\u00e9cifiques.<br><a href=\"https:\/\/www.santai-ceramics.com\/fr\/custom\/\" data-type=\"page\" data-id=\"13\" target=\"_blank\" rel=\"noreferrer noopener\"><strong>En savoir plus sur les d\u00e9tails des vases en c\u00e9ramique personnalis\u00e9s.<\/strong><\/a><\/p>\n\n\n\n<div class=\"wp-block-columns is-layout-flex wp-container-core-columns-is-layout-9d6595d7 wp-block-columns-is-layout-flex\">\n<div class=\"wp-block-column is-layout-flow wp-block-column-is-layout-flow\">\n<figure class=\"wp-block-image size-full\"><img decoding=\"async\" width=\"2960\" height=\"2467\" src=\"https:\/\/www.santai-ceramics.com\/wp-content\/uploads\/2025\/07\/Wholesale-Ceramic-Vase-with-Dual-Handles.webp\" alt=\"\" class=\"wp-image-3189\" srcset=\"https:\/\/www.santai-ceramics.com\/wp-content\/uploads\/2025\/07\/Wholesale-Ceramic-Vase-with-Dual-Handles.webp 2960w, https:\/\/www.santai-ceramics.com\/wp-content\/uploads\/2025\/07\/Wholesale-Ceramic-Vase-with-Dual-Handles-300x250.webp 300w, https:\/\/www.santai-ceramics.com\/wp-content\/uploads\/2025\/07\/Wholesale-Ceramic-Vase-with-Dual-Handles-768x640.webp 768w, https:\/\/www.santai-ceramics.com\/wp-content\/uploads\/2025\/07\/Wholesale-Ceramic-Vase-with-Dual-Handles-14x12.webp 14w, https:\/\/www.santai-ceramics.com\/wp-content\/uploads\/2025\/07\/Wholesale-Ceramic-Vase-with-Dual-Handles-1200x1000.webp 1200w, https:\/\/www.santai-ceramics.com\/wp-content\/uploads\/2025\/07\/Wholesale-Ceramic-Vase-with-Dual-Handles-600x500.webp 600w\" sizes=\"(max-width: 2960px) 100vw, 2960px\" \/><\/figure>\n<\/div>\n\n\n\n<div class=\"wp-block-column is-layout-flow wp-block-column-is-layout-flow\">\n<figure class=\"wp-block-image size-full\"><img decoding=\"async\" width=\"2874\" height=\"2396\" src=\"https:\/\/www.santai-ceramics.com\/wp-content\/uploads\/2025\/07\/Wholesale-Ceramic-Vase-with-Dual-Handles-4.webp\" alt=\"\" class=\"wp-image-3185\" srcset=\"https:\/\/www.santai-ceramics.com\/wp-content\/uploads\/2025\/07\/Wholesale-Ceramic-Vase-with-Dual-Handles-4.webp 2874w, https:\/\/www.santai-ceramics.com\/wp-content\/uploads\/2025\/07\/Wholesale-Ceramic-Vase-with-Dual-Handles-4-300x250.webp 300w, https:\/\/www.santai-ceramics.com\/wp-content\/uploads\/2025\/07\/Wholesale-Ceramic-Vase-with-Dual-Handles-4-768x640.webp 768w, https:\/\/www.santai-ceramics.com\/wp-content\/uploads\/2025\/07\/Wholesale-Ceramic-Vase-with-Dual-Handles-4-14x12.webp 14w, https:\/\/www.santai-ceramics.com\/wp-content\/uploads\/2025\/07\/Wholesale-Ceramic-Vase-with-Dual-Handles-4-1200x1000.webp 1200w, https:\/\/www.santai-ceramics.com\/wp-content\/uploads\/2025\/07\/Wholesale-Ceramic-Vase-with-Dual-Handles-4-600x500.webp 600w\" sizes=\"(max-width: 2874px) 100vw, 2874px\" \/><\/figure>\n<\/div>\n<\/div>","protected":false},"excerpt":{"rendered":"<p data-pm-slice=\"0 0 []\">Vente en gros de vases en c\u00e9ramique. Avec sa superbe gla\u00e7ure craquel\u00e9e et son design simple, ce vase en c\u00e9ramique \u00e0 deux anses s'int\u00e9grera parfaitement dans les int\u00e9rieurs modernes et traditionnels. Convient pour la d\u00e9coration d'int\u00e9rieur et les boutiques de cadeaux en vrac. MOQ : 150 pcs, contactez-nous pour un devis.<\/p>\n<h2>Sp\u00e9cification des vases en c\u00e9ramique avec double poign\u00e9e<\/h2>\n<table width=\"1140\">\n<tbody>\n<tr>\n<td width=\"285\">Num\u00e9ro de mod\u00e8le<\/td>\n<td width=\"285\">A37826-LE37-A01<\/td>\n<td width=\"285\">A37826-LE37-A02<\/td>\n<td width=\"285\">A37826-LE37-A03<\/td>\n<\/tr>\n<tr>\n<td>Nom du produit<\/td>\n<td>Vase en c\u00e9ramique avec oreilles<\/td>\n<td>Vase en c\u00e9ramique avec oreilles<\/td>\n<td>Vase en c\u00e9ramique avec oreilles<\/td>\n<\/tr>\n<tr>\n<td>Couleur<\/td>\n<td>Blanc<\/td>\n<td>Blanc<\/td>\n<td>Blanc<\/td>\n<\/tr>\n<tr>\n<td>Mat\u00e9riau<\/td>\n<td>C\u00e9ramique\u00a0<\/td>\n<td>C\u00e9ramique\u00a0<\/td>\n<td>C\u00e9ramique\u00a0<\/td>\n<\/tr>\n<tr>\n<td>Sc\u00e9narios d'utilisation<\/td>\n<td>d\u00e9coration int\u00e9rieure<\/td>\n<td>d\u00e9coration int\u00e9rieure<\/td>\n<td>d\u00e9coration int\u00e9rieure<\/td>\n<\/tr>\n<tr>\n<td>Dimensions<\/td>\n<td>19X16X24cm<\/td>\n<td>15.5X12.5X18.5cm<\/td>\n<td>19X15.5X15cm<\/td>\n<\/tr>\n<tr>\n<td>Poids<\/td>\n<td>1.5kg\/pc<\/td>\n<td>0,9kg\/pc<\/td>\n<td>0,9kg\/pc<\/td>\n<\/tr>\n<\/tbody>\n<\/table>","protected":false},"featured_media":3183,"comment_status":"closed","ping_status":"closed","template":"","meta":{"_acf_changed":false},"product_brand":[],"product_cat":[18,22],"product_tag":[],"class_list":{"0":"post-3085","1":"product","2":"type-product","3":"status-publish","4":"has-post-thumbnail","6":"product_cat-home-decor","7":"product_cat-vase","9":"first","10":"instock","11":"shipping-taxable","12":"product-type-simple"},"acf":[],"_links":{"self":[{"href":"https:\/\/www.santai-ceramics.com\/fr\/wp-json\/wp\/v2\/product\/3085","targetHints":{"allow":["GET"]}}],"collection":[{"href":"https:\/\/www.santai-ceramics.com\/fr\/wp-json\/wp\/v2\/product"}],"about":[{"href":"https:\/\/www.santai-ceramics.com\/fr\/wp-json\/wp\/v2\/types\/product"}],"replies":[{"embeddable":true,"href":"https:\/\/www.santai-ceramics.com\/fr\/wp-json\/wp\/v2\/comments?post=3085"}],"wp:featuredmedia":[{"embeddable":true,"href":"https:\/\/www.santai-ceramics.com\/fr\/wp-json\/wp\/v2\/media\/3183"}],"wp:attachment":[{"href":"https:\/\/www.santai-ceramics.com\/fr\/wp-json\/wp\/v2\/media?parent=3085"}],"wp:term":[{"taxonomy":"product_brand","embeddable":true,"href":"https:\/\/www.santai-ceramics.com\/fr\/wp-json\/wp\/v2\/product_brand?post=3085"},{"taxonomy":"product_cat","embeddable":true,"href":"https:\/\/www.santai-ceramics.com\/fr\/wp-json\/wp\/v2\/product_cat?post=3085"},{"taxonomy":"product_tag","embeddable":true,"href":"https:\/\/www.santai-ceramics.com\/fr\/wp-json\/wp\/v2\/product_tag?post=3085"}],"curies":[{"name":"wp","href":"https:\/\/api.w.org\/{rel}","templated":true}]}}