{"id":3087,"date":"2025-07-22T15:06:30","date_gmt":"2025-07-22T15:06:30","guid":{"rendered":"https:\/\/www.santai-ceramics.com\/?post_type=product&#038;p=3087"},"modified":"2025-07-22T15:12:03","modified_gmt":"2025-07-22T15:12:03","slug":"wholesale-flower-vases-with-cracked-glaze","status":"publish","type":"product","link":"https:\/\/www.santai-ceramics.com\/fr\/product\/wholesale-flower-vases-with-cracked-glaze\/","title":{"rendered":"Wholesale Flower Vases with Cracked Glaze - Wide Mouth and Low Body Design (Vases \u00e0 fleurs \u00e0 gla\u00e7ure craquel\u00e9e - bouche large et corps bas)"},"content":{"rendered":"<h3 class=\"wp-block-heading\">Caract\u00e9ristiques des vases \u00e0 fleurs \u00e0 gla\u00e7ure craquel\u00e9e<\/h3>\n\n\n\n<ul class=\"wp-block-list\">\n<li><strong>Glace craquel\u00e9e et terre cuite expos\u00e9e<\/strong>: La gla\u00e7ure d'un blanc pur est orn\u00e9e de fissures complexes, semblables \u00e0 de la glace, qui varient en profondeur et en ombre, cr\u00e9ant un effet dynamique et tridimensionnel. La terre cuite expos\u00e9e autour de la bouche, de la base et des zones o\u00f9 la gla\u00e7ure s'est us\u00e9e met en valeur le travail artisanal et la texture terreuse.<\/li>\n\n\n\n<li><strong>L'esth\u00e9tique Wabi-Sabi<\/strong>: Le design adh\u00e8re aux principes du Wabi-Sabi, mettant l'accent sur le minimalisme avec seulement deux couleurs - blanc glac\u00e9 et brun terracotta - pour cr\u00e9er un look raffin\u00e9.<\/li>\n<\/ul>\n\n\n\n<h3 class=\"wp-block-heading\">Service de vases en c\u00e9ramique sur mesure<\/h3>\n\n\n\n<p>Nous proposons des services OEM et ODM pour nos produits.<br>Des \u00e9chantillons peuvent \u00eatre livr\u00e9s rapidement.<br>Nous offrons une vari\u00e9t\u00e9 de formes, de couleurs, d'impressions personnalis\u00e9es, d'emballages et d'autres services sur mesure pour r\u00e9pondre \u00e0 vos besoins sp\u00e9cifiques.<br><a href=\"https:\/\/www.santai-ceramics.com\/fr\/custom\/\" data-type=\"page\" data-id=\"13\" target=\"_blank\" rel=\"noreferrer noopener\"><strong>En savoir plus sur les d\u00e9tails des vases en c\u00e9ramique personnalis\u00e9s.<\/strong><\/a><\/p>\n\n\n\n<div class=\"wp-block-columns is-layout-flex wp-container-core-columns-is-layout-9d6595d7 wp-block-columns-is-layout-flex\">\n<div class=\"wp-block-column is-layout-flow wp-block-column-is-layout-flow\">\n<figure class=\"wp-block-image size-full\"><img decoding=\"async\" width=\"1448\" height=\"1448\" src=\"https:\/\/www.santai-ceramics.com\/wp-content\/uploads\/2025\/07\/Wholesale-Cracked-Glaze-Ceramic-Pot-Planter-Set-3.webp\" alt=\"\" class=\"wp-image-3137\" srcset=\"https:\/\/www.santai-ceramics.com\/wp-content\/uploads\/2025\/07\/Wholesale-Cracked-Glaze-Ceramic-Pot-Planter-Set-3.webp 1448w, https:\/\/www.santai-ceramics.com\/wp-content\/uploads\/2025\/07\/Wholesale-Cracked-Glaze-Ceramic-Pot-Planter-Set-3-300x300.webp 300w, https:\/\/www.santai-ceramics.com\/wp-content\/uploads\/2025\/07\/Wholesale-Cracked-Glaze-Ceramic-Pot-Planter-Set-3-150x150.webp 150w, https:\/\/www.santai-ceramics.com\/wp-content\/uploads\/2025\/07\/Wholesale-Cracked-Glaze-Ceramic-Pot-Planter-Set-3-768x768.webp 768w, https:\/\/www.santai-ceramics.com\/wp-content\/uploads\/2025\/07\/Wholesale-Cracked-Glaze-Ceramic-Pot-Planter-Set-3-12x12.webp 12w, https:\/\/www.santai-ceramics.com\/wp-content\/uploads\/2025\/07\/Wholesale-Cracked-Glaze-Ceramic-Pot-Planter-Set-3-1200x1200.webp 1200w, https:\/\/www.santai-ceramics.com\/wp-content\/uploads\/2025\/07\/Wholesale-Cracked-Glaze-Ceramic-Pot-Planter-Set-3-600x600.webp 600w, https:\/\/www.santai-ceramics.com\/wp-content\/uploads\/2025\/07\/Wholesale-Cracked-Glaze-Ceramic-Pot-Planter-Set-3-100x100.webp 100w\" sizes=\"(max-width: 1448px) 100vw, 1448px\" \/><\/figure>\n<\/div>\n\n\n\n<div class=\"wp-block-column is-layout-flow wp-block-column-is-layout-flow\">\n<figure class=\"wp-block-image size-full\"><img decoding=\"async\" width=\"2383\" height=\"2383\" src=\"https:\/\/www.santai-ceramics.com\/wp-content\/uploads\/2025\/07\/Wholesale-Cracked-Glaze-Ceramic-Pot-Planter-Set-5.webp\" alt=\"\" class=\"wp-image-3139\" srcset=\"https:\/\/www.santai-ceramics.com\/wp-content\/uploads\/2025\/07\/Wholesale-Cracked-Glaze-Ceramic-Pot-Planter-Set-5.webp 2383w, https:\/\/www.santai-ceramics.com\/wp-content\/uploads\/2025\/07\/Wholesale-Cracked-Glaze-Ceramic-Pot-Planter-Set-5-300x300.webp 300w, https:\/\/www.santai-ceramics.com\/wp-content\/uploads\/2025\/07\/Wholesale-Cracked-Glaze-Ceramic-Pot-Planter-Set-5-150x150.webp 150w, https:\/\/www.santai-ceramics.com\/wp-content\/uploads\/2025\/07\/Wholesale-Cracked-Glaze-Ceramic-Pot-Planter-Set-5-768x768.webp 768w, https:\/\/www.santai-ceramics.com\/wp-content\/uploads\/2025\/07\/Wholesale-Cracked-Glaze-Ceramic-Pot-Planter-Set-5-12x12.webp 12w, https:\/\/www.santai-ceramics.com\/wp-content\/uploads\/2025\/07\/Wholesale-Cracked-Glaze-Ceramic-Pot-Planter-Set-5-1200x1200.webp 1200w, https:\/\/www.santai-ceramics.com\/wp-content\/uploads\/2025\/07\/Wholesale-Cracked-Glaze-Ceramic-Pot-Planter-Set-5-600x600.webp 600w, https:\/\/www.santai-ceramics.com\/wp-content\/uploads\/2025\/07\/Wholesale-Cracked-Glaze-Ceramic-Pot-Planter-Set-5-100x100.webp 100w\" sizes=\"(max-width: 2383px) 100vw, 2383px\" \/><\/figure>\n<\/div>\n<\/div>","protected":false},"excerpt":{"rendered":"<p data-pm-slice=\"0 0 []\">Vente en gros de vases \u00e0 fleurs en c\u00e9ramique. Ces vases en gros pr\u00e9sentent une finition en \u00e9mail craquel\u00e9 et une large ouverture avec un profil bas. L'ouverture large est con\u00e7ue pour accueillir une vari\u00e9t\u00e9 de fleurs, des fleurs pleines aux tiges minces, ce qui rend ces vases flexibles pour une vari\u00e9t\u00e9 d'expositions florales. MOQ : 150 pi\u00e8ces. Contactez-nous pour obtenir le meilleur devis de SANTAI, fabricant fiable de vases en c\u00e9ramique.<\/p>\n<h2>Sp\u00e9cification des vases \u00e0 fleurs\u00a0<\/h2>\n<table width=\"1140\">\n<tbody>\n<tr>\n<td width=\"285\">Num\u00e9ro de mod\u00e8le<\/td>\n<td width=\"285\">A37808-LE37-A01<\/td>\n<td width=\"285\">A37808-LE37-A02<\/td>\n<td width=\"285\">A37808-LE37-A03<\/td>\n<\/tr>\n<tr>\n<td>Nom du produit<\/td>\n<td>Vase en c\u00e9ramique<\/td>\n<td>Vase en c\u00e9ramique<\/td>\n<td>Vase en c\u00e9ramique<\/td>\n<\/tr>\n<tr>\n<td>Couleur<\/td>\n<td>Blanc<\/td>\n<td>Blanc<\/td>\n<td>Blanc<\/td>\n<\/tr>\n<tr>\n<td>Mat\u00e9riau<\/td>\n<td>C\u00e9ramique\u00a0<\/td>\n<td>C\u00e9ramique\u00a0<\/td>\n<td>C\u00e9ramique\u00a0<\/td>\n<\/tr>\n<tr>\n<td>Sc\u00e9narios d'utilisation<\/td>\n<td>d\u00e9coration int\u00e9rieure<\/td>\n<td>d\u00e9coration int\u00e9rieure<\/td>\n<td>d\u00e9coration int\u00e9rieure<\/td>\n<\/tr>\n<tr>\n<td>Dimensions<\/td>\n<td>D:21.5X13.5cm<\/td>\n<td>D:17.5X11cm<\/td>\n<td>D:13.5X9.5cm<\/td>\n<\/tr>\n<tr>\n<td>Poids<\/td>\n<td>1,2kg\/pc<\/td>\n<td>0,8kg\/pc<\/td>\n<td>0,5kg\/pc<\/td>\n<\/tr>\n<\/tbody>\n<\/table>","protected":false},"featured_media":3181,"comment_status":"closed","ping_status":"closed","template":"","meta":{"_acf_changed":false},"product_brand":[],"product_cat":[18,22],"product_tag":[],"class_list":{"0":"post-3087","1":"product","2":"type-product","3":"status-publish","4":"has-post-thumbnail","6":"product_cat-home-decor","7":"product_cat-vase","9":"first","10":"instock","11":"shipping-taxable","12":"product-type-simple"},"acf":[],"_links":{"self":[{"href":"https:\/\/www.santai-ceramics.com\/fr\/wp-json\/wp\/v2\/product\/3087","targetHints":{"allow":["GET"]}}],"collection":[{"href":"https:\/\/www.santai-ceramics.com\/fr\/wp-json\/wp\/v2\/product"}],"about":[{"href":"https:\/\/www.santai-ceramics.com\/fr\/wp-json\/wp\/v2\/types\/product"}],"replies":[{"embeddable":true,"href":"https:\/\/www.santai-ceramics.com\/fr\/wp-json\/wp\/v2\/comments?post=3087"}],"wp:featuredmedia":[{"embeddable":true,"href":"https:\/\/www.santai-ceramics.com\/fr\/wp-json\/wp\/v2\/media\/3181"}],"wp:attachment":[{"href":"https:\/\/www.santai-ceramics.com\/fr\/wp-json\/wp\/v2\/media?parent=3087"}],"wp:term":[{"taxonomy":"product_brand","embeddable":true,"href":"https:\/\/www.santai-ceramics.com\/fr\/wp-json\/wp\/v2\/product_brand?post=3087"},{"taxonomy":"product_cat","embeddable":true,"href":"https:\/\/www.santai-ceramics.com\/fr\/wp-json\/wp\/v2\/product_cat?post=3087"},{"taxonomy":"product_tag","embeddable":true,"href":"https:\/\/www.santai-ceramics.com\/fr\/wp-json\/wp\/v2\/product_tag?post=3087"}],"curies":[{"name":"wp","href":"https:\/\/api.w.org\/{rel}","templated":true}]}}