{"id":3088,"date":"2025-07-22T15:00:03","date_gmt":"2025-07-22T15:00:03","guid":{"rendered":"https:\/\/www.santai-ceramics.com\/?post_type=product&#038;p=3088"},"modified":"2025-07-22T15:00:06","modified_gmt":"2025-07-22T15:00:06","slug":"bulk-flower-vases-with-cracked-glaze","status":"publish","type":"product","link":"https:\/\/www.santai-ceramics.com\/fr\/product\/bulk-flower-vases-with-cracked-glaze\/","title":{"rendered":"Vases \u00e0 fleurs en gros - Vases en c\u00e9ramique \u00e0 gla\u00e7ure craquel\u00e9e avec double poign\u00e9e"},"content":{"rendered":"<h3 class=\"wp-block-heading\">Caract\u00e9ristiques des vases \u00e0 fleurs \u00e0 double poign\u00e9e<\/h3>\n\n\n\n<ul class=\"wp-block-list\">\n<li><strong>Double poign\u00e9e : <\/strong>La conception unique de la double poign\u00e9e n'est pas seulement pratique, elle permet de d\u00e9placer et de placer le vase, mais elle lui conf\u00e8re \u00e9galement une valeur esth\u00e9tique suppl\u00e9mentaire.<br><\/li>\n\n\n\n<li><strong>Convient \u00e0 l'achat en gros : <\/strong>Les vases \u00e0 fleurs en gros sont directement fournis par l'usine SANTAI. Ils conviennent aux magasins de d\u00e9coration d'int\u00e9rieur, aux boutiques de cadeaux et autres d\u00e9taillants qui souhaitent les acheter au meilleur prix.<br><\/li>\n\n\n\n<li><strong>Support OEM et ODM : <\/strong>En tant que fabricant professionnel de vases en c\u00e9ramique, nous proposons des options de taille et de couleur de gla\u00e7ure personnalis\u00e9es pour r\u00e9pondre aux besoins des diff\u00e9rents d\u00e9taillants et clients.<\/li>\n<\/ul>\n\n\n\n<h3 class=\"wp-block-heading\">Service de vases en c\u00e9ramique sur mesure<\/h3>\n\n\n\n<p>Nous proposons des services OEM et ODM pour nos produits.<br>Des \u00e9chantillons peuvent \u00eatre livr\u00e9s rapidement.<br>Nous offrons une vari\u00e9t\u00e9 de formes, de couleurs, d'impressions personnalis\u00e9es, d'emballages et d'autres services sur mesure pour r\u00e9pondre \u00e0 vos besoins sp\u00e9cifiques.<br><a href=\"https:\/\/www.santai-ceramics.com\/fr\/custom\/\" data-type=\"page\" data-id=\"13\" target=\"_blank\" rel=\"noreferrer noopener\"><strong>En savoir plus sur les d\u00e9tails des vases en c\u00e9ramique personnalis\u00e9s.<\/strong><\/a><\/p>\n\n\n\n<div class=\"wp-block-columns is-layout-flex wp-container-core-columns-is-layout-9d6595d7 wp-block-columns-is-layout-flex\">\n<div class=\"wp-block-column is-layout-flow wp-block-column-is-layout-flow\">\n<figure class=\"wp-block-image size-full\"><img decoding=\"async\" width=\"1690\" height=\"1690\" src=\"https:\/\/www.santai-ceramics.com\/wp-content\/uploads\/2025\/07\/Bulk-Flower-Vases-with-Cracked-Glaze-3.webp\" alt=\"\" class=\"wp-image-3173\" srcset=\"https:\/\/www.santai-ceramics.com\/wp-content\/uploads\/2025\/07\/Bulk-Flower-Vases-with-Cracked-Glaze-3.webp 1690w, https:\/\/www.santai-ceramics.com\/wp-content\/uploads\/2025\/07\/Bulk-Flower-Vases-with-Cracked-Glaze-3-300x300.webp 300w, https:\/\/www.santai-ceramics.com\/wp-content\/uploads\/2025\/07\/Bulk-Flower-Vases-with-Cracked-Glaze-3-150x150.webp 150w, https:\/\/www.santai-ceramics.com\/wp-content\/uploads\/2025\/07\/Bulk-Flower-Vases-with-Cracked-Glaze-3-768x768.webp 768w, https:\/\/www.santai-ceramics.com\/wp-content\/uploads\/2025\/07\/Bulk-Flower-Vases-with-Cracked-Glaze-3-12x12.webp 12w, https:\/\/www.santai-ceramics.com\/wp-content\/uploads\/2025\/07\/Bulk-Flower-Vases-with-Cracked-Glaze-3-1200x1200.webp 1200w, https:\/\/www.santai-ceramics.com\/wp-content\/uploads\/2025\/07\/Bulk-Flower-Vases-with-Cracked-Glaze-3-600x600.webp 600w, https:\/\/www.santai-ceramics.com\/wp-content\/uploads\/2025\/07\/Bulk-Flower-Vases-with-Cracked-Glaze-3-100x100.webp 100w\" sizes=\"(max-width: 1690px) 100vw, 1690px\" \/><\/figure>\n<\/div>\n\n\n\n<div class=\"wp-block-column is-layout-flow wp-block-column-is-layout-flow\">\n<figure class=\"wp-block-image size-full\"><img decoding=\"async\" width=\"2860\" height=\"2860\" src=\"https:\/\/www.santai-ceramics.com\/wp-content\/uploads\/2025\/07\/Bulk-Flower-Vases-with-Cracked-Glaze-5.webp\" alt=\"\" class=\"wp-image-3175\" srcset=\"https:\/\/www.santai-ceramics.com\/wp-content\/uploads\/2025\/07\/Bulk-Flower-Vases-with-Cracked-Glaze-5.webp 2860w, https:\/\/www.santai-ceramics.com\/wp-content\/uploads\/2025\/07\/Bulk-Flower-Vases-with-Cracked-Glaze-5-300x300.webp 300w, https:\/\/www.santai-ceramics.com\/wp-content\/uploads\/2025\/07\/Bulk-Flower-Vases-with-Cracked-Glaze-5-150x150.webp 150w, https:\/\/www.santai-ceramics.com\/wp-content\/uploads\/2025\/07\/Bulk-Flower-Vases-with-Cracked-Glaze-5-768x768.webp 768w, https:\/\/www.santai-ceramics.com\/wp-content\/uploads\/2025\/07\/Bulk-Flower-Vases-with-Cracked-Glaze-5-12x12.webp 12w, https:\/\/www.santai-ceramics.com\/wp-content\/uploads\/2025\/07\/Bulk-Flower-Vases-with-Cracked-Glaze-5-1200x1200.webp 1200w, https:\/\/www.santai-ceramics.com\/wp-content\/uploads\/2025\/07\/Bulk-Flower-Vases-with-Cracked-Glaze-5-600x600.webp 600w, https:\/\/www.santai-ceramics.com\/wp-content\/uploads\/2025\/07\/Bulk-Flower-Vases-with-Cracked-Glaze-5-100x100.webp 100w\" sizes=\"(max-width: 2860px) 100vw, 2860px\" \/><\/figure>\n<\/div>\n<\/div>","protected":false},"excerpt":{"rendered":"<p data-pm-slice=\"0 0 []\">Vases \u00e0 fleurs en gros. Avec leur \u00e9mail craquel\u00e9 et leurs doubles poign\u00e9es, ces vases en gros sont un m\u00e9lange parfait de style et de praticit\u00e9, parfaits pour les compositions florales et les pr\u00e9sentations individuelles. En tant que fabricant de vases en c\u00e9ramique, nous proposons des vases en gros \u00e0 des prix d'usine, parfaits pour les magasins de d\u00e9tail et les acheteurs B2B. Contactez-nous pour un devis.<\/p>\n<h2>Sp\u00e9cification des vases \u00e0 fleurs<\/h2>\n<table width=\"855\">\n<tbody>\n<tr>\n<td width=\"285\">Num\u00e9ro de mod\u00e8le<\/td>\n<td width=\"285\">A37825-LE37-A01<\/td>\n<td width=\"285\">A37825-LE37-A02<\/td>\n<\/tr>\n<tr>\n<td>Nom du produit<\/td>\n<td>Vase en c\u00e9ramique avec oreilles<\/td>\n<td>Vase en c\u00e9ramique avec oreilles<\/td>\n<\/tr>\n<tr>\n<td>Couleur<\/td>\n<td>Blanc<\/td>\n<td>Blanc<\/td>\n<\/tr>\n<tr>\n<td>Mat\u00e9riau<\/td>\n<td>C\u00e9ramique\u00a0<\/td>\n<td>C\u00e9ramique\u00a0<\/td>\n<\/tr>\n<tr>\n<td>Sc\u00e9narios d'utilisation<\/td>\n<td>d\u00e9coration int\u00e9rieure<\/td>\n<td>d\u00e9coration int\u00e9rieure<\/td>\n<\/tr>\n<tr>\n<td>Dimensions<\/td>\n<td>20.5X20X21cm<\/td>\n<td>15.5X15X16.5cm<\/td>\n<\/tr>\n<tr>\n<td>Poids<\/td>\n<td>1,6kg\/pc<\/td>\n<td>0,9kg\/pc<\/td>\n<\/tr>\n<\/tbody>\n<\/table>","protected":false},"featured_media":3172,"comment_status":"closed","ping_status":"closed","template":"","meta":{"_acf_changed":false},"product_brand":[],"product_cat":[18,22],"product_tag":[],"class_list":{"0":"post-3088","1":"product","2":"type-product","3":"status-publish","4":"has-post-thumbnail","6":"product_cat-home-decor","7":"product_cat-vase","9":"first","10":"instock","11":"shipping-taxable","12":"product-type-simple"},"acf":[],"_links":{"self":[{"href":"https:\/\/www.santai-ceramics.com\/fr\/wp-json\/wp\/v2\/product\/3088","targetHints":{"allow":["GET"]}}],"collection":[{"href":"https:\/\/www.santai-ceramics.com\/fr\/wp-json\/wp\/v2\/product"}],"about":[{"href":"https:\/\/www.santai-ceramics.com\/fr\/wp-json\/wp\/v2\/types\/product"}],"replies":[{"embeddable":true,"href":"https:\/\/www.santai-ceramics.com\/fr\/wp-json\/wp\/v2\/comments?post=3088"}],"wp:featuredmedia":[{"embeddable":true,"href":"https:\/\/www.santai-ceramics.com\/fr\/wp-json\/wp\/v2\/media\/3172"}],"wp:attachment":[{"href":"https:\/\/www.santai-ceramics.com\/fr\/wp-json\/wp\/v2\/media?parent=3088"}],"wp:term":[{"taxonomy":"product_brand","embeddable":true,"href":"https:\/\/www.santai-ceramics.com\/fr\/wp-json\/wp\/v2\/product_brand?post=3088"},{"taxonomy":"product_cat","embeddable":true,"href":"https:\/\/www.santai-ceramics.com\/fr\/wp-json\/wp\/v2\/product_cat?post=3088"},{"taxonomy":"product_tag","embeddable":true,"href":"https:\/\/www.santai-ceramics.com\/fr\/wp-json\/wp\/v2\/product_tag?post=3088"}],"curies":[{"name":"wp","href":"https:\/\/api.w.org\/{rel}","templated":true}]}}