{"id":3089,"date":"2025-07-20T01:13:12","date_gmt":"2025-07-20T01:13:12","guid":{"rendered":"https:\/\/www.santai-ceramics.com\/?post_type=product&#038;p=3089"},"modified":"2025-07-20T01:13:45","modified_gmt":"2025-07-20T01:13:45","slug":"wholesale-cracked-glaze-ceramic-vases","status":"publish","type":"product","link":"https:\/\/www.santai-ceramics.com\/fr\/product\/wholesale-cracked-glaze-ceramic-vases\/","title":{"rendered":"Vases en c\u00e9ramique en gros - Vases traditionnels en c\u00e9ramique \u00e0 gla\u00e7ure craquel\u00e9e avec accents naturels en terre cuite"},"content":{"rendered":"<h3 class=\"wp-block-heading\">Caract\u00e9ristiques des vases traditionnels en c\u00e9ramique \u00e0 gla\u00e7ure craquel\u00e9e<\/h3>\n\n\n\n<ul class=\"wp-block-list\">\n<li><strong>Signature Cracked Glaze Cracked Glaze Cracked Craftsmanship<\/strong>: Nos vases en gros sont fabriqu\u00e9s \u00e0 l'aide de techniques traditionnelles de gla\u00e7age craquel\u00e9, cr\u00e9ant des motifs d\u00e9licats et irr\u00e9guliers de craquelures de glace qui ajoutent une touche vintage et sophistiqu\u00e9e.<\/li>\n<\/ul>\n\n\n\n<ul class=\"wp-block-list\">\n<li><strong>Design en terre cuite expos\u00e9e<\/strong>: La terre cuite intentionnellement expos\u00e9e sur la bouche, la base et les zones d'usure de la gla\u00e7ure forme des taches brunes ou beiges chaudes, soulignant une texture brute et naturelle.<\/li>\n<\/ul>\n\n\n\n<ul class=\"wp-block-list\">\n<li><strong>Palette de couleurs contrast\u00e9e<\/strong>: Le contraste saisissant entre la gla\u00e7ure blanche mate et le brun terracotta chaleureux souligne l'aspect \u00e0 la fois raffin\u00e9 et rustique du vase.<\/li>\n<\/ul>\n\n\n\n<h3 class=\"wp-block-heading\">Service de vases en c\u00e9ramique sur mesure<\/h3>\n\n\n\n<p>Nous proposons des services OEM et ODM pour nos produits.<br>Des \u00e9chantillons peuvent \u00eatre livr\u00e9s rapidement.<br>Nous offrons une vari\u00e9t\u00e9 de formes, de couleurs, d'impressions personnalis\u00e9es, d'emballages et d'autres services sur mesure pour r\u00e9pondre \u00e0 vos besoins sp\u00e9cifiques.<br><a href=\"https:\/\/www.santai-ceramics.com\/fr\/custom\/\" data-type=\"page\" data-id=\"13\" target=\"_blank\" rel=\"noreferrer noopener\"><strong>En savoir plus sur les d\u00e9tails des vases en c\u00e9ramique personnalis\u00e9s.<\/strong><\/a><\/p>\n\n\n\n<div class=\"wp-block-columns is-layout-flex wp-container-core-columns-is-layout-9d6595d7 wp-block-columns-is-layout-flex\">\n<div class=\"wp-block-column is-layout-flow wp-block-column-is-layout-flow\">\n<figure class=\"wp-block-image size-full\"><img decoding=\"async\" width=\"1282\" height=\"1282\" src=\"https:\/\/www.santai-ceramics.com\/wp-content\/uploads\/2025\/07\/Wholesale-Cracked-Glaze-Ceramic-Vase-5.webp\" alt=\"\" class=\"wp-image-3116\" srcset=\"https:\/\/www.santai-ceramics.com\/wp-content\/uploads\/2025\/07\/Wholesale-Cracked-Glaze-Ceramic-Vase-5.webp 1282w, https:\/\/www.santai-ceramics.com\/wp-content\/uploads\/2025\/07\/Wholesale-Cracked-Glaze-Ceramic-Vase-5-300x300.webp 300w, https:\/\/www.santai-ceramics.com\/wp-content\/uploads\/2025\/07\/Wholesale-Cracked-Glaze-Ceramic-Vase-5-150x150.webp 150w, https:\/\/www.santai-ceramics.com\/wp-content\/uploads\/2025\/07\/Wholesale-Cracked-Glaze-Ceramic-Vase-5-768x768.webp 768w, https:\/\/www.santai-ceramics.com\/wp-content\/uploads\/2025\/07\/Wholesale-Cracked-Glaze-Ceramic-Vase-5-12x12.webp 12w, https:\/\/www.santai-ceramics.com\/wp-content\/uploads\/2025\/07\/Wholesale-Cracked-Glaze-Ceramic-Vase-5-1200x1200.webp 1200w, https:\/\/www.santai-ceramics.com\/wp-content\/uploads\/2025\/07\/Wholesale-Cracked-Glaze-Ceramic-Vase-5-600x600.webp 600w, https:\/\/www.santai-ceramics.com\/wp-content\/uploads\/2025\/07\/Wholesale-Cracked-Glaze-Ceramic-Vase-5-100x100.webp 100w\" sizes=\"(max-width: 1282px) 100vw, 1282px\" \/><\/figure>\n<\/div>\n\n\n\n<div class=\"wp-block-column is-layout-flow wp-block-column-is-layout-flow\">\n<figure class=\"wp-block-image size-full\"><img decoding=\"async\" width=\"1288\" height=\"1288\" src=\"https:\/\/www.santai-ceramics.com\/wp-content\/uploads\/2025\/07\/Wholesale-Cracked-Glaze-Ceramic-Vase-6.webp\" alt=\"\" class=\"wp-image-3117\" srcset=\"https:\/\/www.santai-ceramics.com\/wp-content\/uploads\/2025\/07\/Wholesale-Cracked-Glaze-Ceramic-Vase-6.webp 1288w, https:\/\/www.santai-ceramics.com\/wp-content\/uploads\/2025\/07\/Wholesale-Cracked-Glaze-Ceramic-Vase-6-300x300.webp 300w, https:\/\/www.santai-ceramics.com\/wp-content\/uploads\/2025\/07\/Wholesale-Cracked-Glaze-Ceramic-Vase-6-150x150.webp 150w, https:\/\/www.santai-ceramics.com\/wp-content\/uploads\/2025\/07\/Wholesale-Cracked-Glaze-Ceramic-Vase-6-768x768.webp 768w, https:\/\/www.santai-ceramics.com\/wp-content\/uploads\/2025\/07\/Wholesale-Cracked-Glaze-Ceramic-Vase-6-12x12.webp 12w, https:\/\/www.santai-ceramics.com\/wp-content\/uploads\/2025\/07\/Wholesale-Cracked-Glaze-Ceramic-Vase-6-1200x1200.webp 1200w, https:\/\/www.santai-ceramics.com\/wp-content\/uploads\/2025\/07\/Wholesale-Cracked-Glaze-Ceramic-Vase-6-600x600.webp 600w, https:\/\/www.santai-ceramics.com\/wp-content\/uploads\/2025\/07\/Wholesale-Cracked-Glaze-Ceramic-Vase-6-100x100.webp 100w\" sizes=\"(max-width: 1288px) 100vw, 1288px\" \/><\/figure>\n<\/div>\n<\/div>","protected":false},"excerpt":{"rendered":"<p data-pm-slice=\"0 0 []\">Vente en gros de vases en c\u00e9ramique. Cet \u00e9l\u00e9gant vase en c\u00e9ramique pr\u00e9sente la beaut\u00e9 intemporelle de l'\u00e9mail craquel\u00e9 traditionnel, avec des accents de terre cuite naturelle et un design minimaliste, parfait pour mettre en valeur les fleurs d'une mani\u00e8re raffin\u00e9e et artistique.<\/p>\n<h2>Sp\u00e9cification des vases traditionnels en c\u00e9ramique \u00e0 gla\u00e7ure craquel\u00e9e<\/h2>\n<table width=\"1140\">\n<tbody>\n<tr>\n<td width=\"285\">Num\u00e9ro de mod\u00e8le<\/td>\n<td width=\"285\">A37797-LE37-A01<\/td>\n<td width=\"285\">A37797-LE37-A02<\/td>\n<td width=\"285\">A37797-LE37-A03<\/td>\n<\/tr>\n<tr>\n<td>Nom du produit<\/td>\n<td>Vase en c\u00e9ramique<\/td>\n<td>Vase en c\u00e9ramique<\/td>\n<td>Vase en c\u00e9ramique<\/td>\n<\/tr>\n<tr>\n<td>Couleur<\/td>\n<td>Blanc<\/td>\n<td>Blanc<\/td>\n<td>Blanc<\/td>\n<\/tr>\n<tr>\n<td>Mat\u00e9riau<\/td>\n<td>C\u00e9ramique\u00a0<\/td>\n<td>C\u00e9ramique\u00a0<\/td>\n<td>C\u00e9ramique\u00a0<\/td>\n<\/tr>\n<tr>\n<td>Sc\u00e9narios d'utilisation<\/td>\n<td>d\u00e9coration int\u00e9rieure<\/td>\n<td>d\u00e9coration int\u00e9rieure<\/td>\n<td>d\u00e9coration int\u00e9rieure<\/td>\n<\/tr>\n<tr>\n<td>Dimensions<\/td>\n<td>D:15X19.5cm<\/td>\n<td>D:11X15cm<\/td>\n<td>D:13X12.5cm<\/td>\n<\/tr>\n<tr>\n<td>Poids<\/td>\n<td>0,9kg\/pc<\/td>\n<td>0,4kg\/pc<\/td>\n<td>0,5kg\/pc<\/td>\n<\/tr>\n<\/tbody>\n<\/table>","protected":false},"featured_media":3113,"comment_status":"closed","ping_status":"closed","template":"","meta":{"_acf_changed":false},"product_brand":[],"product_cat":[18,22],"product_tag":[],"class_list":{"0":"post-3089","1":"product","2":"type-product","3":"status-publish","4":"has-post-thumbnail","6":"product_cat-home-decor","7":"product_cat-vase","9":"first","10":"instock","11":"shipping-taxable","12":"product-type-simple"},"acf":[],"_links":{"self":[{"href":"https:\/\/www.santai-ceramics.com\/fr\/wp-json\/wp\/v2\/product\/3089","targetHints":{"allow":["GET"]}}],"collection":[{"href":"https:\/\/www.santai-ceramics.com\/fr\/wp-json\/wp\/v2\/product"}],"about":[{"href":"https:\/\/www.santai-ceramics.com\/fr\/wp-json\/wp\/v2\/types\/product"}],"replies":[{"embeddable":true,"href":"https:\/\/www.santai-ceramics.com\/fr\/wp-json\/wp\/v2\/comments?post=3089"}],"wp:featuredmedia":[{"embeddable":true,"href":"https:\/\/www.santai-ceramics.com\/fr\/wp-json\/wp\/v2\/media\/3113"}],"wp:attachment":[{"href":"https:\/\/www.santai-ceramics.com\/fr\/wp-json\/wp\/v2\/media?parent=3089"}],"wp:term":[{"taxonomy":"product_brand","embeddable":true,"href":"https:\/\/www.santai-ceramics.com\/fr\/wp-json\/wp\/v2\/product_brand?post=3089"},{"taxonomy":"product_cat","embeddable":true,"href":"https:\/\/www.santai-ceramics.com\/fr\/wp-json\/wp\/v2\/product_cat?post=3089"},{"taxonomy":"product_tag","embeddable":true,"href":"https:\/\/www.santai-ceramics.com\/fr\/wp-json\/wp\/v2\/product_tag?post=3089"}],"curies":[{"name":"wp","href":"https:\/\/api.w.org\/{rel}","templated":true}]}}