{"id":3092,"date":"2025-07-20T00:32:03","date_gmt":"2025-07-20T00:32:03","guid":{"rendered":"https:\/\/www.santai-ceramics.com\/?post_type=product&#038;p=3092"},"modified":"2025-07-20T00:32:49","modified_gmt":"2025-07-20T00:32:49","slug":"wholesale-handcrafted-ceramic-vase-with-3d-embossing-feature","status":"publish","type":"product","link":"https:\/\/www.santai-ceramics.com\/fr\/product\/wholesale-handcrafted-ceramic-vase-with-3d-embossing-feature\/","title":{"rendered":"Grossiste Vase en c\u00e9ramique artisanale avec motif gaufr\u00e9 en 3D"},"content":{"rendered":"<h3 class=\"wp-block-heading\">Caract\u00e9ristiques du vase en c\u00e9ramique fabriqu\u00e9 \u00e0 la main avec un motif gaufr\u00e9 en 3D<\/h3>\n\n\n\n<ul class=\"wp-block-list\">\n<li><strong>La touche artisanale<\/strong>: Fabriqu\u00e9 \u00e0 la main avec pr\u00e9cision, il pr\u00e9sente une \u00e9tonnante texture gaufr\u00e9e en 3D qui apporte une touche tactile et artistique \u00e0 la pi\u00e8ce.<\/li>\n<\/ul>\n\n\n\n<ul class=\"wp-block-list\">\n<li><strong>Technique de cuisson du double vitrage<\/strong>: Un proc\u00e9d\u00e9 unique de cuisson \u00e0 double \u00e9mail qui renforce la durabilit\u00e9 du vase tout en ajoutant des couches de profondeur et de brillance.<\/li>\n<\/ul>\n\n\n\n<h3 class=\"wp-block-heading\">Service de vases en c\u00e9ramique sur mesure<\/h3>\n\n\n\n<p>Nous proposons des services OEM et ODM pour nos produits.<br>Des \u00e9chantillons peuvent \u00eatre livr\u00e9s rapidement.<br>Nous offrons une vari\u00e9t\u00e9 de formes, de couleurs, d'impressions personnalis\u00e9es, d'emballages et d'autres services sur mesure pour r\u00e9pondre \u00e0 vos besoins sp\u00e9cifiques.<br><a href=\"https:\/\/www.santai-ceramics.com\/fr\/custom\/\" data-type=\"page\" data-id=\"13\" target=\"_blank\" rel=\"noreferrer noopener\"><strong>En savoir plus sur les d\u00e9tails des vases en c\u00e9ramique personnalis\u00e9s.<\/strong><\/a><\/p>\n\n\n\n<div class=\"wp-block-columns is-layout-flex wp-container-core-columns-is-layout-9d6595d7 wp-block-columns-is-layout-flex\">\n<div class=\"wp-block-column is-layout-flow wp-block-column-is-layout-flow\">\n<figure class=\"wp-block-image size-full\"><img decoding=\"async\" width=\"2400\" height=\"2000\" src=\"https:\/\/www.santai-ceramics.com\/wp-content\/uploads\/2025\/07\/bulk-speciall-designed-vases-2-1.webp\" alt=\"\" class=\"wp-image-3112\" srcset=\"https:\/\/www.santai-ceramics.com\/wp-content\/uploads\/2025\/07\/bulk-speciall-designed-vases-2-1.webp 2400w, https:\/\/www.santai-ceramics.com\/wp-content\/uploads\/2025\/07\/bulk-speciall-designed-vases-2-1-300x250.webp 300w, https:\/\/www.santai-ceramics.com\/wp-content\/uploads\/2025\/07\/bulk-speciall-designed-vases-2-1-768x640.webp 768w, https:\/\/www.santai-ceramics.com\/wp-content\/uploads\/2025\/07\/bulk-speciall-designed-vases-2-1-14x12.webp 14w, https:\/\/www.santai-ceramics.com\/wp-content\/uploads\/2025\/07\/bulk-speciall-designed-vases-2-1-1200x1000.webp 1200w, https:\/\/www.santai-ceramics.com\/wp-content\/uploads\/2025\/07\/bulk-speciall-designed-vases-2-1-600x500.webp 600w\" sizes=\"(max-width: 2400px) 100vw, 2400px\" \/><\/figure>\n<\/div>\n\n\n\n<div class=\"wp-block-column is-layout-flow wp-block-column-is-layout-flow\">\n<figure class=\"wp-block-image size-full\"><img decoding=\"async\" width=\"2174\" height=\"1812\" src=\"https:\/\/www.santai-ceramics.com\/wp-content\/uploads\/2025\/07\/bulk-speciall-designed-vases-5-1.webp\" alt=\"\" class=\"wp-image-3111\" srcset=\"https:\/\/www.santai-ceramics.com\/wp-content\/uploads\/2025\/07\/bulk-speciall-designed-vases-5-1.webp 2174w, https:\/\/www.santai-ceramics.com\/wp-content\/uploads\/2025\/07\/bulk-speciall-designed-vases-5-1-300x250.webp 300w, https:\/\/www.santai-ceramics.com\/wp-content\/uploads\/2025\/07\/bulk-speciall-designed-vases-5-1-768x640.webp 768w, https:\/\/www.santai-ceramics.com\/wp-content\/uploads\/2025\/07\/bulk-speciall-designed-vases-5-1-14x12.webp 14w, https:\/\/www.santai-ceramics.com\/wp-content\/uploads\/2025\/07\/bulk-speciall-designed-vases-5-1-1200x1000.webp 1200w, https:\/\/www.santai-ceramics.com\/wp-content\/uploads\/2025\/07\/bulk-speciall-designed-vases-5-1-600x500.webp 600w\" sizes=\"(max-width: 2174px) 100vw, 2174px\" \/><\/figure>\n<\/div>\n<\/div>","protected":false},"excerpt":{"rendered":"<p data-start=\"181\" data-end=\"369\">Vase en c\u00e9ramique en gros. Ce vase en c\u00e9ramique est le fruit d'un travail artisanal exquis. Il est dot\u00e9 d'une texture gaufr\u00e9e en 3D et d'un design sophistiqu\u00e9 qui rehaussera votre espace.<\/p>\n<h2>Sp\u00e9cification du vase en c\u00e9ramique<\/h2>\n<table width=\"855\">\n<tbody>\n<tr>\n<td width=\"285\">Num\u00e9ro de mod\u00e8le<\/td>\n<td width=\"285\">A37691-LE29-A01<\/td>\n<td width=\"285\">A37691-LE29-A02<\/td>\n<\/tr>\n<tr>\n<td>Nom du produit<\/td>\n<td>Vase en c\u00e9ramique<\/td>\n<td>Vase en c\u00e9ramique<\/td>\n<\/tr>\n<tr>\n<td>Couleur<\/td>\n<td>Cr\u00e8me<\/td>\n<td>Cr\u00e8me<\/td>\n<\/tr>\n<tr>\n<td>Mat\u00e9riau<\/td>\n<td>C\u00e9ramique\u00a0<\/td>\n<td>C\u00e9ramique\u00a0<\/td>\n<\/tr>\n<tr>\n<td>Sc\u00e9narios d'utilisation<\/td>\n<td>d\u00e9coration int\u00e9rieure<\/td>\n<td>d\u00e9coration int\u00e9rieure<\/td>\n<\/tr>\n<tr>\n<td>Dimensions<\/td>\n<td>D:16.5X20cm<\/td>\n<td>D:12.5X15.5cm<\/td>\n<\/tr>\n<tr>\n<td>Poids<\/td>\n<td>1,2kg\/pc<\/td>\n<td>0,6kg\/pc<\/td>\n<\/tr>\n<\/tbody>\n<\/table>","protected":false},"featured_media":3106,"comment_status":"closed","ping_status":"closed","template":"","meta":{"_acf_changed":false},"product_brand":[],"product_cat":[18,22],"product_tag":[],"class_list":{"0":"post-3092","1":"product","2":"type-product","3":"status-publish","4":"has-post-thumbnail","6":"product_cat-home-decor","7":"product_cat-vase","9":"first","10":"instock","11":"shipping-taxable","12":"product-type-simple"},"acf":[],"_links":{"self":[{"href":"https:\/\/www.santai-ceramics.com\/fr\/wp-json\/wp\/v2\/product\/3092","targetHints":{"allow":["GET"]}}],"collection":[{"href":"https:\/\/www.santai-ceramics.com\/fr\/wp-json\/wp\/v2\/product"}],"about":[{"href":"https:\/\/www.santai-ceramics.com\/fr\/wp-json\/wp\/v2\/types\/product"}],"replies":[{"embeddable":true,"href":"https:\/\/www.santai-ceramics.com\/fr\/wp-json\/wp\/v2\/comments?post=3092"}],"wp:featuredmedia":[{"embeddable":true,"href":"https:\/\/www.santai-ceramics.com\/fr\/wp-json\/wp\/v2\/media\/3106"}],"wp:attachment":[{"href":"https:\/\/www.santai-ceramics.com\/fr\/wp-json\/wp\/v2\/media?parent=3092"}],"wp:term":[{"taxonomy":"product_brand","embeddable":true,"href":"https:\/\/www.santai-ceramics.com\/fr\/wp-json\/wp\/v2\/product_brand?post=3092"},{"taxonomy":"product_cat","embeddable":true,"href":"https:\/\/www.santai-ceramics.com\/fr\/wp-json\/wp\/v2\/product_cat?post=3092"},{"taxonomy":"product_tag","embeddable":true,"href":"https:\/\/www.santai-ceramics.com\/fr\/wp-json\/wp\/v2\/product_tag?post=3092"}],"curies":[{"name":"wp","href":"https:\/\/api.w.org\/{rel}","templated":true}]}}