{"id":3294,"date":"2025-07-30T04:16:52","date_gmt":"2025-07-30T04:16:52","guid":{"rendered":"https:\/\/www.santai-ceramics.com\/?post_type=product&#038;p=3294"},"modified":"2025-07-30T04:16:54","modified_gmt":"2025-07-30T04:16:54","slug":"wholesale-black-rustic-plant-pots","status":"publish","type":"product","link":"https:\/\/www.santai-ceramics.com\/fr\/product\/wholesale-black-rustic-plant-pots\/","title":{"rendered":"Wholesale Plant Pots - Textured Grooves &amp; Rustic Finish"},"content":{"rendered":"<h3 class=\"wp-block-heading\">Caract\u00e9ristiques des pots de fleurs<\/h3>\n\n\n\n<ul class=\"wp-block-list\">\n<li><strong>Esth\u00e9tique rustique et naturelle, adapt\u00e9e \u00e0 diff\u00e9rents espaces : <\/strong>Le design de ce pot de fleurs conserve la texture originale de l'argile, avec une base gris anthracite fonc\u00e9 et des traces en relief de couleur marron clair, or et rouille, cr\u00e9ant une transition magnifique et naturelle.<\/li>\n<\/ul>\n\n\n\n<ul class=\"wp-block-list\">\n<li><strong>Un attrait d\u00e9coratif frappant, parfait pour les pr\u00e9sentations individuelles ou de groupe<\/strong>: La combinaison de tons sombres et de couleurs vieillies offre un contraste audacieux avec la verdure vibrante. Expos\u00e9e individuellement, la jardini\u00e8re devient un point de mire gr\u00e2ce \u00e0 sa texture et \u00e0 sa forme. Lorsqu'il est dispos\u00e9 en groupe, les diff\u00e9rentes tailles et formes rehaussent la profondeur visuelle et l'agencement de l'espace, ce qui permet de l'adapter \u00e0 divers besoins de d\u00e9coration.<\/li>\n<\/ul>\n\n\n\n<ul class=\"wp-block-list\">\n<li><strong>Unicit\u00e9 artisanale et connexion \u00e9motionnelle<\/strong>: Chaque jardini\u00e8re pr\u00e9sente des marques distinctives faites \u00e0 la main, telles que des mouchetures de couleur claire, des rainures plus ou moins profondes et des blocs de couleur vieillis. Ces \u00e9l\u00e9ments rendent chaque pi\u00e8ce unique, la distinguant des articles produits en s\u00e9rie et ajoutant une touche personnelle qui r\u00e9sonne \u00e9motionnellement avec les utilisateurs, reliant la pi\u00e8ce \u00e0 leur espace de vie.<br><\/li>\n\n\n\n<li><strong>Vente en gros de pots de fleurs en c\u00e9ramique Services :<\/strong> En tant que fournisseur professionnel de pots \u00e0 plantes en c\u00e9ramique, nous nous engageons \u00e0 fournir aux grossistes du monde entier des pots \u00e0 plantes en c\u00e9ramique modernes et vintage de haute qualit\u00e9, offrant une large gamme de styles et de designs, et permettant une livraison mondiale.<\/li>\n<\/ul>\n\n\n\n<h3 class=\"wp-block-heading\">Service de pots de fleurs sur mesure<\/h3>\n\n\n\n<p>Nous proposons des services OEM et ODM pour nos produits.<br>Des \u00e9chantillons peuvent \u00eatre livr\u00e9s rapidement.<br>Nous offrons une vari\u00e9t\u00e9 de formes, de couleurs, d'impressions personnalis\u00e9es, d'emballages et d'autres services sur mesure pour r\u00e9pondre \u00e0 vos besoins sp\u00e9cifiques.<br><a href=\"https:\/\/www.santai-ceramics.com\/fr\/custom\/\" data-type=\"page\" data-id=\"13\" target=\"_blank\" rel=\"noreferrer noopener\"><strong>En savoir plus sur les services de pots de fleurs personnalis\u00e9s.<\/strong><\/a><\/p>\n\n\n\n<div class=\"wp-block-columns is-layout-flex wp-container-core-columns-is-layout-9d6595d7 wp-block-columns-is-layout-flex\">\n<div class=\"wp-block-column is-layout-flow wp-block-column-is-layout-flow\">\n<figure class=\"wp-block-image size-full\"><img decoding=\"async\" width=\"2653\" height=\"2653\" src=\"https:\/\/www.santai-ceramics.com\/wp-content\/uploads\/2025\/07\/wholesale-plant-pots-2.webp\" alt=\"\" class=\"wp-image-3344\" srcset=\"https:\/\/www.santai-ceramics.com\/wp-content\/uploads\/2025\/07\/wholesale-plant-pots-2.webp 2653w, https:\/\/www.santai-ceramics.com\/wp-content\/uploads\/2025\/07\/wholesale-plant-pots-2-300x300.webp 300w, https:\/\/www.santai-ceramics.com\/wp-content\/uploads\/2025\/07\/wholesale-plant-pots-2-150x150.webp 150w, https:\/\/www.santai-ceramics.com\/wp-content\/uploads\/2025\/07\/wholesale-plant-pots-2-768x768.webp 768w, https:\/\/www.santai-ceramics.com\/wp-content\/uploads\/2025\/07\/wholesale-plant-pots-2-12x12.webp 12w, https:\/\/www.santai-ceramics.com\/wp-content\/uploads\/2025\/07\/wholesale-plant-pots-2-1200x1200.webp 1200w, https:\/\/www.santai-ceramics.com\/wp-content\/uploads\/2025\/07\/wholesale-plant-pots-2-600x600.webp 600w, https:\/\/www.santai-ceramics.com\/wp-content\/uploads\/2025\/07\/wholesale-plant-pots-2-100x100.webp 100w\" sizes=\"(max-width: 2653px) 100vw, 2653px\" \/><\/figure>\n<\/div>\n\n\n\n<div class=\"wp-block-column is-layout-flow wp-block-column-is-layout-flow\">\n<figure class=\"wp-block-image size-full\"><img decoding=\"async\" width=\"2860\" height=\"2860\" src=\"https:\/\/www.santai-ceramics.com\/wp-content\/uploads\/2025\/07\/wholesale-plant-pots.webp\" alt=\"\" class=\"wp-image-3348\" srcset=\"https:\/\/www.santai-ceramics.com\/wp-content\/uploads\/2025\/07\/wholesale-plant-pots.webp 2860w, https:\/\/www.santai-ceramics.com\/wp-content\/uploads\/2025\/07\/wholesale-plant-pots-300x300.webp 300w, https:\/\/www.santai-ceramics.com\/wp-content\/uploads\/2025\/07\/wholesale-plant-pots-150x150.webp 150w, https:\/\/www.santai-ceramics.com\/wp-content\/uploads\/2025\/07\/wholesale-plant-pots-768x768.webp 768w, https:\/\/www.santai-ceramics.com\/wp-content\/uploads\/2025\/07\/wholesale-plant-pots-12x12.webp 12w, https:\/\/www.santai-ceramics.com\/wp-content\/uploads\/2025\/07\/wholesale-plant-pots-1200x1200.webp 1200w, https:\/\/www.santai-ceramics.com\/wp-content\/uploads\/2025\/07\/wholesale-plant-pots-600x600.webp 600w, https:\/\/www.santai-ceramics.com\/wp-content\/uploads\/2025\/07\/wholesale-plant-pots-100x100.webp 100w\" sizes=\"(max-width: 2860px) 100vw, 2860px\" \/><\/figure>\n<\/div>\n<\/div>","protected":false},"excerpt":{"rendered":"<p data-pm-slice=\"0 0 []\">Vente en gros de pots de fleurs. Ce pot de fleurs en c\u00e9ramique fait \u00e0 la main, con\u00e7u en noir et pr\u00e9sentant des d\u00e9tails en relief, cr\u00e9e un effet d\u00e9coratif unique. Fabriqu\u00e9 \u00e0 la main par des artisans et soumis \u00e0 un processus de cuisson rigoureux, il pr\u00e9sente une texture et une durabilit\u00e9 exceptionnelles. Il convient pour la culture de plantes basses et comme \u00e9l\u00e9ment d\u00e9coratif.<\/p>\n<h2>Sp\u00e9cification des pots de fleurs<\/h2>\n<table width=\"855\">\n<tbody>\n<tr>\n<td width=\"285\">Num\u00e9ro de mod\u00e8le<\/td>\n<td width=\"285\">A37914-H945-A01<\/td>\n<td width=\"285\">A37914-H945-A02<\/td>\n<\/tr>\n<tr>\n<td>Nom du produit<\/td>\n<td>Pot en c\u00e9ramique<\/td>\n<td>Pot en c\u00e9ramique<\/td>\n<\/tr>\n<tr>\n<td>Couleur<\/td>\n<td>Noir et or<\/td>\n<td>Noir et or<\/td>\n<\/tr>\n<tr>\n<td>Mat\u00e9riau<\/td>\n<td>C\u00e9ramique\u00a0<\/td>\n<td>C\u00e9ramique\u00a0<\/td>\n<\/tr>\n<tr>\n<td>Sc\u00e9narios d'utilisation<\/td>\n<td>D\u00e9coration de la maison et du jardin<\/td>\n<td>D\u00e9coration de la maison et du jardin<\/td>\n<\/tr>\n<tr>\n<td>Dimensions<\/td>\n<td>D:25X13.5cm<\/td>\n<td>D:20X11cm<\/td>\n<\/tr>\n<tr>\n<td>Poids<\/td>\n<td>1.5kg\/pc<\/td>\n<td>0,8kg\/pc<\/td>\n<\/tr>\n<\/tbody>\n<\/table>\n<p>\n<script src=\"chrome-extension:\/\/fpelahbljekknahkcaegamhcndkfpfnc\/iFrame.js\" type=\"text\/javascript\"><\/script><\/p>","protected":false},"featured_media":3345,"comment_status":"closed","ping_status":"closed","template":"","meta":{"_acf_changed":false},"product_brand":[],"product_cat":[18,42,21,23],"product_tag":[],"class_list":{"0":"post-3294","1":"product","2":"type-product","3":"status-publish","4":"has-post-thumbnail","6":"product_cat-home-decor","7":"product_cat-wholesale-ceramic-plant-pots","8":"product_cat-garden-decor","9":"product_cat-ceramic-pots-planters","11":"first","12":"instock","13":"shipping-taxable","14":"product-type-simple"},"acf":[],"_links":{"self":[{"href":"https:\/\/www.santai-ceramics.com\/fr\/wp-json\/wp\/v2\/product\/3294","targetHints":{"allow":["GET"]}}],"collection":[{"href":"https:\/\/www.santai-ceramics.com\/fr\/wp-json\/wp\/v2\/product"}],"about":[{"href":"https:\/\/www.santai-ceramics.com\/fr\/wp-json\/wp\/v2\/types\/product"}],"replies":[{"embeddable":true,"href":"https:\/\/www.santai-ceramics.com\/fr\/wp-json\/wp\/v2\/comments?post=3294"}],"wp:featuredmedia":[{"embeddable":true,"href":"https:\/\/www.santai-ceramics.com\/fr\/wp-json\/wp\/v2\/media\/3345"}],"wp:attachment":[{"href":"https:\/\/www.santai-ceramics.com\/fr\/wp-json\/wp\/v2\/media?parent=3294"}],"wp:term":[{"taxonomy":"product_brand","embeddable":true,"href":"https:\/\/www.santai-ceramics.com\/fr\/wp-json\/wp\/v2\/product_brand?post=3294"},{"taxonomy":"product_cat","embeddable":true,"href":"https:\/\/www.santai-ceramics.com\/fr\/wp-json\/wp\/v2\/product_cat?post=3294"},{"taxonomy":"product_tag","embeddable":true,"href":"https:\/\/www.santai-ceramics.com\/fr\/wp-json\/wp\/v2\/product_tag?post=3294"}],"curies":[{"name":"wp","href":"https:\/\/api.w.org\/{rel}","templated":true}]}}