{"id":3297,"date":"2025-07-30T04:50:21","date_gmt":"2025-07-30T04:50:21","guid":{"rendered":"https:\/\/www.santai-ceramics.com\/?post_type=product&#038;p=3297"},"modified":"2025-07-30T04:50:22","modified_gmt":"2025-07-30T04:50:22","slug":"wholesale-vintage-style-ceramic-pots","status":"publish","type":"product","link":"https:\/\/www.santai-ceramics.com\/fr\/product\/wholesale-vintage-style-ceramic-pots\/","title":{"rendered":"Wholesale Ceramic Pots - Design vintage et texture rugueuse"},"content":{"rendered":"<h3 class=\"wp-block-heading\">Caract\u00e9ristiques des pots en c\u00e9ramique<\/h3>\n\n\n\n<ul class=\"wp-block-list\">\n<li><strong>Esth\u00e9tique rustique et naturelle<\/strong>: Une base gris anthracite se marie harmonieusement avec des accents dor\u00e9s et ocres, pr\u00e9servant la texture brute de la terre cuite tout en adoucissant son aspect industriel. Cette finition vintage se marie parfaitement avec une vari\u00e9t\u00e9 de styles de d\u00e9coration, y compris Wabi-Sabi, scandinave et vintage, et rehausse les espaces tels que les maisons, les studios et les entr\u00e9es.<\/li>\n<\/ul>\n\n\n\n<ul class=\"wp-block-list\">\n<li><strong>Texture riche et d\u00e9tails superpos\u00e9s<\/strong>: La texture rugueuse am\u00e9liore non seulement l'exp\u00e9rience tactile, mais transmet \u00e9galement un charme vintage gr\u00e2ce aux traces de l'\u00e2ge, ce qui rehausse la valeur d\u00e9corative du pot de fleurs.<\/li>\n<\/ul>\n\n\n\n<ul class=\"wp-block-list\">\n<li><strong>Unicit\u00e9 artisanale et valeur \u00e9motionnelle<\/strong>: Chaque jardini\u00e8re pr\u00e9sente des imperfections uniques et artisanales - telles que des textures plus ou moins profondes et des blocs de couleur vieillis - qui la distinguent des articles produits en s\u00e9rie. Ces qualit\u00e9s artisanales apportent de la chaleur et une touche personnelle, ce qui permet aux utilisateurs d'\u00e9tablir plus facilement un lien \u00e9motionnel avec la pi\u00e8ce dans leur espace de vie.<br><\/li>\n\n\n\n<li><strong>Vente en gros de pots en c\u00e9ramique Service : <\/strong>Nous proposons des services de vente en gros de pots en c\u00e9ramique de haute qualit\u00e9 et des solutions personnalis\u00e9es pour les d\u00e9taillants internationaux, les magasins de jardinage, les marques de d\u00e9coration d'int\u00e9rieur, etc.<\/li>\n<\/ul>\n\n\n\n<h3 class=\"wp-block-heading\">Service de pots en c\u00e9ramique personnalis\u00e9s<\/h3>\n\n\n\n<p>Nous proposons des services OEM et ODM pour nos produits.<br>Des \u00e9chantillons peuvent \u00eatre livr\u00e9s rapidement.<br>Nous offrons une vari\u00e9t\u00e9 de formes, de couleurs, d'impressions personnalis\u00e9es, d'emballages et d'autres services sur mesure pour r\u00e9pondre \u00e0 vos besoins sp\u00e9cifiques.<br><a href=\"https:\/\/www.santai-ceramics.com\/fr\/custom\/\" data-type=\"page\" data-id=\"13\" target=\"_blank\" rel=\"noreferrer noopener\"><strong><b>En savoir plus sur la personnalisation<\/b> services de pots en c\u00e9ramique.<\/strong><\/a><\/p>\n\n\n\n<div class=\"wp-block-columns is-layout-flex wp-container-core-columns-is-layout-9d6595d7 wp-block-columns-is-layout-flex\">\n<div class=\"wp-block-column is-layout-flow wp-block-column-is-layout-flow\">\n<figure class=\"wp-block-image size-full\"><img decoding=\"async\" width=\"2312\" height=\"1927\" src=\"https:\/\/www.santai-ceramics.com\/wp-content\/uploads\/2025\/07\/wholesale-ceramic-pots-2-1.webp\" alt=\"\" class=\"wp-image-3362\" srcset=\"https:\/\/www.santai-ceramics.com\/wp-content\/uploads\/2025\/07\/wholesale-ceramic-pots-2-1.webp 2312w, https:\/\/www.santai-ceramics.com\/wp-content\/uploads\/2025\/07\/wholesale-ceramic-pots-2-1-300x250.webp 300w, https:\/\/www.santai-ceramics.com\/wp-content\/uploads\/2025\/07\/wholesale-ceramic-pots-2-1-768x640.webp 768w, https:\/\/www.santai-ceramics.com\/wp-content\/uploads\/2025\/07\/wholesale-ceramic-pots-2-1-14x12.webp 14w, https:\/\/www.santai-ceramics.com\/wp-content\/uploads\/2025\/07\/wholesale-ceramic-pots-2-1-1200x1000.webp 1200w, https:\/\/www.santai-ceramics.com\/wp-content\/uploads\/2025\/07\/wholesale-ceramic-pots-2-1-600x500.webp 600w\" sizes=\"(max-width: 2312px) 100vw, 2312px\" \/><\/figure>\n<\/div>\n\n\n\n<div class=\"wp-block-column is-layout-flow wp-block-column-is-layout-flow\">\n<figure class=\"wp-block-image size-full\"><img decoding=\"async\" width=\"2094\" height=\"1745\" src=\"https:\/\/www.santai-ceramics.com\/wp-content\/uploads\/2025\/07\/wholesale-ceramic-pots-4-1.webp\" alt=\"\" class=\"wp-image-3364\" srcset=\"https:\/\/www.santai-ceramics.com\/wp-content\/uploads\/2025\/07\/wholesale-ceramic-pots-4-1.webp 2094w, https:\/\/www.santai-ceramics.com\/wp-content\/uploads\/2025\/07\/wholesale-ceramic-pots-4-1-300x250.webp 300w, https:\/\/www.santai-ceramics.com\/wp-content\/uploads\/2025\/07\/wholesale-ceramic-pots-4-1-768x640.webp 768w, https:\/\/www.santai-ceramics.com\/wp-content\/uploads\/2025\/07\/wholesale-ceramic-pots-4-1-14x12.webp 14w, https:\/\/www.santai-ceramics.com\/wp-content\/uploads\/2025\/07\/wholesale-ceramic-pots-4-1-1200x1000.webp 1200w, https:\/\/www.santai-ceramics.com\/wp-content\/uploads\/2025\/07\/wholesale-ceramic-pots-4-1-600x500.webp 600w\" sizes=\"(max-width: 2094px) 100vw, 2094px\" \/><\/figure>\n<\/div>\n<\/div>","protected":false},"excerpt":{"rendered":"<p data-pm-slice=\"0 0 []\">Vente en gros de pots de fleurs en c\u00e9ramique. Ce pot de fleurs en c\u00e9ramique fait \u00e0 la main combine une finition vintage et vieillie avec des d\u00e9tails textur\u00e9s, cr\u00e9ant un attrait artistique unique et r\u00e9tro. Le fond est dot\u00e9 de trous de drainage pour emp\u00eacher l'accumulation d'eau et assurer une croissance saine des plantes, alliant ainsi l'esth\u00e9tique \u00e0 la praticit\u00e9. Contactez-nous pour obtenir le meilleur devis du fabricant professionnel de pots en c\u00e9ramique.<\/p>\n<h2>Sp\u00e9cification des pots en c\u00e9ramique\u00a0<\/h2>\n<table width=\"855\">\n<tbody>\n<tr>\n<td width=\"285\">Num\u00e9ro de mod\u00e8le<\/td>\n<td width=\"285\">G37866-H945-A01<\/td>\n<td width=\"285\">G37866-H945-A02<\/td>\n<\/tr>\n<tr>\n<td>Nom du produit<\/td>\n<td>Pot en terre cuite<\/td>\n<td>Pot en terre cuite<\/td>\n<\/tr>\n<tr>\n<td>Couleur<\/td>\n<td>Noir et or<\/td>\n<td>Noir et or<\/td>\n<\/tr>\n<tr>\n<td>Mat\u00e9riau<\/td>\n<td>Terre cuite\u00a0<\/td>\n<td>Terre cuite\u00a0<\/td>\n<\/tr>\n<tr>\n<td>Sc\u00e9narios d'utilisation<\/td>\n<td>D\u00e9coration de la maison et du jardin<\/td>\n<td>D\u00e9coration de la maison et du jardin<\/td>\n<\/tr>\n<tr>\n<td>Dimensions<\/td>\n<td>D:21X13.5cm<\/td>\n<td>D:21X13.5cm<\/td>\n<\/tr>\n<tr>\n<td>Poids<\/td>\n<td>2,1kg\/pc<\/td>\n<td>1,3kg\/pc<\/td>\n<\/tr>\n<\/tbody>\n<\/table>\n<p>\n<script src=\"chrome-extension:\/\/fpelahbljekknahkcaegamhcndkfpfnc\/iFrame.js\" type=\"text\/javascript\"><\/script><\/p>","protected":false},"featured_media":3363,"comment_status":"closed","ping_status":"closed","template":"","meta":{"_acf_changed":false},"product_brand":[],"product_cat":[18,42,21,23],"product_tag":[],"class_list":{"0":"post-3297","1":"product","2":"type-product","3":"status-publish","4":"has-post-thumbnail","6":"product_cat-home-decor","7":"product_cat-wholesale-ceramic-plant-pots","8":"product_cat-garden-decor","9":"product_cat-ceramic-pots-planters","11":"first","12":"instock","13":"shipping-taxable","14":"product-type-simple"},"acf":[],"_links":{"self":[{"href":"https:\/\/www.santai-ceramics.com\/fr\/wp-json\/wp\/v2\/product\/3297","targetHints":{"allow":["GET"]}}],"collection":[{"href":"https:\/\/www.santai-ceramics.com\/fr\/wp-json\/wp\/v2\/product"}],"about":[{"href":"https:\/\/www.santai-ceramics.com\/fr\/wp-json\/wp\/v2\/types\/product"}],"replies":[{"embeddable":true,"href":"https:\/\/www.santai-ceramics.com\/fr\/wp-json\/wp\/v2\/comments?post=3297"}],"wp:featuredmedia":[{"embeddable":true,"href":"https:\/\/www.santai-ceramics.com\/fr\/wp-json\/wp\/v2\/media\/3363"}],"wp:attachment":[{"href":"https:\/\/www.santai-ceramics.com\/fr\/wp-json\/wp\/v2\/media?parent=3297"}],"wp:term":[{"taxonomy":"product_brand","embeddable":true,"href":"https:\/\/www.santai-ceramics.com\/fr\/wp-json\/wp\/v2\/product_brand?post=3297"},{"taxonomy":"product_cat","embeddable":true,"href":"https:\/\/www.santai-ceramics.com\/fr\/wp-json\/wp\/v2\/product_cat?post=3297"},{"taxonomy":"product_tag","embeddable":true,"href":"https:\/\/www.santai-ceramics.com\/fr\/wp-json\/wp\/v2\/product_tag?post=3297"}],"curies":[{"name":"wp","href":"https:\/\/api.w.org\/{rel}","templated":true}]}}