{"id":3298,"date":"2025-07-30T04:30:37","date_gmt":"2025-07-30T04:30:37","guid":{"rendered":"https:\/\/www.santai-ceramics.com\/?post_type=product&#038;p=3298"},"modified":"2025-07-30T04:30:38","modified_gmt":"2025-07-30T04:30:38","slug":"wholesale-resin-bulldog-figurines","status":"publish","type":"product","link":"https:\/\/www.santai-ceramics.com\/fr\/product\/wholesale-resin-bulldog-figurines\/","title":{"rendered":"Grossiste Figurine Bulldog en r\u00e9sine - Finition vintage et d\u00e9tails r\u00e9alistes"},"content":{"rendered":"<h3 class=\"wp-block-heading\">Caract\u00e9ristiques de la figurine de bouledogue en r\u00e9sine - Finition vintage et d\u00e9tails r\u00e9alistes<\/h3>\n\n\n\n<ul class=\"wp-block-list\">\n<li><strong>Appel \u00e0 la gu\u00e9rison et \u00e0 l'art<\/strong>: Les diverses poses de la statue, y compris le sommeil recroquevill\u00e9, les jambes crois\u00e9es d\u00e9tendues et les oreilles attentives, capturent les expressions \"mignonnes\" et attachantes d'un bouledogue. La finition vintage et les d\u00e9tails complexes ajoutent une qualit\u00e9 artistique, combinant \u00e0 la fois \"l'attrait esth\u00e9tique\" et \"la valeur \u00e9motionnelle\" pour cr\u00e9er une atmosph\u00e8re chaleureuse et accueillante dans n'importe quelle pi\u00e8ce.<\/li>\n<\/ul>\n\n\n\n<ul class=\"wp-block-list\">\n<li><strong>Conception biomim\u00e9tique avec des caract\u00e9ristiques r\u00e9alistes<\/strong>: La statue recr\u00e9e m\u00e9ticuleusement les caract\u00e9ristiques uniques des bouledogues et des races \u00e0 museau court, avec un visage plat, un museau court et un corps arrondi. Les textures de surface et les effets de vieillissement donnent l'impression d'un instantan\u00e9 artistique d'un vrai chien.<\/li>\n<\/ul>\n\n\n\n<ul class=\"wp-block-list\">\n<li><strong>Figurines animales en gros Services :<\/strong> Nous proposons une large s\u00e9lection de figurines animales exquises en gros, adapt\u00e9es \u00e0 la d\u00e9coration de la maison, \u00e0 l'affichage commercial, et plus encore. Nous proposons des tailles, des couleurs, des d\u00e9tails et des mat\u00e9riaux personnalisables pour r\u00e9pondre \u00e0 vos besoins.<\/li>\n<\/ul>\n\n\n\n<h3 class=\"wp-block-heading\">Service de figurines animales personnalis\u00e9es<\/h3>\n\n\n\n<p>Nous proposons des services OEM et ODM pour nos produits.<br>Des \u00e9chantillons peuvent \u00eatre livr\u00e9s rapidement.<br>Nous offrons une vari\u00e9t\u00e9 de formes, de couleurs, d'impressions personnalis\u00e9es, d'emballages et d'autres services sur mesure pour r\u00e9pondre \u00e0 vos besoins sp\u00e9cifiques.<br><a href=\"https:\/\/www.santai-ceramics.com\/fr\/custom\/\" data-type=\"page\" data-id=\"13\" target=\"_blank\" rel=\"noreferrer noopener\"><strong><b>En savoir plus sur la personnalisation<\/b> services de figurines d'animaux.<\/strong><\/a><\/p>\n\n\n\n<div class=\"wp-block-columns is-layout-flex wp-container-core-columns-is-layout-9d6595d7 wp-block-columns-is-layout-flex\">\n<div class=\"wp-block-column is-layout-flow wp-block-column-is-layout-flow\">\n<figure class=\"wp-block-image size-full\"><img decoding=\"async\" width=\"1834\" height=\"1834\" src=\"https:\/\/www.santai-ceramics.com\/wp-content\/uploads\/2025\/07\/wholesale-dog-sculptures-2.webp\" alt=\"\" class=\"wp-image-3354\" srcset=\"https:\/\/www.santai-ceramics.com\/wp-content\/uploads\/2025\/07\/wholesale-dog-sculptures-2.webp 1834w, https:\/\/www.santai-ceramics.com\/wp-content\/uploads\/2025\/07\/wholesale-dog-sculptures-2-300x300.webp 300w, https:\/\/www.santai-ceramics.com\/wp-content\/uploads\/2025\/07\/wholesale-dog-sculptures-2-150x150.webp 150w, https:\/\/www.santai-ceramics.com\/wp-content\/uploads\/2025\/07\/wholesale-dog-sculptures-2-768x768.webp 768w, https:\/\/www.santai-ceramics.com\/wp-content\/uploads\/2025\/07\/wholesale-dog-sculptures-2-12x12.webp 12w, https:\/\/www.santai-ceramics.com\/wp-content\/uploads\/2025\/07\/wholesale-dog-sculptures-2-1200x1200.webp 1200w, https:\/\/www.santai-ceramics.com\/wp-content\/uploads\/2025\/07\/wholesale-dog-sculptures-2-600x600.webp 600w, https:\/\/www.santai-ceramics.com\/wp-content\/uploads\/2025\/07\/wholesale-dog-sculptures-2-100x100.webp 100w\" sizes=\"(max-width: 1834px) 100vw, 1834px\" \/><\/figure>\n<\/div>\n\n\n\n<div class=\"wp-block-column is-layout-flow wp-block-column-is-layout-flow\">\n<figure class=\"wp-block-image size-full\"><img decoding=\"async\" width=\"1819\" height=\"1819\" src=\"https:\/\/www.santai-ceramics.com\/wp-content\/uploads\/2025\/07\/wholesale-figurines-2.webp\" alt=\"\" class=\"wp-image-3358\" srcset=\"https:\/\/www.santai-ceramics.com\/wp-content\/uploads\/2025\/07\/wholesale-figurines-2.webp 1819w, https:\/\/www.santai-ceramics.com\/wp-content\/uploads\/2025\/07\/wholesale-figurines-2-300x300.webp 300w, https:\/\/www.santai-ceramics.com\/wp-content\/uploads\/2025\/07\/wholesale-figurines-2-150x150.webp 150w, https:\/\/www.santai-ceramics.com\/wp-content\/uploads\/2025\/07\/wholesale-figurines-2-768x768.webp 768w, https:\/\/www.santai-ceramics.com\/wp-content\/uploads\/2025\/07\/wholesale-figurines-2-12x12.webp 12w, https:\/\/www.santai-ceramics.com\/wp-content\/uploads\/2025\/07\/wholesale-figurines-2-1200x1200.webp 1200w, https:\/\/www.santai-ceramics.com\/wp-content\/uploads\/2025\/07\/wholesale-figurines-2-600x600.webp 600w, https:\/\/www.santai-ceramics.com\/wp-content\/uploads\/2025\/07\/wholesale-figurines-2-100x100.webp 100w\" sizes=\"(max-width: 1819px) 100vw, 1819px\" \/><\/figure>\n<\/div>\n<\/div>","protected":false},"excerpt":{"rendered":"<p data-pm-slice=\"0 0 []\">Vente en gros de figurines de chiens en r\u00e9sine. Cette figurine de bouledogue en r\u00e9sine fabriqu\u00e9e \u00e0 la main, r\u00e9aliste et orn\u00e9e de d\u00e9tails d'\u00e9poque, d\u00e9gage le charme et la chaleur d'un chien enjou\u00e9. Disponible dans diff\u00e9rentes poses, y compris \u00e9tir\u00e9e, couch\u00e9e et endormie, elle ajoute une touche amusante et d\u00e9corative \u00e0 n'importe quel espace.<\/p>\n<h2>Sp\u00e9cification des figurines de bouledogue<\/h2>\n<table width=\"1140\">\n<tbody>\n<tr>\n<td width=\"285\">Num\u00e9ro de mod\u00e8le<\/td>\n<td width=\"285\">E37886-H945-A01<\/td>\n<td width=\"285\">E37885-H945-A01<\/td>\n<td width=\"285\">E37884-H945-A01<\/td>\n<\/tr>\n<tr>\n<td>Nom du produit<\/td>\n<td>Figurine de chien en r\u00e9sine<\/td>\n<td>Figurine de chien en r\u00e9sine<\/td>\n<td>Figurine de chien en r\u00e9sine<\/td>\n<\/tr>\n<tr>\n<td>Couleur<\/td>\n<td>Noir et or<\/td>\n<td>Noir et or<\/td>\n<td>Noir et or<\/td>\n<\/tr>\n<tr>\n<td>Mat\u00e9riau<\/td>\n<td>R\u00e9sine<\/td>\n<td>R\u00e9sine<\/td>\n<td>R\u00e9sine<\/td>\n<\/tr>\n<tr>\n<td>Sc\u00e9narios d'utilisation<\/td>\n<td>D\u00e9coration de la maison et du jardin<\/td>\n<td>D\u00e9coration de la maison et du jardin<\/td>\n<td>D\u00e9coration de la maison et du jardin<\/td>\n<\/tr>\n<tr>\n<td>Dimensions<\/td>\n<td>25,5\u00d713,5\u00d79,5cm<\/td>\n<td>23.5\u00d711\u00d79cm<\/td>\n<td>20.5\u00d715.5\u00d719cm<\/td>\n<\/tr>\n<tr>\n<td>Poids<\/td>\n<td>0,6kg\/pc<\/td>\n<td>0,6kg\/pc<\/td>\n<td>0,9kg\/pc<\/td>\n<\/tr>\n<\/tbody>\n<\/table>\n<p>&nbsp;<\/p>","protected":false},"featured_media":3349,"comment_status":"closed","ping_status":"closed","template":"","meta":{"_acf_changed":false},"product_brand":[],"product_cat":[18,25,48],"product_tag":[],"class_list":{"0":"post-3298","1":"product","2":"type-product","3":"status-publish","4":"has-post-thumbnail","6":"product_cat-home-decor","7":"product_cat-animal-ornaments","8":"product_cat-wholesale-resin-animal-figurines","10":"first","11":"instock","12":"shipping-taxable","13":"product-type-simple"},"acf":[],"_links":{"self":[{"href":"https:\/\/www.santai-ceramics.com\/fr\/wp-json\/wp\/v2\/product\/3298","targetHints":{"allow":["GET"]}}],"collection":[{"href":"https:\/\/www.santai-ceramics.com\/fr\/wp-json\/wp\/v2\/product"}],"about":[{"href":"https:\/\/www.santai-ceramics.com\/fr\/wp-json\/wp\/v2\/types\/product"}],"replies":[{"embeddable":true,"href":"https:\/\/www.santai-ceramics.com\/fr\/wp-json\/wp\/v2\/comments?post=3298"}],"wp:featuredmedia":[{"embeddable":true,"href":"https:\/\/www.santai-ceramics.com\/fr\/wp-json\/wp\/v2\/media\/3349"}],"wp:attachment":[{"href":"https:\/\/www.santai-ceramics.com\/fr\/wp-json\/wp\/v2\/media?parent=3298"}],"wp:term":[{"taxonomy":"product_brand","embeddable":true,"href":"https:\/\/www.santai-ceramics.com\/fr\/wp-json\/wp\/v2\/product_brand?post=3298"},{"taxonomy":"product_cat","embeddable":true,"href":"https:\/\/www.santai-ceramics.com\/fr\/wp-json\/wp\/v2\/product_cat?post=3298"},{"taxonomy":"product_tag","embeddable":true,"href":"https:\/\/www.santai-ceramics.com\/fr\/wp-json\/wp\/v2\/product_tag?post=3298"}],"curies":[{"name":"wp","href":"https:\/\/api.w.org\/{rel}","templated":true}]}}