{"id":3302,"date":"2025-07-31T14:29:05","date_gmt":"2025-07-31T14:29:05","guid":{"rendered":"https:\/\/www.santai-ceramics.com\/?post_type=product&#038;p=3302"},"modified":"2025-07-31T14:29:06","modified_gmt":"2025-07-31T14:29:06","slug":"wholesale-rustic-handcrafted-ceramic-vases","status":"publish","type":"product","link":"https:\/\/www.santai-ceramics.com\/fr\/product\/wholesale-rustic-handcrafted-ceramic-vases\/","title":{"rendered":"Vases en c\u00e9ramique artisanale en gros - avec motifs g\u00e9om\u00e9triques et touches vintage"},"content":{"rendered":"<h3 class=\"wp-block-heading\">Caract\u00e9ristiques des vases en c\u00e9ramique fabriqu\u00e9s \u00e0 la main - motifs g\u00e9om\u00e9triques et touches vintage<\/h3>\n\n\n\n<ul class=\"wp-block-list\">\n<li><strong>Une fusion des esth\u00e9tiques vintage et moderne : <\/strong>Ce vase associe la sensation brute et artisanale de la c\u00e9ramique \u00e0 des motifs g\u00e9om\u00e9triques tels que des grilles et des points, pr\u00e9servant ainsi la texture naturelle de la poterie traditionnelle tout en y ajoutant un design moderne et minimaliste.<br><\/li>\n\n\n\n<li><strong>Art artisanal et d\u00e9tails uniques : <\/strong>Le vase est orn\u00e9 de marques antiques irr\u00e9guli\u00e8res et de motifs g\u00e9om\u00e9triques, soulignant le travail artisanal.<br><\/li>\n\n\n\n<li><strong>Trois options de taille : <\/strong>Ce vase est disponible en trois tailles, cr\u00e9ant une esth\u00e9tique unique, qu'il soit pr\u00e9sent\u00e9 individuellement ou en collection.<\/li>\n<\/ul>\n\n\n\n<h3 class=\"wp-block-heading\">Service de vases en c\u00e9ramique sur mesure<\/h3>\n\n\n\n<p>Nous proposons des services OEM et ODM pour nos produits.<br>Des \u00e9chantillons peuvent \u00eatre livr\u00e9s rapidement.<br>Nous offrons une vari\u00e9t\u00e9 de formes, de couleurs, d'impressions personnalis\u00e9es, d'emballages et d'autres services sur mesure pour r\u00e9pondre \u00e0 vos besoins sp\u00e9cifiques.<br><a href=\"https:\/\/www.santai-ceramics.com\/fr\/custom\/\" data-type=\"page\" data-id=\"13\" target=\"_blank\" rel=\"noreferrer noopener\"><strong><b>En savoir plus sur la personnalisation<\/b> solutions de vases en c\u00e9ramique.<\/strong><\/a><\/p>\n\n\n\n<div class=\"wp-block-columns is-layout-flex wp-container-core-columns-is-layout-9d6595d7 wp-block-columns-is-layout-flex\">\n<div class=\"wp-block-column is-layout-flow wp-block-column-is-layout-flow\">\n<figure class=\"wp-block-image size-full\"><img decoding=\"async\" width=\"2689\" height=\"2689\" src=\"https:\/\/www.santai-ceramics.com\/wp-content\/uploads\/2025\/07\/wholesale-ceramic-vases.webp\" alt=\"\" class=\"wp-image-3387\" srcset=\"https:\/\/www.santai-ceramics.com\/wp-content\/uploads\/2025\/07\/wholesale-ceramic-vases.webp 2689w, https:\/\/www.santai-ceramics.com\/wp-content\/uploads\/2025\/07\/wholesale-ceramic-vases-300x300.webp 300w, https:\/\/www.santai-ceramics.com\/wp-content\/uploads\/2025\/07\/wholesale-ceramic-vases-150x150.webp 150w, https:\/\/www.santai-ceramics.com\/wp-content\/uploads\/2025\/07\/wholesale-ceramic-vases-768x768.webp 768w, https:\/\/www.santai-ceramics.com\/wp-content\/uploads\/2025\/07\/wholesale-ceramic-vases-12x12.webp 12w, https:\/\/www.santai-ceramics.com\/wp-content\/uploads\/2025\/07\/wholesale-ceramic-vases-1200x1200.webp 1200w, https:\/\/www.santai-ceramics.com\/wp-content\/uploads\/2025\/07\/wholesale-ceramic-vases-600x600.webp 600w, https:\/\/www.santai-ceramics.com\/wp-content\/uploads\/2025\/07\/wholesale-ceramic-vases-100x100.webp 100w\" sizes=\"(max-width: 2689px) 100vw, 2689px\" \/><\/figure>\n<\/div>\n\n\n\n<div class=\"wp-block-column is-layout-flow wp-block-column-is-layout-flow\">\n<figure class=\"wp-block-image size-full\"><img decoding=\"async\" width=\"1879\" height=\"1879\" src=\"https:\/\/www.santai-ceramics.com\/wp-content\/uploads\/2025\/07\/wholesale-ceramic-vases-5.webp\" alt=\"\" class=\"wp-image-3386\" srcset=\"https:\/\/www.santai-ceramics.com\/wp-content\/uploads\/2025\/07\/wholesale-ceramic-vases-5.webp 1879w, https:\/\/www.santai-ceramics.com\/wp-content\/uploads\/2025\/07\/wholesale-ceramic-vases-5-300x300.webp 300w, https:\/\/www.santai-ceramics.com\/wp-content\/uploads\/2025\/07\/wholesale-ceramic-vases-5-150x150.webp 150w, https:\/\/www.santai-ceramics.com\/wp-content\/uploads\/2025\/07\/wholesale-ceramic-vases-5-768x768.webp 768w, https:\/\/www.santai-ceramics.com\/wp-content\/uploads\/2025\/07\/wholesale-ceramic-vases-5-12x12.webp 12w, https:\/\/www.santai-ceramics.com\/wp-content\/uploads\/2025\/07\/wholesale-ceramic-vases-5-1200x1200.webp 1200w, https:\/\/www.santai-ceramics.com\/wp-content\/uploads\/2025\/07\/wholesale-ceramic-vases-5-600x600.webp 600w, https:\/\/www.santai-ceramics.com\/wp-content\/uploads\/2025\/07\/wholesale-ceramic-vases-5-100x100.webp 100w\" sizes=\"(max-width: 1879px) 100vw, 1879px\" \/><\/figure>\n<\/div>\n<\/div>","protected":false},"excerpt":{"rendered":"<p data-pm-slice=\"0 0 []\">Vente en gros de vases en c\u00e9ramique artisanale. Cet ensemble de vases en c\u00e9ramique fabriqu\u00e9s \u00e0 la main m\u00e9lange astucieusement des textures vintage et des motifs g\u00e9om\u00e9triques modernes. Une fabrication artisanale unique combin\u00e9e \u00e0 des d\u00e9tails de conception bien pens\u00e9s cr\u00e9e une pi\u00e8ce polyvalente convenant \u00e0 une vari\u00e9t\u00e9 d'environnements d\u00e9coratifs, y compris \u00e0 l'int\u00e9rieur et dans le jardin.<\/p>\n<h2>Sp\u00e9cification des vases en c\u00e9ramique<\/h2>\n<table width=\"1140\">\n<tbody>\n<tr>\n<td width=\"285\">Num\u00e9ro de mod\u00e8le<\/td>\n<td width=\"285\">A37904-H943-A01<\/td>\n<td width=\"285\">A37904-H943-A02<\/td>\n<td width=\"285\">A37904-H943-A03<\/td>\n<\/tr>\n<tr>\n<td>Nom du produit<\/td>\n<td>Vase en terre cuite<\/td>\n<td>Vase en terre cuite<\/td>\n<td>Vase en terre cuite<\/td>\n<\/tr>\n<tr>\n<td>Couleur<\/td>\n<td>Rouge terreux<\/td>\n<td>Rouge terreux<\/td>\n<td>Rouge terreux<\/td>\n<\/tr>\n<tr>\n<td>Mat\u00e9riau<\/td>\n<td>Terre cuite<\/td>\n<td>Terre cuite<\/td>\n<td>Terre cuite<\/td>\n<\/tr>\n<tr>\n<td>Sc\u00e9narios d'utilisation<\/td>\n<td>D\u00e9coration de la maison et du jardin<\/td>\n<td>D\u00e9coration de la maison et du jardin<\/td>\n<td>D\u00e9coration de la maison et du jardin<\/td>\n<\/tr>\n<tr>\n<td>Dimensions<\/td>\n<td>D:21.5X27.5cm<\/td>\n<td>D:18X21cm<\/td>\n<td>D:15X17.5cm<\/td>\n<\/tr>\n<tr>\n<td>Poids<\/td>\n<td>1,6kg\/pc<\/td>\n<td>1,1kg\/pc<\/td>\n<td>0,7kg\/pc<\/td>\n<\/tr>\n<\/tbody>\n<\/table>\n<p>\n<script src=\"chrome-extension:\/\/fpelahbljekknahkcaegamhcndkfpfnc\/iFrame.js\" type=\"text\/javascript\"><\/script><\/p>","protected":false},"featured_media":3384,"comment_status":"closed","ping_status":"closed","template":"","meta":{"_acf_changed":false},"product_brand":[],"product_cat":[18,21,22],"product_tag":[],"class_list":{"0":"post-3302","1":"product","2":"type-product","3":"status-publish","4":"has-post-thumbnail","6":"product_cat-home-decor","7":"product_cat-garden-decor","8":"product_cat-vase","10":"first","11":"instock","12":"shipping-taxable","13":"product-type-simple"},"acf":[],"_links":{"self":[{"href":"https:\/\/www.santai-ceramics.com\/fr\/wp-json\/wp\/v2\/product\/3302","targetHints":{"allow":["GET"]}}],"collection":[{"href":"https:\/\/www.santai-ceramics.com\/fr\/wp-json\/wp\/v2\/product"}],"about":[{"href":"https:\/\/www.santai-ceramics.com\/fr\/wp-json\/wp\/v2\/types\/product"}],"replies":[{"embeddable":true,"href":"https:\/\/www.santai-ceramics.com\/fr\/wp-json\/wp\/v2\/comments?post=3302"}],"wp:featuredmedia":[{"embeddable":true,"href":"https:\/\/www.santai-ceramics.com\/fr\/wp-json\/wp\/v2\/media\/3384"}],"wp:attachment":[{"href":"https:\/\/www.santai-ceramics.com\/fr\/wp-json\/wp\/v2\/media?parent=3302"}],"wp:term":[{"taxonomy":"product_brand","embeddable":true,"href":"https:\/\/www.santai-ceramics.com\/fr\/wp-json\/wp\/v2\/product_brand?post=3302"},{"taxonomy":"product_cat","embeddable":true,"href":"https:\/\/www.santai-ceramics.com\/fr\/wp-json\/wp\/v2\/product_cat?post=3302"},{"taxonomy":"product_tag","embeddable":true,"href":"https:\/\/www.santai-ceramics.com\/fr\/wp-json\/wp\/v2\/product_tag?post=3302"}],"curies":[{"name":"wp","href":"https:\/\/api.w.org\/{rel}","templated":true}]}}