{"id":3449,"date":"2025-08-20T10:05:57","date_gmt":"2025-08-20T10:05:57","guid":{"rendered":"https:\/\/www.santai-ceramics.com\/?post_type=product&#038;p=3449"},"modified":"2025-08-20T10:05:58","modified_gmt":"2025-08-20T10:05:58","slug":"wholesale-hand-crafted-pink-ceramic-vases-in-bulk","status":"publish","type":"product","link":"https:\/\/www.santai-ceramics.com\/fr\/product\/wholesale-hand-crafted-pink-ceramic-vases-in-bulk\/","title":{"rendered":"Vases en c\u00e9ramique \u00e0 texture artisanale en vrac - D\u00e9coration d'int\u00e9rieur \u00e9l\u00e9gante et polyvalente"},"content":{"rendered":"<h3 class=\"wp-block-heading\">Caract\u00e9ristiques des vases en c\u00e9ramique \u00e0 texture ray\u00e9e fabriqu\u00e9s \u00e0 la main<\/h3>\n\n\n\n<ul class=\"wp-block-list\">\n<li><strong>Doux et \u00e9l\u00e9gant Couleur :<\/strong>Ces vases en c\u00e9ramique textur\u00e9e, fabriqu\u00e9s \u00e0 la main, sont \u00e9maill\u00e9s dans un rose Morandi doux qui leur conf\u00e8re chaleur et \u00e9l\u00e9gance. Cette couleur douce et peu satur\u00e9e s'adapte facilement \u00e0 la plupart des d\u00e9corations d'int\u00e9rieur, ajoutant de la chaleur, du romantisme et de la sophistication \u00e0 tout espace.<\/li>\n<\/ul>\n\n\n\n<ul class=\"wp-block-list\">\n<li><strong>Diverses textures et dessins :<\/strong>Les vases en c\u00e9ramique en vrac sont d\u00e9cor\u00e9s de rayures horizontales qui procurent \u00e0 la fois une profondeur visuelle et un plaisir tactile. Sa surface unique est empreinte d'une grande sensibilit\u00e9 artistique.<\/li>\n<\/ul>\n\n\n\n<ul class=\"wp-block-list\">\n<li><strong>Diff\u00e9rentes tailles :<\/strong>Les vases en gros sont disponibles dans une grande vari\u00e9t\u00e9 de tailles et peuvent \u00eatre utilis\u00e9s ensemble ou plac\u00e9s individuellement, ce qui les rend adapt\u00e9s \u00e0 diff\u00e9rents espaces tels que les salons, les chambres \u00e0 coucher ou les bureaux. Les diff\u00e9rences de hauteur et de largeur vous permettent de les combiner librement pour cr\u00e9er des formes superpos\u00e9es uniques et embellir votre int\u00e9rieur.<\/li>\n<\/ul>\n\n\n\n<ul class=\"wp-block-list\">\n<li><strong>Pratique et d\u00e9coratif :<\/strong>Id\u00e9al pour les fleurs fra\u00eeches ou s\u00e9ch\u00e9es, le corps et l'embouchure du vase en c\u00e9ramique \u00e0 texture stri\u00e9e en vrac sont con\u00e7us pour maintenir les tiges fermement en place, mais la texture d\u00e9corative et la forme du vase en font une \u0153uvre d'art en soi, sans fleurs. Il est magnifique sur les \u00e9tag\u00e8res, les tables, les manteaux de chemin\u00e9e ou les rebords de fen\u00eatre, ajoutant du caract\u00e8re et de la sophistication \u00e0 n'importe quelle pi\u00e8ce.<\/li>\n<\/ul>\n\n\n\n<h3 class=\"wp-block-heading\">Service de vases en c\u00e9ramique \u00e0 texture ray\u00e9e, faits \u00e0 la main et personnalis\u00e9s<\/h3>\n\n\n\n<p>Nous proposons des services OEM et ODM pour nos produits.<br>Des \u00e9chantillons peuvent \u00eatre livr\u00e9s rapidement.<br>Nous offrons une vari\u00e9t\u00e9 de formes, de couleurs, d'impressions personnalis\u00e9es, d'emballages et d'autres services sur mesure pour r\u00e9pondre \u00e0 vos besoins sp\u00e9cifiques.<br><a href=\"https:\/\/www.santai-ceramics.com\/fr\/custom\/\" data-type=\"page\" data-id=\"13\" target=\"_blank\" rel=\"noreferrer noopener\"><strong>En savoir plus sur les d\u00e9tails des vases en c\u00e9ramique personnalis\u00e9s.<\/strong><\/a><\/p>\n\n\n\n<div class=\"wp-block-columns is-layout-flex wp-container-core-columns-is-layout-9d6595d7 wp-block-columns-is-layout-flex\">\n<div class=\"wp-block-column is-layout-flow wp-block-column-is-layout-flow\">\n<figure class=\"wp-block-image size-full\"><img decoding=\"async\" width=\"1366\" height=\"1366\" src=\"https:\/\/www.santai-ceramics.com\/wp-content\/uploads\/2025\/08\/Hand-crafted-texture-ceramic-vases-bulk-6.webp\" alt=\"Vases en c\u00e9ramique \u00e0 texture artisanale vrac (6)\" class=\"wp-image-3498\" srcset=\"https:\/\/www.santai-ceramics.com\/wp-content\/uploads\/2025\/08\/Hand-crafted-texture-ceramic-vases-bulk-6.webp 1366w, https:\/\/www.santai-ceramics.com\/wp-content\/uploads\/2025\/08\/Hand-crafted-texture-ceramic-vases-bulk-6-300x300.webp 300w, https:\/\/www.santai-ceramics.com\/wp-content\/uploads\/2025\/08\/Hand-crafted-texture-ceramic-vases-bulk-6-150x150.webp 150w, https:\/\/www.santai-ceramics.com\/wp-content\/uploads\/2025\/08\/Hand-crafted-texture-ceramic-vases-bulk-6-768x768.webp 768w, https:\/\/www.santai-ceramics.com\/wp-content\/uploads\/2025\/08\/Hand-crafted-texture-ceramic-vases-bulk-6-12x12.webp 12w, https:\/\/www.santai-ceramics.com\/wp-content\/uploads\/2025\/08\/Hand-crafted-texture-ceramic-vases-bulk-6-1200x1200.webp 1200w, https:\/\/www.santai-ceramics.com\/wp-content\/uploads\/2025\/08\/Hand-crafted-texture-ceramic-vases-bulk-6-600x600.webp 600w, https:\/\/www.santai-ceramics.com\/wp-content\/uploads\/2025\/08\/Hand-crafted-texture-ceramic-vases-bulk-6-100x100.webp 100w\" sizes=\"(max-width: 1366px) 100vw, 1366px\" \/><\/figure>\n<\/div>\n\n\n\n<div class=\"wp-block-column is-layout-flow wp-block-column-is-layout-flow\">\n<figure class=\"wp-block-image size-full\"><img decoding=\"async\" width=\"3782\" height=\"3781\" src=\"https:\/\/www.santai-ceramics.com\/wp-content\/uploads\/2025\/08\/Hand-crafted-texture-ceramic-vases-bulk-1-1.webp\" alt=\"\" class=\"wp-image-3500\" srcset=\"https:\/\/www.santai-ceramics.com\/wp-content\/uploads\/2025\/08\/Hand-crafted-texture-ceramic-vases-bulk-1-1.webp 3782w, https:\/\/www.santai-ceramics.com\/wp-content\/uploads\/2025\/08\/Hand-crafted-texture-ceramic-vases-bulk-1-1-300x300.webp 300w, https:\/\/www.santai-ceramics.com\/wp-content\/uploads\/2025\/08\/Hand-crafted-texture-ceramic-vases-bulk-1-1-150x150.webp 150w, https:\/\/www.santai-ceramics.com\/wp-content\/uploads\/2025\/08\/Hand-crafted-texture-ceramic-vases-bulk-1-1-768x768.webp 768w, https:\/\/www.santai-ceramics.com\/wp-content\/uploads\/2025\/08\/Hand-crafted-texture-ceramic-vases-bulk-1-1-12x12.webp 12w, https:\/\/www.santai-ceramics.com\/wp-content\/uploads\/2025\/08\/Hand-crafted-texture-ceramic-vases-bulk-1-1-1200x1200.webp 1200w, https:\/\/www.santai-ceramics.com\/wp-content\/uploads\/2025\/08\/Hand-crafted-texture-ceramic-vases-bulk-1-1-600x600.webp 600w, https:\/\/www.santai-ceramics.com\/wp-content\/uploads\/2025\/08\/Hand-crafted-texture-ceramic-vases-bulk-1-1-100x100.webp 100w\" sizes=\"(max-width: 3782px) 100vw, 3782px\" \/><\/figure>\n<\/div>\n<\/div>\n\n\n\n<p><\/p>","protected":false},"excerpt":{"rendered":"<p data-pm-slice=\"0 0 []\">Vases en c\u00e9ramique \u00e0 texture ray\u00e9e, fabriqu\u00e9s \u00e0 la main, en vrac. Il s'agit d'un vase en c\u00e9ramique Morandi de couleur rose qui pr\u00e9sente un motif de rayures horizontales en relief. Ses formes et ses tailles polyvalentes lui permettent de s'int\u00e9grer parfaitement dans un d\u00e9cor moderne, nordique, fran\u00e7ais antique ou industriel. Il peut \u00eatre utilis\u00e9 comme vase \u00e0 fleurs ou comme pi\u00e8ce d\u00e9corative ind\u00e9pendante. Nos services OEM et ODM sont disponibles. Contactez-nous d\u00e8s maintenant pour une demande de renseignements !<\/p>\n<h2>Sp\u00e9cification des vases en c\u00e9ramique \u00e0 texture stri\u00e9e fabriqu\u00e9s \u00e0 la main<\/h2>\n<table width=\"1140\">\n<tbody>\n<tr>\n<td width=\"285\">Num\u00e9ro de mod\u00e8le<\/td>\n<td width=\"285\">A37881-LE27-A01<\/td>\n<td width=\"285\">A37881-LE27-A02<\/td>\n<td width=\"285\">A37881-LE27-A03<\/td>\n<\/tr>\n<tr>\n<td>Nom du produit<\/td>\n<td>Vase en c\u00e9ramique<\/td>\n<td>Vase en c\u00e9ramique<\/td>\n<td>Vase en c\u00e9ramique<\/td>\n<\/tr>\n<tr>\n<td>Couleur<\/td>\n<td>Rose<\/td>\n<td>Rose<\/td>\n<td>Rose<\/td>\n<\/tr>\n<tr>\n<td>Mat\u00e9riau<\/td>\n<td>C\u00e9ramique\u00a0<\/td>\n<td>C\u00e9ramique\u00a0<\/td>\n<td>C\u00e9ramique\u00a0<\/td>\n<\/tr>\n<tr>\n<td>Sc\u00e9narios d'utilisation<\/td>\n<td>d\u00e9coration int\u00e9rieure\u00a0<\/td>\n<td>d\u00e9coration int\u00e9rieure\u00a0<\/td>\n<td>d\u00e9coration int\u00e9rieure\u00a0<\/td>\n<\/tr>\n<tr>\n<td>Dimensions<\/td>\n<td>D:17.5X31cm<\/td>\n<td>D:16X24.5cm<\/td>\n<td>D:15.5X20cm<\/td>\n<\/tr>\n<tr>\n<td>Poids<\/td>\n<td>1,7kg\/pc<\/td>\n<td>1,1kg\/pc<\/td>\n<td>0,9kg\/pc<\/td>\n<\/tr>\n<\/tbody>\n<\/table>\n<p>\n<script src=\"chrome-extension:\/\/fpelahbljekknahkcaegamhcndkfpfnc\/iFrame.js\" type=\"text\/javascript\"><\/script><\/p>","protected":false},"featured_media":3495,"comment_status":"closed","ping_status":"closed","template":"","meta":{"_acf_changed":false},"product_brand":[],"product_cat":[18,22],"product_tag":[],"class_list":{"0":"post-3449","1":"product","2":"type-product","3":"status-publish","4":"has-post-thumbnail","6":"product_cat-home-decor","7":"product_cat-vase","9":"first","10":"instock","11":"shipping-taxable","12":"product-type-simple"},"acf":[],"_links":{"self":[{"href":"https:\/\/www.santai-ceramics.com\/fr\/wp-json\/wp\/v2\/product\/3449","targetHints":{"allow":["GET"]}}],"collection":[{"href":"https:\/\/www.santai-ceramics.com\/fr\/wp-json\/wp\/v2\/product"}],"about":[{"href":"https:\/\/www.santai-ceramics.com\/fr\/wp-json\/wp\/v2\/types\/product"}],"replies":[{"embeddable":true,"href":"https:\/\/www.santai-ceramics.com\/fr\/wp-json\/wp\/v2\/comments?post=3449"}],"wp:featuredmedia":[{"embeddable":true,"href":"https:\/\/www.santai-ceramics.com\/fr\/wp-json\/wp\/v2\/media\/3495"}],"wp:attachment":[{"href":"https:\/\/www.santai-ceramics.com\/fr\/wp-json\/wp\/v2\/media?parent=3449"}],"wp:term":[{"taxonomy":"product_brand","embeddable":true,"href":"https:\/\/www.santai-ceramics.com\/fr\/wp-json\/wp\/v2\/product_brand?post=3449"},{"taxonomy":"product_cat","embeddable":true,"href":"https:\/\/www.santai-ceramics.com\/fr\/wp-json\/wp\/v2\/product_cat?post=3449"},{"taxonomy":"product_tag","embeddable":true,"href":"https:\/\/www.santai-ceramics.com\/fr\/wp-json\/wp\/v2\/product_tag?post=3449"}],"curies":[{"name":"wp","href":"https:\/\/api.w.org\/{rel}","templated":true}]}}