{"id":3452,"date":"2025-08-21T01:13:20","date_gmt":"2025-08-21T01:13:20","guid":{"rendered":"https:\/\/www.santai-ceramics.com\/?post_type=product&#038;p=3452"},"modified":"2025-08-21T01:13:37","modified_gmt":"2025-08-21T01:13:37","slug":"wholesale-pink-mushroom-shaped-flower-vases","status":"publish","type":"product","link":"https:\/\/www.santai-ceramics.com\/fr\/product\/wholesale-pink-mushroom-shaped-flower-vases\/","title":{"rendered":"Vases \u00e0 fleurs en forme de champignon rose en gros - D\u00e9coration d'int\u00e9rieur minimaliste moderne"},"content":{"rendered":"<h3 class=\"wp-block-heading\">Caract\u00e9ristiques des vases \u00e0 fleurs en forme de champignon rose<\/h3>\n\n\n\n<ul class=\"wp-block-list\">\n<li><strong>Finition pastel douce avec texture c\u00e9ramique de luxe<\/strong>:R\u00e9alis\u00e9s dans une finition rose p\u00e2le claire, ces vases \u00e0 fleurs en forme de champignon rose en gros sont apaisants et accueillants, chaleureux. La finition \u00e9maill\u00e9e est lisse, brillante et raffin\u00e9e, et dans certains mod\u00e8les, des veines blanches naturelles ajoutent un int\u00e9r\u00eat visuel. Par rapport aux mod\u00e8les en plastique ou en m\u00e9tal, la c\u00e9ramique donne une impression de naturel et d'organique qui convient aux projets contemporains de retour \u00e0 la nature.<\/li>\n<\/ul>\n\n\n\n<ul class=\"wp-block-list\">\n<li><strong>Une forme unique qui allie beaut\u00e9 et fonctionnalit\u00e9<\/strong>:Les vases \u00e0 fleurs en forme de champignon rose s'\u00e9loignent de la fadeur classique et garantissent la fonctionnalit\u00e9. Les bouches \u00e9vas\u00e9es ou larges permettent de disposer les fleurs de mani\u00e8re pratique, et les structures divis\u00e9es offrent une profondeur visuelle ainsi qu'un attrait esth\u00e9tique. Les diff\u00e9rentes tailles s'adaptent aux tables de chevet, aux bureaux, aux salons ou aux entr\u00e9es.<\/li>\n<\/ul>\n\n\n\n<ul class=\"wp-block-list\">\n<li><strong>Un savoir-faire raffin\u00e9 et une structure durable<\/strong>:Chaque vase est finement poli pour une finition lisse et sans d\u00e9faut. L'\u00e9mail clair et uniforme pr\u00e9sente de doux reflets de lumi\u00e8re, ce qui donne de la profondeur et de la sophistication. La construction en c\u00e9ramique est con\u00e7ue pour \u00eatre stable, avec des bases \u00e9lanc\u00e9es qui ne tomberont pas. Le mat\u00e9riau c\u00e9ramique robuste offre une durabilit\u00e9 et une protection contre l'utilisation quotidienne.<\/li>\n<\/ul>\n\n\n\n<ul class=\"wp-block-list\">\n<li><strong>Une d\u00e9coration polyvalente pour diff\u00e9rents styles d'int\u00e9rieur<\/strong>:Le rose pastel doux de ces vases \u00e0 fleurs en forme de champignon se marie bien avec les tons bois\u00e9s, l'esth\u00e9tique minimaliste nordique et le style vintage fran\u00e7ais. En tant que support pour des fleurs fra\u00eeches ou seuls, ils servent \u00e0 la fois de r\u00e9ceptacles pratiques et d'\u0153uvres d'art \u00e9tonnantes qui rehaussent la beaut\u00e9 de n'importe quelle pi\u00e8ce.<\/li>\n<\/ul>\n\n\n\n<h3 class=\"wp-block-heading\">Service de vases \u00e0 fleurs en forme de champignons personnalis\u00e9s<\/h3>\n\n\n\n<p>Nous proposons des services OEM et ODM pour nos produits.<br>Des \u00e9chantillons peuvent \u00eatre livr\u00e9s rapidement.<br>Nous offrons une vari\u00e9t\u00e9 de formes, de couleurs, d'impressions personnalis\u00e9es, d'emballages et d'autres services sur mesure pour r\u00e9pondre \u00e0 vos besoins sp\u00e9cifiques.<br><a href=\"https:\/\/www.santai-ceramics.com\/fr\/custom\/\" data-type=\"page\" data-id=\"13\" target=\"_blank\" rel=\"noreferrer noopener\"><strong><b>En savoir plus sur la personnalisation<\/b> d\u00e9tails du vase \u00e0 fleurs.<\/strong><\/a><\/p>\n\n\n\n<div class=\"wp-block-columns is-layout-flex wp-container-core-columns-is-layout-9d6595d7 wp-block-columns-is-layout-flex\">\n<div class=\"wp-block-column is-layout-flow wp-block-column-is-layout-flow\">\n<figure class=\"wp-block-image size-full\"><img decoding=\"async\" width=\"1552\" height=\"1552\" src=\"https:\/\/www.santai-ceramics.com\/wp-content\/uploads\/2025\/08\/wholesale-pink-mushroom-shape-flower-vases-4.webp\" alt=\"grossiste vases \u00e0 fleurs roses en forme de champignon (4)\" class=\"wp-image-3460\" srcset=\"https:\/\/www.santai-ceramics.com\/wp-content\/uploads\/2025\/08\/wholesale-pink-mushroom-shape-flower-vases-4.webp 1552w, https:\/\/www.santai-ceramics.com\/wp-content\/uploads\/2025\/08\/wholesale-pink-mushroom-shape-flower-vases-4-300x300.webp 300w, https:\/\/www.santai-ceramics.com\/wp-content\/uploads\/2025\/08\/wholesale-pink-mushroom-shape-flower-vases-4-150x150.webp 150w, https:\/\/www.santai-ceramics.com\/wp-content\/uploads\/2025\/08\/wholesale-pink-mushroom-shape-flower-vases-4-768x768.webp 768w, https:\/\/www.santai-ceramics.com\/wp-content\/uploads\/2025\/08\/wholesale-pink-mushroom-shape-flower-vases-4-12x12.webp 12w, https:\/\/www.santai-ceramics.com\/wp-content\/uploads\/2025\/08\/wholesale-pink-mushroom-shape-flower-vases-4-1200x1200.webp 1200w, https:\/\/www.santai-ceramics.com\/wp-content\/uploads\/2025\/08\/wholesale-pink-mushroom-shape-flower-vases-4-600x600.webp 600w, https:\/\/www.santai-ceramics.com\/wp-content\/uploads\/2025\/08\/wholesale-pink-mushroom-shape-flower-vases-4-100x100.webp 100w\" sizes=\"(max-width: 1552px) 100vw, 1552px\" \/><\/figure>\n<\/div>\n\n\n\n<div class=\"wp-block-column is-layout-flow wp-block-column-is-layout-flow\">\n<figure class=\"wp-block-image size-full\"><img decoding=\"async\" width=\"2262\" height=\"2262\" src=\"https:\/\/www.santai-ceramics.com\/wp-content\/uploads\/2025\/08\/wholesale-pink-mushroom-shape-flower-vases-5.webp\" alt=\"Vases \u00e0 fleurs en forme de champignon rose en gros (5)\" class=\"wp-image-3461\" srcset=\"https:\/\/www.santai-ceramics.com\/wp-content\/uploads\/2025\/08\/wholesale-pink-mushroom-shape-flower-vases-5.webp 2262w, https:\/\/www.santai-ceramics.com\/wp-content\/uploads\/2025\/08\/wholesale-pink-mushroom-shape-flower-vases-5-300x300.webp 300w, https:\/\/www.santai-ceramics.com\/wp-content\/uploads\/2025\/08\/wholesale-pink-mushroom-shape-flower-vases-5-150x150.webp 150w, https:\/\/www.santai-ceramics.com\/wp-content\/uploads\/2025\/08\/wholesale-pink-mushroom-shape-flower-vases-5-768x768.webp 768w, https:\/\/www.santai-ceramics.com\/wp-content\/uploads\/2025\/08\/wholesale-pink-mushroom-shape-flower-vases-5-12x12.webp 12w, https:\/\/www.santai-ceramics.com\/wp-content\/uploads\/2025\/08\/wholesale-pink-mushroom-shape-flower-vases-5-1200x1200.webp 1200w, https:\/\/www.santai-ceramics.com\/wp-content\/uploads\/2025\/08\/wholesale-pink-mushroom-shape-flower-vases-5-600x600.webp 600w, https:\/\/www.santai-ceramics.com\/wp-content\/uploads\/2025\/08\/wholesale-pink-mushroom-shape-flower-vases-5-100x100.webp 100w\" sizes=\"(max-width: 2262px) 100vw, 2262px\" \/><\/figure>\n<\/div>\n<\/div>","protected":false},"excerpt":{"rendered":"<p data-pm-slice=\"0 0 []\">Vente en gros de vases \u00e0 fleurs roses en forme de champignon. Ces charmants vases \u00e0 fleurs roses en forme de champignon pr\u00e9sentent des teintes pastel p\u00e2les et des textures soyeuses. Disponibles en diff\u00e9rentes tailles, ils offrent un attrait artistique et une fonction utilitaire. Parfaits comme pi\u00e8ces d\u00e9coratives individuelles ou comme vases, ils s'int\u00e8grent \u00e9l\u00e9gamment dans les int\u00e9rieurs tendance, nordiques ou vintage. Nous proposons des services OEM\/ODM, contactez-nous pour un devis raisonnable d\u00e8s maintenant\uff01.<\/p>\n<h2>Sp\u00e9cification des vases \u00e0 fleurs en forme de champignon rose<\/h2>\n<table width=\"1140\">\n<tbody>\n<tr>\n<td width=\"285\">Num\u00e9ro de mod\u00e8le<\/td>\n<td width=\"285\">A37061-LE27-A01<\/td>\n<td width=\"285\">A37061-LE27-A02<\/td>\n<td width=\"285\">A37061-LE27-A03<\/td>\n<\/tr>\n<tr>\n<td>Nom du produit<\/td>\n<td>Vase en c\u00e9ramique<\/td>\n<td>Vase en c\u00e9ramique<\/td>\n<td>Vase en c\u00e9ramique<\/td>\n<\/tr>\n<tr>\n<td>Couleur<\/td>\n<td>Rose<\/td>\n<td>Rose<\/td>\n<td>Rose<\/td>\n<\/tr>\n<tr>\n<td>Mat\u00e9riau<\/td>\n<td>C\u00e9ramique\u00a0<\/td>\n<td>C\u00e9ramique\u00a0<\/td>\n<td>C\u00e9ramique\u00a0<\/td>\n<\/tr>\n<tr>\n<td>Sc\u00e9narios d'utilisation<\/td>\n<td>d\u00e9coration int\u00e9rieure\u00a0<\/td>\n<td>d\u00e9coration int\u00e9rieure\u00a0<\/td>\n<td>d\u00e9coration int\u00e9rieure\u00a0<\/td>\n<\/tr>\n<tr>\n<td>Dimensions<\/td>\n<td>D:16X27.5cm<\/td>\n<td>D:13X23cm<\/td>\n<td>D:11.5X18cm<\/td>\n<\/tr>\n<tr>\n<td>Poids<\/td>\n<td>1,7kg\/pc<\/td>\n<td>0,9kg\/pc<\/td>\n<td>0,8kg\/pc<\/td>\n<\/tr>\n<\/tbody>\n<\/table>\n<p>\n<script src=\"chrome-extension:\/\/fpelahbljekknahkcaegamhcndkfpfnc\/iFrame.js\" type=\"text\/javascript\"><\/script><\/p>","protected":false},"featured_media":3457,"comment_status":"closed","ping_status":"closed","template":"","meta":{"_acf_changed":false},"product_brand":[],"product_cat":[18,22],"product_tag":[],"class_list":{"0":"post-3452","1":"product","2":"type-product","3":"status-publish","4":"has-post-thumbnail","6":"product_cat-home-decor","7":"product_cat-vase","9":"first","10":"instock","11":"shipping-taxable","12":"product-type-simple"},"acf":[],"_links":{"self":[{"href":"https:\/\/www.santai-ceramics.com\/fr\/wp-json\/wp\/v2\/product\/3452","targetHints":{"allow":["GET"]}}],"collection":[{"href":"https:\/\/www.santai-ceramics.com\/fr\/wp-json\/wp\/v2\/product"}],"about":[{"href":"https:\/\/www.santai-ceramics.com\/fr\/wp-json\/wp\/v2\/types\/product"}],"replies":[{"embeddable":true,"href":"https:\/\/www.santai-ceramics.com\/fr\/wp-json\/wp\/v2\/comments?post=3452"}],"wp:featuredmedia":[{"embeddable":true,"href":"https:\/\/www.santai-ceramics.com\/fr\/wp-json\/wp\/v2\/media\/3457"}],"wp:attachment":[{"href":"https:\/\/www.santai-ceramics.com\/fr\/wp-json\/wp\/v2\/media?parent=3452"}],"wp:term":[{"taxonomy":"product_brand","embeddable":true,"href":"https:\/\/www.santai-ceramics.com\/fr\/wp-json\/wp\/v2\/product_brand?post=3452"},{"taxonomy":"product_cat","embeddable":true,"href":"https:\/\/www.santai-ceramics.com\/fr\/wp-json\/wp\/v2\/product_cat?post=3452"},{"taxonomy":"product_tag","embeddable":true,"href":"https:\/\/www.santai-ceramics.com\/fr\/wp-json\/wp\/v2\/product_tag?post=3452"}],"curies":[{"name":"wp","href":"https:\/\/api.w.org\/{rel}","templated":true}]}}