{"id":3453,"date":"2025-08-21T01:31:51","date_gmt":"2025-08-21T01:31:51","guid":{"rendered":"https:\/\/www.santai-ceramics.com\/?post_type=product&#038;p=3453"},"modified":"2025-08-21T01:31:52","modified_gmt":"2025-08-21T01:31:52","slug":"wholesale-soft-pink-ceramic-vases","status":"publish","type":"product","link":"https:\/\/www.santai-ceramics.com\/fr\/product\/wholesale-soft-pink-ceramic-vases\/","title":{"rendered":"Grossiste Vases en c\u00e9ramique rose tendre avec design textur\u00e9 - Vases \u00e0 fleurs d\u00e9coratifs modernes en vrac"},"content":{"rendered":"<h3 class=\"wp-block-heading\">Caract\u00e9ristiques des vases en c\u00e9ramique rose tendre au design textur\u00e9<\/h3>\n\n\n\n<ul class=\"wp-block-list\">\n<li><strong>Palette de couleurs douces :<\/strong>Cr\u00e9\u00e9s dans un gla\u00e7age rose p\u00e2le et doux, ces vases en c\u00e9ramique de gros projettent une atmosph\u00e8re \u00e9l\u00e9gante et sereine. La lumi\u00e8re douce rebondit doucement sur la surface lisse de la c\u00e9ramique, cr\u00e9ant des ombres et des lumi\u00e8res douces qui conf\u00e8rent un air de sophistication \u00e0 n'importe quel espace.<\/li>\n<\/ul>\n\n\n\n<ul class=\"wp-block-list\">\n<li><strong>Deux types :<\/strong><br>Gr\u00e2ce aux diff\u00e9rentes tailles disponibles, il est facile de les positionner de mani\u00e8re polyvalente : les petits vases trouvent leur place sur les bureaux ou les tables de chevet, tandis que les plus grands ornent les salons, les couloirs ou les balcons.<\/li>\n<\/ul>\n\n\n\n<ul class=\"wp-block-list\">\n<li><strong>Durabilit\u00e9 :<\/strong><br>Fabriqu\u00e9 \u00e0 partir d'une c\u00e9ramique de haute qualit\u00e9 et d'une cuisson \u00e0 haute temp\u00e9rature, chaque vase en c\u00e9ramique de gros pr\u00e9sente une gla\u00e7ure lisse et impeccable. Le corps lourd en c\u00e9ramique garantit une utilisation durable, et la construction stable de la base promet une utilisation quotidienne s\u00fbre sans basculement.<\/li>\n<\/ul>\n\n\n\n<ul class=\"wp-block-list\">\n<li><strong>Polyvalence fonctionnelle et esth\u00e9tique :<\/strong><br>Ces vases en c\u00e9ramique de gros au design textur\u00e9 sont parfaits comme vases \u00e0 fleurs pour les fleurs fra\u00eeches, les fleurs s\u00e9ch\u00e9es ou les plantes d'int\u00e9rieur. <\/li>\n<\/ul>\n\n\n\n<h3 class=\"wp-block-heading\">Service de vases en c\u00e9ramique sur mesure<\/h3>\n\n\n\n<p>Nous proposons des services OEM et ODM pour nos produits.<br>Des \u00e9chantillons peuvent \u00eatre livr\u00e9s rapidement.<br>Nous offrons une vari\u00e9t\u00e9 de formes, de couleurs, d'impressions personnalis\u00e9es, d'emballages et d'autres services sur mesure pour r\u00e9pondre \u00e0 vos besoins sp\u00e9cifiques.<br><a href=\"https:\/\/www.santai-ceramics.com\/fr\/custom\/\" data-type=\"page\" data-id=\"13\" target=\"_blank\" rel=\"noreferrer noopener\"><strong><b>En savoir plus sur la personnalisation<\/b> vases en c\u00e9ramique d\u00e9tails.<\/strong><\/a><\/p>\n\n\n\n<div class=\"wp-block-columns is-layout-flex wp-container-core-columns-is-layout-9d6595d7 wp-block-columns-is-layout-flex\">\n<div class=\"wp-block-column is-layout-flow wp-block-column-is-layout-flow\">\n<figure class=\"wp-block-image size-full\"><img decoding=\"async\" width=\"1476\" height=\"1476\" src=\"https:\/\/www.santai-ceramics.com\/wp-content\/uploads\/2025\/08\/wholesale-textured-soft-pink-ceramic-vases-3.webp\" alt=\"grossiste vases en c\u00e9ramique rose tendre textur\u00e9 (3)\" class=\"wp-image-3474\" srcset=\"https:\/\/www.santai-ceramics.com\/wp-content\/uploads\/2025\/08\/wholesale-textured-soft-pink-ceramic-vases-3.webp 1476w, https:\/\/www.santai-ceramics.com\/wp-content\/uploads\/2025\/08\/wholesale-textured-soft-pink-ceramic-vases-3-300x300.webp 300w, https:\/\/www.santai-ceramics.com\/wp-content\/uploads\/2025\/08\/wholesale-textured-soft-pink-ceramic-vases-3-150x150.webp 150w, https:\/\/www.santai-ceramics.com\/wp-content\/uploads\/2025\/08\/wholesale-textured-soft-pink-ceramic-vases-3-768x768.webp 768w, https:\/\/www.santai-ceramics.com\/wp-content\/uploads\/2025\/08\/wholesale-textured-soft-pink-ceramic-vases-3-12x12.webp 12w, https:\/\/www.santai-ceramics.com\/wp-content\/uploads\/2025\/08\/wholesale-textured-soft-pink-ceramic-vases-3-1200x1200.webp 1200w, https:\/\/www.santai-ceramics.com\/wp-content\/uploads\/2025\/08\/wholesale-textured-soft-pink-ceramic-vases-3-600x600.webp 600w, https:\/\/www.santai-ceramics.com\/wp-content\/uploads\/2025\/08\/wholesale-textured-soft-pink-ceramic-vases-3-100x100.webp 100w\" sizes=\"(max-width: 1476px) 100vw, 1476px\" \/><\/figure>\n<\/div>\n\n\n\n<div class=\"wp-block-column is-layout-flow wp-block-column-is-layout-flow\">\n<figure class=\"wp-block-image size-full\"><img decoding=\"async\" width=\"2937\" height=\"2937\" src=\"https:\/\/www.santai-ceramics.com\/wp-content\/uploads\/2025\/08\/wholesale-textured-soft-pink-ceramic-vases-4.webp\" alt=\"grossiste vases en c\u00e9ramique rose tendre textur\u00e9 (4)\" class=\"wp-image-3475\" srcset=\"https:\/\/www.santai-ceramics.com\/wp-content\/uploads\/2025\/08\/wholesale-textured-soft-pink-ceramic-vases-4.webp 2937w, https:\/\/www.santai-ceramics.com\/wp-content\/uploads\/2025\/08\/wholesale-textured-soft-pink-ceramic-vases-4-300x300.webp 300w, https:\/\/www.santai-ceramics.com\/wp-content\/uploads\/2025\/08\/wholesale-textured-soft-pink-ceramic-vases-4-150x150.webp 150w, https:\/\/www.santai-ceramics.com\/wp-content\/uploads\/2025\/08\/wholesale-textured-soft-pink-ceramic-vases-4-768x768.webp 768w, https:\/\/www.santai-ceramics.com\/wp-content\/uploads\/2025\/08\/wholesale-textured-soft-pink-ceramic-vases-4-12x12.webp 12w, https:\/\/www.santai-ceramics.com\/wp-content\/uploads\/2025\/08\/wholesale-textured-soft-pink-ceramic-vases-4-1200x1200.webp 1200w, https:\/\/www.santai-ceramics.com\/wp-content\/uploads\/2025\/08\/wholesale-textured-soft-pink-ceramic-vases-4-600x600.webp 600w, https:\/\/www.santai-ceramics.com\/wp-content\/uploads\/2025\/08\/wholesale-textured-soft-pink-ceramic-vases-4-100x100.webp 100w\" sizes=\"(max-width: 2937px) 100vw, 2937px\" \/><\/figure>\n<\/div>\n<\/div>","protected":false},"excerpt":{"rendered":"<p data-pm-slice=\"0 0 []\">Vente en gros de vases en c\u00e9ramique rose tendre au design textur\u00e9. Une collection raffin\u00e9e de vases en c\u00e9ramique dans des tons rose tendre, avec des textures r\u00e9guli\u00e8res et des d\u00e9tails orn\u00e9s. Ces vases conviennent pour pr\u00e9senter des fleurs fra\u00eeches, du feuillage ou comme \u00e9l\u00e9ments d\u00e9coratifs ind\u00e9pendants. Ils apportent chaleur, \u00e9l\u00e9gance et int\u00e9r\u00eat esth\u00e9tique \u00e0 la maison. Nous proposons des services OEM\/ODM. Les commandes en gros sont les bienvenues. N'h\u00e9sitez pas \u00e0 nous contacter !<\/p>\n<h2>Sp\u00e9cification des vases en c\u00e9ramique rose tendre avec motif textur\u00e9<\/h2>\n<table width=\"855\">\n<tbody>\n<tr>\n<td width=\"285\">Num\u00e9ro de mod\u00e8le<\/td>\n<td width=\"285\">A37644-LE27-A01<\/td>\n<td width=\"285\">A37644-LE27-A02<\/td>\n<\/tr>\n<tr>\n<td>Nom du produit<\/td>\n<td>Vase en c\u00e9ramique<\/td>\n<td>Vase en c\u00e9ramique<\/td>\n<\/tr>\n<tr>\n<td>Couleur<\/td>\n<td>Rose<\/td>\n<td>Rose<\/td>\n<\/tr>\n<tr>\n<td>Mat\u00e9riau<\/td>\n<td>C\u00e9ramique\u00a0<\/td>\n<td>C\u00e9ramique\u00a0<\/td>\n<\/tr>\n<tr>\n<td>Sc\u00e9narios d'utilisation<\/td>\n<td>d\u00e9coration int\u00e9rieure\u00a0<\/td>\n<td>d\u00e9coration int\u00e9rieure\u00a0<\/td>\n<\/tr>\n<tr>\n<td>Dimensions<\/td>\n<td>D:22.5X26.5cm<\/td>\n<td>D:18.5X22cm<\/td>\n<\/tr>\n<tr>\n<td>Poids<\/td>\n<td>2kg\/pc<\/td>\n<td>1,3kg\/pc<\/td>\n<\/tr>\n<\/tbody>\n<\/table>\n<p>\n<script src=\"chrome-extension:\/\/fpelahbljekknahkcaegamhcndkfpfnc\/iFrame.js\" type=\"text\/javascript\"><\/script><\/p>","protected":false},"featured_media":3473,"comment_status":"closed","ping_status":"closed","template":"","meta":{"_acf_changed":false},"product_brand":[],"product_cat":[18,22],"product_tag":[],"class_list":{"0":"post-3453","1":"product","2":"type-product","3":"status-publish","4":"has-post-thumbnail","6":"product_cat-home-decor","7":"product_cat-vase","9":"first","10":"instock","11":"shipping-taxable","12":"product-type-simple"},"acf":[],"_links":{"self":[{"href":"https:\/\/www.santai-ceramics.com\/fr\/wp-json\/wp\/v2\/product\/3453","targetHints":{"allow":["GET"]}}],"collection":[{"href":"https:\/\/www.santai-ceramics.com\/fr\/wp-json\/wp\/v2\/product"}],"about":[{"href":"https:\/\/www.santai-ceramics.com\/fr\/wp-json\/wp\/v2\/types\/product"}],"replies":[{"embeddable":true,"href":"https:\/\/www.santai-ceramics.com\/fr\/wp-json\/wp\/v2\/comments?post=3453"}],"wp:featuredmedia":[{"embeddable":true,"href":"https:\/\/www.santai-ceramics.com\/fr\/wp-json\/wp\/v2\/media\/3473"}],"wp:attachment":[{"href":"https:\/\/www.santai-ceramics.com\/fr\/wp-json\/wp\/v2\/media?parent=3453"}],"wp:term":[{"taxonomy":"product_brand","embeddable":true,"href":"https:\/\/www.santai-ceramics.com\/fr\/wp-json\/wp\/v2\/product_brand?post=3453"},{"taxonomy":"product_cat","embeddable":true,"href":"https:\/\/www.santai-ceramics.com\/fr\/wp-json\/wp\/v2\/product_cat?post=3453"},{"taxonomy":"product_tag","embeddable":true,"href":"https:\/\/www.santai-ceramics.com\/fr\/wp-json\/wp\/v2\/product_tag?post=3453"}],"curies":[{"name":"wp","href":"https:\/\/api.w.org\/{rel}","templated":true}]}}