{"id":3454,"date":"2025-08-21T00:57:52","date_gmt":"2025-08-21T00:57:52","guid":{"rendered":"https:\/\/www.santai-ceramics.com\/?post_type=product&#038;p=3454"},"modified":"2025-08-21T00:57:54","modified_gmt":"2025-08-21T00:57:54","slug":"wholesale-pink-ceramic-planters","status":"publish","type":"product","link":"https:\/\/www.santai-ceramics.com\/fr\/product\/wholesale-pink-ceramic-planters\/","title":{"rendered":"Wholesale Pink Dual-textured Ceramic Planters - for Modern Home Decor (Jardini\u00e8res en c\u00e9ramique rose \u00e0 double texture)"},"content":{"rendered":"<h3 class=\"wp-block-heading\">Caract\u00e9ristiques des jardini\u00e8res en c\u00e9ramique rose \u00e0 double texture<\/h3>\n\n\n\n<ul class=\"wp-block-list\">\n<li><strong>Gla\u00e7age pastel doux avec sophistication naturelle :<\/strong><br>Dot\u00e9s d'une gla\u00e7ure rose pastel apaisante et d'un lustre c\u00e9ramique d\u00e9licat, ces bacs \u00e0 fleurs en gros en c\u00e9ramique rose cr\u00e9ent une atmosph\u00e8re rafra\u00eechissante et paisible. Certains mod\u00e8les r\u00e9v\u00e8lent un int\u00e9rieur en argile naturelle pour un contraste chic, m\u00ealant chaleur et sophistication moderne.<\/li>\n<\/ul>\n\n\n\n<ul class=\"wp-block-list\">\n<li><strong>Diverses textures :<\/strong><br>Avec ses ondulations, ses rainures verticales et ses textures semblables \u00e0 celles d'un tricot, chaque pot de gros \u00e0 double texture a un aspect artisanal unique. Les surfaces \u00e0 texture grossi\u00e8re ajoutent de la fonctionnalit\u00e9 en emp\u00eachant la terre de tomber, tout en ajoutant du caract\u00e8re et de la profondeur.<\/li>\n<\/ul>\n\n\n\n<ul class=\"wp-block-list\">\n<li><strong>Vari\u00e9t\u00e9 de formes et d'options de taille :<\/strong><br>De grande, moyenne et petite taille, la collection s'adapte \u00e0 tous les espaces. Les formes fusel\u00e9es, arrondies et hautes et minces cr\u00e9ent une polyvalence de style - des tables de chevet et bureaux aux salons et balcons - parfaites pour les succulentes, les petites plantes ou les accents d\u00e9coratifs.<\/li>\n<\/ul>\n\n\n\n<ul class=\"wp-block-list\">\n<li><strong>Polyvalence fonctionnelle et d\u00e9corative :<\/strong><br>En tenant compte de la plantation et du style, la palette de couleurs pastel douces et les finitions textur\u00e9es de ces jardini\u00e8res en c\u00e9ramique en gros leur permettent de s'adapter \u00e0 diff\u00e9rents th\u00e8mes de d\u00e9coration : scandinave, rustique, moderne ou vintage. Plant\u00e9s avec du feuillage ou seuls, ils constituent une d\u00e9coration int\u00e9rieure \u00e9l\u00e9gante.<\/li>\n<\/ul>\n\n\n\n<h3 class=\"wp-block-heading\">Service de jardini\u00e8res en c\u00e9ramique rose \u00e0 double texture sur mesure<\/h3>\n\n\n\n<p>Nous proposons des services OEM et ODM pour nos produits.<br>Des \u00e9chantillons peuvent \u00eatre livr\u00e9s rapidement.<br>Nous offrons une vari\u00e9t\u00e9 de formes, de couleurs, d'impressions personnalis\u00e9es, d'emballages et d'autres services sur mesure pour r\u00e9pondre \u00e0 vos besoins sp\u00e9cifiques.<br><a href=\"https:\/\/www.santai-ceramics.com\/fr\/custom\/\" data-type=\"page\" data-id=\"13\" target=\"_blank\" rel=\"noreferrer noopener\"><strong>En savoir plus sur les d\u00e9tails des jardini\u00e8res en c\u00e9ramique personnalis\u00e9es.<\/strong><\/a><\/p>\n\n\n\n<div class=\"wp-block-columns is-layout-flex wp-container-core-columns-is-layout-9d6595d7 wp-block-columns-is-layout-flex\">\n<div class=\"wp-block-column is-layout-flow wp-block-column-is-layout-flow\">\n<figure class=\"wp-block-image size-full\"><img decoding=\"async\" width=\"1269\" height=\"1269\" src=\"https:\/\/www.santai-ceramics.com\/wp-content\/uploads\/2025\/08\/wholesale-pink-dual-textured-ceramic-planters-3.webp\" alt=\"grossiste jardini\u00e8res en c\u00e9ramique rose \u00e0 double texture (3)\" class=\"wp-image-3486\" srcset=\"https:\/\/www.santai-ceramics.com\/wp-content\/uploads\/2025\/08\/wholesale-pink-dual-textured-ceramic-planters-3.webp 1269w, https:\/\/www.santai-ceramics.com\/wp-content\/uploads\/2025\/08\/wholesale-pink-dual-textured-ceramic-planters-3-300x300.webp 300w, https:\/\/www.santai-ceramics.com\/wp-content\/uploads\/2025\/08\/wholesale-pink-dual-textured-ceramic-planters-3-150x150.webp 150w, https:\/\/www.santai-ceramics.com\/wp-content\/uploads\/2025\/08\/wholesale-pink-dual-textured-ceramic-planters-3-768x768.webp 768w, https:\/\/www.santai-ceramics.com\/wp-content\/uploads\/2025\/08\/wholesale-pink-dual-textured-ceramic-planters-3-12x12.webp 12w, https:\/\/www.santai-ceramics.com\/wp-content\/uploads\/2025\/08\/wholesale-pink-dual-textured-ceramic-planters-3-1200x1200.webp 1200w, https:\/\/www.santai-ceramics.com\/wp-content\/uploads\/2025\/08\/wholesale-pink-dual-textured-ceramic-planters-3-600x600.webp 600w, https:\/\/www.santai-ceramics.com\/wp-content\/uploads\/2025\/08\/wholesale-pink-dual-textured-ceramic-planters-3-100x100.webp 100w\" sizes=\"(max-width: 1269px) 100vw, 1269px\" \/><\/figure>\n<\/div>\n\n\n\n<div class=\"wp-block-column is-layout-flow wp-block-column-is-layout-flow\">\n<figure class=\"wp-block-image size-full\"><img decoding=\"async\" width=\"2746\" height=\"2746\" src=\"https:\/\/www.santai-ceramics.com\/wp-content\/uploads\/2025\/08\/wholesale-pink-dual-textured-ceramic-planters-5.webp\" alt=\"grossiste jardini\u00e8res en c\u00e9ramique rose \u00e0 double texture (5)\" class=\"wp-image-3488\" srcset=\"https:\/\/www.santai-ceramics.com\/wp-content\/uploads\/2025\/08\/wholesale-pink-dual-textured-ceramic-planters-5.webp 2746w, https:\/\/www.santai-ceramics.com\/wp-content\/uploads\/2025\/08\/wholesale-pink-dual-textured-ceramic-planters-5-300x300.webp 300w, https:\/\/www.santai-ceramics.com\/wp-content\/uploads\/2025\/08\/wholesale-pink-dual-textured-ceramic-planters-5-150x150.webp 150w, https:\/\/www.santai-ceramics.com\/wp-content\/uploads\/2025\/08\/wholesale-pink-dual-textured-ceramic-planters-5-768x768.webp 768w, https:\/\/www.santai-ceramics.com\/wp-content\/uploads\/2025\/08\/wholesale-pink-dual-textured-ceramic-planters-5-12x12.webp 12w, https:\/\/www.santai-ceramics.com\/wp-content\/uploads\/2025\/08\/wholesale-pink-dual-textured-ceramic-planters-5-1200x1200.webp 1200w, https:\/\/www.santai-ceramics.com\/wp-content\/uploads\/2025\/08\/wholesale-pink-dual-textured-ceramic-planters-5-600x600.webp 600w, https:\/\/www.santai-ceramics.com\/wp-content\/uploads\/2025\/08\/wholesale-pink-dual-textured-ceramic-planters-5-100x100.webp 100w\" sizes=\"(max-width: 2746px) 100vw, 2746px\" \/><\/figure>\n<\/div>\n<\/div>","protected":false},"excerpt":{"rendered":"<p data-pm-slice=\"0 0 []\">Vente en gros de jardini\u00e8res en c\u00e9ramique rose \u00e0 double texture. Un assortiment \u00e9blouissant de jardini\u00e8res en c\u00e9ramique rose avec un gla\u00e7age lisse et des textures ludiques. Disponibles dans une vari\u00e9t\u00e9 de tailles, ces pots sont parfaits pour faire pousser des succulentes et des plantes, ou comme pi\u00e8ces d\u00e9coratives autonomes, ajoutant une touche fra\u00eeche et urbaine \u00e0 n'importe quel espace. Nous proposons des services OEM et ODM. N'h\u00e9sitez pas \u00e0 nous contacter.<\/p>\n<h2>Sp\u00e9cification des jardini\u00e8res en c\u00e9ramique rose \u00e0 double texture<\/h2>\n<table width=\"855\">\n<tbody>\n<tr>\n<td width=\"285\">Num\u00e9ro de mod\u00e8le<\/td>\n<td width=\"285\">A37856-LE27-A01<\/td>\n<td width=\"285\">A37856-LE27-A02<\/td>\n<\/tr>\n<tr>\n<td>Nom du produit<\/td>\n<td>Pot en c\u00e9ramique<\/td>\n<td>Pot en c\u00e9ramique<\/td>\n<\/tr>\n<tr>\n<td>Couleur<\/td>\n<td>Rose<\/td>\n<td>Rose<\/td>\n<\/tr>\n<tr>\n<td>Mat\u00e9riau<\/td>\n<td>C\u00e9ramique\u00a0<\/td>\n<td>C\u00e9ramique\u00a0<\/td>\n<\/tr>\n<tr>\n<td>Sc\u00e9narios d'utilisation<\/td>\n<td>d\u00e9coration int\u00e9rieure\u00a0<\/td>\n<td>d\u00e9coration int\u00e9rieure\u00a0<\/td>\n<\/tr>\n<tr>\n<td>Dimensions<\/td>\n<td>D:18.5X20cm<\/td>\n<td>D:15X16.5cm<\/td>\n<\/tr>\n<tr>\n<td>Poids<\/td>\n<td>1,4kg\/pc<\/td>\n<td>0,8kg\/pc<\/td>\n<\/tr>\n<\/tbody>\n<\/table>\n<p>&nbsp;<\/p>","protected":false},"featured_media":3485,"comment_status":"closed","ping_status":"closed","template":"","meta":{"_acf_changed":false},"product_brand":[],"product_cat":[18,42,21,23],"product_tag":[],"class_list":{"0":"post-3454","1":"product","2":"type-product","3":"status-publish","4":"has-post-thumbnail","6":"product_cat-home-decor","7":"product_cat-wholesale-ceramic-plant-pots","8":"product_cat-garden-decor","9":"product_cat-ceramic-pots-planters","11":"first","12":"instock","13":"shipping-taxable","14":"product-type-simple"},"acf":[],"_links":{"self":[{"href":"https:\/\/www.santai-ceramics.com\/fr\/wp-json\/wp\/v2\/product\/3454","targetHints":{"allow":["GET"]}}],"collection":[{"href":"https:\/\/www.santai-ceramics.com\/fr\/wp-json\/wp\/v2\/product"}],"about":[{"href":"https:\/\/www.santai-ceramics.com\/fr\/wp-json\/wp\/v2\/types\/product"}],"replies":[{"embeddable":true,"href":"https:\/\/www.santai-ceramics.com\/fr\/wp-json\/wp\/v2\/comments?post=3454"}],"wp:featuredmedia":[{"embeddable":true,"href":"https:\/\/www.santai-ceramics.com\/fr\/wp-json\/wp\/v2\/media\/3485"}],"wp:attachment":[{"href":"https:\/\/www.santai-ceramics.com\/fr\/wp-json\/wp\/v2\/media?parent=3454"}],"wp:term":[{"taxonomy":"product_brand","embeddable":true,"href":"https:\/\/www.santai-ceramics.com\/fr\/wp-json\/wp\/v2\/product_brand?post=3454"},{"taxonomy":"product_cat","embeddable":true,"href":"https:\/\/www.santai-ceramics.com\/fr\/wp-json\/wp\/v2\/product_cat?post=3454"},{"taxonomy":"product_tag","embeddable":true,"href":"https:\/\/www.santai-ceramics.com\/fr\/wp-json\/wp\/v2\/product_tag?post=3454"}],"curies":[{"name":"wp","href":"https:\/\/api.w.org\/{rel}","templated":true}]}}