{"id":3455,"date":"2025-08-21T01:17:58","date_gmt":"2025-08-21T01:17:58","guid":{"rendered":"https:\/\/www.santai-ceramics.com\/?post_type=product&#038;p=3455"},"modified":"2025-08-21T01:17:59","modified_gmt":"2025-08-21T01:17:59","slug":"wholesale-pink-wave-texture-ceramic-pots","status":"publish","type":"product","link":"https:\/\/www.santai-ceramics.com\/fr\/product\/wholesale-pink-wave-texture-ceramic-pots\/","title":{"rendered":"Wholesale Pink Wave Texture Ceramic Pots - Elegant Pastel Home Decor"},"content":{"rendered":"<h3 class=\"wp-block-heading\">Caract\u00e9ristiques des pots en c\u00e9ramique \u00e0 texture de vague rose<\/h3>\n\n\n\n<ul class=\"wp-block-list\">\n<li><strong>Couleurs pastel douces avec une gla\u00e7ure c\u00e9ramique de haute qualit\u00e9 :<\/strong> Un rose p\u00e2le doux entre le blanc chaud et le blush est la couleur que ces pots en gros ont cr\u00e9\u00e9e pour introduire une atmosph\u00e8re paisible et sereine dans n'importe quel espace. Leur finition \u00e9maill\u00e9e donne une douce lueur qui refl\u00e8te la lumi\u00e8re et les rend de plus en plus sophistiqu\u00e9s. Fabriqu\u00e9s en c\u00e9ramique naturelle, la finition est lisse et de haute qualit\u00e9, mais sans odeur ni r\u00e9sidu.<\/li>\n<\/ul>\n\n\n\n<ul class=\"wp-block-list\">\n<li><strong>Formes uniques et motifs textur\u00e9s :<\/strong> G\u00e9n\u00e9ralement cylindriques, certaines variantes pr\u00e9sentent une texture ondul\u00e9e verticale ou des motifs ondul\u00e9s en relief pour renforcer l'int\u00e9r\u00eat visuel et la texture. Des d\u00e9tails m\u00e9ticuleux, tels que les ouvertures \u00e9vas\u00e9es des vases \u00e0 fleurs pour un placement s\u00fbr des fleurs et les bords plats des pots de fleurs pour une assise solide, \u00e9quilibrent la beaut\u00e9 et la fonctionnalit\u00e9.<\/li>\n<\/ul>\n\n\n\n<ul class=\"wp-block-list\">\n<li><strong>Fabrication \u00e9l\u00e9gante :<\/strong> Chaque pi\u00e8ce de ces pots \u00e0 texture de vague rose en gros est polie et \u00e9maill\u00e9e \u00e0 la main, ce qui la rend parfaite, sans bords durs. La gla\u00e7ure lisse et uniforme ne se d\u00e9grade pas et ne jaunit pas avec l'\u00e2ge, mais reste exactement comme elle est \u00e0 l'\u00e9tat neuf. La c\u00e9ramique de haute densit\u00e9 et de haute qualit\u00e9 offre une r\u00e9sistance, une force d'impact et une durabilit\u00e9 sup\u00e9rieures \u00e0 celles des accessoires en plastique ordinaires.<\/li>\n<\/ul>\n\n\n\n<ul class=\"wp-block-list\">\n<li><strong>Respectueux de l'environnement :<\/strong> Fabriqu\u00e9s \u00e0 partir de c\u00e9ramique naturelle, sans produits chimiques ni composants toxiques tels que le plomb ou le cadmium, ces pots de fleurs \u00e0 texture ondul\u00e9e peuvent \u00eatre utilis\u00e9s en toute s\u00e9curit\u00e9 avec les enfants et les animaux domestiques. La finition brillante et non poreuse r\u00e9siste aux taches et aux bact\u00e9ries. Elle est facile \u00e0 entretenir : il suffit de passer de l'eau ou un chiffon doux dessus pour qu'elle soit propre.<\/li>\n<\/ul>\n\n\n\n<h3 class=\"wp-block-heading\">Service personnalis\u00e9 de pots en c\u00e9ramique \u00e0 texture de vague rose<\/h3>\n\n\n\n<p>Nous proposons des services OEM et ODM pour nos produits.<br>Des \u00e9chantillons peuvent \u00eatre livr\u00e9s rapidement.<br>Nous offrons une vari\u00e9t\u00e9 de formes, de couleurs, d'impressions personnalis\u00e9es, d'emballages et d'autres services sur mesure pour r\u00e9pondre \u00e0 vos besoins sp\u00e9cifiques.<br><a href=\"https:\/\/www.santai-ceramics.com\/fr\/custom\/\" data-type=\"page\" data-id=\"13\" target=\"_blank\" rel=\"noreferrer noopener\"><strong>En savoir plus sur les d\u00e9tails des pots en c\u00e9ramique personnalis\u00e9s.<\/strong><\/a><\/p>\n\n\n\n<div class=\"wp-block-columns is-layout-flex wp-container-core-columns-is-layout-9d6595d7 wp-block-columns-is-layout-flex\">\n<div class=\"wp-block-column is-layout-flow wp-block-column-is-layout-flow\">\n<figure class=\"wp-block-image size-full\"><img decoding=\"async\" width=\"1360\" height=\"1360\" src=\"https:\/\/www.santai-ceramics.com\/wp-content\/uploads\/2025\/08\/wholesale-pink-wave-texture-ceramic-pots-3.webp\" alt=\"gros pots en c\u00e9ramique \u00e0 texture de vague rose (3)\" class=\"wp-image-3464\" srcset=\"https:\/\/www.santai-ceramics.com\/wp-content\/uploads\/2025\/08\/wholesale-pink-wave-texture-ceramic-pots-3.webp 1360w, https:\/\/www.santai-ceramics.com\/wp-content\/uploads\/2025\/08\/wholesale-pink-wave-texture-ceramic-pots-3-300x300.webp 300w, https:\/\/www.santai-ceramics.com\/wp-content\/uploads\/2025\/08\/wholesale-pink-wave-texture-ceramic-pots-3-150x150.webp 150w, https:\/\/www.santai-ceramics.com\/wp-content\/uploads\/2025\/08\/wholesale-pink-wave-texture-ceramic-pots-3-768x768.webp 768w, https:\/\/www.santai-ceramics.com\/wp-content\/uploads\/2025\/08\/wholesale-pink-wave-texture-ceramic-pots-3-12x12.webp 12w, https:\/\/www.santai-ceramics.com\/wp-content\/uploads\/2025\/08\/wholesale-pink-wave-texture-ceramic-pots-3-1200x1200.webp 1200w, https:\/\/www.santai-ceramics.com\/wp-content\/uploads\/2025\/08\/wholesale-pink-wave-texture-ceramic-pots-3-600x600.webp 600w, https:\/\/www.santai-ceramics.com\/wp-content\/uploads\/2025\/08\/wholesale-pink-wave-texture-ceramic-pots-3-100x100.webp 100w\" sizes=\"(max-width: 1360px) 100vw, 1360px\" \/><\/figure>\n<\/div>\n\n\n\n<div class=\"wp-block-column is-layout-flow wp-block-column-is-layout-flow\">\n<figure class=\"wp-block-image size-full\"><img decoding=\"async\" width=\"2321\" height=\"2320\" src=\"https:\/\/www.santai-ceramics.com\/wp-content\/uploads\/2025\/08\/wholesale-pink-wave-texture-ceramic-pots-5.webp\" alt=\"Grossiste pots en c\u00e9ramique rose \u00e0 texture ondul\u00e9e (5)\" class=\"wp-image-3466\" srcset=\"https:\/\/www.santai-ceramics.com\/wp-content\/uploads\/2025\/08\/wholesale-pink-wave-texture-ceramic-pots-5.webp 2321w, https:\/\/www.santai-ceramics.com\/wp-content\/uploads\/2025\/08\/wholesale-pink-wave-texture-ceramic-pots-5-300x300.webp 300w, https:\/\/www.santai-ceramics.com\/wp-content\/uploads\/2025\/08\/wholesale-pink-wave-texture-ceramic-pots-5-150x150.webp 150w, https:\/\/www.santai-ceramics.com\/wp-content\/uploads\/2025\/08\/wholesale-pink-wave-texture-ceramic-pots-5-768x768.webp 768w, https:\/\/www.santai-ceramics.com\/wp-content\/uploads\/2025\/08\/wholesale-pink-wave-texture-ceramic-pots-5-12x12.webp 12w, https:\/\/www.santai-ceramics.com\/wp-content\/uploads\/2025\/08\/wholesale-pink-wave-texture-ceramic-pots-5-1200x1200.webp 1200w, https:\/\/www.santai-ceramics.com\/wp-content\/uploads\/2025\/08\/wholesale-pink-wave-texture-ceramic-pots-5-600x600.webp 600w, https:\/\/www.santai-ceramics.com\/wp-content\/uploads\/2025\/08\/wholesale-pink-wave-texture-ceramic-pots-5-100x100.webp 100w\" sizes=\"(max-width: 2321px) 100vw, 2321px\" \/><\/figure>\n<\/div>\n<\/div>","protected":false},"excerpt":{"rendered":"<p data-pm-slice=\"0 0 []\">Vente en gros de pots en c\u00e9ramique rose \u00e0 texture ondul\u00e9e. Cette paire de pots en c\u00e9ramique rose pastel pr\u00e9sente des finitions d\u00e9licates et brillantes, des textures distinctives et des formes universelles. Alliant un savoir-faire exquis \u00e0 un style contemporain, ces articles apportent la touche parfaite de sophistication \u00e0 tout d\u00e9cor int\u00e9rieur, qu'ils soient associ\u00e9s \u00e0 des fleurs ou \u00e0 des plantes ou qu'ils soient utilis\u00e9s seuls en tant qu'art d\u00e9coratif. Nous proposons des services OEM\/ODM. N'h\u00e9sitez pas \u00e0 nous contacter !<\/p>\n<h2>Sp\u00e9cification des pots en c\u00e9ramique \u00e0 texture de vague rose<\/h2>\n<table width=\"855\">\n<tbody>\n<tr>\n<td width=\"285\">Num\u00e9ro de mod\u00e8le<\/td>\n<td width=\"285\">A37429-LE27-A01<\/td>\n<td width=\"285\">A37429-LE27-A02<\/td>\n<\/tr>\n<tr>\n<td>Nom du produit<\/td>\n<td>Pot en c\u00e9ramique<\/td>\n<td>Pot en c\u00e9ramique<\/td>\n<\/tr>\n<tr>\n<td>Couleur<\/td>\n<td>Rose<\/td>\n<td>Rose<\/td>\n<\/tr>\n<tr>\n<td>Mat\u00e9riau<\/td>\n<td>C\u00e9ramique\u00a0<\/td>\n<td>C\u00e9ramique\u00a0<\/td>\n<\/tr>\n<tr>\n<td>Sc\u00e9narios d'utilisation<\/td>\n<td>d\u00e9coration int\u00e9rieure\u00a0<\/td>\n<td>d\u00e9coration int\u00e9rieure\u00a0<\/td>\n<\/tr>\n<tr>\n<td>Dimensions<\/td>\n<td>D:18X17.5cm<\/td>\n<td>D:14X14cm<\/td>\n<\/tr>\n<tr>\n<td>Poids<\/td>\n<td>1,1kg\/pc<\/td>\n<td>0,7kg\/pc<\/td>\n<\/tr>\n<\/tbody>\n<\/table>\n<p>\n<script src=\"chrome-extension:\/\/fpelahbljekknahkcaegamhcndkfpfnc\/iFrame.js\" type=\"text\/javascript\"><\/script><\/p>","protected":false},"featured_media":3463,"comment_status":"closed","ping_status":"closed","template":"","meta":{"_acf_changed":false},"product_brand":[],"product_cat":[18,42,23],"product_tag":[],"class_list":{"0":"post-3455","1":"product","2":"type-product","3":"status-publish","4":"has-post-thumbnail","6":"product_cat-home-decor","7":"product_cat-wholesale-ceramic-plant-pots","8":"product_cat-ceramic-pots-planters","10":"first","11":"instock","12":"shipping-taxable","13":"product-type-simple"},"acf":[],"_links":{"self":[{"href":"https:\/\/www.santai-ceramics.com\/fr\/wp-json\/wp\/v2\/product\/3455","targetHints":{"allow":["GET"]}}],"collection":[{"href":"https:\/\/www.santai-ceramics.com\/fr\/wp-json\/wp\/v2\/product"}],"about":[{"href":"https:\/\/www.santai-ceramics.com\/fr\/wp-json\/wp\/v2\/types\/product"}],"replies":[{"embeddable":true,"href":"https:\/\/www.santai-ceramics.com\/fr\/wp-json\/wp\/v2\/comments?post=3455"}],"wp:featuredmedia":[{"embeddable":true,"href":"https:\/\/www.santai-ceramics.com\/fr\/wp-json\/wp\/v2\/media\/3463"}],"wp:attachment":[{"href":"https:\/\/www.santai-ceramics.com\/fr\/wp-json\/wp\/v2\/media?parent=3455"}],"wp:term":[{"taxonomy":"product_brand","embeddable":true,"href":"https:\/\/www.santai-ceramics.com\/fr\/wp-json\/wp\/v2\/product_brand?post=3455"},{"taxonomy":"product_cat","embeddable":true,"href":"https:\/\/www.santai-ceramics.com\/fr\/wp-json\/wp\/v2\/product_cat?post=3455"},{"taxonomy":"product_tag","embeddable":true,"href":"https:\/\/www.santai-ceramics.com\/fr\/wp-json\/wp\/v2\/product_tag?post=3455"}],"curies":[{"name":"wp","href":"https:\/\/api.w.org\/{rel}","templated":true}]}}