{"id":3456,"date":"2025-08-21T01:25:54","date_gmt":"2025-08-21T01:25:54","guid":{"rendered":"https:\/\/www.santai-ceramics.com\/?post_type=product&#038;p=3456"},"modified":"2025-08-21T01:26:11","modified_gmt":"2025-08-21T01:26:11","slug":"wholesale-pink-ceramic-flower-pots","status":"publish","type":"product","link":"https:\/\/www.santai-ceramics.com\/fr\/product\/wholesale-pink-ceramic-flower-pots\/","title":{"rendered":"Grossiste Pots \u00e0 fleurs en c\u00e9ramique rose avec texture de vagues horizontales - Style Morandi moderne"},"content":{"rendered":"<h3 class=\"wp-block-heading\">Caract\u00e9ristiques des pots de fleurs en c\u00e9ramique avec texture de vagues horizontales<\/h3>\n\n\n\n<ul class=\"wp-block-list\">\n<li><strong>Motif unique de vagues horizontales :<\/strong> La surface des pots de fleurs en c\u00e9ramique de gros pr\u00e9sente un magnifique motif d'ondulation horizontale qui imite les vagues naturelles laiss\u00e9es sur les plages par les vents oc\u00e9aniques. Ce motif s'\u00e9carte de la norme des pots de fleurs lisses, donnant une impression de rythme et de mobilit\u00e9. <\/li>\n<\/ul>\n\n\n\n<ul class=\"wp-block-list\">\n<li><strong>Rose Morandi apaisant :<\/strong>Con\u00e7ue dans une teinte rose Morandi tr\u00e8s tendance et peu satur\u00e9e, elle d\u00e9gage douceur et tranquillit\u00e9. Tr\u00e8s adaptable, il s'int\u00e8gre parfaitement dans les int\u00e9rieurs scandinaves, japonais minimalistes ou modernes, r\u00e9duisant les contraintes visuelles et favorisant une atmosph\u00e8re intime et romantique. Associ\u00e9 \u00e0 des verdures ou \u00e0 des fleurs fra\u00eechement coup\u00e9es, il apporte chaleur et \u00e9l\u00e9gance \u00e0 votre int\u00e9rieur.<\/li>\n<\/ul>\n\n\n\n<ul class=\"wp-block-list\">\n<li><strong>Deux tailles :<\/strong>Cette paire de pots de fleurs en c\u00e9ramique comprend une grande et une petite jardini\u00e8re, avec des options d'exposition polyvalentes. Placez-les c\u00f4te \u00e0 c\u00f4te sur un rebord de fen\u00eatre ou une \u00e9tag\u00e8re pour cr\u00e9er un contraste, ou placez-les individuellement dans la maison. La taille universelle optimise \u00e0 la fois la fonctionnalit\u00e9 et la cr\u00e9ativit\u00e9 de la d\u00e9coration int\u00e9rieure.<\/li>\n<\/ul>\n\n\n\n<ul class=\"wp-block-list\">\n<li><strong>C\u00e9ramique durable de premi\u00e8re qualit\u00e9 :<\/strong>Fabriqu\u00e9s \u00e0 la main en c\u00e9ramique \u00e0 haute temp\u00e9rature, ces pots de fleurs en gros en c\u00e9ramique sont durables, \u00e9cologiques et r\u00e9sistants. La finition \u00e9maill\u00e9e douce au toucher et lisse est \u00e9galement r\u00e9sistante \u00e0 la poussi\u00e8re et aux taches, et facile \u00e0 nettoyer. L'int\u00e9rieur non \u00e9maill\u00e9 pr\u00e9serve la respirabilit\u00e9 naturelle de la c\u00e9ramique, garantissant un environnement plus sain pour les plantes. <\/li>\n<\/ul>\n\n\n\n<h3 class=\"wp-block-heading\">Service de pots de fleurs en c\u00e9ramique personnalis\u00e9s avec texture de vagues horizontales<\/h3>\n\n\n\n<p>Nous proposons des services OEM et ODM pour nos produits.<br>Des \u00e9chantillons peuvent \u00eatre livr\u00e9s rapidement.<br>Nous offrons une vari\u00e9t\u00e9 de formes, de couleurs, d'impressions personnalis\u00e9es, d'emballages et d'autres services sur mesure pour r\u00e9pondre \u00e0 vos besoins sp\u00e9cifiques.<br><a href=\"https:\/\/www.santai-ceramics.com\/fr\/custom\/\" data-type=\"page\" data-id=\"13\" target=\"_blank\" rel=\"noreferrer noopener\"><strong><b>En savoir plus sur la personnalisation<\/b> pots de fleurs en c\u00e9ramique d\u00e9tails.<\/strong><\/a><\/p>\n\n\n\n<div class=\"wp-block-columns is-layout-flex wp-container-core-columns-is-layout-9d6595d7 wp-block-columns-is-layout-flex\">\n<div class=\"wp-block-column is-layout-flow wp-block-column-is-layout-flow\">\n<figure class=\"wp-block-image size-full\"><img decoding=\"async\" width=\"2173\" height=\"2173\" src=\"https:\/\/www.santai-ceramics.com\/wp-content\/uploads\/2025\/08\/wholesale-horizontal-wave-texture-flower-pots-4.webp\" alt=\"Grossiste pots de fleurs \u00e0 texture de vagues horizontales (4)\" class=\"wp-image-3470\" srcset=\"https:\/\/www.santai-ceramics.com\/wp-content\/uploads\/2025\/08\/wholesale-horizontal-wave-texture-flower-pots-4.webp 2173w, https:\/\/www.santai-ceramics.com\/wp-content\/uploads\/2025\/08\/wholesale-horizontal-wave-texture-flower-pots-4-300x300.webp 300w, https:\/\/www.santai-ceramics.com\/wp-content\/uploads\/2025\/08\/wholesale-horizontal-wave-texture-flower-pots-4-150x150.webp 150w, https:\/\/www.santai-ceramics.com\/wp-content\/uploads\/2025\/08\/wholesale-horizontal-wave-texture-flower-pots-4-768x768.webp 768w, https:\/\/www.santai-ceramics.com\/wp-content\/uploads\/2025\/08\/wholesale-horizontal-wave-texture-flower-pots-4-12x12.webp 12w, https:\/\/www.santai-ceramics.com\/wp-content\/uploads\/2025\/08\/wholesale-horizontal-wave-texture-flower-pots-4-1200x1200.webp 1200w, https:\/\/www.santai-ceramics.com\/wp-content\/uploads\/2025\/08\/wholesale-horizontal-wave-texture-flower-pots-4-600x600.webp 600w, https:\/\/www.santai-ceramics.com\/wp-content\/uploads\/2025\/08\/wholesale-horizontal-wave-texture-flower-pots-4-100x100.webp 100w\" sizes=\"(max-width: 2173px) 100vw, 2173px\" \/><\/figure>\n<\/div>\n\n\n\n<div class=\"wp-block-column is-layout-flow wp-block-column-is-layout-flow\">\n<figure class=\"wp-block-image size-full\"><img decoding=\"async\" width=\"2360\" height=\"2359\" src=\"https:\/\/www.santai-ceramics.com\/wp-content\/uploads\/2025\/08\/wholesale-horizontal-wave-texture-flower-pots-5.webp\" alt=\"Grossiste pots de fleurs \u00e0 texture de vagues horizontales (5)\" class=\"wp-image-3471\" srcset=\"https:\/\/www.santai-ceramics.com\/wp-content\/uploads\/2025\/08\/wholesale-horizontal-wave-texture-flower-pots-5.webp 2360w, https:\/\/www.santai-ceramics.com\/wp-content\/uploads\/2025\/08\/wholesale-horizontal-wave-texture-flower-pots-5-300x300.webp 300w, https:\/\/www.santai-ceramics.com\/wp-content\/uploads\/2025\/08\/wholesale-horizontal-wave-texture-flower-pots-5-150x150.webp 150w, https:\/\/www.santai-ceramics.com\/wp-content\/uploads\/2025\/08\/wholesale-horizontal-wave-texture-flower-pots-5-768x768.webp 768w, https:\/\/www.santai-ceramics.com\/wp-content\/uploads\/2025\/08\/wholesale-horizontal-wave-texture-flower-pots-5-12x12.webp 12w, https:\/\/www.santai-ceramics.com\/wp-content\/uploads\/2025\/08\/wholesale-horizontal-wave-texture-flower-pots-5-1200x1200.webp 1200w, https:\/\/www.santai-ceramics.com\/wp-content\/uploads\/2025\/08\/wholesale-horizontal-wave-texture-flower-pots-5-600x600.webp 600w, https:\/\/www.santai-ceramics.com\/wp-content\/uploads\/2025\/08\/wholesale-horizontal-wave-texture-flower-pots-5-100x100.webp 100w\" sizes=\"(max-width: 2360px) 100vw, 2360px\" \/><\/figure>\n<\/div>\n<\/div>","protected":false},"excerpt":{"rendered":"<p data-pm-slice=\"0 0 []\">Pots de fleurs en gros en c\u00e9ramique rose avec une texture de vagues horizontales. Cette paire de pots \u00e0 fleurs Morandi en c\u00e9ramique rose pr\u00e9sente des motifs uniques de vagues horizontales qui donnent un aspect liquide. Disponibles en deux tailles, ces pots en gros pr\u00e9sentent un design contemporain et un savoir-faire raffin\u00e9, ce qui les rend parfaits pour les fleurs, les plantes ou comme \u00e9l\u00e9ments d\u00e9coratifs pour toute r\u00e9sidence. Nous proposons des services OEM\/ODM. Obtenez un devis raisonnable d\u00e8s maintenant !<\/p>\n<h2>Sp\u00e9cification des pots de fleurs en c\u00e9ramique avec texture de vagues horizontales<\/h2>\n<table width=\"855\">\n<tbody>\n<tr>\n<td width=\"285\">Num\u00e9ro de mod\u00e8le<\/td>\n<td width=\"285\">A37592-LE27-A02<\/td>\n<td width=\"285\">A37592-LE27-A03<\/td>\n<\/tr>\n<tr>\n<td>Nom du produit<\/td>\n<td>Pot en c\u00e9ramique<\/td>\n<td>Pot en c\u00e9ramique<\/td>\n<\/tr>\n<tr>\n<td>Couleur<\/td>\n<td>Rose<\/td>\n<td>Rose<\/td>\n<\/tr>\n<tr>\n<td>Mat\u00e9riau<\/td>\n<td>C\u00e9ramique\u00a0<\/td>\n<td>C\u00e9ramique\u00a0<\/td>\n<\/tr>\n<tr>\n<td>Sc\u00e9narios d'utilisation<\/td>\n<td>d\u00e9coration int\u00e9rieure\u00a0<\/td>\n<td>d\u00e9coration int\u00e9rieure\u00a0<\/td>\n<\/tr>\n<tr>\n<td>Dimensions<\/td>\n<td>D:15.5X15.5cm<\/td>\n<td>D:13X12.5cm<\/td>\n<\/tr>\n<tr>\n<td>Poids<\/td>\n<td>0,8kg\/pc<\/td>\n<td>0,5kg\/pc<\/td>\n<\/tr>\n<\/tbody>\n<\/table>\n<p>\n<script src=\"chrome-extension:\/\/fpelahbljekknahkcaegamhcndkfpfnc\/iFrame.js\" type=\"text\/javascript\"><\/script><\/p>","protected":false},"featured_media":3468,"comment_status":"closed","ping_status":"closed","template":"","meta":{"_acf_changed":false},"product_brand":[],"product_cat":[18,42,23],"product_tag":[],"class_list":{"0":"post-3456","1":"product","2":"type-product","3":"status-publish","4":"has-post-thumbnail","6":"product_cat-home-decor","7":"product_cat-wholesale-ceramic-plant-pots","8":"product_cat-ceramic-pots-planters","10":"first","11":"instock","12":"shipping-taxable","13":"product-type-simple"},"acf":[],"_links":{"self":[{"href":"https:\/\/www.santai-ceramics.com\/fr\/wp-json\/wp\/v2\/product\/3456","targetHints":{"allow":["GET"]}}],"collection":[{"href":"https:\/\/www.santai-ceramics.com\/fr\/wp-json\/wp\/v2\/product"}],"about":[{"href":"https:\/\/www.santai-ceramics.com\/fr\/wp-json\/wp\/v2\/types\/product"}],"replies":[{"embeddable":true,"href":"https:\/\/www.santai-ceramics.com\/fr\/wp-json\/wp\/v2\/comments?post=3456"}],"wp:featuredmedia":[{"embeddable":true,"href":"https:\/\/www.santai-ceramics.com\/fr\/wp-json\/wp\/v2\/media\/3468"}],"wp:attachment":[{"href":"https:\/\/www.santai-ceramics.com\/fr\/wp-json\/wp\/v2\/media?parent=3456"}],"wp:term":[{"taxonomy":"product_brand","embeddable":true,"href":"https:\/\/www.santai-ceramics.com\/fr\/wp-json\/wp\/v2\/product_brand?post=3456"},{"taxonomy":"product_cat","embeddable":true,"href":"https:\/\/www.santai-ceramics.com\/fr\/wp-json\/wp\/v2\/product_cat?post=3456"},{"taxonomy":"product_tag","embeddable":true,"href":"https:\/\/www.santai-ceramics.com\/fr\/wp-json\/wp\/v2\/product_tag?post=3456"}],"curies":[{"name":"wp","href":"https:\/\/api.w.org\/{rel}","templated":true}]}}