{"id":3558,"date":"2025-09-05T08:13:04","date_gmt":"2025-09-05T08:13:04","guid":{"rendered":"https:\/\/www.santai-ceramics.com\/?post_type=product&#038;p=3558"},"modified":"2025-09-05T08:13:05","modified_gmt":"2025-09-05T08:13:05","slug":"wholesale-ceramic-vases-for-b2b-buyers","status":"publish","type":"product","link":"https:\/\/www.santai-ceramics.com\/fr\/product\/wholesale-ceramic-vases-for-b2b-buyers\/","title":{"rendered":"Grossiste Vases en c\u00e9ramique pour Acheteurs B2B, Distributeurs, D\u00e9taillants, Importateurs"},"content":{"rendered":"<h3 class=\"wp-block-heading\">Caract\u00e9ristiques des vases en c\u00e9ramique en gros<\/h3>\n\n\n\n<ul class=\"wp-block-list\">\n<li><strong>Style polyvalent : <\/strong>Le design de ce vase m\u00eale des \u00e9l\u00e9ments classiques et modernes, ce qui le rend facilement accessible \u00e0 de multiples march\u00e9s.<\/li>\n\n\n\n<li><strong>Qualit\u00e9 fiable : <\/strong>En tant qu'usine de vases ayant plus de 30 ans d'exp\u00e9rience, nous maintenons un processus de production mature et un contr\u00f4le de qualit\u00e9 rigoureux, garantissant une qualit\u00e9 constante pour chaque lot.<\/li>\n\n\n\n<li><strong>Facile \u00e0 commercialiser et \u00e0 pr\u00e9senter : <\/strong>L'aspect raffin\u00e9 et attrayant du produit en fait un moyen accrocheur et efficace pour les acheteurs B2B de r\u00e9duire les co\u00fbts de marketing et d'augmenter les taux de conversion des ventes.<\/li>\n\n\n\n<li><strong>Prix comp\u00e9titifs : <\/strong>Obtenez des devis directement de l'usine SANTAI pour des co\u00fbts de produits plus bas, augmentant ainsi vos marges de profit.<\/li>\n<\/ul>\n\n\n\n<h3 class=\"wp-block-heading\">Service de vases en c\u00e9ramique sur mesure<\/h3>\n\n\n\n<p>Nous proposons des services OEM et ODM pour nos produits.<br>Des \u00e9chantillons peuvent \u00eatre livr\u00e9s rapidement.<br>Nous offrons une vari\u00e9t\u00e9 de formes, de couleurs, d'impressions personnalis\u00e9es, d'emballages et d'autres services sur mesure pour r\u00e9pondre \u00e0 vos besoins sp\u00e9cifiques.<\/p>\n\n\n\n<div class=\"wp-block-columns is-layout-flex wp-container-core-columns-is-layout-9d6595d7 wp-block-columns-is-layout-flex\">\n<div class=\"wp-block-column is-layout-flow wp-block-column-is-layout-flow\">\n<figure class=\"wp-block-image size-full\"><img decoding=\"async\" width=\"2045\" height=\"1703\" src=\"https:\/\/www.santai-ceramics.com\/wp-content\/uploads\/2025\/09\/wholesale-ceramic-vases-9.webp\" alt=\"Vases en c\u00e9ramique en gros (9)\" class=\"wp-image-3621\" srcset=\"https:\/\/www.santai-ceramics.com\/wp-content\/uploads\/2025\/09\/wholesale-ceramic-vases-9.webp 2045w, https:\/\/www.santai-ceramics.com\/wp-content\/uploads\/2025\/09\/wholesale-ceramic-vases-9-300x250.webp 300w, https:\/\/www.santai-ceramics.com\/wp-content\/uploads\/2025\/09\/wholesale-ceramic-vases-9-768x640.webp 768w, https:\/\/www.santai-ceramics.com\/wp-content\/uploads\/2025\/09\/wholesale-ceramic-vases-9-14x12.webp 14w, https:\/\/www.santai-ceramics.com\/wp-content\/uploads\/2025\/09\/wholesale-ceramic-vases-9-1200x999.webp 1200w, https:\/\/www.santai-ceramics.com\/wp-content\/uploads\/2025\/09\/wholesale-ceramic-vases-9-600x500.webp 600w\" sizes=\"(max-width: 2045px) 100vw, 2045px\" \/><\/figure>\n<\/div>\n\n\n\n<div class=\"wp-block-column is-layout-flow wp-block-column-is-layout-flow\">\n<figure class=\"wp-block-image size-full\"><img decoding=\"async\" width=\"2754\" height=\"2295\" src=\"https:\/\/www.santai-ceramics.com\/wp-content\/uploads\/2025\/09\/wholesale-ceramic-vases-10.webp\" alt=\"Vases en c\u00e9ramique en gros (10)\" class=\"wp-image-3622\" srcset=\"https:\/\/www.santai-ceramics.com\/wp-content\/uploads\/2025\/09\/wholesale-ceramic-vases-10.webp 2754w, https:\/\/www.santai-ceramics.com\/wp-content\/uploads\/2025\/09\/wholesale-ceramic-vases-10-300x250.webp 300w, https:\/\/www.santai-ceramics.com\/wp-content\/uploads\/2025\/09\/wholesale-ceramic-vases-10-768x640.webp 768w, https:\/\/www.santai-ceramics.com\/wp-content\/uploads\/2025\/09\/wholesale-ceramic-vases-10-14x12.webp 14w, https:\/\/www.santai-ceramics.com\/wp-content\/uploads\/2025\/09\/wholesale-ceramic-vases-10-1200x1000.webp 1200w, https:\/\/www.santai-ceramics.com\/wp-content\/uploads\/2025\/09\/wholesale-ceramic-vases-10-600x500.webp 600w\" sizes=\"(max-width: 2754px) 100vw, 2754px\" \/><\/figure>\n<\/div>\n<\/div>\n\n\n\n<div class=\"wp-block-columns is-layout-flex wp-container-core-columns-is-layout-9d6595d7 wp-block-columns-is-layout-flex\">\n<div class=\"wp-block-column is-layout-flow wp-block-column-is-layout-flow\"><\/div>\n\n\n\n<div class=\"wp-block-column is-layout-flow wp-block-column-is-layout-flow\"><\/div>\n<\/div>","protected":false},"excerpt":{"rendered":"<p>MOQ : 100. Vente en gros de vases en c\u00e9ramique. Directement de l'usine, adapt\u00e9 aux acheteurs B2B et \u00e0 la vente en gros \u00e0 grande \u00e9chelle. Ce vase allie parfaitement l'artisanat classique \u00e0 l'esth\u00e9tique moderne et est disponible en trois tailles, parfaites pour une vari\u00e9t\u00e9 d'environnements d\u00e9coratifs.<\/p>\n<p>Nous proposons des prix tr\u00e8s comp\u00e9titifs et un approvisionnement stable afin de garantir vos marges b\u00e9n\u00e9ficiaires et votre comp\u00e9titivit\u00e9 sur le march\u00e9. Les demandes de renseignements sont les bienvenues.<\/p>\n<h2>Sp\u00e9cification des vases en c\u00e9ramique en gros<\/h2>\n<table width=\"1140\">\n<tbody>\n<tr>\n<td width=\"285\">Num\u00e9ro de mod\u00e8le<\/td>\n<td width=\"285\">A35990-LE24-A01<\/td>\n<td width=\"285\">A33201-LE24-A02<\/td>\n<td width=\"285\">A33201-LE24-A01<\/td>\n<\/tr>\n<tr>\n<td>Nom du produit<\/td>\n<td>Vase en c\u00e9ramique<\/td>\n<td>Vase en c\u00e9ramique<\/td>\n<td>Vase en c\u00e9ramique<\/td>\n<\/tr>\n<tr>\n<td>Couleur<\/td>\n<td>Vert<\/td>\n<td>Vert<\/td>\n<td>Vert<\/td>\n<\/tr>\n<tr>\n<td>Mat\u00e9riau<\/td>\n<td>C\u00e9ramique\u00a0<\/td>\n<td>C\u00e9ramique\u00a0<\/td>\n<td>C\u00e9ramique\u00a0<\/td>\n<\/tr>\n<tr>\n<td>Sc\u00e9narios d'utilisation<\/td>\n<td>d\u00e9coration int\u00e9rieure\u00a0<\/td>\n<td>d\u00e9coration int\u00e9rieure\u00a0<\/td>\n<td>d\u00e9coration int\u00e9rieure\u00a0<\/td>\n<\/tr>\n<tr>\n<td>Dimensions<\/td>\n<td>D:14.5X34.5cm<\/td>\n<td>D:20X27cm<\/td>\n<td>D:14.5X20cm<\/td>\n<\/tr>\n<tr>\n<td>Poids<\/td>\n<td>1,7kg\/pc<\/td>\n<td>2.2kg\/pc<\/td>\n<td>1,1kg\/pc<\/td>\n<\/tr>\n<\/tbody>\n<\/table>\n<p>\n<script src=\"chrome-extension:\/\/fpelahbljekknahkcaegamhcndkfpfnc\/iFrame.js\" type=\"text\/javascript\"><\/script><\/p>","protected":false},"featured_media":3613,"comment_status":"closed","ping_status":"closed","template":"","meta":{"_acf_changed":false},"product_brand":[],"product_cat":[18,22],"product_tag":[],"class_list":{"0":"post-3558","1":"product","2":"type-product","3":"status-publish","4":"has-post-thumbnail","6":"product_cat-home-decor","7":"product_cat-vase","9":"first","10":"instock","11":"shipping-taxable","12":"product-type-simple"},"acf":[],"_links":{"self":[{"href":"https:\/\/www.santai-ceramics.com\/fr\/wp-json\/wp\/v2\/product\/3558","targetHints":{"allow":["GET"]}}],"collection":[{"href":"https:\/\/www.santai-ceramics.com\/fr\/wp-json\/wp\/v2\/product"}],"about":[{"href":"https:\/\/www.santai-ceramics.com\/fr\/wp-json\/wp\/v2\/types\/product"}],"replies":[{"embeddable":true,"href":"https:\/\/www.santai-ceramics.com\/fr\/wp-json\/wp\/v2\/comments?post=3558"}],"wp:featuredmedia":[{"embeddable":true,"href":"https:\/\/www.santai-ceramics.com\/fr\/wp-json\/wp\/v2\/media\/3613"}],"wp:attachment":[{"href":"https:\/\/www.santai-ceramics.com\/fr\/wp-json\/wp\/v2\/media?parent=3558"}],"wp:term":[{"taxonomy":"product_brand","embeddable":true,"href":"https:\/\/www.santai-ceramics.com\/fr\/wp-json\/wp\/v2\/product_brand?post=3558"},{"taxonomy":"product_cat","embeddable":true,"href":"https:\/\/www.santai-ceramics.com\/fr\/wp-json\/wp\/v2\/product_cat?post=3558"},{"taxonomy":"product_tag","embeddable":true,"href":"https:\/\/www.santai-ceramics.com\/fr\/wp-json\/wp\/v2\/product_tag?post=3558"}],"curies":[{"name":"wp","href":"https:\/\/api.w.org\/{rel}","templated":true}]}}