{"id":3559,"date":"2025-09-05T08:45:52","date_gmt":"2025-09-05T08:45:52","guid":{"rendered":"https:\/\/www.santai-ceramics.com\/?post_type=product&#038;p=3559"},"modified":"2025-09-05T08:46:39","modified_gmt":"2025-09-05T08:46:39","slug":"bulk-ceramic-vases-for-wholesalers","status":"publish","type":"product","link":"https:\/\/www.santai-ceramics.com\/fr\/product\/bulk-ceramic-vases-for-wholesalers\/","title":{"rendered":"Vases en c\u00e9ramique en vrac pour les grossistes, les n\u00e9gociants et les boutiques de cadeaux"},"content":{"rendered":"<h3 class=\"wp-block-heading\">Caract\u00e9ristiques des vases en c\u00e9ramique en vrac<\/h3>\n\n\n\n<ul class=\"wp-block-list\">\n<li><strong>Convient \u00e0 divers contextes : <\/strong>Ces vases en gros pr\u00e9sentent des motifs classiques dans le style chinois traditionnel, parfaits pour une vari\u00e9t\u00e9 d'environnements d\u00e9coratifs, y compris les h\u00f4tels, les clubs et les caf\u00e9s.<\/li>\n\n\n\n<li><strong>Collaboration flexible et personnalisation :<\/strong> Nous proposons des services OEM\/ODM et des prix B2B comp\u00e9titifs.<\/li>\n\n\n\n<li><strong>Grande vari\u00e9t\u00e9 de produits : <\/strong>En tant que l'un des plus grands fabricants de vases de Chine, nous proposons 20 000 mod\u00e8les de vases dans une large gamme de styles, ce qui permet aux clients de trouver rapidement le produit qui convient le mieux \u00e0 leur march\u00e9.<\/li>\n\n\n\n<li><strong>Forte capacit\u00e9 de production : <\/strong>Notre usine est dot\u00e9e d'\u00e9quipements de production avanc\u00e9s et de lignes de production \u00e0 grande \u00e9chelle, capables de produire des centaines de milliers de pi\u00e8ces par mois, r\u00e9pondant ainsi aux demandes de gros volumes de nos clients internationaux.<\/li>\n<\/ul>\n\n\n\n<h3 class=\"wp-block-heading\">Service de vases en c\u00e9ramique sur mesure<\/h3>\n\n\n\n<p>Nous proposons des services OEM et ODM pour nos produits.<br>Des \u00e9chantillons peuvent \u00eatre livr\u00e9s rapidement.<br>Nous offrons une vari\u00e9t\u00e9 de formes, de couleurs, d'impressions personnalis\u00e9es, d'emballages et d'autres services sur mesure pour r\u00e9pondre \u00e0 vos besoins sp\u00e9cifiques.<\/p>\n\n\n\n<div class=\"wp-block-columns is-layout-flex wp-container-core-columns-is-layout-9d6595d7 wp-block-columns-is-layout-flex\">\n<div class=\"wp-block-column is-layout-flow wp-block-column-is-layout-flow\">\n<figure class=\"wp-block-image size-full\"><img decoding=\"async\" width=\"1307\" height=\"1307\" src=\"https:\/\/www.santai-ceramics.com\/wp-content\/uploads\/2025\/09\/bulk-ceramic-vases-2.webp\" alt=\"vases en c\u00e9ramique en vrac (2)\" class=\"wp-image-3625\" srcset=\"https:\/\/www.santai-ceramics.com\/wp-content\/uploads\/2025\/09\/bulk-ceramic-vases-2.webp 1307w, https:\/\/www.santai-ceramics.com\/wp-content\/uploads\/2025\/09\/bulk-ceramic-vases-2-300x300.webp 300w, https:\/\/www.santai-ceramics.com\/wp-content\/uploads\/2025\/09\/bulk-ceramic-vases-2-150x150.webp 150w, https:\/\/www.santai-ceramics.com\/wp-content\/uploads\/2025\/09\/bulk-ceramic-vases-2-768x768.webp 768w, https:\/\/www.santai-ceramics.com\/wp-content\/uploads\/2025\/09\/bulk-ceramic-vases-2-12x12.webp 12w, https:\/\/www.santai-ceramics.com\/wp-content\/uploads\/2025\/09\/bulk-ceramic-vases-2-1200x1200.webp 1200w, https:\/\/www.santai-ceramics.com\/wp-content\/uploads\/2025\/09\/bulk-ceramic-vases-2-600x600.webp 600w, https:\/\/www.santai-ceramics.com\/wp-content\/uploads\/2025\/09\/bulk-ceramic-vases-2-100x100.webp 100w\" sizes=\"(max-width: 1307px) 100vw, 1307px\" \/><\/figure>\n<\/div>\n\n\n\n<div class=\"wp-block-column is-layout-flow wp-block-column-is-layout-flow\">\n<figure class=\"wp-block-image size-full\"><img decoding=\"async\" width=\"2356\" height=\"2356\" src=\"https:\/\/www.santai-ceramics.com\/wp-content\/uploads\/2025\/09\/bulk-ceramic-vases-4.webp\" alt=\"vases en c\u00e9ramique en vrac (4)\" class=\"wp-image-3627\" srcset=\"https:\/\/www.santai-ceramics.com\/wp-content\/uploads\/2025\/09\/bulk-ceramic-vases-4.webp 2356w, https:\/\/www.santai-ceramics.com\/wp-content\/uploads\/2025\/09\/bulk-ceramic-vases-4-300x300.webp 300w, https:\/\/www.santai-ceramics.com\/wp-content\/uploads\/2025\/09\/bulk-ceramic-vases-4-150x150.webp 150w, https:\/\/www.santai-ceramics.com\/wp-content\/uploads\/2025\/09\/bulk-ceramic-vases-4-768x768.webp 768w, https:\/\/www.santai-ceramics.com\/wp-content\/uploads\/2025\/09\/bulk-ceramic-vases-4-12x12.webp 12w, https:\/\/www.santai-ceramics.com\/wp-content\/uploads\/2025\/09\/bulk-ceramic-vases-4-1200x1200.webp 1200w, https:\/\/www.santai-ceramics.com\/wp-content\/uploads\/2025\/09\/bulk-ceramic-vases-4-600x600.webp 600w, https:\/\/www.santai-ceramics.com\/wp-content\/uploads\/2025\/09\/bulk-ceramic-vases-4-100x100.webp 100w\" sizes=\"(max-width: 2356px) 100vw, 2356px\" \/><\/figure>\n<\/div>\n<\/div>\n\n\n\n<div class=\"wp-block-columns is-layout-flex wp-container-core-columns-is-layout-9d6595d7 wp-block-columns-is-layout-flex\">\n<div class=\"wp-block-column is-layout-flow wp-block-column-is-layout-flow\"><\/div>\n\n\n\n<div class=\"wp-block-column is-layout-flow wp-block-column-is-layout-flow\"><\/div>\n<\/div>","protected":false},"excerpt":{"rendered":"<p data-pm-slice=\"0 0 []\">MOQ : 100. Nous proposons des vases en c\u00e9ramique en gros de notre usine, fournissant un approvisionnement stable de produits de haute qualit\u00e9 \u00e0 des prix comp\u00e9titifs. Nous offrons des solutions d'approvisionnement flexibles et des services d'exportation professionnels \u00e0 une vari\u00e9t\u00e9 d'acheteurs, y compris les grossistes, les d\u00e9taillants, les fleuristes et les entreprises de cadeaux. Contactez-nous pour un devis de vente en gros.<\/p>\n<h2>Sp\u00e9cification des vases en c\u00e9ramique en vrac\u00a0<\/h2>\n<table width=\"855\">\n<tbody>\n<tr>\n<td width=\"285\">Num\u00e9ro de mod\u00e8le<\/td>\n<td width=\"285\">A36379-LE24-A01<\/td>\n<td width=\"285\">A36379-LE24-A02<\/td>\n<\/tr>\n<tr>\n<td>Nom du produit<\/td>\n<td>Vase en c\u00e9ramique<\/td>\n<td>Vase en c\u00e9ramique<\/td>\n<\/tr>\n<tr>\n<td>Couleur<\/td>\n<td>Vert<\/td>\n<td>Vert<\/td>\n<\/tr>\n<tr>\n<td>Mat\u00e9riau<\/td>\n<td>C\u00e9ramique\u00a0<\/td>\n<td>C\u00e9ramique\u00a0<\/td>\n<\/tr>\n<tr>\n<td>Sc\u00e9narios d'utilisation<\/td>\n<td>d\u00e9coration int\u00e9rieure\u00a0<\/td>\n<td>d\u00e9coration int\u00e9rieure\u00a0<\/td>\n<\/tr>\n<tr>\n<td>Dimensions<\/td>\n<td>D:18.5X17.5cm<\/td>\n<td>D:15X14cm<\/td>\n<\/tr>\n<tr>\n<td>Poids<\/td>\n<td>1,4kg\/pc<\/td>\n<td>0,7kg\/pc<\/td>\n<\/tr>\n<\/tbody>\n<\/table>\n<p>\n<script src=\"chrome-extension:\/\/fpelahbljekknahkcaegamhcndkfpfnc\/iFrame.js\" type=\"text\/javascript\"><\/script><\/p>","protected":false},"featured_media":3624,"comment_status":"closed","ping_status":"closed","template":"","meta":{"_acf_changed":false},"product_brand":[],"product_cat":[18,22],"product_tag":[],"class_list":{"0":"post-3559","1":"product","2":"type-product","3":"status-publish","4":"has-post-thumbnail","6":"product_cat-home-decor","7":"product_cat-vase","9":"first","10":"instock","11":"shipping-taxable","12":"product-type-simple"},"acf":[],"_links":{"self":[{"href":"https:\/\/www.santai-ceramics.com\/fr\/wp-json\/wp\/v2\/product\/3559","targetHints":{"allow":["GET"]}}],"collection":[{"href":"https:\/\/www.santai-ceramics.com\/fr\/wp-json\/wp\/v2\/product"}],"about":[{"href":"https:\/\/www.santai-ceramics.com\/fr\/wp-json\/wp\/v2\/types\/product"}],"replies":[{"embeddable":true,"href":"https:\/\/www.santai-ceramics.com\/fr\/wp-json\/wp\/v2\/comments?post=3559"}],"wp:featuredmedia":[{"embeddable":true,"href":"https:\/\/www.santai-ceramics.com\/fr\/wp-json\/wp\/v2\/media\/3624"}],"wp:attachment":[{"href":"https:\/\/www.santai-ceramics.com\/fr\/wp-json\/wp\/v2\/media?parent=3559"}],"wp:term":[{"taxonomy":"product_brand","embeddable":true,"href":"https:\/\/www.santai-ceramics.com\/fr\/wp-json\/wp\/v2\/product_brand?post=3559"},{"taxonomy":"product_cat","embeddable":true,"href":"https:\/\/www.santai-ceramics.com\/fr\/wp-json\/wp\/v2\/product_cat?post=3559"},{"taxonomy":"product_tag","embeddable":true,"href":"https:\/\/www.santai-ceramics.com\/fr\/wp-json\/wp\/v2\/product_tag?post=3559"}],"curies":[{"name":"wp","href":"https:\/\/api.w.org\/{rel}","templated":true}]}}