{"id":3560,"date":"2025-09-07T06:48:46","date_gmt":"2025-09-07T06:48:46","guid":{"rendered":"https:\/\/www.santai-ceramics.com\/?post_type=product&#038;p=3560"},"modified":"2025-09-07T06:48:48","modified_gmt":"2025-09-07T06:48:48","slug":"wholesale-ceramic-vases-supply-to-the-world","status":"publish","type":"product","link":"https:\/\/www.santai-ceramics.com\/fr\/product\/wholesale-ceramic-vases-supply-to-the-world\/","title":{"rendered":"Fourniture en gros de vases en c\u00e9ramique au monde \u00e0 des prix d'usine comp\u00e9titifs en provenance de Chine"},"content":{"rendered":"<h3 class=\"wp-block-heading\">Caract\u00e9ristiques des vases en c\u00e9ramique<\/h3>\n\n\n\n<ul class=\"wp-block-list\">\n<li><strong>Beaut\u00e9 naturelle : <\/strong>Ces vases en c\u00e9ramique pr\u00e9sentent une douce teinte c\u00e9ladon, r\u00e9put\u00e9e pour son \u00e9l\u00e9gance apaisante et discr\u00e8te qui s'int\u00e8gre sans effort dans tous les styles d'int\u00e9rieur.<\/li>\n\n\n\n<li><strong>Glacis craquel\u00e9 : <\/strong>La surface du vase est recouverte d'une gla\u00e7ure craquel\u00e9e, une technique d\u00e9corative classique qui conf\u00e8re au vase un charme rustique.<\/li>\n\n\n\n<li><strong>Vaste exp\u00e9rience de l'exportation de vases :<\/strong> En tant que fabricant de vases ayant des dizaines d'ann\u00e9es d'exp\u00e9rience dans le traitement des commandes internationales, il est facile de s'approvisionner en grandes quantit\u00e9s de vases aupr\u00e8s de nous.<\/li>\n\n\n\n<li><strong>Assurance qualit\u00e9 : <\/strong>Notre usine de vases respecte les principales normes de qualit\u00e9 internationales et est certifi\u00e9e BSCI, ISO9001 et ISO45001, ce qui nous permet de r\u00e9pondre aux normes des diff\u00e9rents march\u00e9s mondiaux.<\/li>\n<\/ul>\n\n\n\n<h3 class=\"wp-block-heading\">Service de vases en c\u00e9ramique sur mesure<\/h3>\n\n\n\n<p>Nous proposons des services OEM et ODM pour nos produits.<br>Des \u00e9chantillons peuvent \u00eatre livr\u00e9s rapidement.<br>Nous offrons une vari\u00e9t\u00e9 de formes, de couleurs, d'impressions personnalis\u00e9es, d'emballages et d'autres services sur mesure pour r\u00e9pondre \u00e0 vos besoins sp\u00e9cifiques.<\/p>\n\n\n\n<div class=\"wp-block-columns is-layout-flex wp-container-core-columns-is-layout-9d6595d7 wp-block-columns-is-layout-flex\">\n<div class=\"wp-block-column is-layout-flow wp-block-column-is-layout-flow\">\n<figure class=\"wp-block-image size-full\"><img decoding=\"async\" width=\"2992\" height=\"2992\" src=\"https:\/\/www.santai-ceramics.com\/wp-content\/uploads\/2025\/09\/supplying-vases-worldwide-2.webp\" alt=\"Fourniture de vases dans le monde entier (2)\" class=\"wp-image-3674\" srcset=\"https:\/\/www.santai-ceramics.com\/wp-content\/uploads\/2025\/09\/supplying-vases-worldwide-2.webp 2992w, https:\/\/www.santai-ceramics.com\/wp-content\/uploads\/2025\/09\/supplying-vases-worldwide-2-300x300.webp 300w, https:\/\/www.santai-ceramics.com\/wp-content\/uploads\/2025\/09\/supplying-vases-worldwide-2-150x150.webp 150w, https:\/\/www.santai-ceramics.com\/wp-content\/uploads\/2025\/09\/supplying-vases-worldwide-2-768x768.webp 768w, https:\/\/www.santai-ceramics.com\/wp-content\/uploads\/2025\/09\/supplying-vases-worldwide-2-12x12.webp 12w, https:\/\/www.santai-ceramics.com\/wp-content\/uploads\/2025\/09\/supplying-vases-worldwide-2-1200x1200.webp 1200w, https:\/\/www.santai-ceramics.com\/wp-content\/uploads\/2025\/09\/supplying-vases-worldwide-2-600x600.webp 600w, https:\/\/www.santai-ceramics.com\/wp-content\/uploads\/2025\/09\/supplying-vases-worldwide-2-100x100.webp 100w\" sizes=\"(max-width: 2992px) 100vw, 2992px\" \/><\/figure>\n<\/div>\n\n\n\n<div class=\"wp-block-column is-layout-flow wp-block-column-is-layout-flow\">\n<figure class=\"wp-block-image size-full\"><img decoding=\"async\" width=\"1695\" height=\"1695\" src=\"https:\/\/www.santai-ceramics.com\/wp-content\/uploads\/2025\/09\/supplying-vases-worldwide-3.webp\" alt=\"fourniture de vases dans le monde entier (3)\" class=\"wp-image-3675\" srcset=\"https:\/\/www.santai-ceramics.com\/wp-content\/uploads\/2025\/09\/supplying-vases-worldwide-3.webp 1695w, https:\/\/www.santai-ceramics.com\/wp-content\/uploads\/2025\/09\/supplying-vases-worldwide-3-300x300.webp 300w, https:\/\/www.santai-ceramics.com\/wp-content\/uploads\/2025\/09\/supplying-vases-worldwide-3-150x150.webp 150w, https:\/\/www.santai-ceramics.com\/wp-content\/uploads\/2025\/09\/supplying-vases-worldwide-3-768x768.webp 768w, https:\/\/www.santai-ceramics.com\/wp-content\/uploads\/2025\/09\/supplying-vases-worldwide-3-12x12.webp 12w, https:\/\/www.santai-ceramics.com\/wp-content\/uploads\/2025\/09\/supplying-vases-worldwide-3-1200x1200.webp 1200w, https:\/\/www.santai-ceramics.com\/wp-content\/uploads\/2025\/09\/supplying-vases-worldwide-3-600x600.webp 600w, https:\/\/www.santai-ceramics.com\/wp-content\/uploads\/2025\/09\/supplying-vases-worldwide-3-100x100.webp 100w\" sizes=\"(max-width: 1695px) 100vw, 1695px\" \/><\/figure>\n<\/div>\n<\/div>\n\n\n\n<div class=\"wp-block-columns is-layout-flex wp-container-core-columns-is-layout-9d6595d7 wp-block-columns-is-layout-flex\">\n<div class=\"wp-block-column is-layout-flow wp-block-column-is-layout-flow\"><\/div>\n\n\n\n<div class=\"wp-block-column is-layout-flow wp-block-column-is-layout-flow\"><\/div>\n<\/div>","protected":false},"excerpt":{"rendered":"<p data-pm-slice=\"0 0 []\">MOQ : 100. Nous fournissons des vases en c\u00e9ramique en grandes quantit\u00e9s dans le monde entier. Ces vases allient harmonieusement beaut\u00e9 naturelle et savoir-faire exquis, incarnant une \u00e9l\u00e9gance intemporelle. Forts de plusieurs d\u00e9cennies d'exp\u00e9rience dans l'exportation de vases, nous veillons \u00e0 ce que les achats en gros soient simples et fiables. Notre usine est certifi\u00e9e BSCI, ISO9001 et ISO45001, et nous acceptons donc les achats en gros.<\/p>\n<h2>Sp\u00e9cification des vases en c\u00e9ramique<\/h2>\n<table width=\"855\">\n<tbody>\n<tr>\n<td width=\"285\">Num\u00e9ro de mod\u00e8le<\/td>\n<td width=\"285\">A37661-LE24-A01<\/td>\n<td width=\"285\">A37661-LE24-A02<\/td>\n<\/tr>\n<tr>\n<td>Nom du produit<\/td>\n<td>Vase en c\u00e9ramique<\/td>\n<td>Vase en c\u00e9ramique<\/td>\n<\/tr>\n<tr>\n<td>Couleur<\/td>\n<td>Vert<\/td>\n<td>Vert<\/td>\n<\/tr>\n<tr>\n<td>Mat\u00e9riau<\/td>\n<td>C\u00e9ramique\u00a0<\/td>\n<td>C\u00e9ramique\u00a0<\/td>\n<\/tr>\n<tr>\n<td>Sc\u00e9narios d'utilisation<\/td>\n<td>d\u00e9coration int\u00e9rieure\u00a0<\/td>\n<td>d\u00e9coration int\u00e9rieure\u00a0<\/td>\n<\/tr>\n<tr>\n<td>Dimensions<\/td>\n<td>D:19.5X27cm<\/td>\n<td>D:16X22cm<\/td>\n<\/tr>\n<tr>\n<td>Poids<\/td>\n<td>1,7kg\/pc<\/td>\n<td>1,3kg\/pc<\/td>\n<\/tr>\n<\/tbody>\n<\/table>\n<p>\n<script src=\"chrome-extension:\/\/fpelahbljekknahkcaegamhcndkfpfnc\/iFrame.js\" type=\"text\/javascript\"><\/script><\/p>","protected":false},"featured_media":3671,"comment_status":"closed","ping_status":"closed","template":"","meta":{"_acf_changed":false},"product_brand":[],"product_cat":[18,22],"product_tag":[],"class_list":{"0":"post-3560","1":"product","2":"type-product","3":"status-publish","4":"has-post-thumbnail","6":"product_cat-home-decor","7":"product_cat-vase","9":"first","10":"instock","11":"shipping-taxable","12":"product-type-simple"},"acf":[],"_links":{"self":[{"href":"https:\/\/www.santai-ceramics.com\/fr\/wp-json\/wp\/v2\/product\/3560","targetHints":{"allow":["GET"]}}],"collection":[{"href":"https:\/\/www.santai-ceramics.com\/fr\/wp-json\/wp\/v2\/product"}],"about":[{"href":"https:\/\/www.santai-ceramics.com\/fr\/wp-json\/wp\/v2\/types\/product"}],"replies":[{"embeddable":true,"href":"https:\/\/www.santai-ceramics.com\/fr\/wp-json\/wp\/v2\/comments?post=3560"}],"wp:featuredmedia":[{"embeddable":true,"href":"https:\/\/www.santai-ceramics.com\/fr\/wp-json\/wp\/v2\/media\/3671"}],"wp:attachment":[{"href":"https:\/\/www.santai-ceramics.com\/fr\/wp-json\/wp\/v2\/media?parent=3560"}],"wp:term":[{"taxonomy":"product_brand","embeddable":true,"href":"https:\/\/www.santai-ceramics.com\/fr\/wp-json\/wp\/v2\/product_brand?post=3560"},{"taxonomy":"product_cat","embeddable":true,"href":"https:\/\/www.santai-ceramics.com\/fr\/wp-json\/wp\/v2\/product_cat?post=3560"},{"taxonomy":"product_tag","embeddable":true,"href":"https:\/\/www.santai-ceramics.com\/fr\/wp-json\/wp\/v2\/product_tag?post=3560"}],"curies":[{"name":"wp","href":"https:\/\/api.w.org\/{rel}","templated":true}]}}