{"id":3567,"date":"2025-09-05T09:25:07","date_gmt":"2025-09-05T09:25:07","guid":{"rendered":"https:\/\/www.santai-ceramics.com\/?post_type=product&#038;p=3567"},"modified":"2025-09-05T09:29:11","modified_gmt":"2025-09-05T09:29:11","slug":"wholesale-ceramic-jars-for-home-decoration","status":"publish","type":"product","link":"https:\/\/www.santai-ceramics.com\/fr\/product\/wholesale-ceramic-jars-for-home-decoration\/","title":{"rendered":"Vente en gros de pots en c\u00e9ramique pour la d\u00e9coration int\u00e9rieure, id\u00e9ale pour les importateurs, les supermarch\u00e9s et les vendeurs en ligne."},"content":{"rendered":"<h3 class=\"wp-block-heading\">Caract\u00e9ristiques des pots en c\u00e9ramique d\u00e9coratifs<\/h3>\n\n\n\n<ul class=\"wp-block-list\">\n<li><strong>Excellents produits d\u00e9coratifs : <\/strong>Les pots en c\u00e9ramique pr\u00e9sentent une gla\u00e7ure craquel\u00e9e et un motif de foug\u00e8re, cr\u00e9ant un design attrayant qui transforme de simples r\u00e9cipients en pi\u00e8ces d\u00e9coratives.<\/li>\n\n\n\n<li><strong>Fabrication de haute qualit\u00e9 : <\/strong>Les pots en c\u00e9ramique sont produits avec une attention m\u00e9ticuleuse aux d\u00e9tails et \u00e0 la qualit\u00e9. Nous s\u00e9lectionnons des mati\u00e8res premi\u00e8res c\u00e9ramiques de haute qualit\u00e9 et les faisons cuire \u00e0 haute temp\u00e9rature pour garantir un produit durable et robuste qui ne se d\u00e9forme pas et ne se fissure pas.<\/li>\n\n\n\n<li><strong>Exportateur exp\u00e9riment\u00e9 : <\/strong>En tant que fabricant exportateur de longue date, notre \u00e9quipe d'exportateurs fournit un service unique, aidant les clients \u00e0 passer commande, \u00e0 produire, \u00e0 exp\u00e9dier et \u00e0 d\u00e9douaner, afin de garantir une activit\u00e9 commerciale sans souci.<\/li>\n\n\n\n<li><strong>Forte capacit\u00e9 de production : <\/strong>L'usine de SNATAI Ceramics est dot\u00e9e d'\u00e9quipements de production avanc\u00e9s et de lignes de production \u00e0 grande \u00e9chelle, ce qui garantit un approvisionnement stable et \u00e0 long terme en produits d\u00e9coratifs en c\u00e9ramique.<\/li>\n<\/ul>\n\n\n\n<h3 class=\"wp-block-heading\">Service de d\u00e9coration c\u00e9ramique sur mesure<\/h3>\n\n\n\n<p>Nous proposons des services OEM et ODM pour nos produits.<br>Des \u00e9chantillons peuvent \u00eatre livr\u00e9s rapidement.<br>Nous offrons une vari\u00e9t\u00e9 de formes, de couleurs, d'impressions personnalis\u00e9es, d'emballages et d'autres services sur mesure pour r\u00e9pondre \u00e0 vos besoins sp\u00e9cifiques.<\/p>\n\n\n\n<div class=\"wp-block-columns is-layout-flex wp-container-core-columns-is-layout-9d6595d7 wp-block-columns-is-layout-flex\">\n<div class=\"wp-block-column is-layout-flow wp-block-column-is-layout-flow\">\n<figure class=\"wp-block-image size-full\"><img decoding=\"async\" width=\"2272\" height=\"1893\" src=\"https:\/\/www.santai-ceramics.com\/wp-content\/uploads\/2025\/09\/wholesale-ceramic-jars-4.webp\" alt=\"pots en c\u00e9ramique en gros (4)\" class=\"wp-image-3633\" srcset=\"https:\/\/www.santai-ceramics.com\/wp-content\/uploads\/2025\/09\/wholesale-ceramic-jars-4.webp 2272w, https:\/\/www.santai-ceramics.com\/wp-content\/uploads\/2025\/09\/wholesale-ceramic-jars-4-300x250.webp 300w, https:\/\/www.santai-ceramics.com\/wp-content\/uploads\/2025\/09\/wholesale-ceramic-jars-4-768x640.webp 768w, https:\/\/www.santai-ceramics.com\/wp-content\/uploads\/2025\/09\/wholesale-ceramic-jars-4-14x12.webp 14w, https:\/\/www.santai-ceramics.com\/wp-content\/uploads\/2025\/09\/wholesale-ceramic-jars-4-1200x1000.webp 1200w, https:\/\/www.santai-ceramics.com\/wp-content\/uploads\/2025\/09\/wholesale-ceramic-jars-4-600x500.webp 600w\" sizes=\"(max-width: 2272px) 100vw, 2272px\" \/><\/figure>\n<\/div>\n\n\n\n<div class=\"wp-block-column is-layout-flow wp-block-column-is-layout-flow\">\n<figure class=\"wp-block-image size-full\"><img decoding=\"async\" width=\"2002\" height=\"1668\" src=\"https:\/\/www.santai-ceramics.com\/wp-content\/uploads\/2025\/09\/wholesale-ceramic-jars-5.webp\" alt=\"pots en c\u00e9ramique en gros (5)\" class=\"wp-image-3634\" srcset=\"https:\/\/www.santai-ceramics.com\/wp-content\/uploads\/2025\/09\/wholesale-ceramic-jars-5.webp 2002w, https:\/\/www.santai-ceramics.com\/wp-content\/uploads\/2025\/09\/wholesale-ceramic-jars-5-300x250.webp 300w, https:\/\/www.santai-ceramics.com\/wp-content\/uploads\/2025\/09\/wholesale-ceramic-jars-5-768x640.webp 768w, https:\/\/www.santai-ceramics.com\/wp-content\/uploads\/2025\/09\/wholesale-ceramic-jars-5-14x12.webp 14w, https:\/\/www.santai-ceramics.com\/wp-content\/uploads\/2025\/09\/wholesale-ceramic-jars-5-1200x1000.webp 1200w, https:\/\/www.santai-ceramics.com\/wp-content\/uploads\/2025\/09\/wholesale-ceramic-jars-5-600x500.webp 600w\" sizes=\"(max-width: 2002px) 100vw, 2002px\" \/><\/figure>\n<\/div>\n<\/div>\n\n\n\n<div class=\"wp-block-columns is-layout-flex wp-container-core-columns-is-layout-9d6595d7 wp-block-columns-is-layout-flex\">\n<div class=\"wp-block-column is-layout-flow wp-block-column-is-layout-flow\"><\/div>\n\n\n\n<div class=\"wp-block-column is-layout-flow wp-block-column-is-layout-flow\"><\/div>\n<\/div>","protected":false},"excerpt":{"rendered":"<p data-pm-slice=\"0 0 []\">Nos jarres en c\u00e9ramique en gros allient un savoir-faire intemporel \u00e0 une fonctionnalit\u00e9 moderne, ce qui en fait le choix id\u00e9al pour les acheteurs B2B du monde entier. En tant qu'usine professionnelle, nous proposons des pots en c\u00e9ramique d\u00e9coratifs dans une grande vari\u00e9t\u00e9 de formes, de tailles et de finitions. Contactez-nous pour un devis.<\/p>\n<h2>Sp\u00e9cification des pots en c\u00e9ramique en gros<\/h2>\n<table width=\"855\">\n<tbody>\n<tr>\n<td width=\"285\">Num\u00e9ro de mod\u00e8le<\/td>\n<td width=\"285\">A36560-LE24-G01<\/td>\n<td width=\"285\">A36560-LE24-G02<\/td>\n<\/tr>\n<tr>\n<td>Nom du produit<\/td>\n<td>Jarre en c\u00e9ramique avec couvercle<\/td>\n<td>Jarre en c\u00e9ramique avec couvercle<\/td>\n<\/tr>\n<tr>\n<td>Couleur<\/td>\n<td>Vert<\/td>\n<td>Vert<\/td>\n<\/tr>\n<tr>\n<td>Mat\u00e9riau<\/td>\n<td>C\u00e9ramique\u00a0<\/td>\n<td>C\u00e9ramique\u00a0<\/td>\n<\/tr>\n<tr>\n<td>Sc\u00e9narios d'utilisation<\/td>\n<td>d\u00e9coration int\u00e9rieure\u00a0<\/td>\n<td>d\u00e9coration int\u00e9rieure\u00a0<\/td>\n<\/tr>\n<tr>\n<td>Dimensions<\/td>\n<td>D:17.5X20.5cm<\/td>\n<td>D:14X16.5cm<\/td>\n<\/tr>\n<tr>\n<td>Poids<\/td>\n<td>1,4kg\/pc<\/td>\n<td>1kg\/pc<\/td>\n<\/tr>\n<\/tbody>\n<\/table>\n<p>\n<script src=\"chrome-extension:\/\/fpelahbljekknahkcaegamhcndkfpfnc\/iFrame.js\" type=\"text\/javascript\"><\/script><\/p>","protected":false},"featured_media":3630,"comment_status":"closed","ping_status":"closed","template":"","meta":{"_acf_changed":false},"product_brand":[],"product_cat":[18,43],"product_tag":[],"class_list":{"0":"post-3567","1":"product","2":"type-product","3":"status-publish","4":"has-post-thumbnail","6":"product_cat-home-decor","7":"product_cat-wholesale-ceramic-jar","9":"first","10":"instock","11":"shipping-taxable","12":"product-type-simple"},"acf":[],"_links":{"self":[{"href":"https:\/\/www.santai-ceramics.com\/fr\/wp-json\/wp\/v2\/product\/3567","targetHints":{"allow":["GET"]}}],"collection":[{"href":"https:\/\/www.santai-ceramics.com\/fr\/wp-json\/wp\/v2\/product"}],"about":[{"href":"https:\/\/www.santai-ceramics.com\/fr\/wp-json\/wp\/v2\/types\/product"}],"replies":[{"embeddable":true,"href":"https:\/\/www.santai-ceramics.com\/fr\/wp-json\/wp\/v2\/comments?post=3567"}],"wp:featuredmedia":[{"embeddable":true,"href":"https:\/\/www.santai-ceramics.com\/fr\/wp-json\/wp\/v2\/media\/3630"}],"wp:attachment":[{"href":"https:\/\/www.santai-ceramics.com\/fr\/wp-json\/wp\/v2\/media?parent=3567"}],"wp:term":[{"taxonomy":"product_brand","embeddable":true,"href":"https:\/\/www.santai-ceramics.com\/fr\/wp-json\/wp\/v2\/product_brand?post=3567"},{"taxonomy":"product_cat","embeddable":true,"href":"https:\/\/www.santai-ceramics.com\/fr\/wp-json\/wp\/v2\/product_cat?post=3567"},{"taxonomy":"product_tag","embeddable":true,"href":"https:\/\/www.santai-ceramics.com\/fr\/wp-json\/wp\/v2\/product_tag?post=3567"}],"curies":[{"name":"wp","href":"https:\/\/api.w.org\/{rel}","templated":true}]}}