{"id":3687,"date":"2025-09-23T02:32:43","date_gmt":"2025-09-23T02:32:43","guid":{"rendered":"https:\/\/www.santai-ceramics.com\/?post_type=product&#038;p=3687"},"modified":"2025-09-23T02:32:45","modified_gmt":"2025-09-23T02:32:45","slug":"plant-pots-wholesaler-bulk-for-b2b","status":"publish","type":"product","link":"https:\/\/www.santai-ceramics.com\/fr\/product\/plant-pots-wholesaler-bulk-for-b2b\/","title":{"rendered":"Bulk Ceramic Plant Pots Wholesale For Decoration - Id\u00e9al pour les h\u00f4tels et les d\u00e9taillants"},"content":{"rendered":"<h3 class=\"wp-block-heading\">Caract\u00e9ristiques des pots de fleurs en c\u00e9ramique<\/h3>\n\n\n\n<ul class=\"wp-block-list\">\n<li><strong>Mat\u00e9riaux de premi\u00e8re qualit\u00e9 et fabrication artisanale<\/strong>: Ces pots \u00e0 plantes en gros sont fabriqu\u00e9s en argile de haute qualit\u00e9 avec une texture grossi\u00e8re, finis \u00e0 la main avec des taches et des effets de patine, offrant un aspect rustique et authentiquement vintage.<\/li>\n<\/ul>\n\n\n\n<ul class=\"wp-block-list\">\n<li><strong>Formes polyvalentes et design d\u00e9coratif<\/strong>: Ils comprennent des vases \u00e0 col \u00e9troit, des bols \u00e0 large ouverture et des pots ronds, avec des d\u00e9tails g\u00e9om\u00e9triques en relief et des bases solides pour une fonctionnalit\u00e9 et un attrait esth\u00e9tique.<\/li>\n<\/ul>\n\n\n\n<ul class=\"wp-block-list\">\n<li><strong>Parfait pour les marques de style de vie et d'h\u00f4tellerie<\/strong>: C'est un excellent choix pour les d\u00e9taillants en d\u00e9coration d'int\u00e9rieur, les studios de fleurs, les h\u00f4tels de charme, les caf\u00e9s et les espaces artistiques \u00e0 la recherche de pi\u00e8ces d\u00e9coratives riches en histoire et en atmosph\u00e8re.<\/li>\n<\/ul>\n\n\n\n<ul class=\"wp-block-list\">\n<li><strong>Avantage pour l'usine<\/strong>: En tant que fournisseur en gros de pots de fleurs en c\u00e9ramique, notre usine dispose d'une production massive, d'un contr\u00f4le de qualit\u00e9 strict et de prix comp\u00e9titifs, ce qui nous permet de fournir un approvisionnement stable, une personnalisation flexible et une livraison fiable pour les commandes B2B globales en vrac.<\/li>\n<\/ul>\n\n\n\n<h3 class=\"wp-block-heading\">Service de vente en gros de pots de fleurs en c\u00e9ramique personnalis\u00e9s<\/h3>\n\n\n\n<p>Nous proposons des services OEM et ODM pour nos produits.<br>Des \u00e9chantillons peuvent \u00eatre livr\u00e9s rapidement.<br>Nous offrons une vari\u00e9t\u00e9 de formes, de couleurs, d'impressions personnalis\u00e9es, d'emballages et d'autres services sur mesure pour r\u00e9pondre \u00e0 vos besoins sp\u00e9cifiques.<\/p>\n\n\n\n<div class=\"wp-block-columns is-layout-flex wp-container-core-columns-is-layout-9d6595d7 wp-block-columns-is-layout-flex\">\n<div class=\"wp-block-column is-layout-flow wp-block-column-is-layout-flow\">\n<figure class=\"wp-block-image size-full\"><img decoding=\"async\" width=\"3286\" height=\"3286\" src=\"https:\/\/www.santai-ceramics.com\/wp-content\/uploads\/2025\/09\/rustic-finish-ceramic-pots-wholesale-4.webp\" alt=\"pots en c\u00e9ramique \u00e0 finition rustique grossiste (4)\" class=\"wp-image-3728\" srcset=\"https:\/\/www.santai-ceramics.com\/wp-content\/uploads\/2025\/09\/rustic-finish-ceramic-pots-wholesale-4.webp 3286w, https:\/\/www.santai-ceramics.com\/wp-content\/uploads\/2025\/09\/rustic-finish-ceramic-pots-wholesale-4-300x300.webp 300w, https:\/\/www.santai-ceramics.com\/wp-content\/uploads\/2025\/09\/rustic-finish-ceramic-pots-wholesale-4-150x150.webp 150w, https:\/\/www.santai-ceramics.com\/wp-content\/uploads\/2025\/09\/rustic-finish-ceramic-pots-wholesale-4-768x768.webp 768w, https:\/\/www.santai-ceramics.com\/wp-content\/uploads\/2025\/09\/rustic-finish-ceramic-pots-wholesale-4-12x12.webp 12w, https:\/\/www.santai-ceramics.com\/wp-content\/uploads\/2025\/09\/rustic-finish-ceramic-pots-wholesale-4-1200x1200.webp 1200w, https:\/\/www.santai-ceramics.com\/wp-content\/uploads\/2025\/09\/rustic-finish-ceramic-pots-wholesale-4-600x600.webp 600w, https:\/\/www.santai-ceramics.com\/wp-content\/uploads\/2025\/09\/rustic-finish-ceramic-pots-wholesale-4-100x100.webp 100w\" sizes=\"(max-width: 3286px) 100vw, 3286px\" \/><\/figure>\n<\/div>\n\n\n\n<div class=\"wp-block-column is-layout-flow wp-block-column-is-layout-flow\">\n<figure class=\"wp-block-image size-full\"><img decoding=\"async\" width=\"1999\" height=\"1999\" src=\"https:\/\/www.santai-ceramics.com\/wp-content\/uploads\/2025\/09\/rustic-finish-ceramic-pots-wholesale-3.webp\" alt=\"pots en c\u00e9ramique \u00e0 finition rustique grossiste (3)\" class=\"wp-image-3727\" srcset=\"https:\/\/www.santai-ceramics.com\/wp-content\/uploads\/2025\/09\/rustic-finish-ceramic-pots-wholesale-3.webp 1999w, https:\/\/www.santai-ceramics.com\/wp-content\/uploads\/2025\/09\/rustic-finish-ceramic-pots-wholesale-3-300x300.webp 300w, https:\/\/www.santai-ceramics.com\/wp-content\/uploads\/2025\/09\/rustic-finish-ceramic-pots-wholesale-3-150x150.webp 150w, https:\/\/www.santai-ceramics.com\/wp-content\/uploads\/2025\/09\/rustic-finish-ceramic-pots-wholesale-3-768x768.webp 768w, https:\/\/www.santai-ceramics.com\/wp-content\/uploads\/2025\/09\/rustic-finish-ceramic-pots-wholesale-3-12x12.webp 12w, https:\/\/www.santai-ceramics.com\/wp-content\/uploads\/2025\/09\/rustic-finish-ceramic-pots-wholesale-3-1200x1200.webp 1200w, https:\/\/www.santai-ceramics.com\/wp-content\/uploads\/2025\/09\/rustic-finish-ceramic-pots-wholesale-3-600x600.webp 600w, https:\/\/www.santai-ceramics.com\/wp-content\/uploads\/2025\/09\/rustic-finish-ceramic-pots-wholesale-3-100x100.webp 100w\" sizes=\"(max-width: 1999px) 100vw, 1999px\" \/><\/figure>\n<\/div>\n<\/div>","protected":false},"excerpt":{"rendered":"<p data-pm-slice=\"0 0 []\">Fabriqu\u00e9s en c\u00e9ramique de premi\u00e8re qualit\u00e9 avec une finition vieillie appliqu\u00e9e \u00e0 la main, ces pots \u00e0 plantes en c\u00e9ramique combinent des textures rugueuses, des motifs g\u00e9om\u00e9triques et des formes minimalistes pour apporter un sens de l'histoire et une chaleur artisanale. La polyvalence des formes de ces pots \u00e0 plantes en c\u00e9ramique les rend parfaits comme pots de fleurs, pots d\u00e9coratifs ou pi\u00e8ces d'exposition. Con\u00e7us pour s'adapter aux styles d'int\u00e9rieurs minimalistes modernes, wabi-sabi et nordiques, ils sont fortement recommand\u00e9s pour les clients B2B tels que les marques de d\u00e9coration d'int\u00e9rieur, les magasins de style de vie, les h\u00f4tels-boutiques et les studios de fleurs.<\/p>\n<h2>Sp\u00e9cification du pot de fleurs en c\u00e9ramique<\/h2>\n<table width=\"1140\">\n<tbody>\n<tr>\n<td width=\"285\">Num\u00e9ro de mod\u00e8le<\/td>\n<td width=\"285\">G37868-H942-A01<\/td>\n<td width=\"285\">G37868-H942-A02<\/td>\n<td width=\"285\">G37868-H942-A03<\/td>\n<\/tr>\n<tr>\n<td>Nom du produit<\/td>\n<td>Pot en terre cuite<\/td>\n<td>Pot en terre cuite<\/td>\n<td>Pot en terre cuite<\/td>\n<\/tr>\n<tr>\n<td>Couleur<\/td>\n<td>Cr\u00e8me antique et or\u00a0<\/td>\n<td>Cr\u00e8me antique et or\u00a0<\/td>\n<td>Cr\u00e8me antique et or\u00a0<\/td>\n<\/tr>\n<tr>\n<td>Mat\u00e9riau<\/td>\n<td>Terre cuite<\/td>\n<td>Terre cuite<\/td>\n<td>Terre cuite<\/td>\n<\/tr>\n<tr>\n<td>Sc\u00e9narios d'utilisation<\/td>\n<td>d\u00e9coration de la maison et du jardin\u00a0<\/td>\n<td>d\u00e9coration de la maison et du jardin\u00a0<\/td>\n<td>d\u00e9coration de la maison et du jardin\u00a0<\/td>\n<\/tr>\n<tr>\n<td>Dimensions<\/td>\n<td>D:25X26.5cm<\/td>\n<td>D:20.5X21cm<\/td>\n<td>D:15.5X17cm<\/td>\n<\/tr>\n<tr>\n<td>Poids<\/td>\n<td>4kg\/pc<\/td>\n<td>2.4kg\/pc<\/td>\n<td>1,2kg\/pc<\/td>\n<\/tr>\n<\/tbody>\n<\/table>\n<p>\n<script src=\"chrome-extension:\/\/fpelahbljekknahkcaegamhcndkfpfnc\/iFrame.js\" type=\"text\/javascript\"><\/script><\/p>","protected":false},"featured_media":3726,"comment_status":"closed","ping_status":"closed","template":"","meta":{"_acf_changed":false},"product_brand":[],"product_cat":[18,42,21,23],"product_tag":[],"class_list":{"0":"post-3687","1":"product","2":"type-product","3":"status-publish","4":"has-post-thumbnail","6":"product_cat-home-decor","7":"product_cat-wholesale-ceramic-plant-pots","8":"product_cat-garden-decor","9":"product_cat-ceramic-pots-planters","11":"first","12":"instock","13":"shipping-taxable","14":"product-type-simple"},"acf":[],"_links":{"self":[{"href":"https:\/\/www.santai-ceramics.com\/fr\/wp-json\/wp\/v2\/product\/3687","targetHints":{"allow":["GET"]}}],"collection":[{"href":"https:\/\/www.santai-ceramics.com\/fr\/wp-json\/wp\/v2\/product"}],"about":[{"href":"https:\/\/www.santai-ceramics.com\/fr\/wp-json\/wp\/v2\/types\/product"}],"replies":[{"embeddable":true,"href":"https:\/\/www.santai-ceramics.com\/fr\/wp-json\/wp\/v2\/comments?post=3687"}],"wp:featuredmedia":[{"embeddable":true,"href":"https:\/\/www.santai-ceramics.com\/fr\/wp-json\/wp\/v2\/media\/3726"}],"wp:attachment":[{"href":"https:\/\/www.santai-ceramics.com\/fr\/wp-json\/wp\/v2\/media?parent=3687"}],"wp:term":[{"taxonomy":"product_brand","embeddable":true,"href":"https:\/\/www.santai-ceramics.com\/fr\/wp-json\/wp\/v2\/product_brand?post=3687"},{"taxonomy":"product_cat","embeddable":true,"href":"https:\/\/www.santai-ceramics.com\/fr\/wp-json\/wp\/v2\/product_cat?post=3687"},{"taxonomy":"product_tag","embeddable":true,"href":"https:\/\/www.santai-ceramics.com\/fr\/wp-json\/wp\/v2\/product_tag?post=3687"}],"curies":[{"name":"wp","href":"https:\/\/api.w.org\/{rel}","templated":true}]}}