{"id":3858,"date":"2025-10-21T07:07:10","date_gmt":"2025-10-21T07:07:10","guid":{"rendered":"https:\/\/www.santai-ceramics.com\/?post_type=product&#038;p=3858"},"modified":"2025-10-21T07:07:11","modified_gmt":"2025-10-21T07:07:11","slug":"bulk-ceramic-candle-holders-wholesale","status":"publish","type":"product","link":"https:\/\/www.santai-ceramics.com\/fr\/product\/bulk-ceramic-candle-holders-wholesale\/","title":{"rendered":"Porte-bougies en c\u00e9ramique en vrac pour les h\u00f4tels, les d\u00e9taillants de cadeaux et les n\u00e9gociants mondiaux en c\u00e9ramique"},"content":{"rendered":"<h3 class=\"wp-block-heading\">Caract\u00e9ristiques du bougeoir en c\u00e9ramique<\/h3>\n\n\n\n<ul class=\"wp-block-list\">\n<li><strong>Artisanat artistique :<\/strong> La gla\u00e7ure craquel\u00e9e \u00e0 haute temp\u00e9rature rencontre des pigments min\u00e9raux peints \u00e0 la main, cr\u00e9ant une texture naturelle de craquelure de glace et d'\u00e9l\u00e9gants motifs floraux. Notre bougeoir en c\u00e9ramique a une forme unique, alliant chaleur artisanale et esth\u00e9tique raffin\u00e9e, adapt\u00e9e aux int\u00e9rieurs luxueux et aux vitrines de boutiques.<\/li>\n<\/ul>\n\n\n\n<ul class=\"wp-block-list\">\n<li><strong>Adaptabilit\u00e9 multi-sc\u00e8ne :<\/strong> Il est con\u00e7u pour divers environnements - halls d'h\u00f4tels, chambres d'h\u00f4tes, salles d'exposition, fleuristes et magasins de jardinage. Il allie charme d\u00e9coratif et fonction pratique pour une exposition tout au long de l'ann\u00e9e.<\/li>\n<\/ul>\n\n\n\n<ul class=\"wp-block-list\">\n<li><strong>Id\u00e9al pour les acheteurs B2B :<\/strong> Notre bougeoir en c\u00e9ramique est parfait pour les fournisseurs d'h\u00f4tels, les d\u00e9corateurs de projets commerciaux, les grossistes et les d\u00e9taillants de cadeaux qui recherchent des pi\u00e8ces en c\u00e9ramique standardis\u00e9es mais distinctives. Le ton ivoire unifi\u00e9 facilite la pr\u00e9sentation en s\u00e9rie, tandis que chaque motif craquel\u00e9 apporte de l'exclusivit\u00e9 \u00e0 votre gamme de produits.<\/li>\n<\/ul>\n\n\n\n<ul class=\"wp-block-list\">\n<li><strong>SOP standard :<\/strong> Notre personnel est exp\u00e9riment\u00e9 et respecte les proc\u00e9dures normalis\u00e9es de fabrication pour le service OEM\/ODM et les produits sp\u00e9cifiques dans le cadre d'un contr\u00f4le de qualit\u00e9 strict.<\/li>\n<\/ul>\n\n\n\n<h3 class=\"wp-block-heading\">Service de bougeoirs en c\u00e9ramique personnalis\u00e9s<\/h3>\n\n\n\n<p>Nous proposons des services OEM et ODM pour nos produits.<br>Des \u00e9chantillons peuvent \u00eatre livr\u00e9s rapidement.<br>Nous offrons une vari\u00e9t\u00e9 de formes, de couleurs, d'impressions personnalis\u00e9es, d'emballages et d'autres services sur mesure pour r\u00e9pondre \u00e0 vos besoins sp\u00e9cifiques.<\/p>\n\n\n\n<div class=\"wp-block-columns is-layout-flex wp-container-core-columns-is-layout-9d6595d7 wp-block-columns-is-layout-flex\">\n<div class=\"wp-block-column is-layout-flow wp-block-column-is-layout-flow\">\n<figure class=\"wp-block-image size-full\"><img decoding=\"async\" width=\"3776\" height=\"3148\" src=\"https:\/\/www.santai-ceramics.com\/wp-content\/uploads\/2025\/10\/bulk-candle-holder-8.webp\" alt=\"Bougeoir en vrac (8)\" class=\"wp-image-3944\" srcset=\"https:\/\/www.santai-ceramics.com\/wp-content\/uploads\/2025\/10\/bulk-candle-holder-8.webp 3776w, https:\/\/www.santai-ceramics.com\/wp-content\/uploads\/2025\/10\/bulk-candle-holder-8-300x250.webp 300w, https:\/\/www.santai-ceramics.com\/wp-content\/uploads\/2025\/10\/bulk-candle-holder-8-768x640.webp 768w, https:\/\/www.santai-ceramics.com\/wp-content\/uploads\/2025\/10\/bulk-candle-holder-8-14x12.webp 14w, https:\/\/www.santai-ceramics.com\/wp-content\/uploads\/2025\/10\/bulk-candle-holder-8-1200x1000.webp 1200w, https:\/\/www.santai-ceramics.com\/wp-content\/uploads\/2025\/10\/bulk-candle-holder-8-600x500.webp 600w\" sizes=\"(max-width: 3776px) 100vw, 3776px\" \/><\/figure>\n<\/div>\n\n\n\n<div class=\"wp-block-column is-layout-flow wp-block-column-is-layout-flow\">\n<figure class=\"wp-block-image size-full\"><img decoding=\"async\" width=\"2732\" height=\"2276\" src=\"https:\/\/www.santai-ceramics.com\/wp-content\/uploads\/2025\/10\/bulk-candle-holder-10.webp\" alt=\"Bougeoir en vrac (10)\" class=\"wp-image-3946\" srcset=\"https:\/\/www.santai-ceramics.com\/wp-content\/uploads\/2025\/10\/bulk-candle-holder-10.webp 2732w, https:\/\/www.santai-ceramics.com\/wp-content\/uploads\/2025\/10\/bulk-candle-holder-10-300x250.webp 300w, https:\/\/www.santai-ceramics.com\/wp-content\/uploads\/2025\/10\/bulk-candle-holder-10-768x640.webp 768w, https:\/\/www.santai-ceramics.com\/wp-content\/uploads\/2025\/10\/bulk-candle-holder-10-14x12.webp 14w, https:\/\/www.santai-ceramics.com\/wp-content\/uploads\/2025\/10\/bulk-candle-holder-10-1200x1000.webp 1200w, https:\/\/www.santai-ceramics.com\/wp-content\/uploads\/2025\/10\/bulk-candle-holder-10-600x500.webp 600w\" sizes=\"(max-width: 2732px) 100vw, 2732px\" \/><\/figure>\n<\/div>\n<\/div>","protected":false},"excerpt":{"rendered":"<p data-pm-slice=\"0 0 []\">Cette collection de bougeoirs en c\u00e9ramique de gros est destin\u00e9e aux acheteurs professionnels des secteurs de l'h\u00f4tellerie, des fleurs et des cadeaux. Chaque pi\u00e8ce est compos\u00e9e de c\u00e9ramique blanche, d'un \u00e9mail craquel\u00e9 naturel et de d\u00e9licats motifs floraux bleus peints \u00e0 la main. Avec deux tailles et formes disponibles, elle offre \u00e0 la fois un attrait d\u00e9coratif et une polyvalence fonctionnelle, id\u00e9ale pour les projets de d\u00e9coration d'h\u00f4tels, les pr\u00e9sentations florales et les assortiments de cadeaux haut de gamme.<\/p>\n<h2>Sp\u00e9cification du bougeoir en c\u00e9ramique<\/h2>\n<table width=\"855\">\n<tbody>\n<tr>\n<td width=\"285\">Num\u00e9ro de mod\u00e8le<\/td>\n<td width=\"285\">A36779-LC13-A01<\/td>\n<td width=\"285\">A36779-LC13-A02<\/td>\n<\/tr>\n<tr>\n<td>Nom du produit<\/td>\n<td>Bougeoir en c\u00e9ramique<\/td>\n<td>Bougeoir en c\u00e9ramique<\/td>\n<\/tr>\n<tr>\n<td>Couleur<\/td>\n<td>Cr\u00e8me<\/td>\n<td>Cr\u00e8me<\/td>\n<\/tr>\n<tr>\n<td>Mat\u00e9riau<\/td>\n<td>C\u00e9ramique<\/td>\n<td>C\u00e9ramique<\/td>\n<\/tr>\n<tr>\n<td>Sc\u00e9narios d'utilisation<\/td>\n<td>d\u00e9coration int\u00e9rieure<\/td>\n<td>d\u00e9coration int\u00e9rieure<\/td>\n<\/tr>\n<tr>\n<td>Dimensions<\/td>\n<td>D:11X22.5cm<\/td>\n<td>D:11X17cm<\/td>\n<\/tr>\n<tr>\n<td>Poids<\/td>\n<td>0,8kg\/pc<\/td>\n<td>0,7kg\/pc<\/td>\n<\/tr>\n<\/tbody>\n<\/table>\n<p>\n<script src=\"chrome-extension:\/\/fpelahbljekknahkcaegamhcndkfpfnc\/iFrame.js\" type=\"text\/javascript\"><\/script><\/p>","protected":false},"featured_media":3937,"comment_status":"closed","ping_status":"closed","template":"","meta":{"_acf_changed":false},"product_brand":[],"product_cat":[18,46,26],"product_tag":[],"class_list":{"0":"post-3858","1":"product","2":"type-product","3":"status-publish","4":"has-post-thumbnail","6":"product_cat-home-decor","7":"product_cat-wholesale-ceramic-candle-holders","8":"product_cat-home-accessories","10":"first","11":"instock","12":"shipping-taxable","13":"product-type-simple"},"acf":[],"_links":{"self":[{"href":"https:\/\/www.santai-ceramics.com\/fr\/wp-json\/wp\/v2\/product\/3858","targetHints":{"allow":["GET"]}}],"collection":[{"href":"https:\/\/www.santai-ceramics.com\/fr\/wp-json\/wp\/v2\/product"}],"about":[{"href":"https:\/\/www.santai-ceramics.com\/fr\/wp-json\/wp\/v2\/types\/product"}],"replies":[{"embeddable":true,"href":"https:\/\/www.santai-ceramics.com\/fr\/wp-json\/wp\/v2\/comments?post=3858"}],"wp:featuredmedia":[{"embeddable":true,"href":"https:\/\/www.santai-ceramics.com\/fr\/wp-json\/wp\/v2\/media\/3937"}],"wp:attachment":[{"href":"https:\/\/www.santai-ceramics.com\/fr\/wp-json\/wp\/v2\/media?parent=3858"}],"wp:term":[{"taxonomy":"product_brand","embeddable":true,"href":"https:\/\/www.santai-ceramics.com\/fr\/wp-json\/wp\/v2\/product_brand?post=3858"},{"taxonomy":"product_cat","embeddable":true,"href":"https:\/\/www.santai-ceramics.com\/fr\/wp-json\/wp\/v2\/product_cat?post=3858"},{"taxonomy":"product_tag","embeddable":true,"href":"https:\/\/www.santai-ceramics.com\/fr\/wp-json\/wp\/v2\/product_tag?post=3858"}],"curies":[{"name":"wp","href":"https:\/\/api.w.org\/{rel}","templated":true}]}}