{"id":3859,"date":"2025-10-21T07:45:30","date_gmt":"2025-10-21T07:45:30","guid":{"rendered":"https:\/\/www.santai-ceramics.com\/?post_type=product&#038;p=3859"},"modified":"2025-10-21T07:45:32","modified_gmt":"2025-10-21T07:45:32","slug":"wholesale-fresh-style-ceramic-vases","status":"publish","type":"product","link":"https:\/\/www.santai-ceramics.com\/fr\/product\/wholesale-fresh-style-ceramic-vases\/","title":{"rendered":"Vases en c\u00e9ramique de style frais avec motifs floraux, approvisionnement en vrac pour les h\u00f4tels, les marques de d\u00e9coration et les fournisseurs de cadeaux"},"content":{"rendered":"<h3 class=\"wp-block-heading\">Caract\u00e9ristiques des vases en c\u00e9ramique<\/h3>\n\n\n\n<ul class=\"wp-block-list\">\n<li><strong>Esth\u00e9tique de la conception : <\/strong>L'\u00e9l\u00e9gance naturelle rencontre l'harmonie spatiale. Les vases en gros adoptent une <strong>corps classique arrondi ou en forme de pomme<\/strong> avec des transitions douces entre les \u00e9paules et des proportions gracieuses au niveau du cou. Disponible en plusieurs tailles, il convient \u00e0 divers types d'int\u00e9rieurs - des halls d'entr\u00e9e et chambres d'h\u00f4tes d'h\u00f4tels aux salles d'exposition commerciales - cr\u00e9ant une atmosph\u00e8re raffin\u00e9e et apaisante.<\/li>\n<\/ul>\n\n\n\n<ul class=\"wp-block-list\">\n<li><strong>Id\u00e9al pour les clients B2B : <\/strong>Adaptabilit\u00e9 commerciale multi-sc\u00e8ne. Cette collection de vases en c\u00e9ramique est parfaite pour <strong>les projets h\u00f4teliers, les d\u00e9taillants en d\u00e9coration, les fleuristes et les distributeurs de cadeaux haut de gamme<\/strong> \u00e0 la recherche de c\u00e9ramiques \u00e9l\u00e9gantes, fabriqu\u00e9es \u00e0 la main et offrant de multiples possibilit\u00e9s d'exposition.<\/li>\n<\/ul>\n\n\n\n<ul class=\"wp-block-list\">\n<li><strong>Fabrication professionnelle de c\u00e9ramiques<\/strong>: S'appuyant sur des ann\u00e9es d'expertise en mati\u00e8re de production de c\u00e9ramique, notre usine garantit <strong>un contr\u00f4le de qualit\u00e9 coh\u00e9rent, des effets de gla\u00e7age stables et des services OEM\/ODM personnalisables<\/strong>. Nous prenons en charge les commandes en vrac, les combinaisons de tailles multiples et les solutions d'emballage personnalis\u00e9es pour les cadeaux d'entreprise ou les projets de d\u00e9coration \u00e0 grande \u00e9chelle.<\/li>\n<\/ul>\n\n\n\n<h3 class=\"wp-block-heading\">Service de collecte de vases en c\u00e9ramique sur mesure<\/h3>\n\n\n\n<p>Nous proposons des services OEM et ODM pour nos produits.<br>Des \u00e9chantillons peuvent \u00eatre livr\u00e9s rapidement.<br>Nous offrons une vari\u00e9t\u00e9 de formes, de couleurs, d'impressions personnalis\u00e9es, d'emballages et d'autres services sur mesure pour r\u00e9pondre \u00e0 vos besoins sp\u00e9cifiques.<\/p>\n\n\n\n<div class=\"wp-block-columns is-layout-flex wp-container-core-columns-is-layout-9d6595d7 wp-block-columns-is-layout-flex\">\n<div class=\"wp-block-column is-layout-flow wp-block-column-is-layout-flow\">\n<figure class=\"wp-block-image size-full\"><img decoding=\"async\" width=\"4002\" height=\"3335\" src=\"https:\/\/www.santai-ceramics.com\/wp-content\/uploads\/2025\/10\/gloss-vases-wholesale-with-crackle-aesthetics-1.webp\" alt=\"vases brillants en gros avec esth\u00e9tique craquel\u00e9e (1)\" class=\"wp-image-3878\" srcset=\"https:\/\/www.santai-ceramics.com\/wp-content\/uploads\/2025\/10\/gloss-vases-wholesale-with-crackle-aesthetics-1.webp 4002w, https:\/\/www.santai-ceramics.com\/wp-content\/uploads\/2025\/10\/gloss-vases-wholesale-with-crackle-aesthetics-1-300x250.webp 300w, https:\/\/www.santai-ceramics.com\/wp-content\/uploads\/2025\/10\/gloss-vases-wholesale-with-crackle-aesthetics-1-768x640.webp 768w, https:\/\/www.santai-ceramics.com\/wp-content\/uploads\/2025\/10\/gloss-vases-wholesale-with-crackle-aesthetics-1-14x12.webp 14w, https:\/\/www.santai-ceramics.com\/wp-content\/uploads\/2025\/10\/gloss-vases-wholesale-with-crackle-aesthetics-1-1200x1000.webp 1200w, https:\/\/www.santai-ceramics.com\/wp-content\/uploads\/2025\/10\/gloss-vases-wholesale-with-crackle-aesthetics-1-600x500.webp 600w\" sizes=\"(max-width: 4002px) 100vw, 4002px\" \/><\/figure>\n<\/div>\n\n\n\n<div class=\"wp-block-column is-layout-flow wp-block-column-is-layout-flow\">\n<figure class=\"wp-block-image size-full\"><img decoding=\"async\" width=\"4568\" height=\"3806\" src=\"https:\/\/www.santai-ceramics.com\/wp-content\/uploads\/2025\/10\/gloss-vases-wholesale-with-crackle-aesthetics-3.webp\" alt=\"vases brillants en gros avec esth\u00e9tique craquel\u00e9e (3)\" class=\"wp-image-3880\" srcset=\"https:\/\/www.santai-ceramics.com\/wp-content\/uploads\/2025\/10\/gloss-vases-wholesale-with-crackle-aesthetics-3.webp 4568w, https:\/\/www.santai-ceramics.com\/wp-content\/uploads\/2025\/10\/gloss-vases-wholesale-with-crackle-aesthetics-3-300x250.webp 300w, https:\/\/www.santai-ceramics.com\/wp-content\/uploads\/2025\/10\/gloss-vases-wholesale-with-crackle-aesthetics-3-768x640.webp 768w, https:\/\/www.santai-ceramics.com\/wp-content\/uploads\/2025\/10\/gloss-vases-wholesale-with-crackle-aesthetics-3-14x12.webp 14w, https:\/\/www.santai-ceramics.com\/wp-content\/uploads\/2025\/10\/gloss-vases-wholesale-with-crackle-aesthetics-3-1200x1000.webp 1200w, https:\/\/www.santai-ceramics.com\/wp-content\/uploads\/2025\/10\/gloss-vases-wholesale-with-crackle-aesthetics-3-600x500.webp 600w\" sizes=\"(max-width: 4568px) 100vw, 4568px\" \/><\/figure>\n<\/div>\n<\/div>","protected":false},"excerpt":{"rendered":"<p data-pm-slice=\"0 0 []\">Ces <strong data-start=\"337\" data-end=\"353\">commerce de gros <\/strong>artisanal <strong data-start=\"337\" data-end=\"353\">vases en c\u00e9ramique <\/strong>La silhouette sph\u00e9rique classique se caract\u00e9rise par un col \u00e9troit et raffin\u00e9, une d\u00e9licate <strong data-start=\"433\" data-end=\"450\">gla\u00e7ure craquel\u00e9e<\/strong>La collection est compos\u00e9e d'objets en bois, d'objets en m\u00e9tal et de motifs floraux et de vignes peints \u00e0 la main qui allient l'\u00e9l\u00e9gance traditionnelle \u00e0 l'esth\u00e9tique naturelle moderne. Con\u00e7us pour <strong data-start=\"569\" data-end=\"639\">les marques de d\u00e9coration int\u00e9rieure, les fournisseurs d'h\u00f4tels, les fleuristes et les grossistes en cadeaux<\/strong>Il offre \u00e0 la fois une sophistication visuelle et une durabilit\u00e9 fiable pour les besoins de d\u00e9coration et de vente au d\u00e9tail \u00e0 grande \u00e9chelle.<\/p>\n<h2>Sp\u00e9cification de la collection de vases en c\u00e9ramique<\/h2>\n<table width=\"1140\">\n<tbody>\n<tr>\n<td width=\"285\">Num\u00e9ro de mod\u00e8le<\/td>\n<td width=\"285\">A35068-LC13-A01<\/td>\n<td width=\"285\">A35068-LC13-A02<\/td>\n<td width=\"285\">A35069-LC13-A01<\/td>\n<\/tr>\n<tr>\n<td>Nom du produit<\/td>\n<td>Vase en c\u00e9ramique<\/td>\n<td>Vase en c\u00e9ramique<\/td>\n<td>Vase en c\u00e9ramique<\/td>\n<\/tr>\n<tr>\n<td>Couleur<\/td>\n<td>Cr\u00e8me<\/td>\n<td>Cr\u00e8me<\/td>\n<td>Cr\u00e8me<\/td>\n<\/tr>\n<tr>\n<td>Mat\u00e9riau<\/td>\n<td>C\u00e9ramique<\/td>\n<td>C\u00e9ramique<\/td>\n<td>C\u00e9ramique<\/td>\n<\/tr>\n<tr>\n<td>Sc\u00e9narios d'utilisation<\/td>\n<td>d\u00e9coration int\u00e9rieure<\/td>\n<td>d\u00e9coration int\u00e9rieure<\/td>\n<td>d\u00e9coration int\u00e9rieure<\/td>\n<\/tr>\n<tr>\n<td>Dimensions<\/td>\n<td>D:20.5X25cm<\/td>\n<td>D:17X20cm<\/td>\n<td>D:18X15cm<\/td>\n<\/tr>\n<tr>\n<td>Poids<\/td>\n<td>1,4kg\/pc<\/td>\n<td>0,8kg\/pc<\/td>\n<td>0,7kg\/pc<\/td>\n<\/tr>\n<\/tbody>\n<\/table>\n<p>\n<script src=\"chrome-extension:\/\/fpelahbljekknahkcaegamhcndkfpfnc\/iFrame.js\" type=\"text\/javascript\"><\/script><\/p>","protected":false},"featured_media":3879,"comment_status":"closed","ping_status":"closed","template":"","meta":{"_acf_changed":false},"product_brand":[],"product_cat":[18,22],"product_tag":[],"class_list":{"0":"post-3859","1":"product","2":"type-product","3":"status-publish","4":"has-post-thumbnail","6":"product_cat-home-decor","7":"product_cat-vase","9":"first","10":"instock","11":"shipping-taxable","12":"product-type-simple"},"acf":[],"_links":{"self":[{"href":"https:\/\/www.santai-ceramics.com\/fr\/wp-json\/wp\/v2\/product\/3859","targetHints":{"allow":["GET"]}}],"collection":[{"href":"https:\/\/www.santai-ceramics.com\/fr\/wp-json\/wp\/v2\/product"}],"about":[{"href":"https:\/\/www.santai-ceramics.com\/fr\/wp-json\/wp\/v2\/types\/product"}],"replies":[{"embeddable":true,"href":"https:\/\/www.santai-ceramics.com\/fr\/wp-json\/wp\/v2\/comments?post=3859"}],"wp:featuredmedia":[{"embeddable":true,"href":"https:\/\/www.santai-ceramics.com\/fr\/wp-json\/wp\/v2\/media\/3879"}],"wp:attachment":[{"href":"https:\/\/www.santai-ceramics.com\/fr\/wp-json\/wp\/v2\/media?parent=3859"}],"wp:term":[{"taxonomy":"product_brand","embeddable":true,"href":"https:\/\/www.santai-ceramics.com\/fr\/wp-json\/wp\/v2\/product_brand?post=3859"},{"taxonomy":"product_cat","embeddable":true,"href":"https:\/\/www.santai-ceramics.com\/fr\/wp-json\/wp\/v2\/product_cat?post=3859"},{"taxonomy":"product_tag","embeddable":true,"href":"https:\/\/www.santai-ceramics.com\/fr\/wp-json\/wp\/v2\/product_tag?post=3859"}],"curies":[{"name":"wp","href":"https:\/\/api.w.org\/{rel}","templated":true}]}}