{"id":3860,"date":"2025-10-21T07:30:00","date_gmt":"2025-10-21T07:30:00","guid":{"rendered":"https:\/\/www.santai-ceramics.com\/?post_type=product&#038;p=3860"},"modified":"2025-10-21T07:30:34","modified_gmt":"2025-10-21T07:30:34","slug":"wholesale-decoration-flower-vase","status":"publish","type":"product","link":"https:\/\/www.santai-ceramics.com\/fr\/product\/wholesale-decoration-flower-vase\/","title":{"rendered":"Grossiste Vase \u00e0 fleurs d\u00e9coratif avec \u00e9mail craquel\u00e9 - Id\u00e9al pour l'exposition dans les halls d'h\u00f4tel et les commer\u00e7ants de c\u00e9ramique"},"content":{"rendered":"<h3 class=\"wp-block-heading\">Caract\u00e9ristiques du vase \u00e0 fleurs d\u00e9coratif<\/h3>\n\n\n\n<ul class=\"wp-block-list\">\n<li><strong>Conception rationalis\u00e9e et adaptabilit\u00e9 de l'espace :<\/strong> Chaque vase est dot\u00e9 d'une <strong>silhouette ovale ou ovo\u00efde<\/strong>Le design r\u00e9pond aux besoins de pr\u00e9sentation de plusieurs espaces, qu'il s'agisse de halls d'h\u00f4tels ou de comptoirs floraux. Le design r\u00e9pond aux besoins de pr\u00e9sentation dans plusieurs espaces, des halls d'h\u00f4tel aux comptoirs floraux. <\/li>\n<\/ul>\n\n\n\n<ul class=\"wp-block-list\">\n<li><strong>L'attrait des clients B2B :<\/strong> Ce vase d\u00e9coratif est parfait pour les d\u00e9corateurs d'h\u00f4tels, les fleuristes, les jardineries et les d\u00e9taillants de cadeaux. Le vase associe des textures \u00e9maill\u00e9es classiques \u00e0 des motifs floraux modernes, ce qui en fait un excellent choix pour la d\u00e9coration int\u00e9rieure, les pr\u00e9sentations florales et les collections de cadeaux qui rehaussent l'image de votre marque.<\/li>\n<\/ul>\n\n\n\n<ul class=\"wp-block-list\">\n<li><strong>Approvisionnement stable et options personnalis\u00e9es :<\/strong> Soutenu par <strong>des lignes de production standardis\u00e9es<\/strong> et des artisans c\u00e9ramistes exp\u00e9riment\u00e9s, nous fournissons <strong>vente en gros, personnalisation OEM\/ODM<\/strong>et <strong>coordination multi-tailles<\/strong>. Notre contr\u00f4le de la qualit\u00e9 et notre flexibilit\u00e9 en mati\u00e8re d'emballage garantissent une livraison dans les d\u00e9lais et des solutions sur mesure pour les clients des secteurs de la d\u00e9coration et de l'h\u00f4tellerie \u00e0 l'\u00e9chelle mondiale.<\/li>\n<\/ul>\n\n\n\n<h3 class=\"wp-block-heading\">Service de vases en c\u00e9ramique sur mesure<\/h3>\n\n\n\n<p>Nous proposons des services OEM et ODM pour nos produits.<br>Des \u00e9chantillons peuvent \u00eatre livr\u00e9s rapidement.<br>Nous offrons une vari\u00e9t\u00e9 de formes, de couleurs, d'impressions personnalis\u00e9es, d'emballages et d'autres services sur mesure pour r\u00e9pondre \u00e0 vos besoins sp\u00e9cifiques.<\/p>\n\n\n\n<div class=\"wp-block-columns is-layout-flex wp-container-core-columns-is-layout-9d6595d7 wp-block-columns-is-layout-flex\">\n<div class=\"wp-block-column is-layout-flow wp-block-column-is-layout-flow\">\n<figure class=\"wp-block-image size-full\"><img decoding=\"async\" width=\"3516\" height=\"2930\" src=\"https:\/\/www.santai-ceramics.com\/wp-content\/uploads\/2025\/10\/wholesale-decoration-flower-vase-2.webp\" alt=\"vase \u00e0 fleurs de d\u00e9coration en gros (2)\" class=\"wp-image-3897\" srcset=\"https:\/\/www.santai-ceramics.com\/wp-content\/uploads\/2025\/10\/wholesale-decoration-flower-vase-2.webp 3516w, https:\/\/www.santai-ceramics.com\/wp-content\/uploads\/2025\/10\/wholesale-decoration-flower-vase-2-300x250.webp 300w, https:\/\/www.santai-ceramics.com\/wp-content\/uploads\/2025\/10\/wholesale-decoration-flower-vase-2-768x640.webp 768w, https:\/\/www.santai-ceramics.com\/wp-content\/uploads\/2025\/10\/wholesale-decoration-flower-vase-2-14x12.webp 14w, https:\/\/www.santai-ceramics.com\/wp-content\/uploads\/2025\/10\/wholesale-decoration-flower-vase-2-1200x1000.webp 1200w, https:\/\/www.santai-ceramics.com\/wp-content\/uploads\/2025\/10\/wholesale-decoration-flower-vase-2-600x500.webp 600w\" sizes=\"(max-width: 3516px) 100vw, 3516px\" \/><\/figure>\n<\/div>\n\n\n\n<div class=\"wp-block-column is-layout-flow wp-block-column-is-layout-flow\">\n<figure class=\"wp-block-image size-full\"><img decoding=\"async\" width=\"1916\" height=\"1597\" src=\"https:\/\/www.santai-ceramics.com\/wp-content\/uploads\/2025\/10\/wholesale-decoration-flower-vase-6.webp\" alt=\"vase \u00e0 fleurs de d\u00e9coration en gros (6)\" class=\"wp-image-3901\" srcset=\"https:\/\/www.santai-ceramics.com\/wp-content\/uploads\/2025\/10\/wholesale-decoration-flower-vase-6.webp 1916w, https:\/\/www.santai-ceramics.com\/wp-content\/uploads\/2025\/10\/wholesale-decoration-flower-vase-6-300x250.webp 300w, https:\/\/www.santai-ceramics.com\/wp-content\/uploads\/2025\/10\/wholesale-decoration-flower-vase-6-768x640.webp 768w, https:\/\/www.santai-ceramics.com\/wp-content\/uploads\/2025\/10\/wholesale-decoration-flower-vase-6-14x12.webp 14w, https:\/\/www.santai-ceramics.com\/wp-content\/uploads\/2025\/10\/wholesale-decoration-flower-vase-6-1200x1000.webp 1200w, https:\/\/www.santai-ceramics.com\/wp-content\/uploads\/2025\/10\/wholesale-decoration-flower-vase-6-600x500.webp 600w\" sizes=\"(max-width: 1916px) 100vw, 1916px\" \/><\/figure>\n<\/div>\n<\/div>","protected":false},"excerpt":{"rendered":"<p data-pm-slice=\"0 0 []\">Con\u00e7us pour un usage \u00e0 la fois d\u00e9coratif et fonctionnel, ces vases \u00e0 fleurs d\u00e9coratifs conviennent <strong data-start=\"554\" data-end=\"634\">halls d'entr\u00e9e d'h\u00f4tels, chambres d'h\u00f4tes, pr\u00e9sentoirs floraux et collections de cadeaux haut de gamme<\/strong>. Avec des tailles personnalisables et une production fiable \u00e0 grande \u00e9chelle, ils offrent une esth\u00e9tique raffin\u00e9e et une qualit\u00e9 constante, id\u00e9ales pour les partenaires B2B dans les secteurs de la d\u00e9coration, des cadeaux et de l'h\u00f4tellerie.<\/p>\n<h2>Sp\u00e9cification du vase \u00e0 fleurs de d\u00e9coration<\/h2>\n<table width=\"570\">\n<tbody>\n<tr>\n<td width=\"285\">Num\u00e9ro de mod\u00e8le<\/td>\n<td width=\"285\">A35923-LC13-A01<\/td>\n<\/tr>\n<tr>\n<td>Nom du produit<\/td>\n<td>Vase en c\u00e9ramique<\/td>\n<\/tr>\n<tr>\n<td>Couleur<\/td>\n<td>Cr\u00e8me<\/td>\n<\/tr>\n<tr>\n<td>Mat\u00e9riau<\/td>\n<td>C\u00e9ramique<\/td>\n<\/tr>\n<tr>\n<td>Sc\u00e9narios d'utilisation<\/td>\n<td>d\u00e9coration int\u00e9rieure<\/td>\n<\/tr>\n<tr>\n<td>Dimensions<\/td>\n<td>D:17.5X26.5cm<\/td>\n<\/tr>\n<tr>\n<td>Poids<\/td>\n<td>1,1kg\/pc<\/td>\n<\/tr>\n<\/tbody>\n<\/table>\n<p>\n<script src=\"chrome-extension:\/\/fpelahbljekknahkcaegamhcndkfpfnc\/iFrame.js\" type=\"text\/javascript\"><\/script><\/p>","protected":false},"featured_media":3896,"comment_status":"closed","ping_status":"closed","template":"","meta":{"_acf_changed":false},"product_brand":[],"product_cat":[18,22],"product_tag":[],"class_list":{"0":"post-3860","1":"product","2":"type-product","3":"status-publish","4":"has-post-thumbnail","6":"product_cat-home-decor","7":"product_cat-vase","9":"first","10":"instock","11":"shipping-taxable","12":"product-type-simple"},"acf":[],"_links":{"self":[{"href":"https:\/\/www.santai-ceramics.com\/fr\/wp-json\/wp\/v2\/product\/3860","targetHints":{"allow":["GET"]}}],"collection":[{"href":"https:\/\/www.santai-ceramics.com\/fr\/wp-json\/wp\/v2\/product"}],"about":[{"href":"https:\/\/www.santai-ceramics.com\/fr\/wp-json\/wp\/v2\/types\/product"}],"replies":[{"embeddable":true,"href":"https:\/\/www.santai-ceramics.com\/fr\/wp-json\/wp\/v2\/comments?post=3860"}],"wp:featuredmedia":[{"embeddable":true,"href":"https:\/\/www.santai-ceramics.com\/fr\/wp-json\/wp\/v2\/media\/3896"}],"wp:attachment":[{"href":"https:\/\/www.santai-ceramics.com\/fr\/wp-json\/wp\/v2\/media?parent=3860"}],"wp:term":[{"taxonomy":"product_brand","embeddable":true,"href":"https:\/\/www.santai-ceramics.com\/fr\/wp-json\/wp\/v2\/product_brand?post=3860"},{"taxonomy":"product_cat","embeddable":true,"href":"https:\/\/www.santai-ceramics.com\/fr\/wp-json\/wp\/v2\/product_cat?post=3860"},{"taxonomy":"product_tag","embeddable":true,"href":"https:\/\/www.santai-ceramics.com\/fr\/wp-json\/wp\/v2\/product_tag?post=3860"}],"curies":[{"name":"wp","href":"https:\/\/api.w.org\/{rel}","templated":true}]}}